{"id":9501,"date":"2020-09-28T11:45:30","date_gmt":"2020-09-28T09:45:30","guid":{"rendered":"https:\/\/science.rmtmo.eu\/?page_id=9501"},"modified":"2020-09-28T11:45:30","modified_gmt":"2020-09-28T09:45:30","slug":"programm","status":"publish","type":"page","link":"https:\/\/science.rmtmo.eu\/en\/dialog-science\/dialog-science-2020\/programm\/","title":{"rendered":"Programm"},"content":{"rendered":"<section  class=\"section swatch-sciences-white section-short \" ><div class=\"background-media\"><\/div><div class=\"background-overlay\" style=\"\"><\/div><div class=\"container\"><div class=\"row vertical-top\"><div class=\"col-md-6  text-default\" ><h2 class=\"text-left super regular bordered-header\">Dialog Science : programme des manifestations<\/h2><\/div><div class=\"col-md-6  text-default\" ><img decoding=\"async\" alt=\"\" src=\"https:\/\/science.rmtmo.eu\/wp-content\/uploads\/2018\/11\/logo_dialog-science_gross.jpg\" class=\"alignnone\"\/><\/div><\/div><\/div><\/section><section  class=\"section swatch-sciences-white section-nopadding \" ><div class=\"background-media\"><\/div><div class=\"background-overlay\" style=\"\"><\/div><div class=\"container\"><div class=\"row vertical-top\"><div class=\"col-md-12  text-default\" ><div class=\"panel-group \" id=\"accordion_69d542bd8df32\"><div class=\"panel panel-default\"><div class=\"panel-heading\"><a class=\"accordion-toggle collapsed\" data-parent=\"#accordion_69d542bd8df32\" data-toggle=\"collapse\" href=\"#group69d542bd8dfd2\">TEMPS HISTORIQUE ET MIGRATIONS<\/a><\/div><div class=\"panel-collapse collapse\" id=\"group69d542bd8dfd2\"><div class=\"panel-body\"><p><p><strong>Datum : <\/strong>29. September (17.00 Uhr)<\/p>\n<p><strong>Format &amp; Thematik<\/strong>: Konferenz in Kultur- &amp; Sprachwissenschaften<\/p>\n<p><strong>Ort:<\/strong>&nbsp;Strasbourg&nbsp;<\/p>\n<p><strong>Partner: <\/strong>Universit\u00e9 de Strasbourg (Culture et Histoire dans l&#8217;Espace Roman &#8211; CHER)&nbsp;<\/p>\n<p><strong>Langue : <\/strong>Fran\u00e7ais<\/p>\n<p><b>Mehr Informationen: <a href=\"http:\/\/cher.unistra.fr\/index.php?id=5619&amp;tx_ttnews%5Btt_news%5D=11671&amp;cHash=4994e1e3093b2b6bd64a611419cbeaee\">LINK<\/a><\/b><\/p>\n<p>&nbsp;<\/p>\n<\/p><\/div><\/div><\/div><div class=\"panel panel-default\"><div class=\"panel-heading\"><a class=\"accordion-toggle collapsed\" data-parent=\"#accordion_69d542bd8df32\" data-toggle=\"collapse\" href=\"#group69d542bd8e03d\">NEUR SCHWUNG F\u00dcR DIE EUROP\u00c4ISCHE INTEGRATION DURCH DAS DEUTSCH-FRANZ\u00d6SISCHE TANDEM <\/a><\/div><div class=\"panel-collapse collapse\" id=\"group69d542bd8e03d\"><div class=\"panel-body\"><p><p><strong>Datum:<\/strong> 29. September (18.00 &#8211; 19.30 Uhr)<\/p>\n<p><strong>Format &amp; Thematik<\/strong>: Webinar in Politikwissenschaften<\/p>\n<p><b>Ort<\/b>: Online<\/p>\n<p><b>Partner<\/b>: Universit\u00e9 de Strasbourg, Hochschule Kehl<\/p>\n<p><strong>Langue<\/strong> : Deutsch &amp; Franz\u00f6sisch \/ Fran\u00e7ais et allemand<\/p>\n<p><b>Mehr Informationen:<\/b>&nbsp;<a href=\"http:\/\/www.sciencespo-strasbourg.fr\/agenda\/conferences\/conference\/article\/webinaire-du-centre-jean-monnet-de-sciences-po-strasbourg-la-relance-de-lintegration-europeenne-par-le-couple-franco-allemand\/\">LINK<\/a>&nbsp;<\/p>\n<\/p><\/div><\/div><\/div><div class=\"panel panel-default\"><div class=\"panel-heading\"><a class=\"accordion-toggle collapsed\" data-parent=\"#accordion_69d542bd8df32\" data-toggle=\"collapse\" href=\"#group69d542bd8e06f\">TRINATIONALE KONFERENZ: ``ELEKTROMOBILIT\u00c4T: DIE S\u00c4ULE EINES ZUKUNFTSF\u00c4HIGEN TRANSPORTSSYSTEMS<\/a><\/div><div class=\"panel-collapse collapse\" id=\"group69d542bd8e06f\"><div class=\"panel-body\"><p><p><strong>Datum:<\/strong> 29. September (13.00 &#8211; 17.00 Uhr)<\/p>\n<p><strong>Format &amp; Thematik<\/strong> : Fachtagung<\/p>\n<p><b>Ort<\/b>: Basel<\/p>\n<p><b>Partner:<\/b>&nbsp;TRION-climate e.V.<\/p>\n<p><b>Sprache<\/b>: Fran\u00e7ais \/ Deutsch<\/p>\n<p><b>Mehr Informationen:<\/b>&nbsp;<a href=\"https:\/\/trion-climate.net\/news-details\/elektromobilitaet-die-saeule-eines-zukunftsfaehigen-transportsystems\">LINK<\/a>&nbsp;&nbsp;<\/p>\n<\/p><\/div><\/div><\/div><div class=\"panel panel-default\"><div class=\"panel-heading\"><a class=\"accordion-toggle collapsed\" data-parent=\"#accordion_69d542bd8df32\" data-toggle=\"collapse\" href=\"#group69d542bd8e09b\">SOUS LE MASQUE: INTERACTION ET GESTES BARRIERES<\/a><\/div><div class=\"panel-collapse collapse in\" id=\"group69d542bd8e09b\"><div class=\"panel-body\"><p><p><strong>Datum:<\/strong> 1. Oktober (18.30 Uhr)<\/p>\n<p><strong>Format &amp; Thematik<\/strong>: Konferenz Wissenschaftskommunikation Soziologie<\/p>\n<p><strong>Ort<\/strong>: Strasbourg<\/p>\n<p><b>Partner<\/b>: Universit\u00e9 de Strasbourg (Jardin des Sciences)<\/p>\n<p><strong>Langue<\/strong> : Fran\u00e7ais<\/p>\n<p><strong>Mehr Informationen<\/strong>:<a href=\"https:\/\/jds-reservation.unistra.fr\/reservations-individuels\/conferences\/\"> LINK<\/a><\/p>\n<\/p><\/div><\/div><\/div><div class=\"panel panel-default\"><div class=\"panel-heading\"><a class=\"accordion-toggle collapsed\" data-parent=\"#accordion_69d542bd8df32\" data-toggle=\"collapse\" href=\"#group69d542bd8e0c4\">ALLEMAGNE, 30 ANS APRES : DE L'UNIFICATION A L'UNITE ?<\/a><\/div><div class=\"panel-collapse collapse\" id=\"group69d542bd8e0c4\"><div class=\"panel-body\"><p><p><strong>Datum<\/strong>: 1. &amp; 2. Oktober (Ganzt\u00e4tig)<\/p>\n<p><strong>Format &amp; Thematik<\/strong>: Interdisziplin\u00e4re Konferenz in Kultur- und Geisteswissenschaften<\/p>\n<p><strong>Ort:<\/strong> Strasbourg<\/p>\n<p><b>Partner<\/b>: CIERA, CNRS, Consulat g\u00e9n\u00e9ral d\u2019Allemagne, Goethe-Institut de Strasbourg, Institut universitaire de France, Librairie du monde entier, Lieu d\u2019Europe, MISHA, MSH Lorraine, Universit\u00e9 de Haute-Alsace, Universit\u00e9 de Lorraine, Universit\u00e9 de Strasbourg, Ville et Eurom\u00e9tropole de Strasbourg<\/p>\n<p><b>Sprache<\/b>: Franz\u00f6sisch<\/p>\n<p><strong>Mehr Informationen und Anmeldung:<\/strong> <a href=\"https:\/\/www.unistra.fr\/index.php?id=19773&amp;utm_source=unistra_fr&amp;utm_medium=unistra_fr_agenda&amp;tx_ttnews%5Btt_news%5D=20078&amp;cHash=1e79bd92f21d87de712df1c3e3f7885a\">LINK&nbsp;<\/a><\/p>\n<\/p><\/div><\/div><\/div><\/div><\/div><\/div><\/div><\/section>\n","protected":false},"excerpt":{"rendered":"Dialog Science : programme des manifestationsTEMPS HISTORIQUE ET MIGRATIONSDatum : 29. September (17.00 Uhr) Format &amp; Thematik: Konferenz in Kultur- &amp; Sprachwissenschaften Ort:&nbsp;Strasbourg&nbsp; Partner: Universit\u00e9 de Strasbourg (Culture et Histoire dans l'Espace Roman - CHER)&nbsp; Langue : Fran\u00e7ais Mehr Informationen: LINK &nbsp; NEUR SCHWUNG F\u00dcR DIE EUROP\u00c4ISCHE INTEGRATION DURCH DAS DEUTSCH-FRANZ\u00d6SISCHE TANDEM Datum: 29. September","protected":false},"author":2,"featured_media":0,"parent":10657,"menu_order":0,"comment_status":"closed","ping_status":"closed","template":"","meta":{"ngg_post_thumbnail":0,"footnotes":""},"class_list":["post-9501","page","type-page","status-publish","hentry"],"aioseo_notices":[],"_links":{"self":[{"href":"https:\/\/science.rmtmo.eu\/en\/wp-json\/wp\/v2\/pages\/9501","targetHints":{"allow":["GET"]}}],"collection":[{"href":"https:\/\/science.rmtmo.eu\/en\/wp-json\/wp\/v2\/pages"}],"about":[{"href":"https:\/\/science.rmtmo.eu\/en\/wp-json\/wp\/v2\/types\/page"}],"author":[{"embeddable":true,"href":"https:\/\/science.rmtmo.eu\/en\/wp-json\/wp\/v2\/users\/2"}],"replies":[{"embeddable":true,"href":"https:\/\/science.rmtmo.eu\/en\/wp-json\/wp\/v2\/comments?post=9501"}],"version-history":[{"count":1,"href":"https:\/\/science.rmtmo.eu\/en\/wp-json\/wp\/v2\/pages\/9501\/revisions"}],"predecessor-version":[{"id":9503,"href":"https:\/\/science.rmtmo.eu\/en\/wp-json\/wp\/v2\/pages\/9501\/revisions\/9503"}],"up":[{"embeddable":true,"href":"https:\/\/science.rmtmo.eu\/en\/wp-json\/wp\/v2\/pages\/10657"}],"wp:attachment":[{"href":"https:\/\/science.rmtmo.eu\/en\/wp-json\/wp\/v2\/media?parent=9501"}],"curies":[{"name":"wp","href":"https:\/\/api.w.org\/{rel}","templated":true}]}}