{"id":9305,"date":"2020-08-25T13:56:30","date_gmt":"2020-08-25T11:56:30","guid":{"rendered":"https:\/\/science.rmtmo.eu\/?page_id=9305"},"modified":"2020-08-25T13:56:30","modified_gmt":"2020-08-25T11:56:30","slug":"database-infrastructure","status":"publish","type":"page","link":"https:\/\/science.rmtmo.eu\/en\/outils-de-coordination\/mise-en-reseau\/database-infrastructure\/","title":{"rendered":"Database infrastructure"},"content":{"rendered":"<section  class=\"section swatch-sciences-white section-short \" ><div class=\"background-media\"><\/div><div class=\"background-overlay\" style=\"\"><\/div><div class=\"container\"><div class=\"row vertical-top\"><div class=\"col-md-6  text-default\" ><h2 class=\"text-left normal regular bordered-header\">Base de donn\u00e9es num\u00e9rique &#8220;Grande infrastructure de recherche&#8221; <\/h2><p>De nombreuses <strong>initiatives transfrontali\u00e8res<\/strong> dans le Rhin sup\u00e9rieur permettent aux <strong>institutions scientifiques<\/strong> et \u00e0 leurs <strong>scientifiques<\/strong> de se mettre en r\u00e9seau, de d\u00e9velopper une <strong>compr\u00e9hension mutuelle des potentiels<\/strong> de la coop\u00e9ration transfrontali\u00e8re et d&#8217;\u00e9laborer des <strong>projets communs<\/strong>.<\/p>\n<p>&nbsp;<\/p>\n<p>L&#8217;utilisation optimale des <strong>infrastructures de recherche existantes<\/strong> dans le Rhin sup\u00e9rieur contribue de mani\u00e8re significative \u00e0 la <strong>mise en r\u00e9seau scientifique<\/strong> dans la r\u00e9gion. Le projet <a href=\"https:\/\/rmtmo-ri.uni-freiburg.de\/fr\/accueil\/\">RMTMO RI<\/a>, qui a \u00e9t\u00e9 port\u00e9 par 14 partenaires &#8211; universit\u00e9s et instituts de recherche en Allemagne, en France et en Suisse &#8211; a d\u00e9velopp\u00e9 une <strong>base de donn\u00e9es num\u00e9rique<\/strong> contenant de nombreuses<strong> installations de base de divers domaines scientifiques<\/strong> auxquelles les parties int\u00e9ress\u00e9es (tant les scientifiques du Rhin sup\u00e9rieur que les partenaires priv\u00e9s potentiels tels que les PME) peuvent avoir acc\u00e8s.<\/p>\n<p>&nbsp;<\/p>\n<p><img loading=\"lazy\" decoding=\"async\" class=\"alignnone wp-image-5618\" src=\"https:\/\/science.rmtmo.eu\/wp-content\/uploads\/2018\/12\/pfeil-150x150.jpg\" alt=\"\" width=\"32\" height=\"32\"> Pour acc\u00e9der \u00e0 la <a href=\"https:\/\/www.rmtmo-ri-database.eu\/\">base de donn\u00e9es<\/a><\/p>\n<\/div><div class=\"col-md-6  text-default\" >[vc_empty_space][vc_empty_space]<img decoding=\"async\" alt=\"\" src=\"https:\/\/science.rmtmo.eu\/wp-content\/uploads\/2017\/12\/RMTMO-RI_Logo-300x80.jpg\" class=\"alignnone\"\/><\/div><\/div><\/div><\/section>\n","protected":false},"excerpt":{"rendered":"Base de donn\u00e9es num\u00e9rique \"Grande infrastructure de recherche\" De nombreuses initiatives transfrontali\u00e8res dans le Rhin sup\u00e9rieur permettent aux institutions scientifiques et \u00e0 leurs scientifiques de se mettre en r\u00e9seau, de d\u00e9velopper une compr\u00e9hension mutuelle des potentiels de la coop\u00e9ration transfrontali\u00e8re et d'\u00e9laborer des projets communs. &nbsp; L'utilisation optimale des infrastructures de recherche existantes dans le","protected":false},"author":4,"featured_media":0,"parent":8717,"menu_order":0,"comment_status":"closed","ping_status":"closed","template":"","meta":{"ngg_post_thumbnail":0,"footnotes":""},"class_list":["post-9305","page","type-page","status-publish","hentry"],"aioseo_notices":[],"_links":{"self":[{"href":"https:\/\/science.rmtmo.eu\/en\/wp-json\/wp\/v2\/pages\/9305","targetHints":{"allow":["GET"]}}],"collection":[{"href":"https:\/\/science.rmtmo.eu\/en\/wp-json\/wp\/v2\/pages"}],"about":[{"href":"https:\/\/science.rmtmo.eu\/en\/wp-json\/wp\/v2\/types\/page"}],"author":[{"embeddable":true,"href":"https:\/\/science.rmtmo.eu\/en\/wp-json\/wp\/v2\/users\/4"}],"replies":[{"embeddable":true,"href":"https:\/\/science.rmtmo.eu\/en\/wp-json\/wp\/v2\/comments?post=9305"}],"version-history":[{"count":2,"href":"https:\/\/science.rmtmo.eu\/en\/wp-json\/wp\/v2\/pages\/9305\/revisions"}],"predecessor-version":[{"id":9307,"href":"https:\/\/science.rmtmo.eu\/en\/wp-json\/wp\/v2\/pages\/9305\/revisions\/9307"}],"up":[{"embeddable":true,"href":"https:\/\/science.rmtmo.eu\/en\/wp-json\/wp\/v2\/pages\/8717"}],"wp:attachment":[{"href":"https:\/\/science.rmtmo.eu\/en\/wp-json\/wp\/v2\/media?parent=9305"}],"curies":[{"name":"wp","href":"https:\/\/api.w.org\/{rel}","templated":true}]}}