{"id":6931,"date":"2019-09-26T12:02:12","date_gmt":"2019-09-26T10:02:12","guid":{"rendered":"https:\/\/science.rmtmo.eu\/?page_id=6931"},"modified":"2019-09-26T12:49:15","modified_gmt":"2019-09-26T10:49:15","slug":"manifestation-de-lancement","status":"publish","type":"page","link":"https:\/\/science.rmtmo.eu\/en\/dialog-science\/dialog-science-2019\/manifestation-de-lancement\/","title":{"rendered":"Manifestation de lancement"},"content":{"rendered":"<section  class=\"section swatch-sciences-white section-short \" ><div class=\"background-media\"><\/div><div class=\"background-overlay\" style=\"\"><\/div><div class=\"container\"><div class=\"row vertical-top\"><div class=\"col-md-6  text-default\" ><h1 class=\"text-left super regular bordered-header\">Manifestation de lancement Dialog Science 2019<\/h1><p>Dans le cadre de l\u2019Open access week (Semaine internationale du libre acc\u00e8s), qui se tiendra \u00e0 l&#8217;Universit\u00e9 de Strasbourg du <strong>21 au 26 octobre 2019<\/strong>, se d\u00e9roule la manifestation de lancement des journ\u00e9e de la science &#8220;Dialog Science&#8221;.<\/p>\n<p>Cette conf\u00e9rence transfrontali\u00e8re intitul\u00e9e <strong>&#8220;Science ouverte : quels changements?&#8221;<\/strong>, r\u00e9unie le<strong> 21 octobre, de 14h \u00e0 17h<\/strong> des acteurs scientifiques et des repr\u00e9sentants des \u00e9tablissements d&#8217;enseignement sup\u00e9rieur et de recherche du Rhin sup\u00e9rieur et au-del\u00e0 autour de th\u00e8mes comme les politiques de science ouverte ou les changements culturels propres \u00e0 la science ouverte, qui repr\u00e9sentent des opportunit\u00e9s majeures pour le dialogue entre science et soci\u00e9t\u00e9, aux service de la r\u00e9solution des grands enjeux contemporains.<\/p>\n<p><img loading=\"lazy\" decoding=\"async\" class=\"alignleft wp-image-5017 \" src=\"https:\/\/science.rmtmo.eu\/wp-content\/uploads\/2018\/10\/pfeil-150x150.jpg\" alt=\"\" width=\"89\" height=\"89\" srcset=\"https:\/\/science.rmtmo.eu\/wp-content\/uploads\/2018\/10\/pfeil-150x150.jpg 150w, https:\/\/science.rmtmo.eu\/wp-content\/uploads\/2018\/10\/pfeil.jpg 262w\" sizes=\"auto, (max-width: 89px) 100vw, 89px\" \/><\/p>\n<h3>&nbsp;<\/h3>\n<p>&nbsp;<\/p>\n<h3 style=\"padding-left: 90px;\"><strong>Programme<\/strong><\/h3>\n[vc_empty_space height=&#8221;25px&#8221;]<div id=\"body-container\">\n<h2>Premi\u00e8re partie : politiques de science ouverte<\/h2>\n<div class=\"container\">\n<div class=\"row\">\n<div id=\"main-content-wrapper\" class=\"col-xs-12 col-sm-8 col-md-9 anchor-offset\">\n<div id=\"main-content\" class=\"anchor-offset\">\n<section id=\"typo3-content\">\n<article id=\"c1203\" class=\" frame frame-default frame-type-list frame-layout-0\">\n<div class=\"news-single\">\n<div class=\"news-item\">\n<div class=\"news-text-wrap\">\n<ul>\n<li>Paul Ayris : les politiques en Europe<\/li>\n<li>Zo\u00e9 Ancion : la politique de l\u2019Agence Nationale de la Recherche<\/li>\n<li>Odile Hologne : la politique d\u2019un \u00e9tablissement : l\u2019INRA<\/li>\n<\/ul>\n<h2>Deuxi\u00e8me partie : Open Science, quels enjeux ?<\/h2>\n<ul>\n<li>Hans-Jochen Schiewer : les enjeux politiques et soci\u00e9taux de l\u2019Open Science<\/li>\n<li>Bernard Rentier : Open Science et \u00e9valuation de la recherche<\/li>\n<li>Martina Knoop : l&#8217;Open Science vue par le comit\u00e9 national pour la science ouverte<\/li>\n<\/ul>\n<h5>Mod\u00e9ration : Alain Beretz, <strong>ambassadeur fran\u00e7ais de la science ouverte<\/strong><\/h5>\n<div id=\"body-container\">\n<p>&nbsp;<\/p>\n<div class=\"container\">\n<div class=\"row\">\n<div id=\"main-content-wrapper\" class=\"col-xs-12 col-sm-8 col-md-9 anchor-offset\">\n<div id=\"main-content\" class=\"anchor-offset\">\n<section id=\"typo3-content\">\n<article id=\"c1203\" class=\" frame frame-default frame-type-list frame-layout-0\">Inscriptions n\u00e9cessaires <a href=\"https:\/\/sygefor.reseau-urfist.fr\/#\/training\/8237\/9249\" target=\"_blank\" rel=\"noopener noreferrer\">via ce lien<\/a><\/article>\n<article><\/article>\n<article class=\" frame frame-default frame-type-list frame-layout-0\">La langue de la manifestation est l&#8217;anglais<\/article>\n<article><\/article>\n<article class=\" frame frame-default frame-type-list frame-layout-0\">Retrouvez les informations sur la conf\u00e9rence de lancement et sur le programme complet de la Open access week <a href=\"https:\/\/openaccessweek.unistra.fr\/actualites\/actualite\/news\/quest-ce-que-lopen-access-week\/\" target=\"_blank\" rel=\"noopener noreferrer\">sur le site d\u00e9di\u00e9<\/a><\/article>\n<\/section>\n<\/div>\n<\/div>\n<\/div>\n<\/div>\n<p>&nbsp;<\/p>\n<\/div>\n<\/div>\n<\/div>\n<\/div>\n<\/article>\n<\/section>\n<\/div>\n<\/div>\n<\/div>\n<\/div>\n<p>&nbsp;<\/p>\n<\/div>\n<\/div><div class=\"col-md-6  text-default\" ><p>L&#8217;<a href=\"http:\/\/www.openaccessweek.org\/\" target=\"_blank\" rel=\"noopener noreferrer\">Open access week<\/a> est un \u00e9v\u00e9nement international qui vise \u00e0 sensibiliser l&#8217;ensemble de la communaut\u00e9 scientifique aux b\u00e9n\u00e9fices du libre acc\u00e8s aux r\u00e9sultats et donn\u00e9es de la recherche. Pendant une semaine, les membres de la communaut\u00e9 scientifique (chercheurs, doctorants, enseignants, \u00e9tudiants) sont invit\u00e9s \u00e0 d\u00e9couvrir, apprendre et \u00e9changer sur tous les sujets en lien avec le libre acc\u00e8s.<img loading=\"lazy\" decoding=\"async\" class=\"alignnone size-full wp-image-5269\" src=\"https:\/\/science.rmtmo.eu\/wp-content\/uploads\/2018\/11\/logo_dialog-science_gross.jpg\" alt=\"\" width=\"1772\" height=\"709\" srcset=\"https:\/\/science.rmtmo.eu\/wp-content\/uploads\/2018\/11\/logo_dialog-science_gross.jpg 1772w, https:\/\/science.rmtmo.eu\/wp-content\/uploads\/2018\/11\/logo_dialog-science_gross-300x120.jpg 300w, https:\/\/science.rmtmo.eu\/wp-content\/uploads\/2018\/11\/logo_dialog-science_gross-768x307.jpg 768w, https:\/\/science.rmtmo.eu\/wp-content\/uploads\/2018\/11\/logo_dialog-science_gross-1024x410.jpg 1024w\" sizes=\"auto, (max-width: 1772px) 100vw, 1772px\" \/><\/p>\n<\/div><\/div><\/div><\/section>\n","protected":false},"excerpt":{"rendered":"Manifestation de lancement Dialog Science 2019Dans le cadre de l\u2019Open access week (Semaine internationale du libre acc\u00e8s), qui se tiendra \u00e0 l'Universit\u00e9 de Strasbourg du 21 au 26 octobre 2019, se d\u00e9roule la manifestation de lancement des journ\u00e9e de la science \"Dialog Science\". Cette conf\u00e9rence transfrontali\u00e8re intitul\u00e9e \"Science ouverte : quels changements?\", r\u00e9unie le 21","protected":false},"author":2,"featured_media":0,"parent":6868,"menu_order":0,"comment_status":"closed","ping_status":"closed","template":"","meta":{"ngg_post_thumbnail":0,"footnotes":""},"class_list":["post-6931","page","type-page","status-publish","hentry"],"aioseo_notices":[],"_links":{"self":[{"href":"https:\/\/science.rmtmo.eu\/en\/wp-json\/wp\/v2\/pages\/6931","targetHints":{"allow":["GET"]}}],"collection":[{"href":"https:\/\/science.rmtmo.eu\/en\/wp-json\/wp\/v2\/pages"}],"about":[{"href":"https:\/\/science.rmtmo.eu\/en\/wp-json\/wp\/v2\/types\/page"}],"author":[{"embeddable":true,"href":"https:\/\/science.rmtmo.eu\/en\/wp-json\/wp\/v2\/users\/2"}],"replies":[{"embeddable":true,"href":"https:\/\/science.rmtmo.eu\/en\/wp-json\/wp\/v2\/comments?post=6931"}],"version-history":[{"count":5,"href":"https:\/\/science.rmtmo.eu\/en\/wp-json\/wp\/v2\/pages\/6931\/revisions"}],"predecessor-version":[{"id":6944,"href":"https:\/\/science.rmtmo.eu\/en\/wp-json\/wp\/v2\/pages\/6931\/revisions\/6944"}],"up":[{"embeddable":true,"href":"https:\/\/science.rmtmo.eu\/en\/wp-json\/wp\/v2\/pages\/6868"}],"wp:attachment":[{"href":"https:\/\/science.rmtmo.eu\/en\/wp-json\/wp\/v2\/media?parent=6931"}],"curies":[{"name":"wp","href":"https:\/\/api.w.org\/{rel}","templated":true}]}}