{"id":5082,"date":"2018-10-25T14:06:51","date_gmt":"2018-10-25T12:06:51","guid":{"rendered":"https:\/\/science.rmtmo.eu\/?page_id=5082"},"modified":"2018-10-25T14:07:47","modified_gmt":"2018-10-25T12:07:47","slug":"5082-2","status":"publish","type":"page","link":"https:\/\/science.rmtmo.eu\/en\/dialog-science\/dialog-science-2018\/5082-2\/","title":{"rendered":"Stands projets"},"content":{"rendered":"<section  class=\"section swatch-white-red section-normal \" ><div class=\"background-media\"><\/div><div class=\"background-overlay\" style=\"\"><\/div><div class=\"container\"><div class=\"row vertical-top\"><div class=\"col-md-12  text-default\" ><img decoding=\"async\" alt=\"\" src=\"https:\/\/science.rmtmo.eu\/wp-content\/uploads\/2018\/10\/logo_dialog-science_ohne_wei\u00df-300x83.jpg\" class=\"alignnone\"\/><img decoding=\"async\" alt=\"\" src=\"https:\/\/science.rmtmo.eu\/wp-content\/uploads\/2018\/10\/Dialog-science.png\" class=\"alignnone\"\/><\/div><\/div><\/div><\/section><section  class=\"section swatch-sciences-white section-short \" ><div class=\"background-media\"><\/div><div class=\"background-overlay\" style=\"\"><\/div><div class=\"container\"><div class=\"row vertical-top\"><div class=\"col-md-6  text-default\" ><h1 class=\"text-left super regular bordered-header\">Dialog Science 2018<\/h1><p>\u00ab\u00a0Dialog Science\u00a0\u00bb offre cette ann\u00e9e encore de nombreuses manifestations &#8211; dont beaucoup dans le cadre de projets INTERREG en cours &#8211; pendant lesquelles les acteurs de <strong>la recherche et de l&#8217;enseignement, de l&#8217;innovation et de l&#8217;\u00e9conomie mais \u00e9galement de la politique et de la soci\u00e9t\u00e9<\/strong> ont l&#8217;occasion d&#8217;<strong>\u00e9changer des id\u00e9es et de cr\u00e9er des r\u00e9seaux<\/strong> afin de promouvoir de <strong>nouveaux partenariats et initiatives communes<\/strong>.<\/p>\n<p>Le dernier temps fort de <strong>l&#8217;\u00e9dition 2018 de \u00ab\u00a0Dialog Science\u00a0\u00bb<\/strong> <strong>aura lieu le 27 novembre prochain<\/strong>, au <strong>Palais de la Musique et des Congr\u00e8s de Strasbourg<\/strong> et prendra la forme d\u2019un \u00e9v\u00e9nement consacr\u00e9 au transfert de connaissances et de technologies.<\/p>\n<p><img loading=\"lazy\" decoding=\"async\" class=\"alignleft wp-image-5017 \" src=\"https:\/\/science.rmtmo.eu\/wp-content\/uploads\/2018\/10\/pfeil-150x150.jpg\" alt=\"\" width=\"89\" height=\"89\" srcset=\"https:\/\/science.rmtmo.eu\/wp-content\/uploads\/2018\/10\/pfeil-150x150.jpg 150w, https:\/\/science.rmtmo.eu\/wp-content\/uploads\/2018\/10\/pfeil.jpg 262w\" sizes=\"auto, (max-width: 89px) 100vw, 89px\" \/><\/p>\n<h3><\/h3>\n<p>&nbsp;<\/p>\n<h3 style=\"padding-left: 90px;\"><strong>Programme<\/strong><\/h3>\n[vc_empty_space height=&#8221;25px&#8221;]<p><strong>10h00 \u2013 12h30\u00a0: Communiquer les r\u00e9sultats scientifiques \u2013 comment et \u00e0 qui\u00a0?<\/strong><\/p>\n<p><strong>Workshop 1\u00a0: <\/strong>Transmettre de mani\u00e8re efficace les r\u00e9sultats de la recherche aux secteurs de l\u2019\u00e9conomie et \u00e0 la soci\u00e9t\u00e9<\/p>\n<p><strong>Workshop 2 : <\/strong>Rencontre des acteurs de la m\u00e9diation scientifique du Rhin Sup\u00e9rieur<\/p>\n[vc_empty_space height=&#8221;25px&#8221;]<p><strong>14h00-16h00\u00a0: La science\u00a0: r\u00f4le d\u2019interface ou prise sous les tirs crois\u00e9s? <\/strong><\/p>\n<p>Les discussions porteront sur les d\u00e9fis, les opportunit\u00e9s et les conditions-cadres li\u00e9s aux termes et concepts &#8220;troisi\u00e8me mission&#8221; et &#8220;universit\u00e9 civique&#8221; pour la R\u00e9gion M\u00e9tropolitaine du Rhin sup\u00e9rieur.<\/p>\n<ul>\n<li>Allocution de bienvenue\u00a0: <strong>Jean ROTTNER<\/strong>, Pr\u00e9sident de la R\u00e9gion Grand Est (tbc)<\/li>\n<\/ul>\n<p><strong><u>Participants \u00e0 la table ronde\u00a0: <\/u><\/strong><\/p>\n<ul>\n<li><strong>Lilla MERABET<\/strong>, Vice-pr\u00e9sidente Comp\u00e9titivit\u00e9, Num\u00e9rique et Innovation \u00e0 la R\u00e9gion Grand Est<\/li>\n<li><strong>Ren\u00e9 OHLMANN<\/strong>, Pr\u00e9sident de la Commission \u00ab Coop\u00e9ration transfrontali\u00e8re \u00bb de la CCI Alsace Eurom\u00e9tropole<\/li>\n<li><strong> Dr. Marc RENNER,<\/strong> Directeur de l\u2019INSA Strasbourg, porte-parole de l\u2019alliance transfrontali\u00e8re d\u2019\u00e9coles en sciences appliqu\u00e9es TriRhenaTech et vice porte-parole du Pilier Sciences de la RMT<\/li>\n<li><strong>B\u00e4rbel SCH\u00c4FER<\/strong>, Regierungspr\u00e4sidentin de Freiburg et porte-parole du Pilier Politique de la RMT<\/li>\n<li><strong>Ulrich STEINBACH, <\/strong>Ministre adjoint du Bade-Wurtemberg pour la recherche, la science et l\u2019art<\/li>\n<li><strong> Dr. Konrad WOLF<\/strong>, Ministre des sciences, la formation continue et la culture de la Rh\u00e9nanie-Palatinat (tbc)<\/li>\n<\/ul>\n[vc_empty_space]<\/div><div class=\"col-md-6  text-default\" ><img decoding=\"async\" alt=\"\" src=\"https:\/\/science.rmtmo.eu\/wp-content\/uploads\/2018\/10\/logo_dialog-science_ohne_wei\u00df.jpg\" class=\"alignnone\"\/><p><strong>16h30-18h30\u00a0: Projet \u00ab\u00a0RMTMO-RI\u00a0\u00bb &#8211; une grande infrastructure de recherche pour le Rhin Sup\u00e9rieur <\/strong><\/p>\n<p>Pr\u00e9sentation du projet et \u00e9changes autour de la grande infrastructure de recherche<\/p>\n<ul>\n<li>Allocution de bienvenue\u00a0: Prof. Dr. <strong>DENEKEN<\/strong>, Pr\u00e9sident de l\u2019Universit\u00e9 de Strasbourg<\/li>\n<\/ul>\n<p><strong><u>Participants\u00a0: <\/u><\/strong><\/p>\n<ul>\n<li><strong>Dr. Gunther NEUHAUS, <\/strong>Vice-recteur et pro-recteur \u00e0 la recherche de l\u2019Universit\u00e9 de Freiburg<\/li>\n<li><strong>Dr. Catherine FLORENTZ,<\/strong> premi\u00e8re vice-pr\u00e9sidente et vice-pr\u00e9sidente \u00e0 la recherche et \u00e0 la formation doctorale de l\u2019Universit\u00e9 de Strasbourg<\/li>\n<li><strong>Dr. Thomas HIRTH<\/strong>, Vice-pr\u00e9sident d\u2019Eucor- Le Camps europ\u00e9en et Vice-pr\u00e9sident \u00e0 l\u2019innovation et l\u2019international du Karlsruher Institut f\u00fcr Technologie &#8211; KIT<\/li>\n<\/ul>\n<p><strong>\u00a0<\/strong><\/p>\n<p><strong>A partir de 18h30\u00a0: Cocktail<\/strong><\/p>\n<p><img loading=\"lazy\" decoding=\"async\" class=\"alignleft wp-image-5017 \" src=\"https:\/\/science.rmtmo.eu\/wp-content\/uploads\/2018\/10\/pfeil-150x150.jpg\" alt=\"\" width=\"89\" height=\"89\" srcset=\"https:\/\/science.rmtmo.eu\/wp-content\/uploads\/2018\/10\/pfeil-150x150.jpg 150w, https:\/\/science.rmtmo.eu\/wp-content\/uploads\/2018\/10\/pfeil.jpg 262w\" sizes=\"auto, (max-width: 89px) 100vw, 89px\" \/><\/p>\n<h3><strong>Quand?<\/strong>: 27. novembre 2018, 10h-20h<\/h3>\n<h3 style=\"padding-left: 90px;\"><strong>O\u00f9?<\/strong>: Palais de la Musique et des Congr\u00e8s, Place de Bordeaux, Strasbourg<\/h3>\n<p>Tout au long de la journ\u00e9e, les participants et les visiteurs auront l&#8217;occasion de d\u00e9couvrir la diversit\u00e9 et la qualit\u00e9 des <strong>projets scientifiques transfrontaliers<\/strong> dans la r\u00e9gion du Rhin sup\u00e9rieur aux <strong>stands<\/strong> pr\u00e9vus \u00e0 cet effet.<\/p>\n<p><img loading=\"lazy\" decoding=\"async\" class=\"alignleft wp-image-5017 \" src=\"https:\/\/science.rmtmo.eu\/wp-content\/uploads\/2018\/10\/pfeil-150x150.jpg\" alt=\"\" width=\"89\" height=\"89\" srcset=\"https:\/\/science.rmtmo.eu\/wp-content\/uploads\/2018\/10\/pfeil-150x150.jpg 150w, https:\/\/science.rmtmo.eu\/wp-content\/uploads\/2018\/10\/pfeil.jpg 262w\" sizes=\"auto, (max-width: 89px) 100vw, 89px\" \/><\/p>\n<h3><\/h3>\n<h3><a href=\"https:\/\/framaforms.org\/dialog-science-2018-27112018-1538489247\" target=\"_blank\" rel=\"noopener\"><strong>Inscription<\/strong><\/a><\/h3>\n<h3><a href=\"https:\/\/science.rmtmo.eu\/wp-content\/uploads\/2018\/10\/2018-11-27-Dialog-Science-FR-court-1.pdf\" target=\"_blank\" rel=\"noopener\"><strong>Programme d\u00e9taill\u00e9 \u00e0 t\u00e9l\u00e9charger<\/strong><\/a><\/h3>\n<\/div><\/div><\/div><\/section><section  class=\"section swatch-sciences-white section-tiny \" ><div class=\"background-media\"><\/div><div class=\"background-overlay\" style=\"\"><\/div><div class=\"container\"><div class=\"row vertical-top\"><div class=\"col-md-12  text-default\" ><h2 style=\"text-align: center;\">Manifestations organis\u00e9es dans le cadre de Dialog Science 2018 dans le Rhin sup\u00e9rieur<\/h2>\n[vc_empty_space]<div class=\"panel-group \" id=\"accordion_69e1670f7d292\"><div class=\"panel panel-default\"><div class=\"panel-heading\"><a class=\"accordion-toggle collapsed\" data-parent=\"#accordion_69e1670f7d292\" data-toggle=\"collapse\" href=\"#group69e1670f7d327\">Colloque Final - Projet InvaProtect<\/a><\/div><div class=\"panel-collapse collapse\" id=\"group69e1670f7d327\"><div class=\"panel-body\"><p><p>Les partenaires du projet transfrontalier InvaProtect pr\u00e9sentent dans un colloque final les<img loading=\"lazy\" decoding=\"async\" class=\"size-full wp-image-4809 alignright\" src=\"https:\/\/science.rmtmo.eu\/wp-content\/uploads\/2018\/09\/logo_ltz_4c_garam.jpg\" alt=\"\" width=\"226\" height=\"94\" \/> r\u00e9sultats du travail sur la protection durable des v\u00e9g\u00e9taux contre les bioagresseurs invasifs dans les vergers et les vignes. Le colloque sera organis\u00e9 par la Chambre d\u2019Agriculture d\u2019Alsace (CAA) et le Landwirtschaftliches Technologiezentrum Augustenberg (LTZ) en collaboration avec tous les partenaires.<\/p>\n<p>Les interventions seront en fran\u00e7ais et en allemand et feront l\u2019objet d\u2019une traduction simultan\u00e9e.<\/p>\n<p>&nbsp;<\/p>\n<p><strong>Quand ?<\/strong> Le 8 novembre 2018, de 8h45 \u00e0 16h45<\/p>\n<p><strong>O\u00f9 ?<\/strong> A Bad Krozingen<\/p>\n<p>&nbsp;<\/p>\n<p>Le <strong>programme<\/strong> de la journ\u00e9e du 8 novembre est disponible en format PDF\u00a0<a href=\"https:\/\/science.rmtmo.eu\/wp-content\/uploads\/2018\/09\/2018-11-08-InvaProtect-Colloque-final.pdf\">ici<\/a>.<\/p>\n<p>Les <strong>inscriptions<\/strong> sont possibles \u00e0 partir de ce lien :\u00a0<a href=\"http:\/\/www.ltz-bw.de\/pb\/,Lde\/Startseite\/Ueber+uns\/Abschlusskolloquium+08_11_2018\">www.ltz-bw.de\/pb\/,Lde\/Startseite\/Ueber+uns\/Abschlusskolloquium+08_11_2018\u00a0<\/a><\/p>\n<p>&nbsp;<\/p>\n<p>Plus d&#8217;informations :\u00a0<a href=\"http:\/\/www.ltz-augustenberg.de\">www.ltz-augustenberg.de<\/a><\/p>\n<\/p><\/div><\/div><\/div><div class=\"panel panel-default\"><div class=\"panel-heading\"><a class=\"accordion-toggle collapsed\" data-parent=\"#accordion_69e1670f7d292\" data-toggle=\"collapse\" href=\"#group69e1670f7d38c\">Colloques internationaux - Projet INTER-RELIGIO<\/a><\/div><div class=\"panel-collapse collapse\" id=\"group69e1670f7d38c\"><div class=\"panel-body\"><p><p>Trois colloques internationaux auront lieu en 2018 dans le cadre des groupes de travail \u00e0 <img loading=\"lazy\" decoding=\"async\" class=\" wp-image-2869 alignright\" src=\"https:\/\/science.rmtmo.eu\/wp-content\/uploads\/2016\/09\/Logo_interReligio_300dpi-300x213.jpg\" alt=\"\" width=\"128\" height=\"91\" srcset=\"https:\/\/science.rmtmo.eu\/wp-content\/uploads\/2016\/09\/Logo_interReligio_300dpi-300x213.jpg 300w, https:\/\/science.rmtmo.eu\/wp-content\/uploads\/2016\/09\/Logo_interReligio_300dpi-768x545.jpg 768w, https:\/\/science.rmtmo.eu\/wp-content\/uploads\/2016\/09\/Logo_interReligio_300dpi.jpg 1000w\" sizes=\"auto, (max-width: 128px) 100vw, 128px\" \/>Strasbourg, Heidelberg et B\u00e2le.<\/p>\n<p>Lors de ces colloques sera nortamment pr\u00e9sent\u00e9e l\u2019avanc\u00e9e des recherches transfrontali\u00e8res sur le projet INTER-RELIGIO. Ils seront \u00e9galement l\u2019occasion d\u2019inviter \u00e0 l\u2019\u00e9change scientifique sur l\u2019interreligieux des experts internationaux ext\u00e9rieurs au projet. L\u2019objectif de ces manifestations scientifiques \u00e9tant d\u2019accueillir un large public et de susciter le d\u00e9bat, des contacts seront pris avec les associations scientifiques de niveau international \u00e9tudiant le religieux.<\/p>\n<p>&nbsp;<\/p>\n<p><strong>Quand ?<\/strong> En octobre, novembre 2018 et avril\u00a02019<\/p>\n<p><strong>O\u00f9 ? <\/strong>A Strasbourg (<strong>5,6 &amp; 7 novembre<\/strong> 2018), de 9h \u00e0 17h<\/p>\n<p>A Heidelberg (<strong>4, 5 &amp; 6 Octobre<\/strong> 2018)<\/p>\n<p>A B\u00e2le (<strong>4, 5 &amp; 6 avril<\/strong> 2019)<\/p>\n<p><a href=\"https:\/\/science.rmtmo.eu\/wp-content\/uploads\/2018\/10\/programme-complet-colloque-nov.2018-brochure-FR.pdf\">Lien vers le programme complet-colloque-Nov.2018<\/a><\/p>\n<p>Pour plus d&#8217;informations :<a href=\"http:\/\/interreligio.unistra.fr\/colloques-internationaux\/\">\u00a0http:\/\/interreligio.unistra.fr\/colloques-internationaux\/\u00a0<\/a><\/p>\n<\/p><\/div><\/div><\/div><div class=\"panel panel-default\"><div class=\"panel-heading\"><a class=\"accordion-toggle collapsed\" data-parent=\"#accordion_69e1670f7d292\" data-toggle=\"collapse\" href=\"#group69e1670f7d3cb\">Journ\u00e9e technique \u00ab Impression 3D, robotique et m\u00e9decine \u00bb - Projet SPIRITS<\/a><\/div><div class=\"panel-collapse collapse\" id=\"group69e1670f7d3cb\"><div class=\"panel-body\"><p><p>Le projet SPIRITS (<strong><em>Smart Printed Interactive Robots for Interventional Therapy and <img loading=\"lazy\" decoding=\"async\" class=\" wp-image-4424 alignright\" src=\"https:\/\/science.rmtmo.eu\/wp-content\/uploads\/2018\/06\/Logo_spirits-300x108.png\" alt=\"\" width=\"150\" height=\"54\" srcset=\"https:\/\/science.rmtmo.eu\/wp-content\/uploads\/2018\/06\/Logo_spirits-300x108.png 300w, https:\/\/science.rmtmo.eu\/wp-content\/uploads\/2018\/06\/Logo_spirits.png 741w\" sizes=\"auto, (max-width: 150px) 100vw, 150px\" \/>Surgery) <\/em><\/strong>organise une journ\u00e9e pour pr\u00e9senter et discuter\u00a0les derni\u00e8res avanc\u00e9es en impression 3D et leur impact pour le d\u00e9veloppement de syst\u00e8mes pour la sant\u00e9.\u00a0La manifestation s&#8217;adresse essentiellement aux industriels et aux chercheurs et les \u00e9changes se feront en langue anglaise.<\/p>\n<p>&nbsp;<\/p>\n<p><strong>Quand<\/strong> ? 16 octobre 2018, de 9h30 \u00e0 16h30<\/p>\n<p><strong>O\u00f9<\/strong> ? INSA de Strasbourg<\/p>\n<p>&nbsp;<\/p>\n<p>Durant le workshop interviendront des orateurs fran\u00e7ais, suisses et allemands. La journ\u00e9e sera propos\u00e9e \u00e0 la communaut\u00e9 des chercheurs en robotique via le GDR Robotique.<\/p>\n<p>Le programme et l&#8217;inscription \u00e0 la journ\u00e9e sont disponibles <a href=\"http:\/\/spirits.icube.unistra.fr\/en\/index.php\/Technical_Day_2018\">ici<\/a><\/p>\n<\/p><\/div><\/div><\/div><div class=\"panel panel-default\"><div class=\"panel-heading\"><a class=\"accordion-toggle collapsed\" data-parent=\"#accordion_69e1670f7d292\" data-toggle=\"collapse\" href=\"#group69e1670f7d3fc\">Pr\u00e9sentation des r\u00e9sultats du suivi transfrontalier de l'\u00e9tat de la qualit\u00e9 des eaux souterraines du Rhin sup\u00e9rieur - Projet ERMES-RHIN<\/a><\/div><div class=\"panel-collapse collapse\" id=\"group69e1670f7d3fc\"><div class=\"panel-body\"><p><p><span style=\"font-weight: 400;\">L\u2019Aprona et ses partenaires allemands, fran\u00e7ais et suisses pr\u00e9senteront les r\u00e9sultats d\u2019un<img loading=\"lazy\" decoding=\"async\" class=\" wp-image-4767 alignright\" src=\"https:\/\/science.rmtmo.eu\/wp-content\/uploads\/2018\/09\/Ermes-Rhin-300x158.png\" alt=\"\" width=\"195\" height=\"103\" srcset=\"https:\/\/science.rmtmo.eu\/wp-content\/uploads\/2018\/09\/Ermes-Rhin-300x158.png 300w, https:\/\/science.rmtmo.eu\/wp-content\/uploads\/2018\/09\/Ermes-Rhin-768x403.png 768w, https:\/\/science.rmtmo.eu\/wp-content\/uploads\/2018\/09\/Ermes-Rhin-1024x538.png 1024w, https:\/\/science.rmtmo.eu\/wp-content\/uploads\/2018\/09\/Ermes-Rhin.png 1200w\" sizes=\"auto, (max-width: 195px) 100vw, 195px\" \/> suivi sp\u00e9cifique transfrontalier de l\u2019\u00e9tat de la qualit\u00e9 des eaux souterraines du Rhin Sup\u00e9rieur au regard des 170 substances analys\u00e9es en commun (pesticides, nitrates, substances pharmaceutiques, compos\u00e9s perfluor\u00e9s, perchlorates etc.). Les r\u00e9sultats de la r\u00e9actualisation des indicateurs transfrontaliers d\u2019\u00e9volution de l\u2019\u00e9tat des eaux souterraines dans le Rhin Sup\u00e9rieur vous seront \u00e9galement pr\u00e9sent\u00e9s. <\/span><\/p>\n<p><span style=\"font-weight: 400;\">L\u2019\u00e9v\u00e9nement sera traduit de mani\u00e8re simultan\u00e9e fran\u00e7ais-allemand\/ allemand-fran\u00e7ais.<\/span><\/p>\n<p>&nbsp;<\/p>\n<p><strong>Quand<\/strong> ? 15 novembre 2018, de 9h30 \u00e0 16h<\/p>\n<p><strong>O\u00f9<\/strong> ? H\u00f4tel du d\u00e9partement \u00e0 Strasbourg<\/p>\n<p>&nbsp;<\/p>\n<p>Plus d&#8217;informations :\u00a0<a href=\"http:\/\/www.ermes-rhin.eu\"><span style=\"font-weight: 400;\">www.ermes-rhin.eu<\/span><\/a><\/p>\n<\/p><\/div><\/div><\/div><\/div><\/div><\/div><\/div><\/section>\n","protected":false},"excerpt":{"rendered":"Dialog Science 2018\u00ab\u00a0Dialog Science\u00a0\u00bb offre cette ann\u00e9e encore de nombreuses manifestations - dont beaucoup dans le cadre de projets INTERREG en cours - pendant lesquelles les acteurs de la recherche et de l'enseignement, de l'innovation et de l'\u00e9conomie mais \u00e9galement de la politique et de la soci\u00e9t\u00e9 ont l'occasion d'\u00e9changer des id\u00e9es et de cr\u00e9er","protected":false},"author":4,"featured_media":0,"parent":10645,"menu_order":0,"comment_status":"closed","ping_status":"closed","template":"","meta":{"ngg_post_thumbnail":0,"footnotes":""},"class_list":["post-5082","page","type-page","status-publish","hentry"],"aioseo_notices":[],"_links":{"self":[{"href":"https:\/\/science.rmtmo.eu\/en\/wp-json\/wp\/v2\/pages\/5082","targetHints":{"allow":["GET"]}}],"collection":[{"href":"https:\/\/science.rmtmo.eu\/en\/wp-json\/wp\/v2\/pages"}],"about":[{"href":"https:\/\/science.rmtmo.eu\/en\/wp-json\/wp\/v2\/types\/page"}],"author":[{"embeddable":true,"href":"https:\/\/science.rmtmo.eu\/en\/wp-json\/wp\/v2\/users\/4"}],"replies":[{"embeddable":true,"href":"https:\/\/science.rmtmo.eu\/en\/wp-json\/wp\/v2\/comments?post=5082"}],"version-history":[{"count":2,"href":"https:\/\/science.rmtmo.eu\/en\/wp-json\/wp\/v2\/pages\/5082\/revisions"}],"predecessor-version":[{"id":5085,"href":"https:\/\/science.rmtmo.eu\/en\/wp-json\/wp\/v2\/pages\/5082\/revisions\/5085"}],"up":[{"embeddable":true,"href":"https:\/\/science.rmtmo.eu\/en\/wp-json\/wp\/v2\/pages\/10645"}],"wp:attachment":[{"href":"https:\/\/science.rmtmo.eu\/en\/wp-json\/wp\/v2\/media?parent=5082"}],"curies":[{"name":"wp","href":"https:\/\/api.w.org\/{rel}","templated":true}]}}