{"id":435,"date":"2016-09-12T21:54:35","date_gmt":"2016-09-12T19:54:35","guid":{"rendered":"https:\/\/science.rmtmo.eu\/en\/?page_id=435"},"modified":"2022-08-04T12:21:52","modified_gmt":"2022-08-04T10:21:52","slug":"science-offensive-2011","status":"publish","type":"page","link":"https:\/\/science.rmtmo.eu\/en\/science-offensive\/science-offensive-2011\/","title":{"rendered":"Call for projects 2011"},"content":{"rendered":"<section  class=\"section swatch-sciences-white section-short \" ><div class=\"background-media\"><\/div><div class=\"background-overlay\" style=\"\"><\/div><div class=\"container\"><div class=\"row vertical-top\"><div class=\"col-md-6  text-default\" ><h1 class=\"text-left super regular bordered-header\">Science Offensive 2011<\/h1><p>The first call for projects, launched in October 2011, was largely welcomed by the scientific actors of the Trinational Metropolitan Region of the Upper Rhine. In total, 36 project proposals were submitted. At the end of the selection process, seven projects were chosen as part of the Science Offensive, funded in part by the INTERREG Upper Rhine program.<\/p>\n<\/div><div class=\"col-md-6  text-default\" ><img decoding=\"async\" alt=\"\" src=\"https:\/\/science.rmtmo.eu\/wp-content\/uploads\/2016\/08\/offensive-sciences-2011.jpg\" class=\"alignnone\"\/><\/div><\/div><\/div><\/section><section  class=\"section swatch-sciences-white section-tiny \" ><div class=\"background-media\"><\/div><div class=\"background-overlay\" style=\"\"><\/div><div class=\"container\"><div class=\"row vertical-top\"><div class=\"col-md-12  text-default\" ><div class=\"panel-group \" id=\"accordion_69e0404eac962\"><div class=\"panel panel-default\"><div class=\"panel-heading\"><a class=\"accordion-toggle collapsed\" data-parent=\"#accordion_69e0404eac962\" data-toggle=\"collapse\" href=\"#group69e0404eaca0a\">Neurogenesis and Neuroprotection for the prevention of neurological diseases or the restoration of neurological functions<\/a><\/div><div class=\"panel-collapse collapse\" id=\"group69e0404eaca0a\"><div class=\"panel-body\"><p><p><strong><img loading=\"lazy\" decoding=\"async\" class=\"alignright wp-image-56 size-full\" src=\"https:\/\/science.rmtmo.eu\/wp-content\/uploads\/2016\/08\/offsc2011-neurorhine.png\" alt=\"offsc2011-neurorhine\" width=\"211\" height=\"100\"><\/strong><strong>Partners<\/strong>: University of Strasbourg, CNRS, University Hospital of Freiburg<\/p>\n<p>The project is aimed at understanding the mechanisms of disease and the development of therapeutic solutions for the effective prevention or elimination of damages, which are responsible for neurodegenerative diseases such as Alzheimer&#8217;s disease or painful motor neuropathy.<\/p>\n<p><strong>Total Budget<\/strong>: 2,189,206 \u20ac<\/p>\n<ul>\n<li>EFRE: 1,094,603 \u20ac<\/li>\n<li>Regional funds: 250,000 \u20ac<\/li>\n<\/ul>\n<\/p><\/div><\/div><\/div><div class=\"panel panel-default\"><div class=\"panel-heading\"><a class=\"accordion-toggle collapsed\" data-parent=\"#accordion_69e0404eac962\" data-toggle=\"collapse\" href=\"#group69e0404eaca7e\">Chiral Porous Crystals for Racemate Resoltuion<\/a><\/div><div class=\"panel-collapse collapse\" id=\"group69e0404eaca7e\"><div class=\"panel-body\"><p><p><strong><img loading=\"lazy\" decoding=\"async\" class=\"alignright size-full wp-image-59\" src=\"https:\/\/science.rmtmo.eu\/wp-content\/uploads\/2016\/08\/ofsc2011-chiranet.png\" alt=\"ofsc2011-chiranet\" width=\"178\" height=\"100\"><\/strong><strong>Partners<\/strong>: Karlsruhe Institute of Technology, CNRS, Technical University of Kaiserslautern<\/p>\n<p>50% of the amount of volatile anesthetics administered today in more than 50 million operations are hardly or not at all active. This can lead to side effects and longer recovery times. With the help of new highly porous materials, the goal of this project is to isolate the active portions anesthetics.<\/p>\n<p><strong>Total Budget<\/strong>: 843,200 \u20ac<\/p>\n<ul>\n<li>EFRE: 421,600 \u20ac<\/li>\n<li>Regional funds:&nbsp; 250,000 \u20ac<\/li>\n<\/ul>\n<\/p><\/div><\/div><\/div><div class=\"panel panel-default\"><div class=\"panel-heading\"><a class=\"accordion-toggle collapsed\" data-parent=\"#accordion_69e0404eac962\" data-toggle=\"collapse\" href=\"#group69e0404eacab6\">Innovations for Sustainable Biomass Use in the Upper Rhine Region<\/a><\/div><div class=\"panel-collapse collapse\" id=\"group69e0404eacab6\"><div class=\"panel-body\"><p><p><strong><img loading=\"lazy\" decoding=\"async\" class=\"alignright size-medium wp-image-60\" src=\"https:\/\/science.rmtmo.eu\/wp-content\/uploads\/2016\/08\/ofsc2011-ouibiomasse-300x86.png\" alt=\"ofsc2011-ouibiomasse\" width=\"300\" height=\"86\" srcset=\"https:\/\/science.rmtmo.eu\/wp-content\/uploads\/2016\/08\/ofsc2011-ouibiomasse-300x86.png 300w, https:\/\/science.rmtmo.eu\/wp-content\/uploads\/2016\/08\/ofsc2011-ouibiomasse.png 350w\" sizes=\"auto, (max-width: 300px) 100vw, 300px\" \/>Partenaires :<\/strong>&nbsp;Karlsruher Institut f\u00fcr Technologie, Universit\u00e4t Freiburg, CNRS, Universit\u00e9 de Strasbourg, Universit\u00e9 de Haute-Alsace, Universit\u00e4t Koblenz-Landau, ENGEES, ASPA, Fachhochschule Nordwestschweiz, Universit\u00e4t Basel.<\/p>\n<p>The project aims to promote the sustainable use of biomass in the Upper Rhine region. A trinational academic network examines all stages of the value chain to create development scenarios to analyze potential impacts, and to develop a guide for the use of biomass.<\/p>\n<p><strong>Total Budget<\/strong>: 1,945,862 \u20ac<\/p>\n<ul>\n<li>EFRE: 845,431 \u20ac<\/li>\n<li>Regional funds: 250,000 \u20ac<\/li>\n<\/ul>\n<\/p><\/div><\/div><\/div><div class=\"panel panel-default\"><div class=\"panel-heading\"><a class=\"accordion-toggle collapsed\" data-parent=\"#accordion_69e0404eac962\" data-toggle=\"collapse\" href=\"#group69e0404eacae8\">Genetic Mechanisms of Cardiovascular Diseases<\/a><\/div><div class=\"panel-collapse collapse\" id=\"group69e0404eacae8\"><div class=\"panel-body\"><p><p><strong><img loading=\"lazy\" decoding=\"async\" class=\"alignright size-full wp-image-58\" src=\"https:\/\/science.rmtmo.eu\/wp-content\/uploads\/2016\/08\/ofsc2011-cardio-vasculaires.png\" alt=\"ofsc2011-cardio-vasculaires\" width=\"173\" height=\"100\"><\/strong><strong>Partners<\/strong>: CIE-CERBM-Clinical Institute of la Souris, University Hospital of Heidelberg, European Molecular Biology Laboratory, University of Heidelberg<\/p>\n<p>Cardiovascular diseases are a leading cause of death in humans. This project seeks to accurately define the impact of several relevant genetic variants. This better understanding of the genes and their mechanisms enables the development of treatments based on individualized prevention.<\/p>\n<p><strong>Total Budget<\/strong>: 1,122,520 \u20ac<\/p>\n<ul>\n<li>EFRE 561,260 \u20ac<\/li>\n<li>Regional funds: 250,000 \u20ac<\/li>\n<\/ul>\n<\/p><\/div><\/div><\/div><div class=\"panel panel-default\"><div class=\"panel-heading\"><a class=\"accordion-toggle collapsed\" data-parent=\"#accordion_69e0404eac962\" data-toggle=\"collapse\" href=\"#group69e0404eacb16\">Incidences of Rare Diseases in the Oral and Dental Region: Prospects for Diagnosis and Treatment <\/a><\/div><div class=\"panel-collapse collapse\" id=\"group69e0404eacb16\"><div class=\"panel-body\"><p><p><strong><img loading=\"lazy\" decoding=\"async\" class=\"alignright size-full wp-image-57\" src=\"https:\/\/science.rmtmo.eu\/wp-content\/uploads\/2016\/08\/ofsc2011-bucco-dentaires.png\" alt=\"ofsc2011-bucco-dentaires\" width=\"150\" height=\"201\"><\/strong><strong>Partners: <\/strong>University of Strasbourg, CIE-CERBM, University Hospitals of Strasbourg, University Hospital Freiburg, University of Heidelberg<\/p>\n<p>Pathologies or abnormalities in the oral and dental areas are often incidences of rare genetic diseases. This project combines clinical, genetic, biological and bio-informational approaches in order to improve the awareness of these pathologies, the quality of diagnostics, access to care, and the treatment of patients.<\/p>\n<p><strong>Total Budget<\/strong><strong>:<\/strong>&nbsp;1.971.342 \u20ac<\/p>\n<ul>\n<li>EFRE: 985.671 \u20ac<\/li>\n<li>Regional funds: 250.000 \u20ac<\/li>\n<\/ul>\n<\/p><\/div><\/div><\/div><div class=\"panel panel-default\"><div class=\"panel-heading\"><a class=\"accordion-toggle collapsed\" data-parent=\"#accordion_69e0404eac962\" data-toggle=\"collapse\" href=\"#group69e0404eacb41\">The Upper Rhine in Film: Projections of Memory, History and Identity from 1900 to 1970<\/a><\/div><div class=\"panel-collapse collapse\" id=\"group69e0404eacb41\"><div class=\"panel-body\"><p><p><strong><img loading=\"lazy\" decoding=\"async\" class=\"alignright size-full wp-image-62\" src=\"https:\/\/science.rmtmo.eu\/wp-content\/uploads\/2016\/08\/ofsc2011-rhinfilm.png\" alt=\"ofsc2011-rhinfilm\" width=\"133\" height=\"100\"><\/strong><strong>Partners<\/strong>: University of Strasbourg, University of Heidelberg<\/p>\n<p>Through the comparative analysis of content and the use of various kinds of documentaries on the Upper Rhine from 1900 to 1970, this project aims to reproduce the evolution of companies on both sides of the Rhine. The results will be presented at several demonstration series.<\/p>\n<p><strong>Total Budget<\/strong>: 743,896 \u20ac<\/p>\n<ul>\n<li>EFRE: 371,948 \u20ac<\/li>\n<li>Regional funds: 162,000 \u20ac<\/li>\n<\/ul>\n<\/p><\/div><\/div><\/div><div class=\"panel panel-default\"><div class=\"panel-heading\"><a class=\"accordion-toggle collapsed\" data-parent=\"#accordion_69e0404eac962\" data-toggle=\"collapse\" href=\"#group69e0404eacb69\">PLAN-EE a GIS-Based Planning Tool for Renewable Energy<\/a><\/div><div class=\"panel-collapse collapse\" id=\"group69e0404eacb69\"><div class=\"panel-body\"><p><p><strong><img loading=\"lazy\" decoding=\"async\" class=\"alignright size-full wp-image-61\" src=\"https:\/\/science.rmtmo.eu\/wp-content\/uploads\/2016\/08\/ofsc2011-plan.png\" alt=\"ofsc2011-plan\" width=\"150\" height=\"145\"><\/strong><strong>Partners<\/strong>: Karlsruhe Institute of Technology, University of Freiburg, CNRS, University of Strasbourg, Haute-Alsace University, University of Koblenz-Landau, ENGEES, ASPA, University of Applied Sciences and Arts Northwestern Switzerland, University of Basel<\/p>\n<p>The project follows the development of planning tools to create scenarios for the ideal use of renewable energy in the Upper Rhine. It includes an analysis of the existing technical potential, acceptability rates with the population, as well as the socio-economic consequences of their use.<\/p>\n<p><strong>Total Budget<\/strong>: 936,354 \u20ac<\/p>\n<ul>\n<li>EFRE: 468,177 \u20ac<\/li>\n<li>Regional funds: 186,957 \u20ac<\/li>\n<\/ul>\n<\/p><\/div><\/div><\/div><\/div><\/div><\/div><\/div><\/section>\n","protected":false},"excerpt":{"rendered":"Science Offensive 2011The first call for projects, launched in October 2011, was largely welcomed by the scientific actors of the Trinational Metropolitan Region of the Upper Rhine. In total, 36 project proposals were submitted. At the end of the selection process, seven projects were chosen as part of the Science Offensive, funded in part by","protected":false},"author":1,"featured_media":0,"parent":433,"menu_order":0,"comment_status":"closed","ping_status":"closed","template":"","meta":{"ngg_post_thumbnail":0,"footnotes":""},"class_list":["post-435","page","type-page","status-publish","hentry"],"aioseo_notices":[],"_links":{"self":[{"href":"https:\/\/science.rmtmo.eu\/en\/wp-json\/wp\/v2\/pages\/435","targetHints":{"allow":["GET"]}}],"collection":[{"href":"https:\/\/science.rmtmo.eu\/en\/wp-json\/wp\/v2\/pages"}],"about":[{"href":"https:\/\/science.rmtmo.eu\/en\/wp-json\/wp\/v2\/types\/page"}],"author":[{"embeddable":true,"href":"https:\/\/science.rmtmo.eu\/en\/wp-json\/wp\/v2\/users\/1"}],"replies":[{"embeddable":true,"href":"https:\/\/science.rmtmo.eu\/en\/wp-json\/wp\/v2\/comments?post=435"}],"version-history":[{"count":3,"href":"https:\/\/science.rmtmo.eu\/en\/wp-json\/wp\/v2\/pages\/435\/revisions"}],"predecessor-version":[{"id":12327,"href":"https:\/\/science.rmtmo.eu\/en\/wp-json\/wp\/v2\/pages\/435\/revisions\/12327"}],"up":[{"embeddable":true,"href":"https:\/\/science.rmtmo.eu\/en\/wp-json\/wp\/v2\/pages\/433"}],"wp:attachment":[{"href":"https:\/\/science.rmtmo.eu\/en\/wp-json\/wp\/v2\/media?parent=435"}],"curies":[{"name":"wp","href":"https:\/\/api.w.org\/{rel}","templated":true}]}}