{"id":15996,"date":"2026-03-24T15:39:45","date_gmt":"2026-03-24T14:39:45","guid":{"rendered":"https:\/\/science.rmtmo.eu\/home\/science-societe\/information-permanences\/"},"modified":"2026-03-24T16:10:35","modified_gmt":"2026-03-24T15:10:35","slug":"information-permanences","status":"publish","type":"page","link":"https:\/\/science.rmtmo.eu\/en\/home\/science-societe\/information-permanences\/","title":{"rendered":"Information &#038; meetings"},"content":{"rendered":"<section  class=\"section swatch-sciences-white section-short \" ><div class=\"background-media\"><\/div><div class=\"background-overlay\" style=\"\"><\/div><div class=\"container\"><div class=\"row vertical-top\"><div class=\"col-md-6  text-default\" ><h1 class=\"text-left super regular bordered-header\">R\u00e9unions d&#8217;information et permanences en ligne<\/h1><p>Participez aux r\u00e9unions d\u2019information en ligne<br \/>\nAfin de pr\u00e9senter le dispositif, ses objectifs et les modalit\u00e9s de candidature, deux r\u00e9unions d\u2019information en ligne sont organis\u00e9es :<\/p>\n<ul>\n<li><strong>22 avril, de 14h30 \u00e0 16h \u2013 session en langue allemande<\/strong><\/li>\n<li><strong>28 avril, de 11h \u00e0 12h30 \u2013 session en langue fran\u00e7aise<\/strong><\/li>\n<\/ul>\n<p>Ces sessions permettront de d\u00e9couvrir l\u2019appel \u00e0 projets, les crit\u00e8res de s\u00e9lection ainsi que le calendrier d\u00e9taill\u00e9 du fonds, et d\u2019\u00e9changer directement avec les organisateurs.<br \/>\nINSCRIVEZ-VOUS&nbsp;<a href=\"https:\/\/framaforms.org\/reunions-dinformation-fonds-transfrontalier-sciencesociete-infoveranstaltung-grenzuberschreitender\" target=\"_blank\" rel=\"noopener\">via ce lien<\/a><\/p>\n<p>Les pr\u00e9sentations seront mises en ligne sur cette page \u00e0 l&#8217;issue des r\u00e9unions d&#8217;informations<\/p>\n<\/div><div class=\"col-md-6  text-default\" ><img decoding=\"async\" alt=\"\" src=\"https:\/\/science.rmtmo.eu\/wp-content\/uploads\/2022\/08\/Bild_NL-1-e1661250129199.jpg\" class=\"alignnone\"\/><p>Kredit: tomertu\u00a9123rf.com<\/p>\n[vc_empty_space]<p>Afin de vous accompagner dans le montage de votre projet et de r\u00e9pondre \u00e0 vos questions, des permanences en ligne sont propos\u00e9es.&nbsp;<\/p>\n<p>Vous pouvez r\u00e9server un cr\u00e9neau de 30 minutes aupr\u00e8s des coordinatrices du fonds &#8220;Science et Soci\u00e9t\u00e9&#8221;, le 13 mai ou le 9 juin.<\/p>\n<p>R\u00e9server un cr\u00e9neau <a href=\"https:\/\/outlook.office.com\/book\/PermanencesvirtuellesScienceSocitOnlineBesprechungen@euroinstitut.onmicrosoft.com\/?ismsaljsauthenabled=true\" target=\"_blank\" rel=\"noopener\"><strong>via le lien<\/strong><\/a><\/p>\n<p>En cas de questions, vous pouvez bien s\u00fbr contacter les coordinatrices :<\/p>\n<ul>\n<li>Julie Corouge,<a href=\"mailto:julie.corouge@rtmtmo.eu\"> julie.corouge@rtmtmo.eu<\/a>&nbsp;+49 7851 7407-36<\/li>\n<li>Nadine Fischer, <a href=\"mailto:nadine.fischer@rmtmo.eu\">nadine.fischer@rmtmo.eu<\/a> , +49 7851 7407-37<\/li>\n<\/ul>\n<\/div><\/div><\/div><\/section>\n","protected":false},"excerpt":{"rendered":"R\u00e9unions d'information et permanences en ligneParticipez aux r\u00e9unions d\u2019information en ligne Afin de pr\u00e9senter le dispositif, ses objectifs et les modalit\u00e9s de candidature, deux r\u00e9unions d\u2019information en ligne sont organis\u00e9es : 22 avril, de 14h30 \u00e0 16h \u2013 session en langue allemande 28 avril, de 11h \u00e0 12h30 \u2013 session en langue fran\u00e7aise Ces sessions","protected":false},"author":2,"featured_media":0,"parent":15976,"menu_order":0,"comment_status":"closed","ping_status":"closed","template":"","meta":{"ngg_post_thumbnail":0,"footnotes":""},"class_list":["post-15996","page","type-page","status-publish","hentry"],"aioseo_notices":[],"_links":{"self":[{"href":"https:\/\/science.rmtmo.eu\/en\/wp-json\/wp\/v2\/pages\/15996","targetHints":{"allow":["GET"]}}],"collection":[{"href":"https:\/\/science.rmtmo.eu\/en\/wp-json\/wp\/v2\/pages"}],"about":[{"href":"https:\/\/science.rmtmo.eu\/en\/wp-json\/wp\/v2\/types\/page"}],"author":[{"embeddable":true,"href":"https:\/\/science.rmtmo.eu\/en\/wp-json\/wp\/v2\/users\/2"}],"replies":[{"embeddable":true,"href":"https:\/\/science.rmtmo.eu\/en\/wp-json\/wp\/v2\/comments?post=15996"}],"version-history":[{"count":1,"href":"https:\/\/science.rmtmo.eu\/en\/wp-json\/wp\/v2\/pages\/15996\/revisions"}],"predecessor-version":[{"id":16006,"href":"https:\/\/science.rmtmo.eu\/en\/wp-json\/wp\/v2\/pages\/15996\/revisions\/16006"}],"up":[{"embeddable":true,"href":"https:\/\/science.rmtmo.eu\/en\/wp-json\/wp\/v2\/pages\/15976"}],"wp:attachment":[{"href":"https:\/\/science.rmtmo.eu\/en\/wp-json\/wp\/v2\/media?parent=15996"}],"curies":[{"name":"wp","href":"https:\/\/api.w.org\/{rel}","templated":true}]}}