{"id":15976,"date":"2026-03-11T08:48:59","date_gmt":"2026-03-11T07:48:59","guid":{"rendered":"https:\/\/science.rmtmo.eu\/home\/science-societe\/"},"modified":"2026-03-24T16:05:57","modified_gmt":"2026-03-24T15:05:57","slug":"science-societe","status":"publish","type":"page","link":"https:\/\/science.rmtmo.eu\/en\/home\/science-societe\/","title":{"rendered":"Science &#038; Society"},"content":{"rendered":"<section  class=\"section swatch-sciences-white section-short \" ><div class=\"background-media\"><\/div><div class=\"background-overlay\" style=\"\"><\/div><div class=\"container\"><div class=\"row vertical-top\"><div class=\"col-md-6  text-default\" ><h1 class=\"text-left super regular bordered-header\">Fonds transfrontalier \u00ab la science fait soci\u00e9t\u00e9 dans le Rhin sup\u00e9rieur \u00bb <\/h1><p>Un nouveau dispositif de financement d\u00e9di\u00e9 au rapprochement entre science et soci\u00e9t\u00e9 voit le jour dans le Rhin sup\u00e9rieur. Le fonds transfrontalier \u00ab la science fait soci\u00e9t\u00e9 dans le Rhin sup\u00e9rieur \u00bb, cofinanc\u00e9 par le programme Interreg Rhin sup\u00e9rieur et port\u00e9 par le Pilier Sciences de la R\u00e9gion m\u00e9tropolitaine trinationale, vise \u00e0 renforcer le transfert des connaissances scientifiques vers la soci\u00e9t\u00e9 et \u00e0 valoriser les r\u00e9sultats de la recherche publique aupr\u00e8s d\u2019un large public dans la r\u00e9gion transfrontali\u00e8re.<\/p>\n<p>Ce fonds soutiendra des projets de transfert, de vulgarisation, de m\u00e9diation et de diffusion scientifique abordant les grands enjeux soci\u00e9taux, environnementaux, climatiques ou technologiques du territoire transfrontalier. L\u2019objectif est double : rendre la recherche plus visible et accessible, tout en favorisant l\u2019implication des citoyens et le dialogue autour des transitions majeures que conna\u00eet le Rhin sup\u00e9rieur.<\/p>\n<p>Les projets pourront \u00eatre port\u00e9s par des \u00e9tablissements d\u2019enseignement sup\u00e9rieur et de recherche fran\u00e7ais et allemands du Bade-Wurtemberg, de la Rh\u00e9nanie-Palatinat et de la R\u00e9gion Grand Est, seuls ou en partenariat, avec des acteurs vari\u00e9s tels que des structures culturelles, des associations de m\u00e9diation scientifique, des mus\u00e9es, des lieux culturels, des entreprises des industries cr\u00e9atives ou des r\u00e9seaux \u00e9conomiques. Les partenaires de la Suisse du Nord-Ouest peuvent aussi participer. Les projets co-financ\u00e9s par le fonds transfrontalier peuvent \u00eatre mis en \u0153uvre sur l\u2019ensemble du Rhin sup\u00e9rieur et doivent b\u00e9n\u00e9ficier \u00e0 la zone transfrontali\u00e8re du Rhin sup\u00e9rieur. Les projets, m\u00eame ceux \u00e0 portage unique ou mis en \u0153uvre avec des partenaires hors de la zone de programmation, auront une dur\u00e9e d\u2019un an maximum et devront pr\u00e9senter une dimension transfrontali\u00e8re claire.<br \/>\nLe fonds transfrontalier financera \u00e0 hauteur de 60% les d\u00e9penses des projets s\u00e9lectionn\u00e9s dont le budget global se situera entre 10.000 et 50.000 euros. En cas de participation suisse, le budget peut \u00eatre plus \u00e9lev\u00e9.<\/p>\n<p>Plusieurs dates de d\u00e9p\u00f4t sont pr\u00e9vues entre 2026 et 2027, permettant une mise en \u0153uvre progressive des projets et l\u2019\u00e9mergence de nouvelles coop\u00e9rations scientifiques et soci\u00e9tales.<\/p>\n<\/div><div class=\"col-md-6  text-default\" ><img decoding=\"async\" alt=\"\" src=\"https:\/\/science.rmtmo.eu\/wp-content\/uploads\/2026\/03\/Fonds-de-cooperation-la-science-fait-societe-Grenzuberschreitender-Fonds-Wissen-schafft-Gesellschaft_pour-web.jpg\" class=\"alignnone\"\/><h3>Participez aux r\u00e9unions d\u2019information en ligne ou aux permanences virtuelles propos\u00e9es pour l&#8217;aide au montage de projets !<\/h3>\n<ul>\n<li><strong><a href=\"https:\/\/science.rmtmo.eu\/en\/home\/science-societe\/information-permanences\/\">Visitez la page d\u00e9di\u00e9e<\/a><\/strong><\/li>\n<\/ul>\n<h4>Toutes les informations relatives au fonds de coop\u00e9ration (appel \u00e0 projets, formulaire de d\u00e9p\u00f4t, calendrier, dates des permanences en ligne pour l&#8217;aide au montage des projets, etc.) seront prochainement disponibles sur cette page.<\/h4>\n<p>&nbsp;<\/p>\n<\/div><\/div><\/div><\/section>\n","protected":false},"excerpt":{"rendered":"Fonds transfrontalier \u00ab la science fait soci\u00e9t\u00e9 dans le Rhin sup\u00e9rieur \u00bb Un nouveau dispositif de financement d\u00e9di\u00e9 au rapprochement entre science et soci\u00e9t\u00e9 voit le jour dans le Rhin sup\u00e9rieur. Le fonds transfrontalier \u00ab la science fait soci\u00e9t\u00e9 dans le Rhin sup\u00e9rieur \u00bb, cofinanc\u00e9 par le programme Interreg Rhin sup\u00e9rieur et port\u00e9 par le","protected":false},"author":2,"featured_media":0,"parent":457,"menu_order":0,"comment_status":"closed","ping_status":"closed","template":"","meta":{"ngg_post_thumbnail":0,"footnotes":""},"class_list":["post-15976","page","type-page","status-publish","hentry"],"aioseo_notices":[],"_links":{"self":[{"href":"https:\/\/science.rmtmo.eu\/en\/wp-json\/wp\/v2\/pages\/15976","targetHints":{"allow":["GET"]}}],"collection":[{"href":"https:\/\/science.rmtmo.eu\/en\/wp-json\/wp\/v2\/pages"}],"about":[{"href":"https:\/\/science.rmtmo.eu\/en\/wp-json\/wp\/v2\/types\/page"}],"author":[{"embeddable":true,"href":"https:\/\/science.rmtmo.eu\/en\/wp-json\/wp\/v2\/users\/2"}],"replies":[{"embeddable":true,"href":"https:\/\/science.rmtmo.eu\/en\/wp-json\/wp\/v2\/comments?post=15976"}],"version-history":[{"count":4,"href":"https:\/\/science.rmtmo.eu\/en\/wp-json\/wp\/v2\/pages\/15976\/revisions"}],"predecessor-version":[{"id":16004,"href":"https:\/\/science.rmtmo.eu\/en\/wp-json\/wp\/v2\/pages\/15976\/revisions\/16004"}],"up":[{"embeddable":true,"href":"https:\/\/science.rmtmo.eu\/en\/wp-json\/wp\/v2\/pages\/457"}],"wp:attachment":[{"href":"https:\/\/science.rmtmo.eu\/en\/wp-json\/wp\/v2\/media?parent=15976"}],"curies":[{"name":"wp","href":"https:\/\/api.w.org\/{rel}","templated":true}]}}