{"id":15735,"date":"2026-01-21T11:00:57","date_gmt":"2026-01-21T10:00:57","guid":{"rendered":"https:\/\/science.rmtmo.eu\/15732-2\/"},"modified":"2026-01-21T11:08:13","modified_gmt":"2026-01-21T10:08:13","slug":"15732-2","status":"publish","type":"page","link":"https:\/\/science.rmtmo.eu\/en\/15732-2\/","title":{"rendered":"Event"},"content":{"rendered":"<section  class=\"section swatch-sciences-white section-short \" ><div class=\"background-media\"><\/div><div class=\"background-overlay\" style=\"\"><\/div><div class=\"container\"><div class=\"row vertical-top\"><div class=\"col-md-6  text-default\" ><h1 class=\"text-left super regular bordered-header\">Auftaktveranstaltung<\/h1><p>Die Regionen am Oberrhein bilden zusammen einen auf europ\u00e4ischer Ebene einzigartigen Wissenschafts- und Innovationsraum. Mit \u00fcber 100 Hochschul-, Forschungs- und Innovationseinrichtungen sowie zahlreichen internationalen Gro\u00dfunternehmen und erfolgreichen KMU ist die grenz\u00fcberschreitende Region am Oberrhein ein beispielhafter Raum f\u00fcr die wissenschaftliche Zusammenarbeit, der ein enormes Kooperationspotenzial bietet.<\/p>\n<p>Die Wissenschaftsoffensive, eine gemeinsame Initiative der L\u00e4nder Baden-W\u00fcrttemberg und Rheinland-Pfalz, der R\u00e9gion Grand Est sowie des Interreg-Programms Oberrhein, besteht seit 2011 und hat bislang die Umsetzung von 28 grenz\u00fcberschreitenden Forschungsprojekten erm\u00f6glicht. Diese tragen seit 2011 und auch weiterhin zu konkreten Fortschritten bei, unter anderem in den Bereichen Medizin, Medizintechnik, erneuerbare Energien und nachhaltige Entwicklung.<\/p>\n<p>Die <strong>Auftaktveranstaltung der Wissenschaftsoffensive findet am 3. M\u00e4rz 2026, ab 15.00 Uhr an der Au\u00dfenstelle Technologiepark der Hochschule Karlsruhe<\/strong> statt. Sie dient dazu, den Beitrag der regionalen und grenz\u00fcberschreitenden \u00d6kosysteme zur Entwicklung europ\u00e4ischer Spitzeninnovationen aus der \u00f6ffentlichen Forschung hervorzuheben, sowie die Preistr\u00e4gerprojekte des f\u00fcnften Projektaufrufs der Wissenschaftsoffensive vorzustellen.<\/p>\n<ul>\n<li>Die Auftaktveranstaltung findet an der Au\u00dfenstelle Technologiepark (Wilhelm-Schickard-Stra\u00dfe 9, 76131 Karlsruhe, Geb. A, 2. Stock) der Hochschule Karlsruhe statt<\/li>\n<li>Die Veranstaltung wird simultan gedolmetscht (Deutsch\/Franz\u00f6sisch)<\/li>\n<li>Kontakt: Julie Corouge, Referentin S\u00e4ule Wissenschaft , +49 (0) 7851 \/ 7407\u201336, <a href=\"mailto:julie.corouge@rmtmo.eu\">julie.corouge@rmtmo.eu<\/a><\/li>\n<li>Anmeldelink: <a href=\"https:\/\/framaforms.org\/evenement-de-lancement-offensive-sciences-auftaktveranstaltung-wissenschaftsoffensive-1768207319\" target=\"_blank\" rel=\"noopener\">hier<\/a> (Anmeldefrist: 24.02.2026)<\/li>\n<li>Programm herunterladen PDF:<\/li>\n<\/ul>\n<\/div><div class=\"col-md-6  text-default\" ><img decoding=\"async\" alt=\"\" src=\"https:\/\/science.rmtmo.eu\/wp-content\/uploads\/2026\/01\/Visuel-validation-projets-OS-2025-A5-Querformat-1.png\" class=\"alignnone\"\/>[vc_empty_space]<h3><strong>Entdecken Sie das Programm:<\/strong><\/h3>\n<h3>15h00 Begr\u00fc\u00dfung und Einf\u00fchrung<\/h3>\n<ul>\n<li><strong>Fr\u00e9d\u00e9ric Pfliegersdoerffer<\/strong>, Vorsitzender der Arbeitsgruppe des Interreg-Programms Oberrhein<\/li>\n<li><strong>Markus Wiedemann<\/strong>, Abteilungsleiter im Ministerium f\u00fcr Wissenschaft, Forschung und Kunst Baden-W\u00fcrttemberg<\/li>\n<\/ul>\n<h3>15h15 Vorstellung der Wissenschaftsoffensive<\/h3>\n<h3>15:25 Die Projekte der Wissenschaftsoffensive &#8211; Thematischer Fokus <strong>\u201eGesundheit &amp; digitale Technologien\u201c<\/strong><\/h3>\n<h3>15:40 Keynote: \u201eGrenz\u00fcberschreitende Innovationsf\u00f6rderung, Erkenntnisse aus der Praxis und Inputs f\u00fcr die Zukunft\u201c<\/h3>\n<ul>\n<li><strong>Prof. Dr. Dennis Steininger<\/strong>, Fachbereich Wirtschaftswissenschaften, RPTU Kaiserslautern-Landau, Business + Innovation Center Kaiserslautern<\/li>\n<\/ul>\n<h3>16:00 Die Projekte der Wissenschaftsoffensive &#8211; Thematischer Fokus \u201eIntelligente Energiesysteme f\u00fcr Industrie und Stadt\u201c<\/h3>\n<h3>16:15 Podiumsdiskussion: \u201eBeitrag der grenz\u00fcberschreitenden Zusammenarbeit in den Bereichen Forschung &amp; Innovation zu den europ\u00e4ischen Herausforderungen von morgen\u201c<\/h3>\n<ul>\n<li><strong>Andrea Elisabeth Knellwolf<\/strong>, Vizepr\u00e4sidentin der Regio Basiliensis<\/li>\n<li><strong style=\"font-size: 1rem;\">Prof. Dr. Bertrand Rose<\/strong><span style=\"font-size: 1rem;\">, Stv. Vizepr\u00e4sident f\u00fcr Beziehungen zur Gesellschaft und Wirtschaft der Universit\u00e4t Stra\u00dfburg<\/span><\/li>\n<li><strong>Moderation: Stefan Seidendorf<\/strong>, Stv. Direktor des Deutsch-Franz\u00f6sischen Instituts DFI&nbsp;<\/li>\n<\/ul>\n<h3>16:40 Die Projekte der Wissenschaftsoffensive &#8211; Thematischer Fokus \u201eUmwelt und Anpassung an den Klimawandel\u201c<\/h3>\n<h3>17:20 Schlusswort<\/h3>\n<ul>\n<li><strong>Prof. Dr. Rose Marie Beck, <\/strong>Rektorin der Hochschule Karlsruhe<\/li>\n<\/ul>\n<\/div><\/div><\/div><\/section>\n","protected":false},"excerpt":{"rendered":"AuftaktveranstaltungDie Regionen am Oberrhein bilden zusammen einen auf europ\u00e4ischer Ebene einzigartigen Wissenschafts- und Innovationsraum. Mit \u00fcber 100 Hochschul-, Forschungs- und Innovationseinrichtungen sowie zahlreichen internationalen Gro\u00dfunternehmen und erfolgreichen KMU ist die grenz\u00fcberschreitende Region am Oberrhein ein beispielhafter Raum f\u00fcr die wissenschaftliche Zusammenarbeit, der ein enormes Kooperationspotenzial bietet. Die Wissenschaftsoffensive, eine gemeinsame Initiative der L\u00e4nder Baden-W\u00fcrttemberg und","protected":false},"author":2,"featured_media":0,"parent":0,"menu_order":0,"comment_status":"closed","ping_status":"closed","template":"","meta":{"ngg_post_thumbnail":0,"footnotes":""},"class_list":["post-15735","page","type-page","status-publish","hentry"],"aioseo_notices":[],"_links":{"self":[{"href":"https:\/\/science.rmtmo.eu\/en\/wp-json\/wp\/v2\/pages\/15735","targetHints":{"allow":["GET"]}}],"collection":[{"href":"https:\/\/science.rmtmo.eu\/en\/wp-json\/wp\/v2\/pages"}],"about":[{"href":"https:\/\/science.rmtmo.eu\/en\/wp-json\/wp\/v2\/types\/page"}],"author":[{"embeddable":true,"href":"https:\/\/science.rmtmo.eu\/en\/wp-json\/wp\/v2\/users\/2"}],"replies":[{"embeddable":true,"href":"https:\/\/science.rmtmo.eu\/en\/wp-json\/wp\/v2\/comments?post=15735"}],"version-history":[{"count":3,"href":"https:\/\/science.rmtmo.eu\/en\/wp-json\/wp\/v2\/pages\/15735\/revisions"}],"predecessor-version":[{"id":15742,"href":"https:\/\/science.rmtmo.eu\/en\/wp-json\/wp\/v2\/pages\/15735\/revisions\/15742"}],"wp:attachment":[{"href":"https:\/\/science.rmtmo.eu\/en\/wp-json\/wp\/v2\/media?parent=15735"}],"curies":[{"name":"wp","href":"https:\/\/api.w.org\/{rel}","templated":true}]}}