{"id":15105,"date":"2025-07-09T09:51:13","date_gmt":"2025-07-09T07:51:13","guid":{"rendered":"https:\/\/science.rmtmo.eu\/labvisits-oberrhein\/"},"modified":"2026-03-12T15:18:28","modified_gmt":"2026-03-12T14:18:28","slug":"labvisits-oberrhein","status":"publish","type":"page","link":"https:\/\/science.rmtmo.eu\/en\/labvisits-oberrhein\/","title":{"rendered":"LabVisits Oberrhein"},"content":{"rendered":"<section  class=\"section swatch-sciences-white section-tiny \" ><div class=\"background-media\"><\/div><div class=\"background-overlay\" style=\"\"><\/div><div class=\"container\"><div class=\"row vertical-top\"><div class=\"col-md-12  text-default\" ><img decoding=\"async\" alt=\"\" src=\"https:\/\/science.rmtmo.eu\/wp-content\/uploads\/2023\/12\/Andrea-De-Martin\u00a9123rf_klein.jpg\" class=\"alignnone\"\/><h1 class=\"text-left super regular bordered-header\">LabVisits Oberrhein<\/h1><p><strong>LabVisits &#8211; Entdecken Sie Innovationen Made-in-Oberrhein: Besuchen Sie Spitzeninstitutionen und vernetzen Sie Ihr Unternehmen mit den Themen von morgen.<\/strong><\/p>\n<p>Die trinationale Region am Oberrhein verf\u00fcgt \u00fcber sehr viele Forschungseinrichtungen, die wahre Treibkr\u00e4fte der Innovation Made-in-Oberrhein sind. Industrie der Zukunft, Robotik, KI, Materialien und Verfahren, Medizintechnik und -technologien, saubere Mobilit\u00e4t, Kreislaufwirtschaft: All diese Fachgebiete sind auch gleichbedeutend mit Herausforderungen f\u00fcr die Unternehmen der Region.&nbsp;<\/p>\n<p>Sind Sie neugierig oder haben bereits ganz konkrete Kooperationsprojekte im Kopf?<\/p>\n<p>Melden Sie sich f\u00fcr eine oder mehrere Besichtigungen von Laboren und technischen Plattformen der Forschungseinrichtungen am Oberrhein an! Geplant sind Besuche auf beiden Seiten des Rheins an erstklassigen Standorten, z. B. in Stra\u00dfburg, Karlsruhe oder Offenburg.<\/p>\n<p>Bei dieser Veranstaltungsreihe \u00f6ffnen Labore, Institute und technische Plattformen der trinationalen Region ihre T\u00fcren f\u00fcr Unternehmen und zeigen ihnen ihre aktuellen Forschungsthemen, ihre Infrastrukturen und ihre Formate der Zusammenarbeit mit ihren Industriepartnern.<\/p>\n<p>Diese Veranstaltungsreihe ist eine gemeinsame Initiative der S\u00e4ulen Wissenschaft und Wirtschaft der Trinationalen Metropolregion Oberrhein und der Mitglieder des Netzwerks <a href=\"https:\/\/ktur.eu\/de\/startseite\/\" target=\"_blank\" rel=\"noopener\">Knowledge Transfer Upper Rhine2 (KTUR2)<\/a>.<\/p>\n<p>Stay tuned: Folgen Sie uns auf <a href=\"https:\/\/www.linkedin.com\/company\/science-pillar\/?viewAsMember=true\" target=\"_blank\" rel=\"noopener\">LinkedIn<\/a>, um \u00fcber die n\u00e4chsten Lab Visits auf dem Laufenden zu bleiben!<\/p>\n[vc_empty_space]<div class=\"panel-group \" id=\"accordion_69e542e264a59\"><div class=\"panel panel-default\"><div class=\"panel-heading\"><a class=\"accordion-toggle collapsed\" data-parent=\"#accordion_69e542e264a59\" data-toggle=\"collapse\" href=\"#group69e542e264af4\">18.06.2025 - ICAM Strasbourg \u2013 Industrie der Zukunft 5.0<\/a><\/div><div class=\"panel-collapse collapse\" id=\"group69e542e264af4\"><div class=\"panel-body\"><p><p>Die F&amp;E-Plattform \u201eIndustrie der Zukunft 5.0\u201c der <a href=\"en.icam.fr\/?campus=strasbourg-campus\" target=\"_blank\" rel=\"noopener\">ICAM,<\/a> einer Hochschule f\u00fcr angewandte Wissenschaften mit Sitz in Stra\u00dfburg, \u00f6ffnete ihre T\u00fcren f\u00fcr eine Besichtigung ihrer Installationen und einen Austausch mit dem Forschungsteam am Mittwoch, den 18. Juni 2025, um 17 Uhr.<\/p>\n<p>Die erste 5.0 F&amp;E-Plattform in der Region Grand Est wurde Ende 2023 eingeweiht und ist ein gutes Werkzeug f\u00fcr Industriebetriebe, um sich zur Industrie der Zukunft weiterzuentwickeln. Sie erm\u00f6glicht eine Beschleunigung der Produktionsleistung durch die Kombination von fortschrittlichen Technologien (Robotik &amp; Cobotik, KI, IoT&#8230;), Prozessoptimierung, Innovation und Digitalisierung. Sie stellt au\u00dferdem den Menschen in den Mittelpunkt der Innovation.<\/p>\n<p>Im Laufe des einst\u00fcndigen Treffens konnten die Teilnehmer:<\/p>\n<ul>\n<li>Eine konkrete Industrie 5.0-Umgebung erkunden und die Herausforderungen im Zusammenhang mit der Digitalisierung von Produktionslinien verstehen.<\/li>\n<li>Sich mit Forschern und Ingenieuren \u00fcber konkrete Projekte rund um diese Fabrik der Zukunft &#8211; wie z. B. den Einsatz von KI &#8211; austauschen.<\/li>\n<li>Konkrete Wege f\u00fcr eine F&amp;E-Kooperation mit dieser Hochschule und ihrem Team identifizieren.<\/li>\n<li>Erfahrungen unter Gleichgesinnten austauschen.<\/li>\n<\/ul>\n<p>Der Besuch fand im Rahmen der <a href=\"https:\/\/en.icam.fr\/research\/icam-international-research-days\/\">International Researcher Days<\/a> des ICAM statt, die in ihrer f\u00fcnften Auflage in Stra\u00dfburg in Kooperation mit der Hochschule Offenburg veranstaltet wurden.<\/p>\n<p>Sind Sie an der Thematik interessiert? Nehmen Sie <a href=\"https:\/\/science.rmtmo.eu\/en\/the-science-pillar\/contact\/\" target=\"_blank\" rel=\"noopener\">Kontakt<\/a> mit uns auf!<\/p>\n<\/p><\/div><\/div><\/div><\/div><div class=\"panel-group \" id=\"accordion_69e542e264b8b\"><div class=\"panel panel-default\"><div class=\"panel-heading\"><a class=\"accordion-toggle collapsed\" data-parent=\"#accordion_69e542e264b8b\" data-toggle=\"collapse\" href=\"#group69e542e264b99\">23.09.2025 Irepa Laser \/ Icube \/ Aerial Strasbourg - Lasertechnologien und -verfahren<\/a><\/div><div class=\"panel-collapse collapse\" id=\"group69e542e264b99\"><div class=\"panel-body\"><p><p>Im Rahmen des BeamXperience-Tages \u00f6ffnen die Technologiezentren IREPA LASER und Aerial sowie das Forschungslabor ICube der Universit\u00e4t Stra\u00dfburg ihre T\u00fcren, um Einblicke in die angewandte Forschung und bahnbrechende Technologien im Bereich der Hochenergiestrahlen zu geben. Diese einzigartigen Besichtigungen finden am 23. September zwischen 14 und 18 Uhr statt. Bei einem Afterwork-Event k\u00f6nnen sich die Teilnehmenden anschlie\u00dfend austauschen und ihr Netzwerk st\u00e4rken.<\/p>\n<p>Was Sie an diesem Nachmittag erwartet, der auf Franz\u00f6sisch und Englisch stattfindet:<\/p>\n<ul>\n<li>Einblick in spitzen Technologien: additive Metallfertigung; Laserschwei\u00dfen; Hochpr\u00e4zisionsbearbeitung; fortgeschrittene Photonik; KI in Laserprozessen; optische Modellierung; Elektronenstrahlen; industrielle Bestrahlung und Gefriertrocknung f\u00fcr die Bioindustrie<\/li>\n<li>Demonstrationen unter realen Bedingungen an modernsten Anlagen<\/li>\n<li>Erfahrungsaustausch mit Fachleuten<\/li>\n<li>Austausch mit Forschenden von Icube \u00fcber die neuesten technologischen Fortschritte<\/li>\n<li>\u00d6ffnung des Kooperationspotentials im Bereich FuE<\/li>\n<\/ul>\n<p>Die Anmeldung ist <a href=\"https:\/\/landings.info-laser.com\/5a966b08b85b5350ef1cdeb8\/AAlUZ-7FQUCpU5YPjn7k0Q\/landing.html\">\u00fcber diesen Link<\/a> obligatorisch (die Seite ist auf Franz\u00f6sisch). Die Anzahl der verf\u00fcgbaren Pl\u00e4tze ist begrenzt.<\/p>\n<\/p><\/div><\/div><\/div><div class=\"panel panel-default\"><div class=\"panel-heading\"><a class=\"accordion-toggle collapsed\" data-parent=\"#accordion_69e542e264b8b\" data-toggle=\"collapse\" href=\"#group69e542e264bdc\">20.11.2025 \u2013 ICUBE \u2013 Universit\u00e4t Stra\u00dfburg \u2013 Medizinische und chirurgische Robotik<\/a><\/div><div class=\"panel-collapse collapse\" id=\"group69e542e264bdc\"><div class=\"panel-body\"><p><p>Im Rahmen der deutsch-franz\u00f6sischen Konferenz ROSCon FR&amp;DE, die sich dem Thema Robotik-Engineering widmet und vom 17. bis 20. November in Stra\u00dfburg stattfindet, wird eine Besichtigung der Technologieplattformen der Universit\u00e4t Stra\u00dfburg und anderer els\u00e4ssischer Akteure im Bereich der medizinischen Robotik angeboten.<\/p>\n<p>Die Plattform f\u00fcr Bilderzeugung, Robotik und Innovation f\u00fcr die Gesundheit (IRIS) des Forschungsinstituts ICube auf dem Gel\u00e4nde des H\u00f4pital Civil de Strasbourg bietet eine technische Plattform und Fachwissen in den Bereichen Bildgebung, Biomechanik und Robotik, klinisch und pr\u00e4klinisch (Beratung, Instrumentenentwicklung, Entwicklung von MRT-Sequenzen, Entwicklung und Umsetzung von L\u00f6sungen f\u00fcr die robotergest\u00fctzte medizinische und chirurgische Versorgung, Bildverarbeitung).<\/p>\n<p>Was erwartet Sie an diesem Nachmittag, der auf Franz\u00f6sisch und Englisch stattfindet?<\/p>\n<ul>\n<li>Demonstrationen modernster medizinischer und chirurgischer Robotik<\/li>\n<li>Erfahrungsaustausch mit Fachexpert.innen<\/li>\n<li>Austausch mit Forschenden von Icube \u00fcber die neuesten technologischen Fortschritte<\/li>\n<li>Erweiterung des Kooperationspotentials im Bereich F&amp;E<\/li>\n<\/ul>\n<p>Der Besuch ist kostenlos, eine Anmeldung ist jedoch erforderlich: <a href=\"https:\/\/docs.google.com\/forms\/d\/e\/1FAIpQLSc4VSC6Ti_n77M-DDGVfRZ2SSFgieNC60ZoOyEerv9td3KLrA\/viewform\" target=\"_blank\" rel=\"noopener\">https:\/\/docs.google.com\/forms\/d\/e\/1FAIpQLSc4VSC6Ti_n77M-DDGVfRZ2SSFgieNC60ZoOyEerv9td3KLrA\/viewform<\/a><\/p>\n<p>&nbsp;<\/p>\n<\/p><\/div><\/div><\/div><div class=\"panel panel-default\"><div class=\"panel-heading\"><a class=\"accordion-toggle collapsed\" data-parent=\"#accordion_69e542e264b8b\" data-toggle=\"collapse\" href=\"#group69e542e264c1b\">04.02.2026 - INSA Strasbourg - Erfassung und 3D-Modellierung des historischen Erbes<\/a><\/div><div class=\"panel-collapse collapse\" id=\"group69e542e264c1b\"><div class=\"panel-body\"><p><p>Die Topografieplattform der INSA Stra\u00dfburg, einer renommierten franz\u00f6sischen Ingenieurs- und Architektur- Hochschule mit Sitz in Stra\u00dfburg, \u00f6ffnet am Mittwoch, den 4. Februar 2026 um 17:30 Uhr ihre T\u00fcren f\u00fcr eine Besichtigung und einen Austausch mit dem Forschungsteam. Diese technologische Plattform wird sowohl f\u00fcr Bildungszwecke, also auch f\u00fcr F&amp;E genutzt und besteht aus verschiedenen Ger\u00e4ten (Totalstationen, Drohnen, Laserscanner) sowie R\u00e4umen f\u00fcr 3D-Messungen, Photogrammetrie und GIS. Sie erm\u00f6glicht die praktische Umsetzung von Vermessungstechniken, 3D-Modellierung, Weltraumgeod\u00e4sie und Bildverarbeitung f\u00fcr Forschungsprojekte und verschiedenste Kooperationen (Bauwesen, Arch\u00e4ologie, Kulturerbe, Stadtplanung) &#8211; unter Einbeziehung modernster Werkzeuge und Spezialisten aus der Branche.<\/p>\n<p>Was Sie w\u00e4hrend dieses Treffens (das etwa eine Stunde dauern wird) erwartet, das auf Franz\u00f6sisch (und Deutsch f\u00fcr die Vorstellung) stattfindet:<\/p>\n<ul>\n<li>Vorstellung der Arbeiten im Rahmen des grenz\u00fcberschreitenden Projekts <a href=\"https:\/\/www.chateaux-rhenans.eu\/\">Burgen am Oberrhein<\/a> (Modellierung und digitale Rekonstruktion von Burgen)<\/li>\n<li>Erfahrungsaustausch mit Spezialisten<\/li>\n<li>Austausch mit Forschenden \u00fcber die neuesten technologischen Fortschritte<\/li>\n<li>Er\u00f6ffnung neuer M\u00f6glichkeiten f\u00fcr die Zusammenarbeit im Bereich F&amp;E<\/li>\n<\/ul>\n<p>Der Besuch wird im Rahmen der Veranstaltungsreihe \u201e<a href=\"https:\/\/recherche.insa-strasbourg.fr\/plongez-au-coeur-de-la-recherche-a-linsa-strasbourg-cycle-de-conferences-au-coeur-de-la-recherche\/\">Au c\u0153ur de la recherche<\/a>\u201d (Im Herzen der Forschung) der INSA Stra\u00dfburg organisiert.<\/p>\n<p>Eine Anmeldung <a href=\"https:\/\/docs.google.com\/forms\/d\/e\/1FAIpQLSf8kVQGVt61KW_Iw2q-nybJ7EIVNF2Y6w161OXNaJ0GY_rMfw\/viewform\">\u00fcber diesen Link<\/a> ist erforderlich. Die Anzahl der verf\u00fcgbaren Pl\u00e4tze ist begrenzt.<\/p>\n<p>&nbsp;<\/p>\n<\/p><\/div><\/div><\/div><div class=\"panel panel-default\"><div class=\"panel-heading\"><a class=\"accordion-toggle collapsed\" data-parent=\"#accordion_69e542e264b8b\" data-toggle=\"collapse\" href=\"#group69e542e264c52\">26.03.2026 - IUAS - Hochschule Offenburg - unbemannte Flugsysteme sowie Radar- und Antennentechnologien<\/a><\/div><div class=\"panel-collapse collapse\" id=\"group69e542e264c52\"><div class=\"panel-body\"><p><p>Das Institute for Unmanned Aerial Systems (IUAS) der Hochschule Offenburg \u00f6ffnet am Donnerstag, den 26. M\u00e4rz 2026, von 16:00 bis 18:00 Uhr seine T\u00fcren f\u00fcr einen Einblick in seine Forschungsarbeit rund um unbemannte Flugsysteme sowie Radar- und Antennentechnologien. Die Veranstaltung findet auf dem Campus der Hochschule Offenburg (Geb\u00e4ude E, Raum E410, Badstra\u00dfe 24, 77652 Offenburg) statt und bietet Unternehmen und Interessierten die M\u00f6glichkeit, aktuelle Forschungsprojekte kennenzulernen und sich mit den Forschenden vor Ort auszutauschen.<br \/>\nDas IUAS konzentriert sich in seiner anwendungsorientierten Forschung und Entwicklung auf innovative Drohnentechnologien sowie auf Radar- und Antennensysteme f\u00fcr verschiedene Anwendungsfelder. Neben dem eigentlichen Flugbetrieb werden am Institut fortschrittliche L\u00f6sungen der Drohnenrobotik entwickelt, darunter beispielsweise Technologien wie \u201eMagnetic Perching\u201c, mit denen Drohnen an metallischen Oberfl\u00e4chen andocken k\u00f6nnen, sowie Flugsysteme mit aktiven Werkzeugen f\u00fcr industrielle Anwendungen. Im Bereich Radar- und Antennentechnik \u2013 etwa f\u00fcr Automobil, Medizin und Industrie \u2013 werden unter anderem EMV-Messungen, dielektrische Materialcharakterisierungen sowie Hochfrequenzmessungen im Bereich von \u00fcber 100 GHz durchgef\u00fchrt.<\/p>\n<p>Was Sie bei diesem Treffen erwartet:<br \/>\n\u2022 Praxisnahe Einblicke in aktuelle Forschungsprojekte, Technologien und Labore des IUAS<br \/>\n\u2022 Vorstellung innovativer Anwendungen im Bereich Drohnenrobotik sowie Radar- und Antennentechnik<br \/>\n\u2022 Austausch mit Forschenden und Identifikation m\u00f6glicher Kooperationspotenziale f\u00fcr Unternehmen<\/p>\n<p>Die Veranstaltung ist Teil der Initiative Zukunft.Lab.Schwarzwald, die regionale Unternehmen mit Forschungsinstituten im s\u00fcdlichen Oberrheingebiet vernetzt, praxisnahe Innovationen sichtbar macht und neue M\u00f6glichkeiten f\u00fcr Kooperationen er\u00f6ffnet.<\/p>\n<p>Die Teilnahme ist kostenfrei, eine Anmeldung ist jedoch erforderlich. Weitere Informationen und Anmeldung:<br \/>\nhttps:\/\/veranstaltungen.freiburg.ihk.de\/b?p=besuchbeiminstituteforunmannedaerialsystemsiuas<\/p>\n<p>Interessieren Sie sich f\u00fcr das Thema Drohnen? Am 8. April findet am INSA Strasbourg ein zweiter LabVisit zu diesem Thema statt, bei dem das grenz\u00fcberschreitende Forschungsprojekt HEDRAF vorgestellt wird. Bei diesem Termin am INSA Strasbourg steht insbesondere die Entwicklung einer hybriden Drohnenplattform f\u00fcr Umwelt- und Sicherheitsanwendungen im Mittelpunkt.<\/p>\n<\/p><\/div><\/div><\/div><div class=\"panel panel-default\"><div class=\"panel-heading\"><a class=\"accordion-toggle collapsed\" data-parent=\"#accordion_69e542e264b8b\" data-toggle=\"collapse\" href=\"#group69e542e264c81\">08.04.2026 - INSA Strasbourg - Drohnentechnologie und Umwelt\u00fcberwachung<\/a><\/div><div class=\"panel-collapse collapse\" id=\"group69e542e264c81\"><div class=\"panel-body\"><p><p>Das INSA Strasbourg, eine renommierte franz\u00f6sische Ingenieurs- und Architekturhochschule mit Sitz in Stra\u00dfburg, \u00f6ffnet am Mittwoch, den 8. April 2026, um 17:30 Uhr (voraussichtliche Dauer: eine Stunde) seine T\u00fcren f\u00fcr eine Projektpr\u00e4sentation und einen Austausch mit dem Forschungsteam. Das Technologietransferprojekt HEDRAF vereint mehrere Innovationen: eine Hybridtechnologie, die Lithiumbatterien, Wasserstoffzellen und organische Solarzellen kombiniert, eine Struktur aus biobasierten Materialien, die sowohl leicht als auch widerstandsf\u00e4hig ist, sowie eine vertikale Start- und Landef\u00e4higkeit, die einen schnellen Einsatz vor Ort erm\u00f6glicht. Dank seiner integrierten Intelligenz sollte es in der Lage sein, Rauchfahnen zu verfolgen und sich an deren Rand zu halten, um eine \u00dcberlastung der Sensoren zu vermeiden und pr\u00e4zise Messungen der chemischen Zusammensetzung der Luft in Echtzeit zu liefern. Diese Arbeiten veranschaulichen die wachsende Bedeutung von Drohnen als wissenschaftliche und operative Instrumente im Dienste der zivilen Sicherheit und der Umwelt\u00fcberwachung.<\/p>\n<p>Was Sie bei diesem Treffen erwartet, das auf Franz\u00f6sisch (und bei Bedarf auf Englisch) stattfindet:<br \/>\n\u2022 Vorstellung der Arbeiten im Rahmen des grenz\u00fcberschreitenden Projekts HEDRAF (INSA Stra\u00dfburg, CNRS (Labor ICPEES) und Universit\u00e4t Freiburg): Dronautics; Hybrides Energiespeichersystem f\u00fcr Drohnen; eingebettete Systeme; 3D-Kartierungstool f\u00fcr Luftverschmutzung<br \/>\n\u2022 Erfahrungsaustausch mit Fachleuten<br \/>\n\u2022 Ausstellung von Prototypen<br \/>\n\u2022 Er\u00f6ffnung neuer M\u00f6glichkeiten f\u00fcr die Zusammenarbeit im Bereich F&amp;E<\/p>\n<p>Der Besuch wird im Rahmen der Veranstaltungsreihe \u201eAu c\u0153ur de la recherche\u201d (Im Herzen der Forschung) der INSA Stra\u00dfburg organisiert.<\/p>\n<p>Die Anzahl der verf\u00fcgbaren Pl\u00e4tze ist begrenzt und eine Anmeldung \u00fcber diesen Link ist erforderlich: https:\/\/docs.google.com\/forms\/d\/e\/1FAIpQLSf8kVQGVt61KW_Iw2q-nybJ7EIVNF2Y6w161OXNaJ0GY_rMfw\/viewform?pli=1&amp;fbzx=-2374538625604641123<\/p>\n<p>Interessieren Sie sich f\u00fcr das Thema Drohnen? Am 26. M\u00e4rz findet an der Hochschule Offenburg ein zweiter LabVisit zu diesem Thema statt! Das Institute for Unmanned Aerial Systems (IUAS) der Hochschule Offenburg fokussiert sich in seiner anwendungsorientierten Forschung und Entwicklung auf unbemannte Flugsysteme sowie Radar- und Antennentechnologien. Das Programm finden Sie hier: https:\/\/veranstaltungen.freiburg.ihk.de\/b?p=besuchbeiminstituteforunmannedaerialsystemsiuas<\/p>\n<\/p><\/div><\/div><\/div><div class=\"panel panel-default\"><div class=\"panel-heading\"><a class=\"accordion-toggle collapsed\" data-parent=\"#accordion_69e542e264b8b\" data-toggle=\"collapse\" href=\"#group69e542e264cad\">21.04.2026 - Hochschule Kaiserslautern: Werkstoffe, Erm\u00fcdungspr\u00fcfungen und zerst\u00f6rungsfreie Pr\u00fcfungen<\/a><\/div><div class=\"panel-collapse collapse\" id=\"group69e542e264cad\"><div class=\"panel-body\"><p><p>Die Hochschule Kaiserslautern, eine Fachhochschule in Rheinland-Pfalz, \u00f6ffnet am <strong>Dienstag, den 21. April 2026, von 13:30 bis 17:00 Uhr<\/strong> ihre T\u00fcren f\u00fcr eine exklusive F\u00fchrung durch ihr neues Laborgeb\u00e4ude. Dieses Geb\u00e4ude geh\u00f6rt mit fast 10.000 Quadratmetern zu den gr\u00f6\u00dften und technisch anspruchsvollsten der Region und beherbergt \u00fcber 100 Labor- und Werkstattr\u00e4ume. Es steht f\u00fcr wissenschaftliche Exzellenz in den Bereichen Werkstoffe, Erm\u00fcdungspr\u00fcfung und zerst\u00f6rungsfreie Pr\u00fcfung.<\/p>\n<p>Zu den Einrichtungen geh\u00f6ren insbesondere:<\/p>\n<ul>\n<li>ein Windkanal f\u00fcr aerodynamische Tests,<\/li>\n<li>ein Hochspannungslabor,<\/li>\n<li>eine schallarme Kammer,<\/li>\n<li>ein Motorpr\u00fcfstand und ein Pumpenpr\u00fcfstand,<\/li>\n<li>Ger\u00e4te zur Pr\u00fcfung der Erm\u00fcdungsverhaltens von Werkstoffen und Bauteilen.<\/li>\n<\/ul>\n<p>Diese Infrastrukturen erm\u00f6glichen die Entwicklung innovativer L\u00f6sungen f\u00fcr Industrie und Forschung und st\u00e4rken die Schl\u00fcsselrolle der zerst\u00f6rungsfreien Pr\u00fcfung und Materialcharakterisierung in modernen technischen Anwendungen.<\/p>\n<p>Was Sie bei diesem Treffen erwartet:<\/p>\n<ul>\n<li>F\u00fchrung durch die Labore und Vorf\u00fchrung der Ger\u00e4te<\/li>\n<li>Vorstellung der Forschungsarbeiten der Teams der Hochschule Kaiserslautern<\/li>\n<li>Austausch mit Fachleuten und Forschern<\/li>\n<li>Ausstellung der laufenden Projekte und Industriepartnerschaften<\/li>\n<li>Offenheit f\u00fcr Zusammenarbeit im Bereich F&amp;E<\/li>\n<\/ul>\n<p>Die Anmeldung ist \u00fcber diesen Link obligatorisch: <a href=\"https:\/\/www.hs-kl.de\/hochschule\/referate-stabsstellen\/wirtschaft-und-transfer\/veranstaltungen\/labvisit-hochschule-kaiserslautern\">https:\/\/www.hs-kl.de\/hochschule\/referate-stabsstellen\/wirtschaft-und-transfer\/veranstaltungen\/labvisit-hochschule-kaiserslautern<\/a> &nbsp;&nbsp;<\/p>\n<p>Die Anzahl der verf\u00fcgbaren Pl\u00e4tze ist begrenzt.<\/p>\n<\/p><\/div><\/div><\/div><\/div><\/div><\/div><\/div><\/section><section  class=\"section swatch-sciences-white section-short \" ><div class=\"background-media\"><\/div><div class=\"background-overlay\" style=\"\"><\/div><div class=\"container\"><div class=\"row vertical-top\"><div class=\"col-md-6  text-default\" ><p><b>M\u00f6chten Sie \u00fcber die aktuellen Aktivit\u00e4ten der S\u00e4ule Wissenschaft, die neuen Initiativen und die Ausschreibungen informiert werden?<\/b><\/p>\n<p><img loading=\"lazy\" decoding=\"async\" class=\"alignnone wp-image-5618\" src=\"https:\/\/science.rmtmo.eu\/wp-content\/uploads\/2018\/12\/pfeil-150x150.jpg\" alt=\"\" width=\"33\" height=\"33\"> Abonnieren Sie <a href=\"https:\/\/science.rmtmo.eu\/en\/newsletter\/\" target=\"_blank\" rel=\"noopener\">unseren Newsletter<\/a><\/p>\n<p><img loading=\"lazy\" decoding=\"async\" class=\"\" src=\"https:\/\/science.rmtmo.eu\/wp-content\/uploads\/2018\/12\/pfeil-150x150.jpg\" width=\"33\" height=\"33\"> Nehmen Sie mit unserem Team Kontakt auf: Julie Corouge, +49 7851 7407-36, <a href=\"mailto:julie.corouge@rmtmo.eu\">julie.corouge@rmtmo.eu<\/a><\/p>\n<\/div><\/div><\/div><\/section>\n","protected":false},"excerpt":{"rendered":"LabVisits OberrheinLabVisits - Entdecken Sie Innovationen Made-in-Oberrhein: Besuchen Sie Spitzeninstitutionen und vernetzen Sie Ihr Unternehmen mit den Themen von morgen. Die trinationale Region am Oberrhein verf\u00fcgt \u00fcber sehr viele Forschungseinrichtungen, die wahre Treibkr\u00e4fte der Innovation Made-in-Oberrhein sind. Industrie der Zukunft, Robotik, KI, Materialien und Verfahren, Medizintechnik und -technologien, saubere Mobilit\u00e4t, Kreislaufwirtschaft: All diese Fachgebiete sind","protected":false},"author":2,"featured_media":0,"parent":0,"menu_order":0,"comment_status":"closed","ping_status":"closed","template":"","meta":{"ngg_post_thumbnail":0,"footnotes":""},"class_list":["post-15105","page","type-page","status-publish","hentry"],"aioseo_notices":[],"_links":{"self":[{"href":"https:\/\/science.rmtmo.eu\/en\/wp-json\/wp\/v2\/pages\/15105","targetHints":{"allow":["GET"]}}],"collection":[{"href":"https:\/\/science.rmtmo.eu\/en\/wp-json\/wp\/v2\/pages"}],"about":[{"href":"https:\/\/science.rmtmo.eu\/en\/wp-json\/wp\/v2\/types\/page"}],"author":[{"embeddable":true,"href":"https:\/\/science.rmtmo.eu\/en\/wp-json\/wp\/v2\/users\/2"}],"replies":[{"embeddable":true,"href":"https:\/\/science.rmtmo.eu\/en\/wp-json\/wp\/v2\/comments?post=15105"}],"version-history":[{"count":7,"href":"https:\/\/science.rmtmo.eu\/en\/wp-json\/wp\/v2\/pages\/15105\/revisions"}],"predecessor-version":[{"id":15988,"href":"https:\/\/science.rmtmo.eu\/en\/wp-json\/wp\/v2\/pages\/15105\/revisions\/15988"}],"wp:attachment":[{"href":"https:\/\/science.rmtmo.eu\/en\/wp-json\/wp\/v2\/media?parent=15105"}],"curies":[{"name":"wp","href":"https:\/\/api.w.org\/{rel}","templated":true}]}}