{"id":14542,"date":"2024-10-02T09:29:56","date_gmt":"2024-10-02T07:29:56","guid":{"rendered":"https:\/\/science.rmtmo.eu\/14528-2\/"},"modified":"2026-01-27T13:49:46","modified_gmt":"2026-01-27T12:49:46","slug":"14528-2","status":"publish","type":"page","link":"https:\/\/science.rmtmo.eu\/en\/science-offensive\/14528-2\/","title":{"rendered":"Call for projects 2024"},"content":{"rendered":"<section  class=\"section swatch-sciences-white section-short \" ><div class=\"background-media\"><\/div><div class=\"background-overlay\" style=\"\"><\/div><div class=\"container\"><div class=\"row vertical-top\"><div class=\"col-md-6  text-default\" ><h1 class=\"text-left super regular bordered-header\">Call for projects 2024<\/h1><p>Building on its success, the initiative is set to be renewed for the period 2021-2027, for which two calls for projects have been planned. Capitalising on the dynamism of cross-border scientific cooperation, the co-financing partners of the Science Offensive now wish to support the transfer and exploitation of public research results and strengthen the positive influence of scientific work on businesses and society, in the service of the economic, social and environmental development of the Trinational Metropolitan Region of the Upper Rhine.<\/p>\n<p>The fifth call for projects from Offensive Sciences was open from 10 October 2024 to 24 January 2025 and focused on knowledge and technology transfer while contributing to the achievement of the objectives of the Trinational Metropolitan Region of the Upper Rhine.<\/p>\n<p>Funding was available for cross-border projects in the fields of innovation and smart specialisation strategies in the Upper Rhine region where there are common needs and significant added value to be gained from cross-border cooperation (digitalisation, cybersecurity, quantum science and technology, energy transition, sustainable mobility, agriculture and forestry, bioeconomy, innovative therapies and medical technologies, personalised medicine, materials and processes, social innovation).<\/p>\n<p>This call was aimed in particular at research and transfer operators in the Upper Rhine region, but also at equivalent actors throughout the Grand Est, Baden-W\u00fcrttemberg and Rhineland-Palatinate regions. The projects (French and German partners) receive 75% funding (50% Interreg, 25% via regional partners). Partners from north-western Switzerland receive Swiss funding at federal or cantonal level.<\/p>\n<p>&nbsp;<\/p>\n<\/div><div class=\"col-md-6  text-default\" ><p>&nbsp;<\/p>\n<h6><iframe loading=\"lazy\" title=\"YouTube video player\" src=\"https:\/\/www.youtube.com\/embed\/pWFu3VvgJHQ\" width=\"560\" height=\"315\" frameborder=\"0\" allowfullscreen=\"allowfullscreen\"><\/iframe><br \/>\n<em>Remarque sur la protection des donn\u00e9es: <\/em><em>Nous attirons votre attention sur le fait qu&#8217;en cliquant sur le bouton de lecture, vous acceptez que YouTube enregistre vos donn\u00e9es (par ex. informations personnelles, adresse IP, etc.) conform\u00e9ment \u00e0 sa politique d&#8217;utilisation des donn\u00e9es et les utilise \u00e0 des fins commerciales.<\/em><\/h6>\n[vc_empty_space]<h3><strong>More information:<\/strong><\/h3>\n<ul>\n<li>Discover the winning projects <a href=\"https:\/\/science.rmtmo.eu\/en\/15519-2\/\" target=\"_blank\" rel=\"noopener\">here<\/a><\/li>\n<li>If you would like to be kept informed about the latest news from Offensive Sciences, the projects supported or upcoming calls for projects, sign up for the <a href=\"https:\/\/science.rmtmo.eu\/en\/newsletter\/\">Pilier Sciences newsletter<\/a><\/li>\n<li>The launch ceremony will take place on March 3rd in Karlsruhe. More information <a href=\"https:\/\/science.rmtmo.eu\/en\/science-offensive\/14528-2\/auftaktveranstaltung\/\" target=\"_blank\" rel=\"noopener\">here<\/a><\/li>\n<\/ul>\n<\/div><\/div><\/div><\/section>\n","protected":false},"excerpt":{"rendered":"Call for projects 2024Building on its success, the initiative is set to be renewed for the period 2021-2027, for which two calls for projects have been planned. Capitalising on the dynamism of cross-border scientific cooperation, the co-financing partners of the Science Offensive now wish to support the transfer and exploitation of public research results and","protected":false},"author":2,"featured_media":0,"parent":433,"menu_order":0,"comment_status":"closed","ping_status":"closed","template":"","meta":{"ngg_post_thumbnail":0,"footnotes":""},"class_list":["post-14542","page","type-page","status-publish","hentry"],"aioseo_notices":[],"_links":{"self":[{"href":"https:\/\/science.rmtmo.eu\/en\/wp-json\/wp\/v2\/pages\/14542","targetHints":{"allow":["GET"]}}],"collection":[{"href":"https:\/\/science.rmtmo.eu\/en\/wp-json\/wp\/v2\/pages"}],"about":[{"href":"https:\/\/science.rmtmo.eu\/en\/wp-json\/wp\/v2\/types\/page"}],"author":[{"embeddable":true,"href":"https:\/\/science.rmtmo.eu\/en\/wp-json\/wp\/v2\/users\/2"}],"replies":[{"embeddable":true,"href":"https:\/\/science.rmtmo.eu\/en\/wp-json\/wp\/v2\/comments?post=14542"}],"version-history":[{"count":8,"href":"https:\/\/science.rmtmo.eu\/en\/wp-json\/wp\/v2\/pages\/14542\/revisions"}],"predecessor-version":[{"id":15832,"href":"https:\/\/science.rmtmo.eu\/en\/wp-json\/wp\/v2\/pages\/14542\/revisions\/15832"}],"up":[{"embeddable":true,"href":"https:\/\/science.rmtmo.eu\/en\/wp-json\/wp\/v2\/pages\/433"}],"wp:attachment":[{"href":"https:\/\/science.rmtmo.eu\/en\/wp-json\/wp\/v2\/media?parent=14542"}],"curies":[{"name":"wp","href":"https:\/\/api.w.org\/{rel}","templated":true}]}}