{"id":14119,"date":"2024-04-09T10:41:54","date_gmt":"2024-04-09T08:41:54","guid":{"rendered":"https:\/\/science.rmtmo.eu\/14115-2\/"},"modified":"2024-04-09T10:43:30","modified_gmt":"2024-04-09T08:43:30","slug":"14115-2","status":"publish","type":"page","link":"https:\/\/science.rmtmo.eu\/en\/14115-2\/","title":{"rendered":"Infotag 2024"},"content":{"rendered":"<section  class=\"section swatch-sciences-white section-short \" ><div class=\"background-media\"><\/div><div class=\"background-overlay\" style=\"\"><\/div><div class=\"container\"><div class=\"row vertical-top\"><div class=\"col-md-6  text-default\" ><h3 class=\"text-left super regular bordered-header\">Infotag &#8211; Innovationsregion Oberrhein \u2013 f\u00fcr eine nachhaltigere Grenzregion: Welche F\u00f6rderm\u00f6glichkeiten? <\/h3><p>Die Thematik der Klimaerw\u00e4rmung und Ressourcenverknappung sowie die daraus resultierenden \u00f6kologischen und sozialen Folgen stellen eine der grundlegenden gesellschaftlichen Herausforderungen der Gegenwart dar, selbst in der Trinationalen Metropolregion Oberrhein, die in den Bereichen Klimaschutz, Versorgung mit erneuerbaren Energien und Anpassung an den Klimawandel eine Vorreiterrolle einnimmt. In dieser Hinsicht scheint das Konzept der Nachhaltigkeit f\u00fcr die zuk\u00fcnftige Aufrechterhaltung der \u00f6kologischen, wirtschaftlichen und sozialen Stabilit\u00e4t unerl\u00e4sslich zu sein.<\/p>\n<p><strong>Strukturierende Projekte, lokale und b\u00fcrgerschaftliche Initiativen, Forschung, Innovation \u2013 dieser Tag bietet den Akteuren die M\u00f6glichkeit, sich \u00fcber die europ\u00e4ischen Programme und Finanzierungsinstrumente zu informieren, die f\u00fcr die grenz\u00fcberschreitende Zusammenarbeit im Bereich der nachhaltigen Entwicklung (Kreislaufwirtschaft, Klima, Umwelt, Ressourcen, Energie, \u2026) mobilisiert werden k\u00f6nnen, und zuk\u00fcnftige Projektpartner zu treffen.<\/strong><\/p>\n<\/div><div class=\"col-md-6  text-default\" ><img decoding=\"async\" alt=\"\" src=\"\" class=\"alignnone\"\/><ul>\n<li><strong>Wann ?<\/strong> Am 27. Juni 2024<\/li>\n<li><strong>Wie ?<\/strong> Pr\u00e4senzveranstaltung, durch Vortr\u00e4ge, Diskussion und Gruppenarbeit<\/li>\n<li><strong>Wo ?<\/strong> an der Hochschule Kehl<\/li>\n<li><strong>Was ?<\/strong> Sie k\u00f6nnen hier das Programm herunterladen:<a href=\"https:\/\/science.rmtmo.eu\/wp-content\/uploads\/2024\/04\/20240627-Programm-zweisprachig_JourneeInfo_Infotag.pdf\">20240627 Programm zweisprachig_JourneeInfo_Infotag<\/a><\/li>\n<li><strong>Wer ?<\/strong> Diese Veranstaltung wird von der S\u00e4ule Wissenschaft der Trinationalen Metropolregion Oberrhein zusammen mit dem Euro-Institut organisiert. Zahlreiche ReferentInnen, ExpertInnen f\u00fcr Finanzierungsprogramme und F\u00f6rderma\u00dfnahmen werden Informationen und Neuigkeiten zu den laufenden und kommenden Ausschreibungen bereitstellen. Projekttr\u00e4ger werden ihre Erfahrungen bei der Entwicklung und Umsetzung von grenz\u00fcberschreitenden, deutsch-franz\u00f6sischen und europ\u00e4ischen Projekten teilen.&nbsp;<\/li>\n<li><strong>In welcher Sprache ?<\/strong> Die Veranstaltung findet in deutscher und franz\u00f6sischer Sprache mit Simultan\u00fcbersetzung statt.<\/li>\n<li><strong>Wie k\u00f6nnen Sie sich anmelden ?<\/strong>Auf der <a href=\"https:\/\/www.euroinstitut.org\/veranstaltungen\/2024\/2024\/informationstag-welche-foerdermoeglichkeiten-fuer-die-bi-und-trinationale-zusammenarbeit-am-oberrhein\" target=\"_blank\" rel=\"noopener\">Webseite des Euro-Instituts<\/a> bis zum 17.6.2024<\/li>\n<\/ul>\n<\/div><\/div><\/div><\/section>\n","protected":false},"excerpt":{"rendered":"Infotag - Innovationsregion Oberrhein \u2013 f\u00fcr eine nachhaltigere Grenzregion: Welche F\u00f6rderm\u00f6glichkeiten? Die Thematik der Klimaerw\u00e4rmung und Ressourcenverknappung sowie die daraus resultierenden \u00f6kologischen und sozialen Folgen stellen eine der grundlegenden gesellschaftlichen Herausforderungen der Gegenwart dar, selbst in der Trinationalen Metropolregion Oberrhein, die in den Bereichen Klimaschutz, Versorgung mit erneuerbaren Energien und Anpassung an den Klimawandel eine","protected":false},"author":2,"featured_media":0,"parent":0,"menu_order":0,"comment_status":"closed","ping_status":"closed","template":"","meta":{"ngg_post_thumbnail":0,"footnotes":""},"class_list":["post-14119","page","type-page","status-publish","hentry"],"aioseo_notices":[],"_links":{"self":[{"href":"https:\/\/science.rmtmo.eu\/en\/wp-json\/wp\/v2\/pages\/14119","targetHints":{"allow":["GET"]}}],"collection":[{"href":"https:\/\/science.rmtmo.eu\/en\/wp-json\/wp\/v2\/pages"}],"about":[{"href":"https:\/\/science.rmtmo.eu\/en\/wp-json\/wp\/v2\/types\/page"}],"author":[{"embeddable":true,"href":"https:\/\/science.rmtmo.eu\/en\/wp-json\/wp\/v2\/users\/2"}],"replies":[{"embeddable":true,"href":"https:\/\/science.rmtmo.eu\/en\/wp-json\/wp\/v2\/comments?post=14119"}],"version-history":[{"count":1,"href":"https:\/\/science.rmtmo.eu\/en\/wp-json\/wp\/v2\/pages\/14119\/revisions"}],"predecessor-version":[{"id":14120,"href":"https:\/\/science.rmtmo.eu\/en\/wp-json\/wp\/v2\/pages\/14119\/revisions\/14120"}],"wp:attachment":[{"href":"https:\/\/science.rmtmo.eu\/en\/wp-json\/wp\/v2\/media?parent=14119"}],"curies":[{"name":"wp","href":"https:\/\/api.w.org\/{rel}","templated":true}]}}