{"id":14114,"date":"2024-04-09T10:33:39","date_gmt":"2024-04-09T08:33:39","guid":{"rendered":"https:\/\/science.rmtmo.eu\/journee-dinformation-2024\/"},"modified":"2024-04-22T11:38:10","modified_gmt":"2024-04-22T09:38:10","slug":"journee-dinformation-2024","status":"publish","type":"page","link":"https:\/\/science.rmtmo.eu\/en\/journee-dinformation-2024\/","title":{"rendered":"Journ\u00e9e d&#8217;information 2024"},"content":{"rendered":"<section  class=\"section swatch-sciences-white section-short \" ><div class=\"background-media\"><\/div><div class=\"background-overlay\" style=\"\"><\/div><div class=\"container\"><div class=\"row vertical-top\"><div class=\"col-md-6  text-default\" ><h3 class=\"text-left super regular bordered-header\">Journ\u00e9e d&#8217;information &#8211; Le Rhin sup\u00e9rieur, territoire d\u2019innovation: pour un espace transfrontalier plus durable : quels programmes de financement ?<\/h3><p>La th\u00e9matique du r\u00e9chauffement climatique et de la rar\u00e9faction des ressources, ainsi que les cons\u00e9quences \u00e9cologiques et sociales qui en d\u00e9coulent, constituent l&#8217;un des d\u00e9fis soci\u00e9taux fondamentaux actuels, y compris dans la R\u00e9gion M\u00e9tropolitaine Trinationale du Rhin sup\u00e9rieur, pourtant pionni\u00e8re en mati\u00e8re de protection du climat, d&#8217;approvisionnement en \u00e9nergie renouvelable et d&#8217;adaptation aux changements climatiques. Dans cette optique, le concept de durabilit\u00e9 semble indispensable au maintien futur de la stabilit\u00e9 \u00e9cologique, \u00e9conomique et sociale.<\/p>\n<p><strong>Projets structurants, initiatives locales et citoyennes, recherche, innovation, cette journ\u00e9e permettra aux acteurs de s\u2019informer sur les programmes et outils de financement europ\u00e9ens mobilisables pour la coop\u00e9ration transfrontali\u00e8re autour du d\u00e9veloppement durable (\u00e9conomie circulaire, climat, environnement, ressources, \u00e9nergie, \u2026) et de rencontrer de futurs partenaires de projets.<\/strong><\/p>\n<\/div><div class=\"col-md-6  text-default\" ><img decoding=\"async\" alt=\"\" src=\"\" class=\"alignnone\"\/><ul>\n<li><strong>Quand ?<\/strong> Le 27 juin 2024<\/li>\n<li><strong>Comment ?<\/strong> En pr\u00e9sentiel, via des expos\u00e9s, des travaux de groupe et des \u00e9changes<\/li>\n<li><strong>O\u00f9 ?<\/strong> A la Hochschule Kehl (DE)<\/li>\n<li><strong>Quoi ? <\/strong>T\u00e9l\u00e9chargez le programme ici : <a href=\"https:\/\/science.rmtmo.eu\/wp-content\/uploads\/2024\/04\/20240627-Programm-zweisprachig_JourneeInfo_Infotag_fv_2.pdf\">20240627 Programm zweisprachig_JourneeInfo_Infotag_fv_2<\/a><\/li>\n<li><strong>Qui ?<\/strong> Cette manifestation est organis\u00e9e par le Pilier Sciences de la R\u00e9gion M\u00e9tropolitaine trinationale du Rhin sup\u00e9rieur et l&#8217;Euro-Institut. De nombreux intervenants, sp\u00e9cialistes des programmes de financement et dispositifs d&#8217;accompagnement partageront des informations et actualit\u00e9s sur les appels en cours o\u00f9 \u00e0 venir. Des porteurs de projets partageront leurs exp\u00e9riences dans le montage et la mise en oeuvre de projets transfrontaliers, franco-allemands et europ\u00e9ens.&nbsp;<\/li>\n<li><strong>Dans quelle langue ?<\/strong> La manifestation se d\u00e9roulera en francais et allemand, avec interpr\u00e9tation simultan\u00e9e&nbsp;<\/li>\n<li><strong>Comment s&#8217;inscrire ? Sue le <a href=\"https:\/\/www.euroinstitut.org\/fr\/veranstaltungen\/2024\/2024\/journee-dinformation-quels-financements-pour-la-cooperation-bi-et-trinationale-dans-le-rhin-superieur\" target=\"_blank\" rel=\"noopener\">site internet de l&#8217;Euro-Institut<\/a><\/strong><\/li>\n<\/ul>\n<\/div><\/div><\/div><\/section>\n","protected":false},"excerpt":{"rendered":"Journ\u00e9e d'information - Le Rhin sup\u00e9rieur, territoire d\u2019innovation: pour un espace transfrontalier plus durable : quels programmes de financement ?La th\u00e9matique du r\u00e9chauffement climatique et de la rar\u00e9faction des ressources, ainsi que les cons\u00e9quences \u00e9cologiques et sociales qui en d\u00e9coulent, constituent l'un des d\u00e9fis soci\u00e9taux fondamentaux actuels, y compris dans la R\u00e9gion M\u00e9tropolitaine Trinationale du","protected":false},"author":2,"featured_media":0,"parent":0,"menu_order":0,"comment_status":"closed","ping_status":"closed","template":"","meta":{"ngg_post_thumbnail":0,"footnotes":""},"class_list":["post-14114","page","type-page","status-publish","hentry"],"aioseo_notices":[],"_links":{"self":[{"href":"https:\/\/science.rmtmo.eu\/en\/wp-json\/wp\/v2\/pages\/14114","targetHints":{"allow":["GET"]}}],"collection":[{"href":"https:\/\/science.rmtmo.eu\/en\/wp-json\/wp\/v2\/pages"}],"about":[{"href":"https:\/\/science.rmtmo.eu\/en\/wp-json\/wp\/v2\/types\/page"}],"author":[{"embeddable":true,"href":"https:\/\/science.rmtmo.eu\/en\/wp-json\/wp\/v2\/users\/2"}],"replies":[{"embeddable":true,"href":"https:\/\/science.rmtmo.eu\/en\/wp-json\/wp\/v2\/comments?post=14114"}],"version-history":[{"count":1,"href":"https:\/\/science.rmtmo.eu\/en\/wp-json\/wp\/v2\/pages\/14114\/revisions"}],"predecessor-version":[{"id":14266,"href":"https:\/\/science.rmtmo.eu\/en\/wp-json\/wp\/v2\/pages\/14114\/revisions\/14266"}],"wp:attachment":[{"href":"https:\/\/science.rmtmo.eu\/en\/wp-json\/wp\/v2\/media?parent=14114"}],"curies":[{"name":"wp","href":"https:\/\/api.w.org\/{rel}","templated":true}]}}