{"id":13419,"date":"2023-05-03T11:28:05","date_gmt":"2023-05-03T09:28:05","guid":{"rendered":"https:\/\/science.rmtmo.eu\/journee-dinformation-2023\/"},"modified":"2023-06-01T17:14:52","modified_gmt":"2023-06-01T15:14:52","slug":"journee-dinformation-2023","status":"publish","type":"page","link":"https:\/\/science.rmtmo.eu\/en\/journee-dinformation-2023\/","title":{"rendered":"Journ\u00e9e d&#8217;information 2023"},"content":{"rendered":"<section  class=\"section swatch-sciences-white section-short \" ><div class=\"background-media\"><\/div><div class=\"background-overlay\" style=\"\"><\/div><div class=\"container\"><div class=\"row vertical-top\"><div class=\"col-md-6  text-default\" ><h1 class=\"text-left super regular bordered-header\">Journ\u00e9e d&#8217;information &#8220;le Rhin sup\u00e9rieur, territoire d\u2019innovation: opportunit\u00e9s et financement pour la coop\u00e9ration bi- et trinationale&#8221;<\/h1><p>Les r\u00e9gions du Rhin sup\u00e9rieur forment ensemble un espace scientifique et d\u2019innovation unique sur le plan Europ\u00e9en. Regroupant plus de 160 \u00e9tablissements d\u2019enseignement sup\u00e9rieur, de recherche, et d\u2019innovation ainsi qu\u2019un grand nombre de grandes entreprises internationales et de PME performantes, l\u2019espace transfrontalier du Rhin sup\u00e9rieur est un espace exemplaire de coop\u00e9ration scientifique, qui offre d\u2019\u00e9normes potentiels de coop\u00e9ration.<\/p>\n<p>Quels sont les leviers financiers \u00e0 disposition des enseignants et chercheurs, des interm\u00e9diaires du transfert de connaissances et de technologies et des entreprises pour le d\u00e9veloppement de leurs projets R&amp;D&amp;I bi- ou trinationaux dans le Rhin sup\u00e9rieur ? Quelles opportunit\u00e9s offre la coop\u00e9ration transfrontali\u00e8re ?<\/p>\n<p>Cette journ\u00e9e d\u2019information permet de s\u2019informer sur les programmes de financement et les appels \u00e0 projets mobilisables via des sessions th\u00e9matiques qui peuvent \u00eatre suivies cons\u00e9cutivement ou ind\u00e9pendamment les unes des autres.<\/p>\n<\/div><div class=\"col-md-6  text-default\" ><ul>\n<li><strong>Quand ?<\/strong> Le 4 juillet 2023, \u00e0 partir de 10h30<\/li>\n<li><strong>Comment ?<\/strong> En ligne<\/li>\n<li><strong>Quoi ?<\/strong><\/li>\n<\/ul>\n<p><strong><strong><img loading=\"lazy\" decoding=\"async\" class=\"alignleft wp-image-13477\" style=\"margin-top: 0.857143rem; margin-right: 1.71429rem; margin-bottom: 0.857143rem;\" src=\"https:\/\/science.rmtmo.eu\/wp-content\/uploads\/2023\/05\/screenshot_PG.png\" alt=\"\" width=\"116\" height=\"152\" srcset=\"https:\/\/science.rmtmo.eu\/wp-content\/uploads\/2023\/05\/screenshot_PG.png 619w, https:\/\/science.rmtmo.eu\/wp-content\/uploads\/2023\/05\/screenshot_PG-229x300.png 229w\" sizes=\"auto, (max-width: 116px) 100vw, 116px\" \/><\/strong><\/strong><\/p>\n<p>&nbsp;<\/p>\n<p>&nbsp;<\/p>\n<p>&nbsp;<\/p>\n<p>&nbsp;<\/p>\n<p>T\u00e9l\u00e9chargez le programme complet :<a href=\"https:\/\/science.rmtmo.eu\/wp-content\/uploads\/2023\/06\/2023_07_04_Programm_JourneeInfo_Infotag_RDIRhinsuperieur_Oberrhein_FR_DE_2.pdf\">2023_07_04_Programm_JourneeInfo_Infotag_R&amp;D&amp;IRhinsuperieur_Oberrhein_FR_DE_2<\/a><\/p>\n<p>&nbsp;<\/p>\n<p>&nbsp;<\/p>\n<ul>\n<li><strong>Qui ? <\/strong><b><\/b>&nbsp;Cette manifestation est organis\u00e9e par le Pilier Sciences et le Pilier Economie de la R\u00e9gion M\u00e9tropolitaine trinationale du Rhin sup\u00e9rieur, en coop\u00e9ration avec Eucor \u2013 Le Campus europ\u00e9en, le Karlsruher Institut f\u00fcr Technologie KIT et la IHK S\u00fcdlicher Oberrhein. De nombreux intervenants, sp\u00e9cialistes des programmes de financement et dispositifs d\u2019accompagnement partageront des informations et actualit\u00e9s sur les appels en cours o\u00f9 \u00e0 venir. Des porteurs de projets partageront leurs exp\u00e9riences dans le montage et la mise en oeuvre de projets transfrontaliers, franco-allemands et europ\u00e9ens.&nbsp;<\/li>\n<li><strong>Dans quelle langue ?<\/strong>&nbsp;La manifestation se d\u00e9roulera en francais et allemand, avec interpr\u00e9tation simultan\u00e9e&nbsp;<\/li>\n<li><strong>Comment s\u2019inscrire ? <\/strong>Inscriptions via <a href=\"https:\/\/framaforms.org\/infotag-journee-dinfo-innovationsregion-oberrhein-le-rhin-superieur-territoire-dinnovation\" target=\"_blank\" rel=\"noopener\">ce lien<\/a> <strong>(obligatoire, d&#8217;ici au 27 juin)<\/strong><\/li>\n<\/ul>\n<\/div><\/div><\/div><\/section><section  class=\"section swatch-sciences-white section-nopadding \" ><div class=\"background-media\"><\/div><div class=\"background-overlay\" style=\"\"><\/div><div class=\"container\"><div class=\"row vertical-top\"><div class=\"col-md-6  text-default\" ><\/div><div class=\"col-md-6  text-default\" ><\/div><\/div><\/div><\/section>\n","protected":false},"excerpt":{"rendered":"Journ\u00e9e d'information \"le Rhin sup\u00e9rieur, territoire d\u2019innovation: opportunit\u00e9s et financement pour la coop\u00e9ration bi- et trinationale\"Les r\u00e9gions du Rhin sup\u00e9rieur forment ensemble un espace scientifique et d\u2019innovation unique sur le plan Europ\u00e9en. Regroupant plus de 160 \u00e9tablissements d\u2019enseignement sup\u00e9rieur, de recherche, et d\u2019innovation ainsi qu\u2019un grand nombre de grandes entreprises internationales et de PME performantes,","protected":false},"author":2,"featured_media":0,"parent":0,"menu_order":0,"comment_status":"closed","ping_status":"closed","template":"","meta":{"ngg_post_thumbnail":0,"footnotes":""},"class_list":["post-13419","page","type-page","status-publish","hentry"],"aioseo_notices":[],"_links":{"self":[{"href":"https:\/\/science.rmtmo.eu\/en\/wp-json\/wp\/v2\/pages\/13419","targetHints":{"allow":["GET"]}}],"collection":[{"href":"https:\/\/science.rmtmo.eu\/en\/wp-json\/wp\/v2\/pages"}],"about":[{"href":"https:\/\/science.rmtmo.eu\/en\/wp-json\/wp\/v2\/types\/page"}],"author":[{"embeddable":true,"href":"https:\/\/science.rmtmo.eu\/en\/wp-json\/wp\/v2\/users\/2"}],"replies":[{"embeddable":true,"href":"https:\/\/science.rmtmo.eu\/en\/wp-json\/wp\/v2\/comments?post=13419"}],"version-history":[{"count":4,"href":"https:\/\/science.rmtmo.eu\/en\/wp-json\/wp\/v2\/pages\/13419\/revisions"}],"predecessor-version":[{"id":13497,"href":"https:\/\/science.rmtmo.eu\/en\/wp-json\/wp\/v2\/pages\/13419\/revisions\/13497"}],"wp:attachment":[{"href":"https:\/\/science.rmtmo.eu\/en\/wp-json\/wp\/v2\/media?parent=13419"}],"curies":[{"name":"wp","href":"https:\/\/api.w.org\/{rel}","templated":true}]}}