{"id":12920,"date":"2023-01-23T09:37:39","date_gmt":"2023-01-23T08:37:39","guid":{"rendered":"https:\/\/science.rmtmo.eu\/ateliers-evenements\/"},"modified":"2026-01-21T09:55:33","modified_gmt":"2026-01-21T08:55:33","slug":"ateliers-evenements","status":"publish","type":"page","link":"https:\/\/science.rmtmo.eu\/en\/ateliers-evenements\/","title":{"rendered":"Manifestation de lancement"},"content":{"rendered":"<section  class=\"section swatch-sciences-white section-short \" ><div class=\"background-media\"><\/div><div class=\"background-overlay\" style=\"\"><\/div><div class=\"container\"><div class=\"row vertical-top\"><div class=\"col-md-6  text-default\" ><h1 class=\"text-left super regular bordered-header\">Manifestation de lancement<\/h1><p>Les r\u00e9gions du Rhin sup\u00e9rieur forment ensemble un espace scientifique et d\u2019innovation unique sur le plan Europ\u00e9en. Regroupant plus de 160 \u00e9tablissements d\u2019enseignement sup\u00e9rieur, de recherche, et d\u2019innovation ainsi qu\u2019un grand nombre de grandes entreprises internationales et de PME performantes, l\u2019espace transfrontalier du Rhin sup\u00e9rieur est un espace exemplaire de coop\u00e9ration scientifique, qui offre d\u2019\u00e9normes potentiels de coop\u00e9ration.<\/p>\n<p>L&#8217;Offensive Sciences, initiative commune des L\u00e4nder de Bade-Wurtemberg et Rh\u00e9nanie-Palatinat, de la R\u00e9gion Grand Est ainsi que du programme Interreg Rhin Sup\u00e9rieur, existe depuis 2011 et a d\u00e9j\u00e0 permis la r\u00e9alisation de 21 projets de recherche et d&#8217;innovation collaboratifs transfrontaliers. Les 30,7 millions d&#8217;euros investis jusqu&#8217;\u00e0 pr\u00e9sent ont notamment servi \u00e0 financer la recherche appliqu\u00e9e dans les domaines de la m\u00e9decine, des \u00e9nergies renouvelables et du d\u00e9veloppement durable dans la r\u00e9gion du Rhin sup\u00e9rieur.<\/p>\n<p><strong>L&#8217;\u00e9v\u00e9nement de lancement de l&#8217;Offensive Sciences, qui se d\u00e9roulera le 12 mars 2024 \u00e0 Strasbourg,<\/strong> est l\u2019occasion de mettre en avant la contribution des \u00e9cosyst\u00e8mes r\u00e9gionaux et transfrontaliers au d\u00e9veloppement de l\u2019innovation europ\u00e9enne de pointe issue de la recherche publique et de pr\u00e9senter les projets laur\u00e9ats du 4<sup>i\u00e8me<\/sup> appel \u00e0 projets.<\/p>\n<ul>\n<li>L\u2019\u00e9v\u00e9nement de lancement se d\u00e9roule au si\u00e8ge de la R\u00e9gion Grand Est, 1 place Adrien Zeller \u00e0 Strasbourg<\/li>\n<li>Traduction simultan\u00e9e en fran\u00e7ais et allemand assur\u00e9e<\/li>\n<li>Contact : Julie Corouge, Charg\u00e9e de mission du Pilier Sciences , +49 (0) 7851 \/ 7407\u201336, <a href=\"mailto:julie.corouge@rmtmo.eu\">julie.corouge@rmtmo.eu<\/a><\/li>\n<li>Lien pour l\u2019inscription : <a href=\"https:\/\/forms.office.com\/Pages\/ResponsePage.aspx?id=Ta-djLHG7EqfDlsZAWWbqEFWvq7ePqxKiMBvi3Z1Xf1UQUxBWkpZQUU0M04wMTdORkEyNVdOUUw5QSQlQCN0PWcu\" target=\"_blank\" rel=\"noopener\">ici<\/a> (Date limite d\u2019inscription : 5.3.2024)<\/li>\n<li>T\u00e9l\u00e9charger le programme en PDF: <a href=\"https:\/\/science.rmtmo.eu\/wp-content\/uploads\/2024\/02\/12.03.2024_Auftaktveranstaltung_Lancement_OS_WO_FR_DE_def4.pdf\">12.03.2024_Auftaktveranstaltung_Lancement_OS_WO_FR_DE_def4<\/a><\/li>\n<\/ul>\n<\/div><div class=\"col-md-6  text-default\" ><img decoding=\"async\" alt=\"\" src=\"https:\/\/science.rmtmo.eu\/wp-content\/uploads\/2024\/01\/Kick_OFF_Visuel_STD_V2.png\" class=\"alignnone\"\/>[vc_empty_space]<h3><strong>D\u00e9couvrez le programme :<\/strong><\/h3>\n<h3>16h00 Mots de bienvenue et introduction<\/h3>\n<ul>\n<li><strong>Franck Leroy<\/strong>, Pr\u00e9sident du Conseil r\u00e9gional Grand Est<\/li>\n<li><strong>B\u00e4rbel Sch\u00e4fer, <\/strong>Regierungspr\u00e4sidentin du Regierungspr\u00e4sidium Freiburg et Pr\u00e9sidente du Comit\u00e9 de suivi du programme Interreg Rhin sup\u00e9rieur<\/li>\n<\/ul>\n<h3>16h15 Pr\u00e9sentation de l\u2019Offensive Sciences et des projets<\/h3>\n<ul>\n<li><strong>Bureau de coordination du Pilier Sciences<\/strong> de la R\u00e9gion M\u00e9tropolitaine Trinationale du Rhin sup\u00e9rieur<\/li>\n<\/ul>\n<h3>16h50 Table-ronde \u00ab Garantir la comp\u00e9titivit\u00e9 de la R\u00e9gion m\u00e9tropolitaine trinationale du Rhin sup\u00e9rieur face aux transformations en cours \u00bb<\/h3>\n<ul>\n<li><strong>Caroline Dreyer,<\/strong> Directrice g\u00e9n\u00e9rale de Biovalley France<\/li>\n<li><strong>Prof. Dr. Thomas Hirth,<\/strong> Vice-pr\u00e9sident en charge du transfert et des relations internationales, Karlsruher Institut f\u00fcr Technologie &#8211; KIT, Vice-pr\u00e9sident d&#8217;Eucor &#8211; Le Campus europ\u00e9en, Porte-parole du Pilier Sciences de la RMT<\/li>\n<li><strong>Prof. Dr. Hannes Kopf,<\/strong> Pr\u00e9sident de la Struktur- und Genehmigungsdirektion S\u00fcd de Rh\u00e9nanie-Palatinat<\/li>\n<li><strong>Franck Leroy,<\/strong> Pr\u00e9sident du Conseil r\u00e9gional Grand Est<\/li>\n<li><strong>Petra Olschowski,<\/strong> Ministre de la Science, de la Recherche et de l&#8217;Art du Bade-Wurtemberg<\/li>\n<li><strong>Andrea Elisabeth Knellwolf,<\/strong> Vice-pr\u00e9sidente de la Regio Basiliensis<\/li>\n<\/ul>\n<h3>17h35 Pr\u00e9sentation de projets et remise symbolique des attestations de co-financement<\/h3>\n<h3>18h00 Key-note <em>(English<\/em>)&#8221; Innovation and excellence in the European Union: strengthening expertise in strategic areas while taking regional specificities as a reference &#8220;<\/h3>\n<ul>\n<li><strong>Magdalena Cymerys, <\/strong>Policy Officer, Directorate General for Research and Innovation, Commission europ\u00e9enne<\/li>\n<\/ul>\n<h3>18h30 Conclusion et ouverture du cocktail<\/h3>\n<p><em>Les projets laur\u00e9ats du 4i\u00e8me l\u2019appel \u00e0 projets de l\u2019Offensive Sciences seront pr\u00e9sent\u00e9s au cours de l\u2019\u00e9v\u00e9nement.<\/em><\/p>\n<\/div><\/div><\/div><\/section>\n","protected":false},"excerpt":{"rendered":"Manifestation de lancementLes r\u00e9gions du Rhin sup\u00e9rieur forment ensemble un espace scientifique et d\u2019innovation unique sur le plan Europ\u00e9en. Regroupant plus de 160 \u00e9tablissements d\u2019enseignement sup\u00e9rieur, de recherche, et d\u2019innovation ainsi qu\u2019un grand nombre de grandes entreprises internationales et de PME performantes, l\u2019espace transfrontalier du Rhin sup\u00e9rieur est un espace exemplaire de coop\u00e9ration scientifique, qui","protected":false},"author":2,"featured_media":0,"parent":0,"menu_order":0,"comment_status":"closed","ping_status":"closed","template":"","meta":{"ngg_post_thumbnail":0,"footnotes":""},"class_list":["post-12920","page","type-page","status-publish","hentry"],"aioseo_notices":[],"_links":{"self":[{"href":"https:\/\/science.rmtmo.eu\/en\/wp-json\/wp\/v2\/pages\/12920","targetHints":{"allow":["GET"]}}],"collection":[{"href":"https:\/\/science.rmtmo.eu\/en\/wp-json\/wp\/v2\/pages"}],"about":[{"href":"https:\/\/science.rmtmo.eu\/en\/wp-json\/wp\/v2\/types\/page"}],"author":[{"embeddable":true,"href":"https:\/\/science.rmtmo.eu\/en\/wp-json\/wp\/v2\/users\/2"}],"replies":[{"embeddable":true,"href":"https:\/\/science.rmtmo.eu\/en\/wp-json\/wp\/v2\/comments?post=12920"}],"version-history":[{"count":18,"href":"https:\/\/science.rmtmo.eu\/en\/wp-json\/wp\/v2\/pages\/12920\/revisions"}],"predecessor-version":[{"id":14075,"href":"https:\/\/science.rmtmo.eu\/en\/wp-json\/wp\/v2\/pages\/12920\/revisions\/14075"}],"wp:attachment":[{"href":"https:\/\/science.rmtmo.eu\/en\/wp-json\/wp\/v2\/media?parent=12920"}],"curies":[{"name":"wp","href":"https:\/\/api.w.org\/{rel}","templated":true}]}}