{"id":11739,"date":"2022-03-02T11:12:37","date_gmt":"2022-03-02T10:12:37","guid":{"rendered":"https:\/\/science.rmtmo.eu\/?page_id=11739"},"modified":"2022-05-06T13:46:17","modified_gmt":"2022-05-06T11:46:17","slug":"infoday_cooperation_sciences","status":"publish","type":"page","link":"https:\/\/science.rmtmo.eu\/en\/infoday_cooperation_sciences\/","title":{"rendered":"Journ\u00e9e d&#8217;information 2022"},"content":{"rendered":"<section  class=\"section swatch-sciences-white section-short \" ><div class=\"background-media\"><\/div><div class=\"background-overlay\" style=\"\"><\/div><div class=\"container\"><div class=\"row vertical-top\"><div class=\"col-md-6  text-default\" ><h3 class=\"text-left super regular bordered-header\">Journ\u00e9e d&#8217;information \u00ab Le Rhin sup\u00e9rieur, territoire scientifique : opportunit\u00e9s et financement pour la coop\u00e9ration bi- et trinationale \u00bb<\/h3><p><strong><em>Vous souhaitez d\u00e9velopper des coop\u00e9rations et projets scientifiques avec des partenaires francais, allemands et ou suisses dans la R\u00e9gion du Rhin sup\u00e9rieur&nbsp;? Vous \u00eates \u00e0 la recherche d\u2019informations sur les dispositifs et programmes de financement adapt\u00e9s&nbsp;?<\/em><\/strong><\/p>\n<p>L\u2019espace transfrontalier du Rhin sup\u00e9rieur repr\u00e9sente une opportunit\u00e9 pour les enseignants et les chercheurs de d\u00e9velopper des coop\u00e9rations europ\u00e9ennes et franco-allemandes de proximit\u00e9. Quels \u00e9tablissements d\u2019enseignement sup\u00e9rieur sont implant\u00e9s de part et d\u2019autres du Rhin, quels potentiels de coop\u00e9ration existent&nbsp;? Quels sont les outils, dispositifs et programmes de financement mobilisables pour faire \u00e9merger des coop\u00e9rations, pour d\u00e9velopper et mettre en \u0153uvre des projets de recherche, de R&amp;D, de transfert&nbsp;?<\/p>\n<p>Participez aux diff\u00e9rentes sessions de cette journ\u00e9e d\u2019information et renseignez-vous sur les diff\u00e9rents programmes, les contenus, les modalit\u00e9s et les calendriers.<\/p>\n<\/div><div class=\"col-md-6  text-default\" ><img decoding=\"async\" alt=\"\" src=\"\" class=\"alignnone\"\/><ul>\n<li><strong>Quand ?<\/strong> Le 5 mai 2022<\/li>\n<li><strong>Comment ?<\/strong> En ligne et en pr\u00e9sentiel&nbsp;<\/li>\n<li><strong>O\u00f9 ?<\/strong> A l&#8217;Universit\u00e9 de Strasbourg (b\u00e2timent ISIS) et en ligne<\/li>\n<li><strong>Quoi ? <\/strong>T\u00e9l\u00e9chargez le programme ici : <a href=\"https:\/\/science.rmtmo.eu\/wp-content\/uploads\/2022\/04\/2022-Programm-zweisprachig_JourneeInfo_Infotag_fv.pdf\">2022 Programm zweisprachig_JourneeInfo_Infotag_fv<\/a><\/li>\n<li><strong>Qui ?<\/strong> Cette manifestation est organis\u00e9e par le Pilier Sciences de la R\u00e9gion M\u00e9tropolitaine trinationale du Rhin sup\u00e9rieur avec l&#8217;Universit\u00e9 de Strasbourg, en coop\u00e9ration avec l&#8217;Universit\u00e9 franco-allemande et Eucor &#8211; Le Campus europ\u00e9en. De nombreux intervenants, sp\u00e9cialistes des programmes de financement et dispositifs d&#8217;accompagnement partageront des informations et actualit\u00e9s sur les appels en cours o\u00f9 \u00e0 venir. Des porteurs de projets partageront leurs exp\u00e9riences dans le montage et la mise en oeuvre de projets transfrontaliers, franco-allemandsm europ\u00e9ens.&nbsp;<\/li>\n<li><strong>Dans quelle langue ?<\/strong> La manifestation se d\u00e9roulera en francais et allemand, avec interpr\u00e9tation simultan\u00e9e&nbsp;<\/li>\n<li><strong>Comment s&#8217;inscrire ? Inscriptions closes<\/strong><\/li>\n<\/ul>\n<p><span style=\"color: #ff9900;\"><strong>Les pr\u00e9sentations des intervenants sont t\u00e9l\u00e9chargeables ci-apr\u00e8s :<\/strong><\/span><\/p>\n<h3><strong>Session 1 : amor\u00e7age de projets<\/strong><\/h3>\n<ul>\n<li><a href=\"https:\/\/science.rmtmo.eu\/wp-content\/uploads\/2022\/05\/Session-1_Seedmoney_mk.pdf\">Session 1_Seedmoney<\/a><\/li>\n<li><a href=\"https:\/\/science.rmtmo.eu\/wp-content\/uploads\/2022\/05\/Session1_UFA_presentation_5.5.2022.pdf\">Session1_UFA_pr\u00e9sentation_5.5.2022<\/a><\/li>\n<li>Mobilit\u00e9 pour des s\u00e9jours de recherche DAAD \/ dispositif Procope Campus France : <a href=\"https:\/\/science.rmtmo.eu\/wp-content\/uploads\/2022\/05\/Session1_DAAD_Bourses_Procope.pdf\">Session1_DAAD_Bourses_Procope<\/a><\/li>\n<li>Retour d\u2019exp\u00e9riences Procope : <a href=\"https:\/\/science.rmtmo.eu\/wp-content\/uploads\/2022\/05\/Session-1-_-experience_-Presentation-journe-info-Serena-Bernacchi.pdf\">Session 1 _ experience_ Pr\u00e9sentation journ\u00e9 info-Serena Bernacchi<\/a><\/li>\n<\/ul>\n<h3><strong>Session 2 : programmes bilat\u00e9raux des agences nationales de recherche FR\/DE\/CH<\/strong><\/h3>\n<ul>\n<li>Pr\u00e9sentation g\u00e9n\u00e9rale AAP bilat\u00e9raux FR\/DE\/CH : <a href=\"https:\/\/science.rmtmo.eu\/wp-content\/uploads\/2022\/05\/Session-2-_AAP_bilateraux_Suisse_FR_DE.pdf\">Session 2 _AAP_bilat\u00e9raux_Suisse_FR_DE<\/a><\/li>\n<li><a href=\"https:\/\/science.rmtmo.eu\/wp-content\/uploads\/2022\/05\/Session-2_ANR_DFG.pdf\">Session 2_ANR_DFG<\/a><\/li>\n<li>Retour d&#8217;exp\u00e9rience projet ANR\/DFG : <a href=\"https:\/\/science.rmtmo.eu\/wp-content\/uploads\/2022\/05\/Nadalig_ANRDFG.2.pdf\">Nadalig_ANRDFG.2<\/a><\/li>\n<\/ul>\n<h3><strong>Session 3 : Interreg VI Rhin sup\u00e9rieur &amp; Offensive Sciences&nbsp;<\/strong><\/h3>\n<ul>\n<li>Interreg VI A Rhin sup\u00e9rieur : <a href=\"https:\/\/science.rmtmo.eu\/wp-content\/uploads\/2022\/05\/Session-3_-Interreg.pdf\">Session 3_ Interreg<\/a><\/li>\n<li>Participation des partenaires suisses : <a href=\"https:\/\/science.rmtmo.eu\/wp-content\/uploads\/2022\/05\/Session-3_-NRP-1.pdf\">Session 3_ NRP<\/a><\/li>\n<li>Offensive Sciences : <a href=\"https:\/\/science.rmtmo.eu\/wp-content\/uploads\/2022\/05\/Session-3-_WO-1.pdf\">Session 3 _WO<\/a><\/li>\n<\/ul>\n<h3><strong>Session 4 : Interreg B Espace Alpin &amp; Europe du Nord Ouest<\/strong><\/h3>\n<ul>\n<li><a href=\"https:\/\/science.rmtmo.eu\/wp-content\/uploads\/2022\/05\/Session-4_InterregB_EspaceAlpin_NWE_RDI-1.pdf\">Session 4_InterregB_EspaceAlpin_NWE_RDI<\/a><\/li>\n<\/ul>\n<h3><strong>Session 5 : Horizon Europe ; focus EIC \/ EIE<\/strong><\/h3>\n<ul>\n<li><a href=\"https:\/\/science.rmtmo.eu\/wp-content\/uploads\/2022\/05\/Session-5_Horizon-Europe-Global.pdf\">Session 5_Horizon Europe Global<\/a><\/li>\n<li><a href=\"https:\/\/science.rmtmo.eu\/wp-content\/uploads\/2022\/05\/Session-5_HorizonEurope_CH_Beteiligung.pdf\">Session 5_HorizonEurope_CH_Beteiligung<\/a><\/li>\n<li><a href=\"https:\/\/science.rmtmo.eu\/wp-content\/uploads\/2022\/05\/Session-5_presentation_EIC_05_05_2022-1.pdf\">Session 5_presentation_EIC_05_05_2022<\/a><\/li>\n<\/ul>\n<\/div><\/div><\/div><\/section>\n","protected":false},"excerpt":{"rendered":"Journ\u00e9e d'information \u00ab Le Rhin sup\u00e9rieur, territoire scientifique : opportunit\u00e9s et financement pour la coop\u00e9ration bi- et trinationale \u00bbVous souhaitez d\u00e9velopper des coop\u00e9rations et projets scientifiques avec des partenaires francais, allemands et ou suisses dans la R\u00e9gion du Rhin sup\u00e9rieur&nbsp;? Vous \u00eates \u00e0 la recherche d\u2019informations sur les dispositifs et programmes de financement adapt\u00e9s&nbsp;? L\u2019espace","protected":false},"author":2,"featured_media":0,"parent":0,"menu_order":0,"comment_status":"closed","ping_status":"closed","template":"","meta":{"ngg_post_thumbnail":0,"footnotes":""},"class_list":["post-11739","page","type-page","status-publish","hentry"],"aioseo_notices":[],"_links":{"self":[{"href":"https:\/\/science.rmtmo.eu\/en\/wp-json\/wp\/v2\/pages\/11739","targetHints":{"allow":["GET"]}}],"collection":[{"href":"https:\/\/science.rmtmo.eu\/en\/wp-json\/wp\/v2\/pages"}],"about":[{"href":"https:\/\/science.rmtmo.eu\/en\/wp-json\/wp\/v2\/types\/page"}],"author":[{"embeddable":true,"href":"https:\/\/science.rmtmo.eu\/en\/wp-json\/wp\/v2\/users\/2"}],"replies":[{"embeddable":true,"href":"https:\/\/science.rmtmo.eu\/en\/wp-json\/wp\/v2\/comments?post=11739"}],"version-history":[{"count":21,"href":"https:\/\/science.rmtmo.eu\/en\/wp-json\/wp\/v2\/pages\/11739\/revisions"}],"predecessor-version":[{"id":12047,"href":"https:\/\/science.rmtmo.eu\/en\/wp-json\/wp\/v2\/pages\/11739\/revisions\/12047"}],"wp:attachment":[{"href":"https:\/\/science.rmtmo.eu\/en\/wp-json\/wp\/v2\/media?parent=11739"}],"curies":[{"name":"wp","href":"https:\/\/api.w.org\/{rel}","templated":true}]}}