{"id":11597,"date":"2022-02-14T15:10:35","date_gmt":"2022-02-14T14:10:35","guid":{"rendered":"https:\/\/science.rmtmo.eu\/cycle-formations\/"},"modified":"2025-02-07T10:37:10","modified_gmt":"2025-02-07T09:37:10","slug":"cycle-formations","status":"publish","type":"page","link":"https:\/\/science.rmtmo.eu\/en\/cycle-formations\/","title":{"rendered":"formations"},"content":{"rendered":"<section  class=\"section swatch-sciences-white section-short \" ><div class=\"background-media\"><\/div><div class=\"background-overlay\" style=\"\"><\/div><div class=\"container\"><div class=\"row vertical-top\"><div class=\"col-md-6  text-default\" ><h2 class=\"text-left normal regular bordered-header\">Les syst\u00e8mes de l\u2019enseignement sup\u00e9rieur, de la recherche et du transfert en Allemagne, en France et en Suisse &#8211; Focus Rhin Sup\u00e9rieur<\/h2><p>Cette formation du Pilier Sciences de la R\u00e9gion M\u00e9tropolitaine Trinationale, en collaboration avec l&#8217;Euro-Institut et le Centre d&#8217;excellence Jean Monnet de l&#8217;Universit\u00e9 de Strasbourg, a pour but de transmettre des connaissances sur les caract\u00e9ristiques et les modes de fonctionnement des syst\u00e8mes d&#8217;enseignement sup\u00e9rieur, de recherche et de transfert dans les pays et les r\u00e9gions du Rhin sup\u00e9rieur. Ces connaissances de base sont pr\u00e9cieuses pour tous ceux qui souhaitent coop\u00e9rer de mani\u00e8re transfrontali\u00e8re avec des enseignants ou des chercheurs du pays voisin, que ce soit dans le cadre de projets de formation, de recherche ou d\u2019innovation, \u00e9galement avec des organismes interm\u00e9diaires ou des entreprises.<\/p>\n<p>Au-del\u00e0 des connaissances th\u00e9oriques qui seront apport\u00e9es par les diff\u00e9rents intervenants, le cycle de formations a pour objectif de favoriser la connaissance mutuelle des structures et de leurs collaborateurs dans le Rhin sup\u00e9rieur, donnant ainsi des impulsions pour de nouveaux th\u00e8mes de coop\u00e9ration.<\/p>\n<p><strong>Groupes cibles<\/strong> : Personnel des \u00e9tablissements d&#8217;enseignement sup\u00e9rieur et de recherche, personnel des autorit\u00e9s comp\u00e9tentes en mati\u00e8re d&#8217;enseignement sup\u00e9rieur, de recherche et d&#8217;innovation, interm\u00e9diaires du transfert de connaissances et de technologies, repr\u00e9sentants du secteur priv\u00e9, dans la r\u00e9gion du Rhin sup\u00e9rieur et au-del\u00e0.<\/p>\n<p><strong>Inscriptions via<a href=\"https:\/\/www.euroinstitut.org\/fr\/footer\/anmeldung-\/-inscription-25\" target=\"_blank\" rel=\"noopener\"> ce lien<\/a>.<\/strong><br \/>\n<strong>La formation se d\u00e9roule en francais et allemand avec traduction simultan\u00e9e.&nbsp;<\/strong><\/p>\n[vc_empty_space]<\/div><div class=\"col-md-6  text-default\" >[vc_empty_space][vc_empty_space]<p>&nbsp;<\/p>\n<p><b>La formation sera propos\u00e9e le 24 juin 2025 en pr\u00e9sentiel \u00e0 Kehl.<\/b><\/p>\n<p><b>Le programme d\u00e9taill\u00e9 sera communiqu\u00e9 prochainement.<\/b><\/p>\n<\/div><\/div><\/div><\/section>\n","protected":false},"excerpt":{"rendered":"Les syst\u00e8mes de l\u2019enseignement sup\u00e9rieur, de la recherche et du transfert en Allemagne, en France et en Suisse - Focus Rhin Sup\u00e9rieurCette formation du Pilier Sciences de la R\u00e9gion M\u00e9tropolitaine Trinationale, en collaboration avec l'Euro-Institut et le Centre d'excellence Jean Monnet de l'Universit\u00e9 de Strasbourg, a pour but de transmettre des connaissances sur les caract\u00e9ristiques","protected":false},"author":2,"featured_media":0,"parent":0,"menu_order":0,"comment_status":"closed","ping_status":"closed","template":"","meta":{"ngg_post_thumbnail":0,"footnotes":""},"class_list":["post-11597","page","type-page","status-publish","hentry"],"aioseo_notices":[],"_links":{"self":[{"href":"https:\/\/science.rmtmo.eu\/en\/wp-json\/wp\/v2\/pages\/11597","targetHints":{"allow":["GET"]}}],"collection":[{"href":"https:\/\/science.rmtmo.eu\/en\/wp-json\/wp\/v2\/pages"}],"about":[{"href":"https:\/\/science.rmtmo.eu\/en\/wp-json\/wp\/v2\/types\/page"}],"author":[{"embeddable":true,"href":"https:\/\/science.rmtmo.eu\/en\/wp-json\/wp\/v2\/users\/2"}],"replies":[{"embeddable":true,"href":"https:\/\/science.rmtmo.eu\/en\/wp-json\/wp\/v2\/comments?post=11597"}],"version-history":[{"count":10,"href":"https:\/\/science.rmtmo.eu\/en\/wp-json\/wp\/v2\/pages\/11597\/revisions"}],"predecessor-version":[{"id":14808,"href":"https:\/\/science.rmtmo.eu\/en\/wp-json\/wp\/v2\/pages\/11597\/revisions\/14808"}],"wp:attachment":[{"href":"https:\/\/science.rmtmo.eu\/en\/wp-json\/wp\/v2\/media?parent=11597"}],"curies":[{"name":"wp","href":"https:\/\/api.w.org\/{rel}","templated":true}]}}