{"id":10645,"date":"2021-05-05T11:55:37","date_gmt":"2021-05-05T09:55:37","guid":{"rendered":"https:\/\/science.rmtmo.eu\/?page_id=10645"},"modified":"2021-05-05T11:55:37","modified_gmt":"2021-05-05T09:55:37","slug":"dialog-science-2018","status":"publish","type":"page","link":"https:\/\/science.rmtmo.eu\/en\/dialog-science\/dialog-science-2018\/","title":{"rendered":"Dialog Science 2018"},"content":{"rendered":"<section  class=\"section swatch-sciences-white section-short \" ><div class=\"background-media\"><\/div><div class=\"background-overlay\" style=\"\"><\/div><div class=\"container\"><div class=\"row vertical-top\"><div class=\"col-md-6  text-default\" ><h1 class=\"text-left super regular bordered-header\">Dialog Science 2018<\/h1><p>On 27 November 2018, around 150 representatives from the fields of science, business, administration and politics took part in the event &#8220;Dialog Science &#8211; Innovation cluster, knowledge region, quality of life &#8211; What contribution can scientific actors make in the Upper Rhine Metropolitan Region? &#8220;.<\/p>\n<p>The morning was devoted to the presentation of effective and innovative communication actions in two workshops.<\/p>\n<p>Read the summary of the content of the workshops &#8220;Effective communication of research results to the economy and society&#8221; and &#8220;Meeting of scientific mediation actors in the Upper Rhine&#8221;.<\/p>\n<p>In the afternoon, during the round table discussion on the theme &#8220;Science: an interface role or torn between multiple expectations? &#8220;In the afternoon, representatives from the scientific, political and economic sectors will discuss the framework conditions, expectations and related challenges that science has to and wants to face in terms of knowledge and technology transfer.<\/p>\n<p>For more information on the content of the discussions<\/p>\n<p>The second panel discussion focused on the RMT flagship project &#8220;RMTMO-RI &#8211; a large research infrastructure in the Upper Rhine&#8221;.<\/p>\n<p>For more information on the content of the discussions<\/p>\n<p><img loading=\"lazy\" decoding=\"async\" class=\"alignleft wp-image-5017 \" src=\"https:\/\/science.rmtmo.eu\/wp-content\/uploads\/2018\/10\/pfeil-150x150.jpg\" alt=\"\" width=\"89\" height=\"89\" srcset=\"https:\/\/science.rmtmo.eu\/wp-content\/uploads\/2018\/10\/pfeil-150x150.jpg 150w, https:\/\/science.rmtmo.eu\/wp-content\/uploads\/2018\/10\/pfeil.jpg 262w\" sizes=\"auto, (max-width: 89px) 100vw, 89px\" \/><\/p>\n<h3>&nbsp;<\/h3>\n<p>&nbsp;<\/p>\n<h3 style=\"padding-left: 90px;\"><strong>Programme<\/strong><\/h3>\n[vc_empty_space height=&#8221;25px&#8221;]<\/div><div class=\"col-md-6  text-default\" ><img decoding=\"async\" alt=\"\" src=\"https:\/\/science.rmtmo.eu\/wp-content\/uploads\/2019\/01\/DialogScience18-2046HDWEB_.jpg\" class=\"alignnone\"\/><img decoding=\"async\" alt=\"\" src=\"https:\/\/science.rmtmo.eu\/wp-content\/uploads\/2018\/11\/logo_dialog-science_gross-1024x410.jpg\" class=\"aligncenter\"\/><p>One of the main attractions of the event was the presence of 21 stands representing the cross-border scientific projects of the RMT. The diversity and quality of the scientific projects in the Upper Rhine were highlighted: from two-metre long drones to fungal infections in vineyards, from training methods for religious leaders to projects in the field of health. The projects were presented by senior project managers and scientists.<\/p>\n<p>With its active participation in the workshops and the various round tables as well as for its engagement on the stands, on 27 November 2018, the scientific community of the RMT demonstrated once again the importance of the role of science in the development of the Upper Rhine region as an integrated and attractive economic, educational, working and living space.<\/p>\n<p>&nbsp;<\/p>\n<\/div><\/div><\/div><\/section><section  class=\"section swatch-sciences-white section-tiny \" ><div class=\"background-media\"><\/div><div class=\"background-overlay\" style=\"\"><\/div><div class=\"container\"><div class=\"row vertical-top\"><div class=\"col-md-12  text-default\" ><h2 style=\"text-align: center;\">Dialog Science 2018 events in the Upper Rhine<\/h2>\n[vc_empty_space]<div class=\"panel-group \" id=\"accordion_69de4a50daca4\"><div class=\"panel panel-default\"><div class=\"panel-heading\"><a class=\"accordion-toggle collapsed\" data-parent=\"#accordion_69de4a50daca4\" data-toggle=\"collapse\" href=\"#group69de4a50dadab\">Colloque Final - Projet InvaProtect<\/a><\/div><div class=\"panel-collapse collapse\" id=\"group69de4a50dadab\"><div class=\"panel-body\"><p><p>Les partenaires du projet transfrontalier InvaProtect pr\u00e9sentent dans un colloque final les<img loading=\"lazy\" decoding=\"async\" class=\"size-full wp-image-4809 alignright\" src=\"https:\/\/science.rmtmo.eu\/wp-content\/uploads\/2018\/09\/logo_ltz_4c_garam.jpg\" alt=\"\" width=\"226\" height=\"94\"> r\u00e9sultats du travail sur la protection durable des v\u00e9g\u00e9taux contre les bioagresseurs invasifs dans les vergers et les vignes. Le colloque sera organis\u00e9 par la Chambre d\u2019Agriculture d\u2019Alsace (CAA) et le Landwirtschaftliches Technologiezentrum Augustenberg (LTZ) en collaboration avec tous les partenaires.<\/p>\n<p>Les interventions seront en fran\u00e7ais et en allemand et feront l\u2019objet d\u2019une traduction simultan\u00e9e.<\/p>\n<p>&nbsp;<\/p>\n<p><strong>Quand ?<\/strong> Le 8 novembre 2018, de 8h45 \u00e0 16h45<\/p>\n<p><strong>O\u00f9 ?<\/strong> A Bad Krozingen<\/p>\n<p>&nbsp;<\/p>\n<p>Le <strong>programme<\/strong> de la journ\u00e9e du 8 novembre est disponible en format PDF&nbsp;<a href=\"https:\/\/science.rmtmo.eu\/wp-content\/uploads\/2018\/09\/2018-11-08-InvaProtect-Colloque-final.pdf\">ici<\/a>.<\/p>\n<p>Les <strong>inscriptions<\/strong> sont possibles \u00e0 partir de ce lien :&nbsp;<a href=\"http:\/\/www.ltz-bw.de\/pb\/,Lde\/Startseite\/Ueber+uns\/Abschlusskolloquium+08_11_2018\">www.ltz-bw.de\/pb\/,Lde\/Startseite\/Ueber+uns\/Abschlusskolloquium+08_11_2018&nbsp;<\/a><\/p>\n<p>&nbsp;<\/p>\n<p>Plus d&#8217;informations :&nbsp;<a href=\"http:\/\/www.ltz-augustenberg.de\">www.ltz-augustenberg.de<\/a><\/p>\n<\/p><\/div><\/div><\/div><div class=\"panel panel-default\"><div class=\"panel-heading\"><a class=\"accordion-toggle collapsed\" data-parent=\"#accordion_69de4a50daca4\" data-toggle=\"collapse\" href=\"#group69de4a50dae6b\">International conferences - Project INTER-RELIGIO<\/a><\/div><div class=\"panel-collapse collapse\" id=\"group69de4a50dae6b\"><div class=\"panel-body\"><p><p>Trois colloques internationaux auront lieu en 2018 dans le cadre des groupes de travail \u00e0 <img loading=\"lazy\" decoding=\"async\" class=\" wp-image-2869 alignright\" src=\"https:\/\/science.rmtmo.eu\/wp-content\/uploads\/2016\/09\/Logo_interReligio_300dpi-300x213.jpg\" alt=\"\" width=\"128\" height=\"91\" srcset=\"https:\/\/science.rmtmo.eu\/wp-content\/uploads\/2016\/09\/Logo_interReligio_300dpi-300x213.jpg 300w, https:\/\/science.rmtmo.eu\/wp-content\/uploads\/2016\/09\/Logo_interReligio_300dpi-768x545.jpg 768w, https:\/\/science.rmtmo.eu\/wp-content\/uploads\/2016\/09\/Logo_interReligio_300dpi.jpg 1000w\" sizes=\"auto, (max-width: 128px) 100vw, 128px\" \/>Strasbourg, Heidelberg et B\u00e2le.<\/p>\n<p>Lors de ces colloques sera nortamment pr\u00e9sent\u00e9e l\u2019avanc\u00e9e des recherches transfrontali\u00e8res sur le projet INTER-RELIGIO. Ils seront \u00e9galement l\u2019occasion d\u2019inviter \u00e0 l\u2019\u00e9change scientifique sur l\u2019interreligieux des experts internationaux ext\u00e9rieurs au projet. L\u2019objectif de ces manifestations scientifiques \u00e9tant d\u2019accueillir un large public et de susciter le d\u00e9bat, des contacts seront pris avec les associations scientifiques de niveau international \u00e9tudiant le religieux.<\/p>\n<p>&nbsp;<\/p>\n<p><strong>Quand ?<\/strong> En octobre, novembre 2018 et avril&nbsp;2019<\/p>\n<p><strong>O\u00f9 ? <\/strong>A Strasbourg (<strong>5,6 &amp; 7 novembre<\/strong> 2018), de 9h \u00e0 17h<\/p>\n<p>A Heidelberg (<strong>4, 5 &amp; 6 Octobre<\/strong> 2018)<\/p>\n<p>A B\u00e2le (<strong>4, 5 &amp; 6 avril<\/strong> 2019)<\/p>\n<p><a href=\"https:\/\/science.rmtmo.eu\/wp-content\/uploads\/2018\/10\/programme-complet-colloque-nov.2018-brochure-FR.pdf\">Lien vers le programme complet-colloque-Nov.2018<\/a><\/p>\n<p>Pour plus d&#8217;informations :<a href=\"http:\/\/interreligio.unistra.fr\/colloques-internationaux\/\">&nbsp;http:\/\/interreligio.unistra.fr\/colloques-internationaux\/&nbsp;<\/a><\/p>\n<\/p><\/div><\/div><\/div><div class=\"panel panel-default\"><div class=\"panel-heading\"><a class=\"accordion-toggle collapsed\" data-parent=\"#accordion_69de4a50daca4\" data-toggle=\"collapse\" href=\"#group69de4a50daed4\">``3D printing, robotics and medicine`` technical day - Project SPIRITS<\/a><\/div><div class=\"panel-collapse collapse\" id=\"group69de4a50daed4\"><div class=\"panel-body\"><p><p>Le projet SPIRITS (<strong><em>Smart Printed Interactive Robots for Interventional Therapy and <img loading=\"lazy\" decoding=\"async\" class=\" wp-image-4424 alignright\" src=\"https:\/\/science.rmtmo.eu\/wp-content\/uploads\/2018\/06\/Logo_spirits-300x108.png\" alt=\"\" width=\"150\" height=\"54\" srcset=\"https:\/\/science.rmtmo.eu\/wp-content\/uploads\/2018\/06\/Logo_spirits-300x108.png 300w, https:\/\/science.rmtmo.eu\/wp-content\/uploads\/2018\/06\/Logo_spirits.png 741w\" sizes=\"auto, (max-width: 150px) 100vw, 150px\" \/>Surgery) <\/em><\/strong>organise une journ\u00e9e pour pr\u00e9senter et discuter&nbsp;les derni\u00e8res avanc\u00e9es en impression 3D et leur impact pour le d\u00e9veloppement de syst\u00e8mes pour la sant\u00e9.&nbsp;La manifestation s&#8217;adresse essentiellement aux industriels et aux chercheurs et les \u00e9changes se feront en langue anglaise.<\/p>\n<p>&nbsp;<\/p>\n<p><strong>Quand<\/strong> ? 16 octobre 2018, de 9h30 \u00e0 16h30<\/p>\n<p><strong>O\u00f9<\/strong> ? INSA de Strasbourg<\/p>\n<p>&nbsp;<\/p>\n<p>Durant le workshop interviendront des orateurs fran\u00e7ais, suisses et allemands. La journ\u00e9e sera propos\u00e9e \u00e0 la communaut\u00e9 des chercheurs en robotique via le GDR Robotique.<\/p>\n<p>Le programme et l&#8217;inscription \u00e0 la journ\u00e9e sont disponibles <a href=\"http:\/\/spirits.icube.unistra.fr\/en\/index.php\/Technical_Day_2018\">ici<\/a><\/p>\n<\/p><\/div><\/div><\/div><div class=\"panel panel-default\"><div class=\"panel-heading\"><a class=\"accordion-toggle collapsed\" data-parent=\"#accordion_69de4a50daca4\" data-toggle=\"collapse\" href=\"#group69de4a50daf25\">Presentation of the results of the cross-border monitoring of groundwater quality in the Upper Rhine - Project ERMES-RHIN<\/a><\/div><div class=\"panel-collapse collapse\" id=\"group69de4a50daf25\"><div class=\"panel-body\"><p><p><span style=\"font-weight: 400;\">L\u2019Aprona et ses partenaires allemands, fran\u00e7ais et suisses pr\u00e9senteront les r\u00e9sultats d\u2019un<img loading=\"lazy\" decoding=\"async\" class=\" wp-image-4767 alignright\" src=\"https:\/\/science.rmtmo.eu\/wp-content\/uploads\/2018\/09\/Ermes-Rhin-300x158.png\" alt=\"\" width=\"195\" height=\"103\" srcset=\"https:\/\/science.rmtmo.eu\/wp-content\/uploads\/2018\/09\/Ermes-Rhin-300x158.png 300w, https:\/\/science.rmtmo.eu\/wp-content\/uploads\/2018\/09\/Ermes-Rhin-768x403.png 768w, https:\/\/science.rmtmo.eu\/wp-content\/uploads\/2018\/09\/Ermes-Rhin-1024x538.png 1024w, https:\/\/science.rmtmo.eu\/wp-content\/uploads\/2018\/09\/Ermes-Rhin.png 1200w\" sizes=\"auto, (max-width: 195px) 100vw, 195px\" \/> suivi sp\u00e9cifique transfrontalier de l\u2019\u00e9tat de la qualit\u00e9 des eaux souterraines du Rhin Sup\u00e9rieur au regard des 170 substances analys\u00e9es en commun (pesticides, nitrates, substances pharmaceutiques, compos\u00e9s perfluor\u00e9s, perchlorates etc.). Les r\u00e9sultats de la r\u00e9actualisation des indicateurs transfrontaliers d\u2019\u00e9volution de l\u2019\u00e9tat des eaux souterraines dans le Rhin Sup\u00e9rieur vous seront \u00e9galement pr\u00e9sent\u00e9s. <\/span><\/p>\n<p><span style=\"font-weight: 400;\">L\u2019\u00e9v\u00e9nement sera traduit de mani\u00e8re simultan\u00e9e fran\u00e7ais-allemand\/ allemand-fran\u00e7ais.<\/span><\/p>\n<p>&nbsp;<\/p>\n<p><strong>Quand<\/strong> ? 15 novembre 2018, de 9h30 \u00e0 16h<\/p>\n<p><strong>O\u00f9<\/strong> ? H\u00f4tel du d\u00e9partement \u00e0 Strasbourg<\/p>\n<p>&nbsp;<\/p>\n<p>Plus d&#8217;informations :&nbsp;<a href=\"http:\/\/www.ermes-rhin.eu\"><span style=\"font-weight: 400;\">www.ermes-rhin.eu<\/span><\/a><\/p>\n<\/p><\/div><\/div><\/div><\/div><\/div><\/div><\/div><\/section>\n","protected":false},"excerpt":{"rendered":"Dialog Science 2018On 27 November 2018, around 150 representatives from the fields of science, business, administration and politics took part in the event \"Dialog Science - Innovation cluster, knowledge region, quality of life - What contribution can scientific actors make in the Upper Rhine Metropolitan Region? \". The morning was devoted to the presentation of","protected":false},"author":4,"featured_media":0,"parent":443,"menu_order":0,"comment_status":"closed","ping_status":"closed","template":"","meta":{"ngg_post_thumbnail":0,"footnotes":""},"class_list":["post-10645","page","type-page","status-publish","hentry"],"aioseo_notices":[],"_links":{"self":[{"href":"https:\/\/science.rmtmo.eu\/en\/wp-json\/wp\/v2\/pages\/10645","targetHints":{"allow":["GET"]}}],"collection":[{"href":"https:\/\/science.rmtmo.eu\/en\/wp-json\/wp\/v2\/pages"}],"about":[{"href":"https:\/\/science.rmtmo.eu\/en\/wp-json\/wp\/v2\/types\/page"}],"author":[{"embeddable":true,"href":"https:\/\/science.rmtmo.eu\/en\/wp-json\/wp\/v2\/users\/4"}],"replies":[{"embeddable":true,"href":"https:\/\/science.rmtmo.eu\/en\/wp-json\/wp\/v2\/comments?post=10645"}],"version-history":[{"count":1,"href":"https:\/\/science.rmtmo.eu\/en\/wp-json\/wp\/v2\/pages\/10645\/revisions"}],"predecessor-version":[{"id":10652,"href":"https:\/\/science.rmtmo.eu\/en\/wp-json\/wp\/v2\/pages\/10645\/revisions\/10652"}],"up":[{"embeddable":true,"href":"https:\/\/science.rmtmo.eu\/en\/wp-json\/wp\/v2\/pages\/443"}],"wp:attachment":[{"href":"https:\/\/science.rmtmo.eu\/en\/wp-json\/wp\/v2\/media?parent=10645"}],"curies":[{"name":"wp","href":"https:\/\/api.w.org\/{rel}","templated":true}]}}