{"id":10631,"date":"2021-05-05T11:16:56","date_gmt":"2021-05-05T09:16:56","guid":{"rendered":"https:\/\/science.rmtmo.eu\/?page_id=10631"},"modified":"2021-05-05T11:16:56","modified_gmt":"2021-05-05T09:16:56","slug":"selected-projects","status":"publish","type":"page","link":"https:\/\/science.rmtmo.eu\/en\/science-offensive\/science-offensive-2018\/selected-projects\/","title":{"rendered":"Selected projects"},"content":{"rendered":"<section  class=\"section swatch-sciences-white section-short \" ><div class=\"background-media\"><\/div><div class=\"background-overlay\" style=\"\"><\/div><div class=\"container\"><div class=\"row vertical-top\"><div class=\"col-md-6  text-default\" ><h1 class=\"text-left super regular bordered-header\">Selected projects<\/h1><p>Under the third call for projects of the Science Offensive, seven projects that are both highly scientific and contribute to a strong Upper Rhine metropolitan region will receive funding.<\/p>\n<p>This means that over the next three years, almost 8 million euros will be invested in the Upper Rhine research and innovation cluster. The funds come from the European Regional Development Fund (ERDF) under the INTERREG Upper Rhine programme, public funds from the federal states of Baden-W\u00fcrttemberg and Rhineland-Palatinate, the Grand Est region and Switzerland, as well as contributions from the participating research institutions.<\/p>\n<p>&nbsp;<\/p>\n<p><a href=\"https:\/\/science.rmtmo.eu\/wp-content\/uploads\/2019\/09\/Brochure_2019_print.pdf\">Brochure of the selected projects of the initiative Science Offensive 2018 (in French)<\/a><\/p>\n<\/div><div class=\"col-md-6  text-default\" ><img decoding=\"async\" alt=\"\" src=\"https:\/\/science.rmtmo.eu\/wp-content\/uploads\/2019\/08\/1-Image_Offensive-Science.png\" class=\"alignnone\"\/><\/div><\/div><\/div><\/section><section  class=\"section swatch-sciences-white section-nopadding \" ><div class=\"background-media\"><\/div><div class=\"background-overlay\" style=\"\"><\/div><div class=\"container\"><div class=\"row vertical-top\"><div class=\"col-md-12  text-default\" ><div class=\"panel-group \" id=\"accordion_69e455927a4d6\"><div class=\"panel panel-default\"><div class=\"panel-heading\"><a class=\"accordion-toggle collapsed\" data-parent=\"#accordion_69e455927a4d6\" data-toggle=\"collapse\" href=\"#group69e455927a5c9\">PERSONALIS - Personalised medicine platform for patients with autoimmune diseases<\/a><\/div><div class=\"panel-collapse collapse\" id=\"group69e455927a5c9\"><div class=\"panel-body\"><p><p><strong>Partners:<\/strong> Universit\u00e9 de Strasbourg, Universit\u00e4tsklinikum Freiburg, Universit\u00e4tsmedizin Mainz, Fachhochschule Nordwestschweiz (Basel\/Muttenz)<\/p>\n<p><strong>Associated partners:<\/strong> SATT Conectus Alsace, Eucor \u2013 The European Campus GETC<\/p>\n<p>The aim of the PERSONALIS project is to create a database containing information on patients with autoimmune diseases and an information tool for treating physicians.<\/p>\n<p><strong>Global budget: <\/strong>1 494 635 \u20ac<\/p>\n<ul>\n<li>ERDF: 500 000 \u20ac<\/li>\n<li>Regional funding: 250 000\u20ac<\/li>\n<li>Swiss funding: 296 781,03 \u20ac<\/li>\n<\/ul>\n<\/p><\/div><\/div><\/div><div class=\"panel panel-default\"><div class=\"panel-heading\"><a class=\"accordion-toggle collapsed\" data-parent=\"#accordion_69e455927a4d6\" data-toggle=\"collapse\" href=\"#group69e455927a677\">VIRTFac - Optimising the transition to Industry 4.0: planning the right production system at the right time<\/a><\/div><div class=\"panel-collapse collapse\" id=\"group69e455927a677\"><div class=\"panel-body\"><p><p><strong>Partners:<\/strong> INSA Strasbourg (ICube \u2013 Equipe Conception, Syst\u00e8me d&#8217;Information et Processus inventifs (CSIP)), Hochschule Offenburg, Universit\u00e9 de Strasbourg<\/p>\n<p><strong>Associated partners:<\/strong> Safran Landing Systems Molsheim Atelier Carbone, Altran Technologies Division Est, Siemens Division Production Process Automation Haguenau, Socomec, Plavis GmbH, CCI Alsace Eurom\u00e9tropole, Grand E-Nov, Rhenatic, ECAM Strasbourg-Europe, N. Schlumberger<\/p>\n<p>The VIRTFac project focuses on the development of a digital platform enabling companies to design cyber-physical production systems. The platform, with the help of which factory processes can be represented virtually, will also provide various computational tools for the redesign or optimisation of production systems. In addition, the project addresses fundamental research questions concerning the emerging needs related to the introduction of virtual industrial planning platforms.<\/p>\n<p><strong>Global budget:<\/strong> 999 996 \u20ac<\/p>\n<ul>\n<li>ERDF: 499 998 \u20ac<\/li>\n<li>Regional funding: 249 999 \u20ac<\/li>\n<\/ul>\n<\/p><\/div><\/div><\/div><div class=\"panel panel-default\"><div class=\"panel-heading\"><a class=\"accordion-toggle collapsed\" data-parent=\"#accordion_69e455927a4d6\" data-toggle=\"collapse\" href=\"#group69e455927a6c9\">VEHICLE- Perfectionnement des syst\u00e8mes de stockage d\u2019\u00e9nergie des v\u00e9hicules \u00e9lectriques<\/a><\/div><div class=\"panel-collapse collapse\" id=\"group69e455927a6c9\"><div class=\"panel-body\"><p><p><strong>Partners: <\/strong>INSA Strasbourg (ICube \u2013 Equipe Syst\u00e8mes et microsyst\u00e8mes h\u00e9t\u00e9rog\u00e8nes (SMH)), Hochschule Trier, Hochschule Karlsruhe<strong><br \/>\n<\/strong><\/p>\n<p><strong>Associated partners:<\/strong> Centrale Lille, Universit\u00e9 de Nantes, Sheffield Hallam University, CCI Alsace Eurom\u00e9tropole<\/p>\n<p>The VEHICLE project develops solutions to overcome the technical limitations of current all-electric or plug-in hybrid vehicles. In the framework of the project, a combination of complementary storage technologies using a hybrid storage system consisting of a lithium-ion battery and supercapacitors will be developed through predictive algorithms.<\/p>\n<p><strong>Global budget:<\/strong> 997 224 \u20ac<\/p>\n<ul>\n<li>ERDF: 498 612 \u20ac<\/li>\n<li>Regional funding: 249 306 \u20ac<\/li>\n<\/ul>\n<p>&nbsp;<\/p>\n<p><a href=\"https:\/\/www.vehicle-project.org\/\"><img loading=\"lazy\" decoding=\"async\" class=\"alignnone wp-image-5618\" src=\"https:\/\/science.rmtmo.eu\/wp-content\/uploads\/2018\/12\/pfeil-150x150.jpg\" alt=\"\" width=\"31\" height=\"31\"> https:\/\/www.vehicle-project.org\/<\/a><\/p>\n<p><a href=\"https:\/\/www.vehicle-project.org\/\"><img loading=\"lazy\" decoding=\"async\" class=\"alignnone wp-image-5618\" src=\"https:\/\/science.rmtmo.eu\/wp-content\/uploads\/2018\/12\/pfeil-150x150.jpg\" alt=\"\" width=\"31\" height=\"31\"> <\/a><a href=\"https:\/\/science.rmtmo.eu\/wp-content\/uploads\/2021\/04\/VEHICLE-INSA-Presentation-Tedjani.pdf\" target=\"_blank\" rel=\"noopener\">P<\/a>roject Presentation (Englisch version)<\/p>\n<\/p><\/div><\/div><\/div><div class=\"panel panel-default\"><div class=\"panel-heading\"><a class=\"accordion-toggle collapsed\" data-parent=\"#accordion_69e455927a4d6\" data-toggle=\"collapse\" href=\"#group69e455927a715\">DialogProTec - Study and control the chemical communication of plants, to better protect them in a sustainable way<\/a><\/div><div class=\"panel-collapse collapse\" id=\"group69e455927a715\"><div class=\"panel-body\"><p><p><strong>Partners: <\/strong>Karlsruher Institut f\u00fcr Technologie (KIT) \u2013 (Botanisches Institut (CS), und Institut f\u00fcr Mikrostrukturtechnologie (IMT)), Institut f\u00fcr Biotechnologie und Wirkstoff-Forschung (IBWF), Albert-Ludwigs-Universit\u00e4t Freiburg, Universit\u00e9 de Strasbourg<strong><br \/>\n<\/strong><\/p>\n<p><strong>Associated partners:<\/strong> CNRS \u2013 Centre National de la Recherche Scientifique (Institut de biologie mol\u00e9culaire des plantes (IBMP)), Forschungsinstitut f\u00fcr biologischen Landbau<\/p>\n<p>The DialogProTec project aims to develop a bio-chip process to make the use of chemical pesticides more environmentally friendly. The focus is on the consumption of fungicides in agriculture. The biochip method aims to identify the specific chemical communication between pathogen and host and then to develop chemical plant protection strategies that do not cause side effects.<\/p>\n<p><strong>Global budget:<\/strong> 999 662 \u20ac<\/p>\n<ul>\n<li>ERDF: 499 830,14 \u20ac<\/li>\n<li>Regional funding: 249 915,07\u20ac<\/li>\n<\/ul>\n<p>&nbsp;<\/p>\n<p><a href=\"https:\/\/www.dialogprotec.eu\/start_fr.htm\"><img loading=\"lazy\" decoding=\"async\" class=\"alignnone wp-image-5618\" src=\"https:\/\/science.rmtmo.eu\/wp-content\/uploads\/2018\/12\/pfeil-150x150.jpg\" alt=\"\" width=\"31\" height=\"31\"> https:\/\/www.dialogprotec.eu\/start_fr.htm<\/a><\/p>\n<\/p><\/div><\/div><\/div><div class=\"panel panel-default\"><div class=\"panel-heading\"><a class=\"accordion-toggle collapsed\" data-parent=\"#accordion_69e455927a4d6\" data-toggle=\"collapse\" href=\"#group69e455927a780\">WaterPollutionSensor - Deployment of a network of sensors for continuous monitoring of pesticides in drinking water<\/a><\/div><div class=\"panel-collapse collapse\" id=\"group69e455927a780\"><div class=\"panel-body\"><p><p><strong>Partners: <\/strong>Universit\u00e9 de Strasbourg (ICube &#8211; Equipe Syst\u00e8mes et Microsyst\u00e8mes H\u00e9t\u00e9rog\u00e8nes (SMH)), Hochschule Furtwangen, Albert-Ludwigs-Universit\u00e4t Freiburg (Institut f\u00fcr Mikrosystemtechnik (IMTEK)), Technische Universit\u00e4t Kaiserslautern, Fachhochschule Nordwestschweiz ( Institut f\u00fcr Medizintechnik und Medizininformatik), Hochschule Furtwangen<strong><br \/>\n<\/strong><\/p>\n<p><strong>Associated partners:<\/strong> B\u00fcrkert Fluid Control Systems, Metrolab Technology SA<\/p>\n<p>The main objective of the WaterPollutionSensor project is to develop and test a continuous and automated system for monitoring the concentration of a number of pollutants in drinking water. The project aims to develop a sensor technology that is superior to conventional methods while being cost-effective and easy to maintain.<\/p>\n<p><strong>Global budget:<\/strong> 1 391 764 \u20ac<\/p>\n<ul>\n<li>ERDF: 499 994 \u20ac<\/li>\n<li>Regional funding: 249 997\u20ac<\/li>\n<li>Swiss funding: 235 065,60 \u20ac<\/li>\n<\/ul>\n<\/p><\/div><\/div><\/div><div class=\"panel panel-default\"><div class=\"panel-heading\"><a class=\"accordion-toggle collapsed\" data-parent=\"#accordion_69e455927a4d6\" data-toggle=\"collapse\" href=\"#group69e455927a7c8\">ACA-MODES - Intelligent control for the supply of decentralised electricity networks, including the share of renewable energy<\/a><\/div><div class=\"panel-collapse collapse\" id=\"group69e455927a7c8\"><div class=\"panel-body\"><p><p><strong>Partners: <\/strong>Hochschule Offenburg, Hochschule Karlsruhe, Albert-Ludwigs-Universit\u00e4t Freiburg, INSA Strasbourg, Fachhochschule Nordwestschweiz (Muttenz), Hochschule Koblenz<\/p>\n<p><strong>Associated partners:<\/strong> EIFER &#8211; European Institute for Energy Research, E-Werk Mittelbaden AG &amp; Co. KG, Strategische Partner \u2013 Klimaschutz am Oberrhein e. V., Ortenauer Energieagentur GmbH, Pfalzwerke Aktiengesellschaft, Ottensmeier Ingenieure GmbH, TLK Energy GmbH, CCI Alsace Eurom\u00e9tropole, IWB Industrielle Werke Basel, EBL Genossenschaft Elektra Baselland<\/p>\n<p>In the ACA-MODES project, an approach for planning and controlling decentralised and (virtually) networked hybrid energy systems is to be developed on the basis of numerical methods and a demonstrator. Through intelligent networking and monitoring of existing systems, the acquired flexibility can be used to support the grid. For this stable grid operation, consultation and data exchange processes between the different actors in technical, economic and regulatory terms are necessary.<\/p>\n<p><strong>Global budget:<\/strong> 1.390.054 \u20ac<\/p>\n<ul>\n<li>ERDF: 499 902 \u20ac<\/li>\n<li>Regional funding: 249 951 \u20ac<\/li>\n<li>Swiss funding: 210 526,32 \u20ac<\/li>\n<\/ul>\n<p>&nbsp;<\/p>\n<p><a href=\"https:\/\/mv.hs-offenburg.de\/forschung-projekte\/aca-modes\/\"><img loading=\"lazy\" decoding=\"async\" class=\"alignnone wp-image-5618\" src=\"https:\/\/science.rmtmo.eu\/wp-content\/uploads\/2018\/12\/pfeil-150x150.jpg\" alt=\"\" width=\"30\" height=\"30\"> https:\/\/mv.hs-offenburg.de\/forschung-projekte\/aca-modes\/<\/a><\/p>\n<p>&nbsp; &nbsp; &nbsp; &nbsp; &nbsp; &nbsp; &nbsp; &nbsp; &nbsp; <a href=\"https:\/\/aca-modes.insa-strasbourg.fr\/fr\/page-dacceuil\/\">https:\/\/aca-modes.insa-strasbourg.fr\/fr\/page-dacceuil\/<\/a><\/p>\n<\/p><\/div><\/div><\/div><div class=\"panel panel-default\"><div class=\"panel-heading\"><a class=\"accordion-toggle collapsed\" data-parent=\"#accordion_69e455927a4d6\" data-toggle=\"collapse\" href=\"#group69e455927a813\">TriMaBone -3D printed materials for resorbable bone implants<\/a><\/div><div class=\"panel-collapse collapse\" id=\"group69e455927a813\"><div class=\"panel-body\"><p><p><strong>Partners: <\/strong>Hochschule Furtwangen, Universit\u00e9 de Haute-Alsace, Universit\u00e4t-Koblenz-Landau, Fachhochschule Nordwestschweiz (Muttenz)<\/p>\n<p><strong>Associated partners: <\/strong>BIOPRO Baden-W\u00fcrttemberg GmbH, BioLago e.V., CleanControlling Medical GmbH &amp; Co. KG, Universit\u00e4tsmedizin Mainz, CCI Alsace Eurom\u00e9tropole, IHK Arbeitsgemeinschaft Rheinland-Pfalz, Herz GmbH, Universit\u00e4tsspital Basel\/ Universit\u00e4t Basel, CIRTES SA, RegenHU Ltd., COMET AG ebeam Technologies, AM-Network c\/o BWI AG, SwissKH S\u00e0rl, SmartDyeLivery GmbH, Ultimaker B.V.<\/p>\n<p>The TriMaBone project is dedicated to the development of a bone implant material and corresponding 3D printers. The project aims to develop chitosan as a material for non-structural resorbable bone implants for 3D printing. In addition to the material science objectives, the process technology required to print thermoplastics with an enamel coating is to be developed.<\/p>\n<p><strong>Global budget:<\/strong> 1 244 491 \u20ac<\/p>\n<ul>\n<li>ERDF: 458 395,5 \u20ac<\/li>\n<li>Regional funding: 229 197,75 \u20ac<\/li>\n<li>Swiss fundings: 175 438,59 \u20ac<\/li>\n<\/ul>\n<\/p><\/div><\/div><\/div><\/div><\/div><\/div><\/div><\/section>\n","protected":false},"excerpt":{"rendered":"Selected projectsUnder the third call for projects of the Science Offensive, seven projects that are both highly scientific and contribute to a strong Upper Rhine metropolitan region will receive funding. This means that over the next three years, almost 8 million euros will be invested in the Upper Rhine research and innovation cluster. The funds","protected":false},"author":4,"featured_media":0,"parent":3482,"menu_order":0,"comment_status":"closed","ping_status":"closed","template":"","meta":{"ngg_post_thumbnail":0,"footnotes":""},"class_list":["post-10631","page","type-page","status-publish","hentry"],"aioseo_notices":[],"_links":{"self":[{"href":"https:\/\/science.rmtmo.eu\/en\/wp-json\/wp\/v2\/pages\/10631","targetHints":{"allow":["GET"]}}],"collection":[{"href":"https:\/\/science.rmtmo.eu\/en\/wp-json\/wp\/v2\/pages"}],"about":[{"href":"https:\/\/science.rmtmo.eu\/en\/wp-json\/wp\/v2\/types\/page"}],"author":[{"embeddable":true,"href":"https:\/\/science.rmtmo.eu\/en\/wp-json\/wp\/v2\/users\/4"}],"replies":[{"embeddable":true,"href":"https:\/\/science.rmtmo.eu\/en\/wp-json\/wp\/v2\/comments?post=10631"}],"version-history":[{"count":1,"href":"https:\/\/science.rmtmo.eu\/en\/wp-json\/wp\/v2\/pages\/10631\/revisions"}],"predecessor-version":[{"id":10632,"href":"https:\/\/science.rmtmo.eu\/en\/wp-json\/wp\/v2\/pages\/10631\/revisions\/10632"}],"up":[{"embeddable":true,"href":"https:\/\/science.rmtmo.eu\/en\/wp-json\/wp\/v2\/pages\/3482"}],"wp:attachment":[{"href":"https:\/\/science.rmtmo.eu\/en\/wp-json\/wp\/v2\/media?parent=10631"}],"curies":[{"name":"wp","href":"https:\/\/api.w.org\/{rel}","templated":true}]}}