{"id":9296,"date":"2020-08-25T13:47:02","date_gmt":"2020-08-25T11:47:02","guid":{"rendered":"https:\/\/science.rmtmo.eu\/?page_id=9296"},"modified":"2020-08-25T13:47:02","modified_gmt":"2020-08-25T11:47:02","slug":"database-infrastruktur","status":"publish","type":"page","link":"https:\/\/science.rmtmo.eu\/de\/koordinationstoolbox\/vernetzung\/database-infrastruktur\/","title":{"rendered":"Database Infrastruktur"},"content":{"rendered":"<section  class=\"section swatch-sciences-white section-short \" ><div class=\"background-media\"><\/div><div class=\"background-overlay\" style=\"\"><\/div><div class=\"container\"><div class=\"row vertical-top\"><div class=\"col-md-6  text-default\" ><h2 class=\"text-left normal regular bordered-header\">Digitale Datenbank Gro\u00dfforschungsinfrastruktur<\/h2><p>Zahlreiche <strong>grenz\u00fcberschreitende Initiativen<\/strong> am Oberrhein erm\u00f6glichen den <strong>Wissenschaftseinrichtungen<\/strong> und deren <strong>Wissenschaftler*innen<\/strong> sich zu <strong>vernetzen<\/strong>, <strong>Potentiale<\/strong> in der <strong>grenz\u00fcberschreitenden Zusammenarbeit<\/strong> zu erkennen und <strong>gemeinsame Projekte<\/strong> zu erarbeiten.<\/p>\n<p>&nbsp;<\/p>\n<p>Eine optimale <strong>Nutzung bestehender Forschungsinfrastrukturen<\/strong> am Oberrhein leistet einen <strong>entscheidenden Beitrag<\/strong> zur <strong>wissenschaftlichen Vernetzung<\/strong> in der Region. Das Projekt <a href=\"https:\/\/rmtmo-ri.uni-freiburg.de\/\">RMTMO RI<\/a>, das von 14 Partner \u2013 Universit\u00e4ten und Forschungseinrichtungen in Deutschland, Frankreich und der Schweiz &#8211; getragen wurde, hat eine <strong>digitale Datenbank<\/strong> entwickelt, die zahlreiche <strong>Core Facilities verschiedener wissenschaftlicher Bereiche<\/strong> enth\u00e4lt, zu denen Interessierte (sowohl Wissenschaftler_innen des Oberrheins aber auch m\u00f6glichen Privatpartner wie KMUs) Zugriff haben k\u00f6nnen.<\/p>\n<p>&nbsp;<\/p>\n<p><img loading=\"lazy\" decoding=\"async\" class=\"alignnone wp-image-5616\" src=\"https:\/\/science.rmtmo.eu\/wp-content\/uploads\/2018\/12\/pfeil-150x150.jpg\" alt=\"\" width=\"31\" height=\"31\"> Zugang zur <a href=\"https:\/\/www.rmtmo-ri-database.eu\/\">digitalen Datenbank<\/a><\/p>\n<\/div><div class=\"col-md-6  text-default\" >[vc_empty_space][vc_empty_space]<img decoding=\"async\" alt=\"\" src=\"https:\/\/science.rmtmo.eu\/wp-content\/uploads\/2020\/08\/RMTMORI_Logo_rgb-300x80.png\" class=\"alignnone\"\/><\/div><\/div><\/div><\/section>\n","protected":false},"excerpt":{"rendered":"Digitale Datenbank Gro\u00dfforschungsinfrastrukturZahlreiche grenz\u00fcberschreitende Initiativen am Oberrhein erm\u00f6glichen den Wissenschaftseinrichtungen und deren Wissenschaftler*innen sich zu vernetzen, Potentiale in der grenz\u00fcberschreitenden Zusammenarbeit zu erkennen und gemeinsame Projekte zu erarbeiten. &nbsp; Eine optimale Nutzung bestehender Forschungsinfrastrukturen am Oberrhein leistet einen entscheidenden Beitrag zur wissenschaftlichen Vernetzung in der Region. Das Projekt RMTMO RI, das von 14 Partner \u2013","protected":false},"author":4,"featured_media":0,"parent":8810,"menu_order":0,"comment_status":"closed","ping_status":"closed","template":"","meta":{"ngg_post_thumbnail":0,"footnotes":""},"class_list":["post-9296","page","type-page","status-publish","hentry"],"aioseo_notices":[],"_links":{"self":[{"href":"https:\/\/science.rmtmo.eu\/de\/wp-json\/wp\/v2\/pages\/9296","targetHints":{"allow":["GET"]}}],"collection":[{"href":"https:\/\/science.rmtmo.eu\/de\/wp-json\/wp\/v2\/pages"}],"about":[{"href":"https:\/\/science.rmtmo.eu\/de\/wp-json\/wp\/v2\/types\/page"}],"author":[{"embeddable":true,"href":"https:\/\/science.rmtmo.eu\/de\/wp-json\/wp\/v2\/users\/4"}],"replies":[{"embeddable":true,"href":"https:\/\/science.rmtmo.eu\/de\/wp-json\/wp\/v2\/comments?post=9296"}],"version-history":[{"count":4,"href":"https:\/\/science.rmtmo.eu\/de\/wp-json\/wp\/v2\/pages\/9296\/revisions"}],"predecessor-version":[{"id":9303,"href":"https:\/\/science.rmtmo.eu\/de\/wp-json\/wp\/v2\/pages\/9296\/revisions\/9303"}],"up":[{"embeddable":true,"href":"https:\/\/science.rmtmo.eu\/de\/wp-json\/wp\/v2\/pages\/8810"}],"wp:attachment":[{"href":"https:\/\/science.rmtmo.eu\/de\/wp-json\/wp\/v2\/media?parent=9296"}],"curies":[{"name":"wp","href":"https:\/\/api.w.org\/{rel}","templated":true}]}}