{"id":9066,"date":"2020-07-24T10:23:15","date_gmt":"2020-07-24T08:23:15","guid":{"rendered":"https:\/\/science.rmtmo.eu\/?page_id=9066"},"modified":"2021-05-05T12:21:55","modified_gmt":"2021-05-05T10:21:55","slug":"dialog-science-2020","status":"publish","type":"page","link":"https:\/\/science.rmtmo.eu\/de\/dialog-science\/dialog-science-2020\/","title":{"rendered":"Dialog Science 2020"},"content":{"rendered":"<section  class=\"section swatch-sciences-white section-short \" ><div class=\"background-media\"><\/div><div class=\"background-overlay\" style=\"\"><\/div><div class=\"container\"><div class=\"row vertical-top\"><div class=\"col-md-6  text-default\" ><h1 class=\"text-left super regular bordered-header\">Dialog Science 2020<\/h1><p>Wie in den vergangenen Jahren organisiert das B\u00fcro der S\u00e4ule Wissenschaft im Oktober und November 2020 die diesj\u00e4hrige Ausgabe des \u201eDialog Science\u201c. Diese Initiative soll dazu dienen:<\/p>\n<ul>\n<li>grenz\u00fcberschreitende Wissenschaftsprojekte und den Oberrheinraum als wissenschaftliche Exzellenzregion sichtbar zu machen<\/li>\n<li>wissenschaftliche Akteure (Dozent_innen, Forscher_innen, Promovierende und auch Studierende) am Oberrhein zu vernetzen<\/li>\n<li>den Austausch mit Politik, Verwaltung, Wirtschaft und Gesellschaft sowie dem breiteren Publikum zu f\u00f6rdern<\/li>\n<\/ul>\n<p>Das Jahr 2020 ist in vielerlei Hinsicht etwas Besonderes. Aufgrund der Corona-Gesundheitskrise mussten die wissenschaftliche Zusammenarbeit und die Forschungsprojekte angepasst werden: Treffen, Konferenzen, Symposien und weitere Veranstaltungen mussten oft abgesagt werden und ihre Durchf\u00fchrung ist noch immer ungewiss, was mit der noch nicht absehbaren Ausbreitung des Virus im Herbst zusammenh\u00e4ngt. Die Forschungsarbeit und wissenschaftliche Zusammenarbeit am Oberrhein kam jedoch nicht zum Erliegen. Die wissenschaftliche Zusammenarbeit konnte nun jedoch nicht mehr auf Veranstaltungen als Schaufenster und die M\u00f6glichkeiten f\u00fcr Austausch und Vernetzung zur\u00fcckgreifen, die in den letzten Monaten selten geworden sind. Gleichzeitig ist auch die Wissenschaft allerdings gest\u00e4rkt aus der Krise hervorgegangen, und die wissenschaftliche Arbeit sowie das Wort der Wissenschaft sind zu einem wichtigen Teil des politischen und gesellschaftlichen Austauschs im Zusammenhang mit der Gesundheitssituation geworden.<strong> In diesem Kontext bietet Dialog Science eine wichtige Gelegenheit, die Dynamik und die Exzellenz der Wissenschaft am Oberrhein zu zeigen.<\/strong><\/p>\n<p><img loading=\"lazy\" decoding=\"async\" class=\"alignnone wp-image-5618\" src=\"https:\/\/science.rmtmo.eu\/wp-content\/uploads\/2018\/12\/pfeil-150x150.jpg\" alt=\"\" width=\"33\" height=\"33\"> Das Programm mit den im Rahmen von Dialog Science 2020 organisierten Veranstaltungen ist<strong>&nbsp;<a href=\"https:\/\/science.rmtmo.eu\/de\/dialog-science\/dialog-science-2020\/programm\/\">hier<\/a>&nbsp;<\/strong>abrufbar.<\/p>\n<\/div><div class=\"col-md-6  text-default\" ><img decoding=\"async\" alt=\"\" src=\"https:\/\/science.rmtmo.eu\/wp-content\/uploads\/2016\/08\/dialog-science-2016-e1478878053796.png\" class=\"alignnone\"\/><p>Im Rahmen <strong>des Aufrufs zur Beteiligung Dialog Science 2020<\/strong> k\u00f6nnen Veranstalter_innen von finanzieller Unterst\u00fctzung f\u00fcr die praktische Organisation der Veranstaltung; f\u00fcr die Verdolmetschung der Veranstaltung; f\u00fcr die \u00dcbersetzung von Beitr\u00e4gen\/Publikationen im Zusammenhang mit der wissenschaftlichen Veranstaltung; oder f\u00fcr die Teilnahme von Referent_innen und Teilnehmenden aus benachbarten Regionen im Rahmen der TMO profitieren.<\/p>\n<p>Dank &#8222;Dialog Science&#8220; profitieren ebenfalls wissenschaftliche Events am Oberrhein von einer erh\u00f6hten Sichtbarkeit \u00fcber die Grenze hinaus.<\/p>\n<p><strong><img loading=\"lazy\" decoding=\"async\" class=\"alignnone wp-image-5616\" src=\"https:\/\/science.rmtmo.eu\/wp-content\/uploads\/2018\/12\/pfeil-150x150.jpg\" alt=\"\" width=\"33\" height=\"33\"> Der Aufruf finden Sie hier: <a href=\"https:\/\/science.rmtmo.eu\/wp-content\/uploads\/2020\/07\/Aufruf_Dialog-Science-2020_750KB.pdf\" target=\"_blank\" rel=\"noopener noreferrer\">Aufruf_Dialog Science 2020_750KB<\/a><\/strong><\/p>\n<p><span style=\"color: #ff0000;\">Die Frist f\u00fcr die Einreichung der Antr\u00e4ge ist abgelaufen.<\/span><\/p>\n<p><strong>Kontakt: <\/strong>Julie Corouge oder Anna\u00eblle Morin, Projektbeauftragten des Koordinationsb\u00fcros der S\u00e4ule Wissenschaft, +49 7851 7407-36, julie.corouge[at]rmtmo.eu, +49 7851 7407 \u2013 37 annaelle.morin[at]rmtmo.eu<\/p>\n<p><em>Dieser Aufruf zur Beteiligung ist im Rahmen der Durchf\u00fcrhrung des Interreg V Oberrhein Projekts \u201eKoordinationsb\u00fcro S\u00e4ule Wissenschaft\u201c organisiert.<\/em><\/p>\n<\/div><\/div><\/div><\/section>\n","protected":false},"excerpt":{"rendered":"Dialog Science 2020Wie in den vergangenen Jahren organisiert das B\u00fcro der S\u00e4ule Wissenschaft im Oktober und November 2020 die diesj\u00e4hrige Ausgabe des \u201eDialog Science\u201c. Diese Initiative soll dazu dienen: grenz\u00fcberschreitende Wissenschaftsprojekte und den Oberrheinraum als wissenschaftliche Exzellenzregion sichtbar zu machen wissenschaftliche Akteure (Dozent_innen, Forscher_innen, Promovierende und auch Studierende) am Oberrhein zu vernetzen den Austausch mit","protected":false},"author":4,"featured_media":0,"parent":311,"menu_order":0,"comment_status":"closed","ping_status":"closed","template":"","meta":{"ngg_post_thumbnail":0,"footnotes":""},"class_list":["post-9066","page","type-page","status-publish","hentry"],"aioseo_notices":[],"_links":{"self":[{"href":"https:\/\/science.rmtmo.eu\/de\/wp-json\/wp\/v2\/pages\/9066","targetHints":{"allow":["GET"]}}],"collection":[{"href":"https:\/\/science.rmtmo.eu\/de\/wp-json\/wp\/v2\/pages"}],"about":[{"href":"https:\/\/science.rmtmo.eu\/de\/wp-json\/wp\/v2\/types\/page"}],"author":[{"embeddable":true,"href":"https:\/\/science.rmtmo.eu\/de\/wp-json\/wp\/v2\/users\/4"}],"replies":[{"embeddable":true,"href":"https:\/\/science.rmtmo.eu\/de\/wp-json\/wp\/v2\/comments?post=9066"}],"version-history":[{"count":10,"href":"https:\/\/science.rmtmo.eu\/de\/wp-json\/wp\/v2\/pages\/9066\/revisions"}],"predecessor-version":[{"id":10661,"href":"https:\/\/science.rmtmo.eu\/de\/wp-json\/wp\/v2\/pages\/9066\/revisions\/10661"}],"up":[{"embeddable":true,"href":"https:\/\/science.rmtmo.eu\/de\/wp-json\/wp\/v2\/pages\/311"}],"wp:attachment":[{"href":"https:\/\/science.rmtmo.eu\/de\/wp-json\/wp\/v2\/media?parent=9066"}],"curies":[{"name":"wp","href":"https:\/\/api.w.org\/{rel}","templated":true}]}}