{"id":8816,"date":"2020-06-26T11:08:32","date_gmt":"2020-06-26T09:08:32","guid":{"rendered":"https:\/\/science.rmtmo.eu\/?page_id=8816"},"modified":"2020-06-30T14:01:24","modified_gmt":"2020-06-30T12:01:24","slug":"projektaufbau-projektmanagement","status":"publish","type":"page","link":"https:\/\/science.rmtmo.eu\/de\/koordinationstoolbox\/vernetzung\/projektaufbau-projektmanagement\/","title":{"rendered":"Projektaufbau- und management"},"content":{"rendered":"<section  class=\"section swatch-sciences-white section-short \" ><div class=\"background-media\"><\/div><div class=\"background-overlay\" style=\"\"><\/div><div class=\"container\"><div class=\"row vertical-top\"><div class=\"col-md-6  text-default\" ><h2 class=\"text-left normal regular bordered-header\">Projektaufbau- und management<\/h2><p>Insbesondere im Rahmen seiner Aktivit\u00e4ten zur Betreuung der Projekte der <a href=\"https:\/\/science.rmtmo.eu\/de\/wissenschaftsoffensive\/\" target=\"_blank\" rel=\"noopener noreferrer\">Wissenschaftsoffensive<\/a> bietet das Koordinationsb\u00fcro <strong>Fortbildungsmodule<\/strong> an, die die <strong>Projekttr\u00e4ger_innen<\/strong> beim Aufbau eines Projektes unterst\u00fctzen, und <strong>Projektmanager_innen<\/strong> konkrete <strong>Informationen und Tools<\/strong> zur Hand geben, welche die erfolgreiche administrative <strong>Projektumsetzung und die Koordination<\/strong> unterst\u00fctzen.<\/p>\n<p>&nbsp;<\/p>\n<p>Zurzeit ist kein Workshop geplant.<\/p>\n<p>&nbsp;<\/p>\n<p>Das Koordinationsb\u00fcro bietet ebenfalls<strong> individuelle Beratung und Unterst\u00fctzung<\/strong> zum Projektmanagement oder Projektaufbau.<\/p>\n<p><img loading=\"lazy\" decoding=\"async\" class=\"alignnone wp-image-5616\" src=\"https:\/\/science.rmtmo.eu\/wp-content\/uploads\/2018\/12\/pfeil-150x150.jpg\" alt=\"\" width=\"36\" height=\"36\"> Schreiben Sie<a href=\"https:\/\/science.rmtmo.eu\/de\/die-saeule-wissenschaft\/kontakt\/\"> uns<\/a> an!<\/p>\n<\/div><div class=\"col-md-6  text-default\" ><p>&nbsp;<\/p>\n<p>&nbsp;<\/p>\n<\/div><\/div><\/div><\/section>\n","protected":false},"excerpt":{"rendered":"Projektaufbau- und managementInsbesondere im Rahmen seiner Aktivit\u00e4ten zur Betreuung der Projekte der Wissenschaftsoffensive bietet das Koordinationsb\u00fcro Fortbildungsmodule an, die die Projekttr\u00e4ger_innen beim Aufbau eines Projektes unterst\u00fctzen, und Projektmanager_innen konkrete Informationen und Tools zur Hand geben, welche die erfolgreiche administrative Projektumsetzung und die Koordination unterst\u00fctzen. &nbsp; Zurzeit ist kein Workshop geplant. &nbsp; Das Koordinationsb\u00fcro bietet ebenfalls","protected":false},"author":4,"featured_media":0,"parent":8810,"menu_order":0,"comment_status":"closed","ping_status":"closed","template":"","meta":{"ngg_post_thumbnail":0,"footnotes":""},"class_list":["post-8816","page","type-page","status-publish","hentry"],"aioseo_notices":[],"_links":{"self":[{"href":"https:\/\/science.rmtmo.eu\/de\/wp-json\/wp\/v2\/pages\/8816","targetHints":{"allow":["GET"]}}],"collection":[{"href":"https:\/\/science.rmtmo.eu\/de\/wp-json\/wp\/v2\/pages"}],"about":[{"href":"https:\/\/science.rmtmo.eu\/de\/wp-json\/wp\/v2\/types\/page"}],"author":[{"embeddable":true,"href":"https:\/\/science.rmtmo.eu\/de\/wp-json\/wp\/v2\/users\/4"}],"replies":[{"embeddable":true,"href":"https:\/\/science.rmtmo.eu\/de\/wp-json\/wp\/v2\/comments?post=8816"}],"version-history":[{"count":3,"href":"https:\/\/science.rmtmo.eu\/de\/wp-json\/wp\/v2\/pages\/8816\/revisions"}],"predecessor-version":[{"id":8961,"href":"https:\/\/science.rmtmo.eu\/de\/wp-json\/wp\/v2\/pages\/8816\/revisions\/8961"}],"up":[{"embeddable":true,"href":"https:\/\/science.rmtmo.eu\/de\/wp-json\/wp\/v2\/pages\/8810"}],"wp:attachment":[{"href":"https:\/\/science.rmtmo.eu\/de\/wp-json\/wp\/v2\/media?parent=8816"}],"curies":[{"name":"wp","href":"https:\/\/api.w.org\/{rel}","templated":true}]}}