{"id":8813,"date":"2020-06-26T10:28:13","date_gmt":"2020-06-26T08:28:13","guid":{"rendered":"https:\/\/science.rmtmo.eu\/?page_id=8813"},"modified":"2023-05-19T10:05:23","modified_gmt":"2023-05-19T08:05:23","slug":"interaktive-karten","status":"publish","type":"page","link":"https:\/\/science.rmtmo.eu\/de\/koordinationstoolbox\/vernetzung\/interaktive-karten\/","title":{"rendered":"Interaktive Karten"},"content":{"rendered":"<section  class=\"section swatch-sciences-white section-short \" ><div class=\"background-media\"><\/div><div class=\"background-overlay\" style=\"\"><\/div><div class=\"container\"><div class=\"row vertical-top\"><div class=\"col-md-6  text-default\" ><h2 class=\"text-left normal regular bordered-header\">Interaktive Karten<\/h2><h4><strong>Interaktive Karten zur Unterst\u00fctzung der grenz\u00fcberschreitenden Zusammenarbeit im Bereich Wissenschaft am Oberrhein<\/strong><\/h4>\n<p>&nbsp;<\/p>\n<p>Die <a href=\"http:\/\/rmtmo.eu\/de\/home.html\" target=\"_blank\" rel=\"noopener noreferrer\">Trinationale Metropolregion Oberrhein<\/a> ist gekennzeichnet durch <strong>hervorragende Leistungen in Wissenschaft und Forschung<\/strong> sowie durch eine lange Tradition der <strong>grenz\u00fcberschreitenden Zusammenarbeit.<\/strong> Die <a href=\"https:\/\/science.rmtmo.eu\/de\/\" target=\"_blank\" rel=\"noopener noreferrer\">S\u00e4ule Wissenschaft der Metropolregion Oberrhein<\/a> vereint die <strong>Wissenschaftsakteure der Grenzregion<\/strong>, sowohl Hochschul- und Forschungseinrichtungen als auch die zust\u00e4ndigen Ministerien und Gebietsk\u00f6rperschafen. Sie fungiert als eine <strong>Schnittstelle zur F\u00f6rderungen und Entwicklung der grenz\u00fcberschreitenden Zusammenarbeit<\/strong> als Treibkraft f\u00fcr die Wissenschaftsregion Oberrhein.<\/p>\n<p>&nbsp;<\/p>\n<p>Das seit 2011 bestehende<strong> Koordinationsb\u00fcro der S\u00e4ule Wissenschaft<\/strong> unterst\u00fctzt die <strong>Vernetzung der wissenschaftlichen Akteure<\/strong>, insbesondere durch die Entwicklung und Umsetzung von <strong>grenz\u00fcberschreitenden Tools<\/strong>, die zu einer besseren <strong>gegenseitigen Kenntnis der Wissenschaftsakteure<\/strong> \u00fcber die Grenze hinaus und zur <strong>Sichtbarkeit der Forschungslandschaft Oberrheinregion<\/strong> beitragen.<\/p>\n<\/div><div class=\"col-md-6  text-default\" >[vc_empty_space height=&#8220;12px&#8220;][vc_empty_space]<img decoding=\"async\" alt=\"\" src=\"https:\/\/science.rmtmo.eu\/wp-content\/uploads\/2020\/09\/Georhena-300x153.jpg\" class=\"aligncenter\"\/>[vc_empty_space]<p><strong>Interaktive Karten<\/strong>, die in Zusammenarbeit mit <a href=\"https:\/\/www.georhena.eu\/de\" target=\"_blank\" rel=\"noopener noreferrer\">GeoRhena<\/a> _dem Geographischen Informationssystem des Oberrheins_ entwickelt worden sind, stehen&nbsp; Wissenschatler_innen, Unternehmen und alle Interessierten zur Verf\u00fcgung:<\/p>\n<ul>\n<li><a href=\"https:\/\/science.rmtmo.eu\/de\/koordinationstoolbox\/vernetzung\/interaktive-karten\/paysage-scientifique\/\" target=\"_blank\" rel=\"noopener noreferrer\">Hochschul- und Forschungseinrichtungen am Oberrhein<\/a><\/li>\n<li><a href=\"https:\/\/science.rmtmo.eu\/de\/koordinationstoolbox\/vernetzung\/interaktive-karten\/wissenschaftsbereiche\/\" target=\"_blank\" rel=\"noopener noreferrer\">Wissenschaftliche Fachbereiche am Oberrhein<\/a><\/li>\n<li><a href=\"https:\/\/science.rmtmo.eu\/de\/koordinationstoolbox\/vernetzung\/interaktive-karten\/wissenschaftsvermittlung\/\" target=\"_blank\" rel=\"noopener\">Akteure der Wissenschaftsvermittlung \/ der F\u00f6rderung der Wissenschafts- und Technologiekultur am Oberrhein<\/a><\/li>\n<li><a href=\"https:\/\/science.rmtmo.eu\/de\/koordinationstoolbox\/vernetzung\/interaktive-karten\/transfer\/\" target=\"_blank\" rel=\"noopener\">Akteure des Transfers am Oberrhein<\/a><\/li>\n<\/ul>\n[vc_empty_space height=&#8220;30px&#8220;]<p>Auf dieser Karten kann der \/ die Nutzer_in durch <strong>Filterfunktionen<\/strong> die verschiedenen <strong>Hochschul- und Forschungseinrichtungsarten<\/strong> ausw\u00e4hlen, die von den Hochschul- und Forschungseinrichtungen am Oberrhein gedeckten wissenschaftlichen Fachbereiche einsehen und <strong>Pr\u00e4sentationen<\/strong> der jeweiligen Hochschul- und Forschungseinrichtungen lesen. Somit k\u00f6nnen Interessanten neue Partnereinrichtungen f\u00fcr Forschungs- und Innovationsvorhaben \u00fcber die Grenze hinaus identifizieren.<\/p>\n<\/div><\/div><\/div><\/section>\n","protected":false},"excerpt":{"rendered":"Interaktive KartenInteraktive Karten zur Unterst\u00fctzung der grenz\u00fcberschreitenden Zusammenarbeit im Bereich Wissenschaft am Oberrhein &nbsp; Die Trinationale Metropolregion Oberrhein ist gekennzeichnet durch hervorragende Leistungen in Wissenschaft und Forschung sowie durch eine lange Tradition der grenz\u00fcberschreitenden Zusammenarbeit. Die S\u00e4ule Wissenschaft der Metropolregion Oberrhein vereint die Wissenschaftsakteure der Grenzregion, sowohl Hochschul- und Forschungseinrichtungen als auch die zust\u00e4ndigen Ministerien","protected":false},"author":4,"featured_media":0,"parent":8810,"menu_order":0,"comment_status":"closed","ping_status":"closed","template":"","meta":{"ngg_post_thumbnail":0,"footnotes":""},"class_list":["post-8813","page","type-page","status-publish","hentry"],"aioseo_notices":[],"_links":{"self":[{"href":"https:\/\/science.rmtmo.eu\/de\/wp-json\/wp\/v2\/pages\/8813","targetHints":{"allow":["GET"]}}],"collection":[{"href":"https:\/\/science.rmtmo.eu\/de\/wp-json\/wp\/v2\/pages"}],"about":[{"href":"https:\/\/science.rmtmo.eu\/de\/wp-json\/wp\/v2\/types\/page"}],"author":[{"embeddable":true,"href":"https:\/\/science.rmtmo.eu\/de\/wp-json\/wp\/v2\/users\/4"}],"replies":[{"embeddable":true,"href":"https:\/\/science.rmtmo.eu\/de\/wp-json\/wp\/v2\/comments?post=8813"}],"version-history":[{"count":12,"href":"https:\/\/science.rmtmo.eu\/de\/wp-json\/wp\/v2\/pages\/8813\/revisions"}],"predecessor-version":[{"id":13464,"href":"https:\/\/science.rmtmo.eu\/de\/wp-json\/wp\/v2\/pages\/8813\/revisions\/13464"}],"up":[{"embeddable":true,"href":"https:\/\/science.rmtmo.eu\/de\/wp-json\/wp\/v2\/pages\/8810"}],"wp:attachment":[{"href":"https:\/\/science.rmtmo.eu\/de\/wp-json\/wp\/v2\/media?parent=8813"}],"curies":[{"name":"wp","href":"https:\/\/api.w.org\/{rel}","templated":true}]}}