{"id":8810,"date":"2020-06-26T10:25:07","date_gmt":"2020-06-26T08:25:07","guid":{"rendered":"https:\/\/science.rmtmo.eu\/?page_id=8810"},"modified":"2023-03-21T14:11:14","modified_gmt":"2023-03-21T13:11:14","slug":"vernetzung","status":"publish","type":"page","link":"https:\/\/science.rmtmo.eu\/de\/koordinationstoolbox\/vernetzung\/","title":{"rendered":"Vernetzung"},"content":{"rendered":"<section  class=\"section swatch-sciences-white section-short \" ><div class=\"background-media\"><\/div><div class=\"background-overlay\" style=\"\"><\/div><div class=\"container\"><div class=\"row vertical-top\"><div class=\"col-md-6  text-default\" ><h2 class=\"text-left normal regular bordered-header\">Vernetzung <\/h2><p>Das Koordinationsb\u00fcro der S\u00e4ule Wissenschaft erleichtert den<strong> Austausch zwischen Akteuren \u00fcber die Grenzen hinweg<\/strong> und tr\u00e4gt zur <strong>Sensibilisierung verschiedenster Organisationen<\/strong> f\u00fcr den Mehrwert der grenz\u00fcberschreitenden Kooperation bei. Es entwickelt <strong>praktische Tools<\/strong>, die die Wissenschaftsakteure erm\u00f6glichen, \u00fcber die Grenze hinaus Ihre Pendants und <strong>m\u00f6gliche Ansprechpartner<\/strong> f\u00fcr zuk\u00fcnftige Kooperationen zu <strong>identifizieren<\/strong>.<\/p>\n<p>&#8211;<a href=\"https:\/\/science.rmtmo.eu\/de\/koordinationstoolbox\/vernetzung\/interaktive-karten\/\" target=\"_blank\" rel=\"noopener noreferrer\"> Interaktive Karten<\/a> zur Wissenslandschaft Oberrhein<\/p>\n<\/div><div class=\"col-md-6  text-default\" ><\/div><\/div><\/div><\/section>\n","protected":false},"excerpt":{"rendered":"Vernetzung Das Koordinationsb\u00fcro der S\u00e4ule Wissenschaft erleichtert den Austausch zwischen Akteuren \u00fcber die Grenzen hinweg und tr\u00e4gt zur Sensibilisierung verschiedenster Organisationen f\u00fcr den Mehrwert der grenz\u00fcberschreitenden Kooperation bei. Es entwickelt praktische Tools, die die Wissenschaftsakteure erm\u00f6glichen, \u00fcber die Grenze hinaus Ihre Pendants und m\u00f6gliche Ansprechpartner f\u00fcr zuk\u00fcnftige Kooperationen zu identifizieren. - Interaktive Karten zur Wissenslandschaft","protected":false},"author":4,"featured_media":0,"parent":8762,"menu_order":0,"comment_status":"closed","ping_status":"closed","template":"","meta":{"ngg_post_thumbnail":0,"footnotes":""},"class_list":["post-8810","page","type-page","status-publish","hentry"],"aioseo_notices":[],"_links":{"self":[{"href":"https:\/\/science.rmtmo.eu\/de\/wp-json\/wp\/v2\/pages\/8810","targetHints":{"allow":["GET"]}}],"collection":[{"href":"https:\/\/science.rmtmo.eu\/de\/wp-json\/wp\/v2\/pages"}],"about":[{"href":"https:\/\/science.rmtmo.eu\/de\/wp-json\/wp\/v2\/types\/page"}],"author":[{"embeddable":true,"href":"https:\/\/science.rmtmo.eu\/de\/wp-json\/wp\/v2\/users\/4"}],"replies":[{"embeddable":true,"href":"https:\/\/science.rmtmo.eu\/de\/wp-json\/wp\/v2\/comments?post=8810"}],"version-history":[{"count":9,"href":"https:\/\/science.rmtmo.eu\/de\/wp-json\/wp\/v2\/pages\/8810\/revisions"}],"predecessor-version":[{"id":13097,"href":"https:\/\/science.rmtmo.eu\/de\/wp-json\/wp\/v2\/pages\/8810\/revisions\/13097"}],"up":[{"embeddable":true,"href":"https:\/\/science.rmtmo.eu\/de\/wp-json\/wp\/v2\/pages\/8762"}],"wp:attachment":[{"href":"https:\/\/science.rmtmo.eu\/de\/wp-json\/wp\/v2\/media?parent=8810"}],"curies":[{"name":"wp","href":"https:\/\/api.w.org\/{rel}","templated":true}]}}