{"id":8806,"date":"2020-06-26T09:35:46","date_gmt":"2020-06-26T07:35:46","guid":{"rendered":"https:\/\/science.rmtmo.eu\/?page_id=8806"},"modified":"2021-05-03T08:21:57","modified_gmt":"2021-05-03T06:21:57","slug":"broschueren","status":"publish","type":"page","link":"https:\/\/science.rmtmo.eu\/de\/koordinationstoolbox\/aufwertung-der-forschung\/broschueren\/","title":{"rendered":"Brosch\u00fcren"},"content":{"rendered":"<section  class=\"section swatch-sciences-white section-short \" ><div class=\"background-media\"><\/div><div class=\"background-overlay\" style=\"\"><\/div><div class=\"container\"><div class=\"row vertical-top\"><div class=\"col-md-6  text-default\" ><h2 class=\"text-left normal regular bordered-header\">Brosch\u00fcren<\/h2><p>In Hinblick auf die Verbreitung in einem gr\u00f6\u00dferen Kreis und die F\u00f6rderung der laufenden wissenschaftlichen Zusammenarbeit am Oberrhein hat das Koordinationsb\u00fcro verschiedene Brosch\u00fcren erstellt:<\/p>\n<p>&#8211; <strong>Hochschul- und Forschungslandschaft am Oberrhein<\/strong><\/p>\n<h3><a href=\"https:\/\/de.calameo.com\/read\/006678980232e15f499c7\" target=\"_blank\" rel=\"noopener\"><img loading=\"lazy\" decoding=\"async\" class=\"alignnone wp-image-5616\" src=\"https:\/\/science.rmtmo.eu\/wp-content\/uploads\/2018\/12\/pfeil-150x150.jpg\" alt=\"\" width=\"27\" height=\"27\"> <strong>In der Brosch\u00fcre bl\u00e4ttern<\/strong><\/a><\/h3>\n<h3><a href=\"https:\/\/de.calameo.com\/read\/006678980232e15f499c7\" target=\"_blank\" rel=\"noopener\"><img loading=\"lazy\" decoding=\"async\" class=\"alignnone wp-image-5616\" src=\"https:\/\/science.rmtmo.eu\/wp-content\/uploads\/2018\/12\/pfeil-150x150.jpg\" alt=\"\" width=\"27\" height=\"27\"><\/a><strong><a href=\"https:\/\/science.rmtmo.eu\/wp-content\/uploads\/2021\/04\/5353_TMO_Broschuere1_A5quer_de_WEB_Einzelseiten.pdf\" target=\"_blank\" rel=\"noopener\"> Die Brosch\u00fcre herunterladen<\/a><\/strong><\/h3>\n<p>\u2013 <strong>Grenz\u00fcberschreitende Zusammenarbeit im Bereich Wissenschaft, Forschung und Innovation in der Trinationalen Metropolregion Oberrhein: <em>Projekte, Initiativen &amp; Akteure<\/em><\/strong>&nbsp;<\/p>\n<h3><a href=\"https:\/\/de.calameo.com\/read\/0066789807976cd8bd60e\" target=\"_blank\" rel=\"noopener\"><img loading=\"lazy\" decoding=\"async\" class=\"alignnone wp-image-5616\" src=\"https:\/\/science.rmtmo.eu\/wp-content\/uploads\/2018\/12\/pfeil-150x150.jpg\" alt=\"\" width=\"27\" height=\"27\"> <strong>In der Brosch\u00fcre bl\u00e4ttern<\/strong><\/a><\/h3>\n<h3><a href=\"https:\/\/de.calameo.com\/read\/006678980232e15f499c7\" target=\"_blank\" rel=\"noopener\"><img loading=\"lazy\" decoding=\"async\" class=\"alignnone wp-image-5616\" src=\"https:\/\/science.rmtmo.eu\/wp-content\/uploads\/2018\/12\/pfeil-150x150.jpg\" alt=\"\" width=\"27\" height=\"27\"><\/a><strong><a href=\"https:\/\/science.rmtmo.eu\/wp-content\/uploads\/2021\/05\/5353_TMO_Broschuere2_A5quer_de_WEB_Einzelseiten.pdf\" target=\"_blank\" rel=\"noopener\"> Die Brosch\u00fcre herunterladen<\/a><\/strong><\/h3>\n<p>&nbsp;<\/p>\n<p>Sie m\u00f6chten <strong>diese Brosch\u00fcren<\/strong> in Ihrer Einrichtung <strong>verteilen<\/strong> oder bei externen Besuchen Ihren G\u00e4sten ein Exemplar zur Verf\u00fcgung stellen? <strong>Dann schreiben Sie uns eine <\/strong><a href=\"https:\/\/science.rmtmo.eu\/de\/die-saeule-wissenschaft\/kontakt\/\"><strong>Mail<\/strong><\/a><strong>, wir verschicken gerne gedruckte Versionen dieser Brosch\u00fcren<\/strong>.<\/p>\n<\/div><div class=\"col-md-6  text-default\" ><p>&nbsp;<\/p>\n<p>&nbsp;<\/p>\n<\/div><\/div><\/div><\/section>\n","protected":false},"excerpt":{"rendered":"Brosch\u00fcrenIn Hinblick auf die Verbreitung in einem gr\u00f6\u00dferen Kreis und die F\u00f6rderung der laufenden wissenschaftlichen Zusammenarbeit am Oberrhein hat das Koordinationsb\u00fcro verschiedene Brosch\u00fcren erstellt: - Hochschul- und Forschungslandschaft am Oberrhein In der Brosch\u00fcre bl\u00e4ttern Die Brosch\u00fcre herunterladen \u2013 Grenz\u00fcberschreitende Zusammenarbeit im Bereich Wissenschaft, Forschung und Innovation in der Trinationalen Metropolregion Oberrhein: Projekte, Initiativen &amp; Akteure&nbsp;","protected":false},"author":4,"featured_media":0,"parent":8792,"menu_order":0,"comment_status":"closed","ping_status":"closed","template":"","meta":{"ngg_post_thumbnail":0,"footnotes":""},"class_list":["post-8806","page","type-page","status-publish","hentry"],"aioseo_notices":[],"_links":{"self":[{"href":"https:\/\/science.rmtmo.eu\/de\/wp-json\/wp\/v2\/pages\/8806","targetHints":{"allow":["GET"]}}],"collection":[{"href":"https:\/\/science.rmtmo.eu\/de\/wp-json\/wp\/v2\/pages"}],"about":[{"href":"https:\/\/science.rmtmo.eu\/de\/wp-json\/wp\/v2\/types\/page"}],"author":[{"embeddable":true,"href":"https:\/\/science.rmtmo.eu\/de\/wp-json\/wp\/v2\/users\/4"}],"replies":[{"embeddable":true,"href":"https:\/\/science.rmtmo.eu\/de\/wp-json\/wp\/v2\/comments?post=8806"}],"version-history":[{"count":9,"href":"https:\/\/science.rmtmo.eu\/de\/wp-json\/wp\/v2\/pages\/8806\/revisions"}],"predecessor-version":[{"id":10573,"href":"https:\/\/science.rmtmo.eu\/de\/wp-json\/wp\/v2\/pages\/8806\/revisions\/10573"}],"up":[{"embeddable":true,"href":"https:\/\/science.rmtmo.eu\/de\/wp-json\/wp\/v2\/pages\/8792"}],"wp:attachment":[{"href":"https:\/\/science.rmtmo.eu\/de\/wp-json\/wp\/v2\/media?parent=8806"}],"curies":[{"name":"wp","href":"https:\/\/api.w.org\/{rel}","templated":true}]}}