{"id":8795,"date":"2020-06-25T16:54:59","date_gmt":"2020-06-25T14:54:59","guid":{"rendered":"https:\/\/science.rmtmo.eu\/?page_id=8795"},"modified":"2025-07-02T10:12:52","modified_gmt":"2025-07-02T08:12:52","slug":"kommunikationstools","status":"publish","type":"page","link":"https:\/\/science.rmtmo.eu\/de\/koordinationstoolbox\/aufwertung-der-forschung\/kommunikationstools\/","title":{"rendered":"Kommunikationstools"},"content":{"rendered":"<section  class=\"section swatch-sciences-white section-short \" ><div class=\"background-media\"><\/div><div class=\"background-overlay\" style=\"\"><\/div><div class=\"container\"><div class=\"row vertical-top\"><div class=\"col-md-6  text-default\" ><h2 class=\"text-left normal regular bordered-header\">Kommunikationstools<\/h2><p>Die zentrale Aufgabe des Koordinationsb\u00fcros besteht darin, den Akteuren der S\u00e4ule Wissenschaft der Trinationalen Metropolregion Oberrhein (TMO) <strong>praktische Unterst\u00fctzung<\/strong> <strong>und Dienste<\/strong> zu bieten. Das B\u00fcro tr\u00e4gt ebenfalls bei der <strong>St\u00e4rkung des Oberrheins<\/strong> als <strong>wissenschaftlicher Exzellenzstandort<\/strong> bei.<\/p>\n<p>Die Themen <strong>Wissenschaftsvermittlung, Kommunikation &amp; \u00d6ffentlichkeitsarbeit<\/strong> sind <strong>Schwerpunktthemen<\/strong> f\u00fcr wissenschaftliche Projekte am Oberrhein. Neben den Kommunikationspflichten von F\u00f6rderprogrammen m\u00fcssen <strong>Projekte und ihre Akteure<\/strong> weitere Anstrengungen unternehmen, um <strong>ihre Arbeit auf verschiedenen Ebenen<\/strong> (regional, national, europ\u00e4isch) und<strong> f\u00fcr verschiedene Zielgruppen<\/strong> (Wirtschaft zur Valorisierung von Forschungsergebnissen, institutioneller und politischer Sektor als wichtiger Impulsgeber, die breite \u00d6ffentlichkeit, wissenschaftliche Community) <strong>sichtbar zu machen<\/strong>. Die <strong>Dreisprachigkeit<\/strong> (Deutsch, Franz\u00f6sisch, Englisch), die in wissenschaftlichen Projekten h\u00e4ufig von N\u00f6ten ist, stellt eine <strong>Herausforderung f\u00fcr die Kommunikation<\/strong> dar.&nbsp;<\/p>\n<img decoding=\"async\" alt=\"\" src=\"https:\/\/science.rmtmo.eu\/wp-content\/uploads\/2020\/11\/Communicationinterculturelle-300x240.jpg\" class=\"aligncenter\"\/><\/div><div class=\"col-md-6  text-default\" ><p><strong>Verschiedene Hilfsmittel<\/strong> unterst\u00fctzen die<strong> Projekte und deren Teams<\/strong>, ihre Kommunikation besser zu gestalten, und die <strong>Sichtbarkeit deren Aktivit\u00e4ten zu erh\u00f6hen<\/strong>:<\/p>\n<p>&nbsp;<\/p>\n<p>&#8211; Fortbildungsmodule zum Thema Kommunikation &amp; \u00d6ffentlichkeitsarbeit:&nbsp;<\/p>\n<p><strong>\u201eKonzeption und Planung einer wirksamen Kommunikationsstrategie\u201c<\/strong> (14. Dezember 2020), online:<\/p>\n<p><img loading=\"lazy\" decoding=\"async\" class=\"alignnone wp-image-5616\" src=\"https:\/\/science.rmtmo.eu\/wp-content\/uploads\/2018\/12\/pfeil-150x150.jpg\" alt=\"\" width=\"19\" height=\"19\"> <a href=\"https:\/\/science.rmtmo.eu\/wp-content\/uploads\/2020\/11\/rmtmo_saeule_wissenschaft_Programm_Fortbildung_1_VD_2.pdf\" target=\"_blank\" rel=\"noopener noreferrer\">PROGRAMM<\/a><\/p>\n<p><img loading=\"lazy\" decoding=\"async\" class=\"alignnone wp-image-5616\" src=\"https:\/\/science.rmtmo.eu\/wp-content\/uploads\/2018\/12\/pfeil-150x150.jpg\" alt=\"\" width=\"19\" height=\"19\"> <a href=\"https:\/\/science.rmtmo.eu\/wp-content\/uploads\/2021\/04\/01-DE_Formation-webinaire_stategie-communication_ressources.pdf\" target=\"_blank\" rel=\"noopener\">BOOKLET FORTBILDUNG<\/a><\/p>\n<p>&nbsp;<\/p>\n<p>2.&nbsp; <strong>\u201ePresse-, \u00d6ffentlichkeits- und Medienarbeit im grenz\u00fcberschreitenden Kontext&#8220;<\/strong> (19. Januar 2021), online:&nbsp;<\/p>\n<p><img loading=\"lazy\" decoding=\"async\" class=\"alignnone wp-image-5616\" src=\"https:\/\/science.rmtmo.eu\/wp-content\/uploads\/2018\/12\/pfeil-150x150.jpg\" alt=\"\" width=\"19\" height=\"19\">&nbsp;<a href=\"https:\/\/science.rmtmo.eu\/wp-content\/uploads\/2020\/12\/rmtmo_saeule_wissenschaft_Program_Fortbildung_2_DV.pdf\" target=\"_blank\" rel=\"noopener noreferrer\">PROGRAMM<\/a><\/p>\n<p><img loading=\"lazy\" decoding=\"async\" class=\"alignnone wp-image-5616\" src=\"https:\/\/science.rmtmo.eu\/wp-content\/uploads\/2018\/12\/pfeil-150x150.jpg\" alt=\"\" width=\"19\" height=\"19\"> <a href=\"https:\/\/science.rmtmo.eu\/wp-content\/uploads\/2021\/04\/02-DE-Formation-webinaire_Relations-presse_ressources.pdf\" target=\"_blank\" rel=\"noopener\">BOOKLET FORTBILDUNG<\/a><\/p>\n<p>&nbsp;<\/p>\n<p>3.&nbsp; <strong>\u201eWissenstransfer und Wissenschaftsvermittlung: die Herausforderungen der Verbreitung wissenschaftlicher Arbeiten\u201c <\/strong>(9. Februar 2021), online:<\/p>\n<p><img loading=\"lazy\" decoding=\"async\" class=\"alignnone wp-image-5616\" src=\"https:\/\/science.rmtmo.eu\/wp-content\/uploads\/2018\/12\/pfeil-150x150.jpg\" alt=\"\" width=\"19\" height=\"19\"> <a href=\"https:\/\/science.rmtmo.eu\/wp-content\/uploads\/2021\/01\/rmtmo_saeule_wissenschaft_programm_fortbildung_3_DV.pdf\">PROGRAMM<\/a><\/p>\n<p><img loading=\"lazy\" decoding=\"async\" class=\"alignnone wp-image-5616\" src=\"https:\/\/science.rmtmo.eu\/wp-content\/uploads\/2018\/12\/pfeil-150x150.jpg\" alt=\"\" width=\"19\" height=\"19\"> <a href=\"https:\/\/science.rmtmo.eu\/wp-content\/uploads\/2021\/04\/03-DE-Formation-webinaire-Mediation-Ressources.pdf\" target=\"_blank\" rel=\"noopener\">BOOKLET FORTBILDUNG<\/a><\/p>\n<p>&nbsp;<\/p>\n<p>&#8211; <a href=\"https:\/\/science.rmtmo.eu\/wp-content\/uploads\/2020\/09\/GUIDE-BP-DE_OK3.pdf\">Leitfaden zu &#8222;Best Practices&#8220;<\/a><\/p>\n<p>&#8211; <a href=\"https:\/\/science.rmtmo.eu\/wp-content\/uploads\/2025\/07\/Wissenschaftsoffensive_Interreg_Kommunikation_OA_Merkblatter_kompiliert.pdf\">Merkbl\u00e4tter f\u00fcr eine wirksame und gute Kommunikation<\/a>&nbsp;(zum Beispiel zur Erstellung einer visuellen Identit\u00e4t f\u00fcr Ihr Projekt, Entwicklung einer Kommunikationsstrategie oder Organisation einer Veranstaltung oder weitere Ma\u00dfnahmen f\u00fcr die breite \u00d6ffentlichkeit, usw.).&nbsp;<\/p>\n<p>Alle diese Werkzeuge sind die Ergebnisse einer<strong> Zusammenarbeit<\/strong> zur <strong>B\u00fcndelung von Ressourcen und Kapitalisierung der Erfahrungen<\/strong> existierenden und vergangenen Projekte.<\/p>\n<\/div><\/div><\/div><\/section>\n","protected":false},"excerpt":{"rendered":"KommunikationstoolsDie zentrale Aufgabe des Koordinationsb\u00fcros besteht darin, den Akteuren der S\u00e4ule Wissenschaft der Trinationalen Metropolregion Oberrhein (TMO) praktische Unterst\u00fctzung und Dienste zu bieten. Das B\u00fcro tr\u00e4gt ebenfalls bei der St\u00e4rkung des Oberrheins als wissenschaftlicher Exzellenzstandort bei. Die Themen Wissenschaftsvermittlung, Kommunikation &amp; \u00d6ffentlichkeitsarbeit sind Schwerpunktthemen f\u00fcr wissenschaftliche Projekte am Oberrhein. Neben den Kommunikationspflichten von F\u00f6rderprogrammen m\u00fcssen","protected":false},"author":4,"featured_media":0,"parent":8792,"menu_order":0,"comment_status":"closed","ping_status":"closed","template":"","meta":{"ngg_post_thumbnail":0,"footnotes":""},"class_list":["post-8795","page","type-page","status-publish","hentry"],"aioseo_notices":[],"_links":{"self":[{"href":"https:\/\/science.rmtmo.eu\/de\/wp-json\/wp\/v2\/pages\/8795","targetHints":{"allow":["GET"]}}],"collection":[{"href":"https:\/\/science.rmtmo.eu\/de\/wp-json\/wp\/v2\/pages"}],"about":[{"href":"https:\/\/science.rmtmo.eu\/de\/wp-json\/wp\/v2\/types\/page"}],"author":[{"embeddable":true,"href":"https:\/\/science.rmtmo.eu\/de\/wp-json\/wp\/v2\/users\/4"}],"replies":[{"embeddable":true,"href":"https:\/\/science.rmtmo.eu\/de\/wp-json\/wp\/v2\/comments?post=8795"}],"version-history":[{"count":30,"href":"https:\/\/science.rmtmo.eu\/de\/wp-json\/wp\/v2\/pages\/8795\/revisions"}],"predecessor-version":[{"id":15076,"href":"https:\/\/science.rmtmo.eu\/de\/wp-json\/wp\/v2\/pages\/8795\/revisions\/15076"}],"up":[{"embeddable":true,"href":"https:\/\/science.rmtmo.eu\/de\/wp-json\/wp\/v2\/pages\/8792"}],"wp:attachment":[{"href":"https:\/\/science.rmtmo.eu\/de\/wp-json\/wp\/v2\/media?parent=8795"}],"curies":[{"name":"wp","href":"https:\/\/api.w.org\/{rel}","templated":true}]}}