{"id":8792,"date":"2020-06-25T12:19:50","date_gmt":"2020-06-25T10:19:50","guid":{"rendered":"https:\/\/science.rmtmo.eu\/?page_id=8792"},"modified":"2020-09-10T14:27:14","modified_gmt":"2020-09-10T12:27:14","slug":"aufwertung-der-forschung","status":"publish","type":"page","link":"https:\/\/science.rmtmo.eu\/de\/koordinationstoolbox\/aufwertung-der-forschung\/","title":{"rendered":"Forschungsaufwertung"},"content":{"rendered":"<section  class=\"section swatch-sciences-white section-short \" ><div class=\"background-media\"><\/div><div class=\"background-overlay\" style=\"\"><\/div><div class=\"container\"><div class=\"row vertical-top\"><div class=\"col-md-6  text-default\" ><h2 class=\"text-left normal regular bordered-header\">Aufwertung der Forschung <\/h2><p>Der <strong>Oberrhein<\/strong> ist ein <strong>einzigartiger Standort der Wissenschaft<\/strong>, durch die Mehrzahl der Wissenschaftsakteure, die Vielfalt der behandelten <strong>Wissenschaftsthematiken<\/strong> und die Anzahl an <strong>grenz\u00fcberschreitenden Wissenschaftskooperationen<\/strong>.<\/p>\n<p>Das Koordinationsb\u00fcro der S\u00e4ule Wissenschaft hat f\u00fcr Aufgabe die Verbesserung und <strong>Betreuung der Sichtbarkeit von Forschung und Forschungsprojekten am Oberrhein.<\/strong><\/p>\n<p>&nbsp;<\/p>\n<p>Hierf\u00fcr entwickelt es sowohl <strong>praktische Werkzeuge<\/strong> f\u00fcr die <strong>Projekttr\u00e4ger_innen und Projektmanager_innen<\/strong>, als auch allgemeine <strong>Brosch\u00fcre zur Aufwertung der Wissenslandschaft Oberrhein.<\/strong><\/p>\n<p>&nbsp;<\/p>\n<p>&#8211; Hier finden Sie die <a href=\"https:\/\/science.rmtmo.eu\/de\/koordinationstoolbox\/aufwertung-der-forschung\/kommunikationstools\/\" target=\"_blank\" rel=\"noopener noreferrer\">Werkzeuge, die die Wissenschaftsprojekte in deren Kommunikationsvorhaben<\/a> unterst\u00fctzen<\/p>\n<p>&#8211; Hier finden Sie <a href=\"https:\/\/science.rmtmo.eu\/de\/koordinationstoolbox\/aufwertung-der-forschung\/broschueren\/\" target=\"_blank\" rel=\"noopener noreferrer\">Brosch\u00fcren<\/a> zur Aufwertung des Oberrheins als Wissenslandschaft<\/p>\n<\/div><div class=\"col-md-6  text-default\" ><p>Das Koordinationsb\u00fcro organisiert jedes Jahr ein grenz\u00fcberschreitendes Wissenschaftsmonat \u201e<strong>Dialog Science<\/strong>\u201c. Dialog Science pr\u00e4sentiert <strong>zahlreiche Veranstaltungen<\/strong> \u2013 viele davon im Rahmen laufender INTERREG-Projekte \u2013 in denen sich den <strong>Akteuren aus Unternehmen und Wirtschaft f\u00fcr den Wissens- und Technologietransfer aus der Forschung und Lehre, Politik, und Verwaltung f\u00fcr Erkenntnisse zur Politikgestaltung, aber auch allgemeine wissenschaftsinteressierte \u00d6ffentlichkeit<\/strong> Gelegenheit des Austauschs bietet.<\/p>\n<p>Einrichtungen, die ihre Veranstaltung im Rahmen eines Aufruf zur Beteiligung Dialog Science einreichen, k\u00f6nnen von einer <strong>Unterst\u00fctzung des B\u00fcros der S\u00e4ule Wissenschaft<\/strong> profitieren, um ein Publikum regional grenz\u00fcberschreitend zu erreichen und Referenten aus Partnerregionen zu finden. Die S\u00e4ule Wissenschaft verf\u00fcgt \u00fcber <strong>finanzielle Mittel<\/strong> f\u00fcr die Organisation von grenz\u00fcberschreitenden Veranstaltungen.<\/p>\n<p>&nbsp;<\/p>\n<p><img loading=\"lazy\" decoding=\"async\" class=\"alignnone wp-image-5616\" src=\"https:\/\/science.rmtmo.eu\/wp-content\/uploads\/2018\/12\/pfeil-150x150.jpg\" alt=\"\" width=\"38\" height=\"38\"> Mehr Informationen <a href=\"https:\/\/science.rmtmo.eu\/de\/dialog-science\/\" target=\"_blank\" rel=\"noopener noreferrer\">hier<\/a>.<\/p>\n<\/div><\/div><\/div><\/section>\n","protected":false},"excerpt":{"rendered":"Aufwertung der Forschung Der Oberrhein ist ein einzigartiger Standort der Wissenschaft, durch die Mehrzahl der Wissenschaftsakteure, die Vielfalt der behandelten Wissenschaftsthematiken und die Anzahl an grenz\u00fcberschreitenden Wissenschaftskooperationen. Das Koordinationsb\u00fcro der S\u00e4ule Wissenschaft hat f\u00fcr Aufgabe die Verbesserung und Betreuung der Sichtbarkeit von Forschung und Forschungsprojekten am Oberrhein. &nbsp; Hierf\u00fcr entwickelt es sowohl praktische Werkzeuge f\u00fcr","protected":false},"author":4,"featured_media":0,"parent":8762,"menu_order":0,"comment_status":"closed","ping_status":"closed","template":"","meta":{"ngg_post_thumbnail":0,"footnotes":""},"class_list":["post-8792","page","type-page","status-publish","hentry"],"aioseo_notices":[],"_links":{"self":[{"href":"https:\/\/science.rmtmo.eu\/de\/wp-json\/wp\/v2\/pages\/8792","targetHints":{"allow":["GET"]}}],"collection":[{"href":"https:\/\/science.rmtmo.eu\/de\/wp-json\/wp\/v2\/pages"}],"about":[{"href":"https:\/\/science.rmtmo.eu\/de\/wp-json\/wp\/v2\/types\/page"}],"author":[{"embeddable":true,"href":"https:\/\/science.rmtmo.eu\/de\/wp-json\/wp\/v2\/users\/4"}],"replies":[{"embeddable":true,"href":"https:\/\/science.rmtmo.eu\/de\/wp-json\/wp\/v2\/comments?post=8792"}],"version-history":[{"count":4,"href":"https:\/\/science.rmtmo.eu\/de\/wp-json\/wp\/v2\/pages\/8792\/revisions"}],"predecessor-version":[{"id":9460,"href":"https:\/\/science.rmtmo.eu\/de\/wp-json\/wp\/v2\/pages\/8792\/revisions\/9460"}],"up":[{"embeddable":true,"href":"https:\/\/science.rmtmo.eu\/de\/wp-json\/wp\/v2\/pages\/8762"}],"wp:attachment":[{"href":"https:\/\/science.rmtmo.eu\/de\/wp-json\/wp\/v2\/media?parent=8792"}],"curies":[{"name":"wp","href":"https:\/\/api.w.org\/{rel}","templated":true}]}}