{"id":8784,"date":"2020-06-25T12:06:50","date_gmt":"2020-06-25T10:06:50","guid":{"rendered":"https:\/\/science.rmtmo.eu\/?page_id=8784"},"modified":"2020-09-10T10:25:11","modified_gmt":"2020-09-10T08:25:11","slug":"projektaufrufe","status":"publish","type":"page","link":"https:\/\/science.rmtmo.eu\/de\/koordinationstoolbox\/forschungsfoerderung-2\/projektaufrufe\/","title":{"rendered":"Projektaufrufe"},"content":{"rendered":"<section  class=\"section swatch-sciences-white section-short \" ><div class=\"background-media\"><\/div><div class=\"background-overlay\" style=\"\"><\/div><div class=\"container\"><div class=\"row vertical-top\"><div class=\"col-md-6  text-default\" ><h2 class=\"text-left normal regular bordered-header\">Projektaufrufe<\/h2><p>Diese Liste umfasst <a href=\"https:\/\/science.rmtmo.eu\/de\/koordinationstoolbox\/forschungsfoerderung-2\/projektaufrufe\/nationale-od-regionale-ausschreibungen\/\" target=\"_blank\" rel=\"noopener noreferrer\">nationale \/ regionale<\/a>, <a href=\"https:\/\/science.rmtmo.eu\/de\/koordinationstoolbox\/forschungsfoerderung-2\/projektaufrufe\/binationale-ausschreibungen\/\" target=\"_blank\" rel=\"noopener noreferrer\">bi-nationale<\/a> oder <a href=\"https:\/\/science.rmtmo.eu\/de\/koordinationstoolbox\/forschungsfoerderung-2\/projektaufrufe\/europaeische-ausschreibungen\/\" target=\"_blank\" rel=\"noopener noreferrer\">europ\u00e4ische<\/a> <strong>Projektausschreibungen<\/strong>,&nbsp; die f\u00fcr die <strong>Wissenschaftsakteure in der Oberrheinregion<\/strong> von Interesse sind zur F\u00f6rderung ihrer <strong>deutsch-franz\u00f6sischen \/ franz\u00f6sisch-schweizerischen \/ deutsch-schweizerischen<\/strong> und <strong>grenz\u00fcberschreitenden Kooperationsprojekte<\/strong> im Bereich <strong>Forschung, Innovation und Technologietransfer<\/strong> bewerben k\u00f6nnen. Dar\u00fcber hinaus sind auch <strong>Preise und Stipendien<\/strong>, die f\u00fcr die <strong>Entwicklung der grenz\u00fcberschreitenden wissenschaftlichen Zusammenarbeit<\/strong> von Bedeutung sind, aufgef\u00fchrt.<\/p>\n<ul>\n<li>Unter der Kategorie &#8222;<a href=\"https:\/\/science.rmtmo.eu\/de\/koordinationstoolbox\/forschungsfoerderung-2\/projektaufrufe\/europaeische-ausschreibungen\/\" target=\"_blank\" rel=\"noopener noreferrer\">Europ\u00e4ische Aufrufe<\/a>&#8220; werden <strong>Projektausschreibungen<\/strong> von <strong>Einrichtungen mit europ\u00e4ischem Charakter<\/strong> (insbesondere der Europ\u00e4ischen Kommission und ihrer Agenturen) aufgef\u00fchrt, die von Wissenschaftlern und Forschungseinrichtungen am Oberrhein zur <strong>F\u00f6rderung ihrer Projekte und Kooperationen<\/strong> mobilisiert werden k\u00f6nnen.<\/li>\n<\/ul>\n<p>&nbsp;<\/p>\n<ul>\n<li>Unter der Kategorie &#8222;<a href=\"https:\/\/science.rmtmo.eu\/de\/koordinationstoolbox\/forschungsfoerderung-2\/projektaufrufe\/binationale-ausschreibungen\/\" target=\"_blank\" rel=\"noopener noreferrer\">binationale Ausschreibungen<\/a>&#8220; werden die kombinierten <strong>Ausschreibungen<\/strong> <strong>von zwei nationalen Agenturen oder Organismen<\/strong> zusammengestellt, die insbesondere die <strong>wissenschaftliche Zusammenarbeit<\/strong> <strong>zwischen Frankreich, Deutschland bzw. der Schweiz<\/strong> unterst\u00fctzen und die den Wissenschaftsakteuren in der Oberrheinregion zugutekommen k\u00f6nnen.<\/li>\n<\/ul>\n<p>&nbsp;<\/p>\n<ul>\n<li>Unter der Kategorie &#8222;<a href=\"https:\/\/science.rmtmo.eu\/de\/koordinationstoolbox\/forschungsfoerderung-2\/projektaufrufe\/nationale-od-regionale-ausschreibungen\/\" target=\"_blank\" rel=\"noopener noreferrer\">nationale und regionale Ausschreibungen<\/a>&#8220; sind Ausschreibungen von <strong>Organismen und Einrichtungen aus Deutschland, Frankreich und der Schweiz<\/strong> aufgef\u00fchrt, die <strong>wissenschaftliche Projekte und Initiativen mit grenz\u00fcberschreitendem, europ\u00e4ischem oder internationalem Charakter<\/strong> f\u00f6rdern sollen, die von den Wissenschaftsakteuren in der Oberrheinregion mobilisiert werden k\u00f6nnen. In dieser Kategorie sind auch <strong>Ausschreibungen mit regionalem Charakter<\/strong> aufgef\u00fchrt, die insbesondere die <strong>Oberrheinregion und deren Teilr\u00e4ume<\/strong> betreffen.<\/li>\n<\/ul>\n<\/div><div class=\"col-md-6  text-default\" >[vc_empty_space][vc_empty_space]<p>Zu jeder Projektausschreibung finden Sie <strong>folgende Informationen<\/strong>:&nbsp;<\/p>\n<p>&#8211; Art der F\u00f6rderung (Projektausschreibungen, Stipendien, Forschungspreise),<\/p>\n<p>&#8211; f\u00f6rderf\u00e4hige Ma\u00dfnahmen (Forschungsprojekt, wissenschaftliche Veranstaltung, wissenschaftliche Projekte, Betriebskosten)<\/p>\n<p>&#8211; Forschungsthema(en)\/Disziplin(en), die f\u00fcr eine F\u00f6rderung in Frage kommen (mit Schwerpunkt auf den Themenschwerpunkten f\u00fcr die Oberrheinregion)<\/p>\n<p>&nbsp;<\/p>\n<p>&nbsp;<\/p>\n<p>Sie m\u00f6chten uns einen Vorschlag zur Erg\u00e4nzung dieser Liste machen?<\/p>\n<p><img loading=\"lazy\" decoding=\"async\" class=\"alignnone wp-image-5616\" src=\"https:\/\/science.rmtmo.eu\/wp-content\/uploads\/2018\/12\/pfeil-150x150.jpg\" alt=\"\" width=\"34\" height=\"34\"> Kontaktieren Sie uns per <a href=\"https:\/\/science.rmtmo.eu\/de\/die-saeule-wissenschaft\/kontakt\/\" target=\"_blank\" rel=\"noopener noreferrer\">Mail<\/a>!<\/p>\n<\/div><\/div><\/div><\/section>\n","protected":false},"excerpt":{"rendered":"ProjektaufrufeDiese Liste umfasst nationale \/ regionale, bi-nationale oder europ\u00e4ische Projektausschreibungen,&nbsp; die f\u00fcr die Wissenschaftsakteure in der Oberrheinregion von Interesse sind zur F\u00f6rderung ihrer deutsch-franz\u00f6sischen \/ franz\u00f6sisch-schweizerischen \/ deutsch-schweizerischen und grenz\u00fcberschreitenden Kooperationsprojekte im Bereich Forschung, Innovation und Technologietransfer bewerben k\u00f6nnen. Dar\u00fcber hinaus sind auch Preise und Stipendien, die f\u00fcr die Entwicklung der grenz\u00fcberschreitenden wissenschaftlichen Zusammenarbeit von","protected":false},"author":4,"featured_media":0,"parent":8781,"menu_order":0,"comment_status":"closed","ping_status":"closed","template":"","meta":{"ngg_post_thumbnail":0,"footnotes":""},"class_list":["post-8784","page","type-page","status-publish","hentry"],"aioseo_notices":[],"_links":{"self":[{"href":"https:\/\/science.rmtmo.eu\/de\/wp-json\/wp\/v2\/pages\/8784","targetHints":{"allow":["GET"]}}],"collection":[{"href":"https:\/\/science.rmtmo.eu\/de\/wp-json\/wp\/v2\/pages"}],"about":[{"href":"https:\/\/science.rmtmo.eu\/de\/wp-json\/wp\/v2\/types\/page"}],"author":[{"embeddable":true,"href":"https:\/\/science.rmtmo.eu\/de\/wp-json\/wp\/v2\/users\/4"}],"replies":[{"embeddable":true,"href":"https:\/\/science.rmtmo.eu\/de\/wp-json\/wp\/v2\/comments?post=8784"}],"version-history":[{"count":4,"href":"https:\/\/science.rmtmo.eu\/de\/wp-json\/wp\/v2\/pages\/8784\/revisions"}],"predecessor-version":[{"id":9451,"href":"https:\/\/science.rmtmo.eu\/de\/wp-json\/wp\/v2\/pages\/8784\/revisions\/9451"}],"up":[{"embeddable":true,"href":"https:\/\/science.rmtmo.eu\/de\/wp-json\/wp\/v2\/pages\/8781"}],"wp:attachment":[{"href":"https:\/\/science.rmtmo.eu\/de\/wp-json\/wp\/v2\/media?parent=8784"}],"curies":[{"name":"wp","href":"https:\/\/api.w.org\/{rel}","templated":true}]}}