{"id":8781,"date":"2020-06-25T12:00:08","date_gmt":"2020-06-25T10:00:08","guid":{"rendered":"https:\/\/science.rmtmo.eu\/?page_id=8781"},"modified":"2020-09-10T14:23:49","modified_gmt":"2020-09-10T12:23:49","slug":"forschungsfoerderung-2","status":"publish","type":"page","link":"https:\/\/science.rmtmo.eu\/de\/koordinationstoolbox\/forschungsfoerderung-2\/","title":{"rendered":"Forschungsf\u00f6rderung"},"content":{"rendered":"<section  class=\"section swatch-sciences-white section-short \" ><div class=\"background-media\"><\/div><div class=\"background-overlay\" style=\"\"><\/div><div class=\"container\"><div class=\"row vertical-top\"><div class=\"col-md-6  text-default\" ><h2 class=\"text-left normal regular bordered-header\">Forschungsf\u00f6rderung<\/h2><p><strong>Sie haben eine Idee f\u00fcr ein Wissenschaftsprojekt mit Partnern aus der Grenzregion und suchen nach F\u00f6rderm\u00f6glichkeiten?<\/strong><\/p>\n<p>&nbsp;<\/p>\n<p>Das Koordinationsb\u00fcro der S\u00e4ule Wissenschaft stellt den Wissenschaftler_innen am Oberrhein diese <strong>Liste von regionalen, nationalen, europ\u00e4ischen Projektaufrufen<\/strong> zur Verf\u00fcgung, die f\u00fcr die F\u00f6rderung deren <strong>grenz\u00fcberschreitenden, deutsch-franz\u00f6sischen Vorhaben im Bereich Forschung, Innovation und Technologietransfer<\/strong> von Relevanz sind.<\/p>\n<\/div><div class=\"col-md-6  text-default\" ><p>Es wurden <strong>Stichworte<\/strong> festgelegt, die die <strong>F&amp;E Schwerpunktthemen<\/strong> am Oberrhein entsprechen, und die eine <strong>thematische Suche<\/strong> vereinfachen.<\/p>\n<p>&nbsp;<\/p>\n<p>-Hier k\u00f6nnen Sie <a href=\"https:\/\/science.rmtmo.eu\/de\/koordinationstoolbox\/forschungsfoerderung-2\/projektaufrufe\/\" target=\"_blank\" rel=\"noopener noreferrer\">die Liste<\/a> finden.<\/p>\n<p>-Hier k\u00f6nnen Sie die <a href=\"https:\/\/science.rmtmo.eu\/de\/koordinationstoolbox\/forschungsfoerderung-2\/laufende-projektaufrufe\/\">Projektaufrufe die zurzeit laufen<\/a> finden.<\/p>\n<p>&nbsp;<\/p>\n<p><a href=\"https:\/\/app.mailjet.com\/widget\/iframe\/3oHb\/DZe\" target=\"_blank\" rel=\"noopener noreferrer\"><img loading=\"lazy\" decoding=\"async\" class=\"alignnone wp-image-5616\" src=\"https:\/\/science.rmtmo.eu\/wp-content\/uploads\/2018\/12\/pfeil-150x150.jpg\" alt=\"\" width=\"32\" height=\"32\"> Hier<\/a> k\u00f6nnen Sie sich auch registrieren, um einen Newsletter zu Projektaufrufen regelm\u00e4\u00dfig zu erhalten.<\/p>\n<\/div><\/div><\/div><\/section>\n","protected":false},"excerpt":{"rendered":"Forschungsf\u00f6rderungSie haben eine Idee f\u00fcr ein Wissenschaftsprojekt mit Partnern aus der Grenzregion und suchen nach F\u00f6rderm\u00f6glichkeiten? &nbsp; Das Koordinationsb\u00fcro der S\u00e4ule Wissenschaft stellt den Wissenschaftler_innen am Oberrhein diese Liste von regionalen, nationalen, europ\u00e4ischen Projektaufrufen zur Verf\u00fcgung, die f\u00fcr die F\u00f6rderung deren grenz\u00fcberschreitenden, deutsch-franz\u00f6sischen Vorhaben im Bereich Forschung, Innovation und Technologietransfer von Relevanz sind. Es wurden","protected":false},"author":4,"featured_media":0,"parent":8762,"menu_order":0,"comment_status":"closed","ping_status":"closed","template":"","meta":{"ngg_post_thumbnail":0,"footnotes":""},"class_list":["post-8781","page","type-page","status-publish","hentry"],"aioseo_notices":[],"_links":{"self":[{"href":"https:\/\/science.rmtmo.eu\/de\/wp-json\/wp\/v2\/pages\/8781","targetHints":{"allow":["GET"]}}],"collection":[{"href":"https:\/\/science.rmtmo.eu\/de\/wp-json\/wp\/v2\/pages"}],"about":[{"href":"https:\/\/science.rmtmo.eu\/de\/wp-json\/wp\/v2\/types\/page"}],"author":[{"embeddable":true,"href":"https:\/\/science.rmtmo.eu\/de\/wp-json\/wp\/v2\/users\/4"}],"replies":[{"embeddable":true,"href":"https:\/\/science.rmtmo.eu\/de\/wp-json\/wp\/v2\/comments?post=8781"}],"version-history":[{"count":4,"href":"https:\/\/science.rmtmo.eu\/de\/wp-json\/wp\/v2\/pages\/8781\/revisions"}],"predecessor-version":[{"id":9458,"href":"https:\/\/science.rmtmo.eu\/de\/wp-json\/wp\/v2\/pages\/8781\/revisions\/9458"}],"up":[{"embeddable":true,"href":"https:\/\/science.rmtmo.eu\/de\/wp-json\/wp\/v2\/pages\/8762"}],"wp:attachment":[{"href":"https:\/\/science.rmtmo.eu\/de\/wp-json\/wp\/v2\/media?parent=8781"}],"curies":[{"name":"wp","href":"https:\/\/api.w.org\/{rel}","templated":true}]}}