{"id":8762,"date":"2020-06-25T09:31:36","date_gmt":"2020-06-25T07:31:36","guid":{"rendered":"https:\/\/science.rmtmo.eu\/?page_id=8762"},"modified":"2022-02-24T12:27:27","modified_gmt":"2022-02-24T11:27:27","slug":"koordinationstoolbox","status":"publish","type":"page","link":"https:\/\/science.rmtmo.eu\/de\/koordinationstoolbox\/","title":{"rendered":"TOOLS &#038; DIENSTLEISTUNG"},"content":{"rendered":"<section  class=\"section swatch-sciences-white section-short \" ><div class=\"background-media\"><\/div><div class=\"background-overlay\" style=\"\"><\/div><div class=\"container\"><div class=\"row vertical-top\"><div class=\"col-md-6  text-default\" ><h2 class=\"text-left normal regular bordered-header\">Koordinationstoolbox<\/h2><p>Das Koordinationsb\u00fcro der S\u00e4ule Wissenschaft ist f\u00fcr die Entwicklung, Instandhaltung und Aktualisierung von praktischen Werkzeugen im Dienste der Wissenschaftskooperation am Oberrhein, insbesondere der Projekte der <a href=\"https:\/\/science.rmtmo.eu\/de\/wissenschaftsoffensive\/\" target=\"_blank\" rel=\"noopener noreferrer\">Wissenschaftsoffensive<\/a> zust\u00e4ndig:<\/p>\n<p>&nbsp;<\/p>\n<p>&#8211; Eine <a href=\"https:\/\/science.rmtmo.eu\/de\/koordinationstoolbox\/forschungsfoerderung-2\/projektaufrufe\/\" target=\"_blank\" rel=\"noopener noreferrer\">Liste von relevanten Projektaufrufe<\/a> f\u00fcr die F\u00f6rderung der grenz\u00fcberschreitenden deutsch-franz\u00f6sischen Wissenschaftskooperation<\/p>\n<p>&#8211; <a href=\"https:\/\/science.rmtmo.eu\/de\/koordinationstoolbox\/aufwertung-der-forschung\/\" target=\"_blank\" rel=\"noopener noreferrer\">Werkzeuge zur Aufwertung der Forschung und der Wissenschaftsprojekte<\/a> am Oberrhein<\/p>\n<p>&#8211; Werkzeuge zur <a href=\"https:\/\/science.rmtmo.eu\/de\/koordinationstoolbox\/vernetzung\/\" target=\"_blank\" rel=\"noopener noreferrer\">Vernetzung<\/a> der Akteure<\/p>\n<p>&#8211; Angebot f\u00fcr Projektmanager_innen grenz\u00fcberschreitenden Wissenschaftsprojekten<\/p>\n<\/div><div class=\"col-md-6  text-default\" ><\/div><\/div><\/div><\/section>\n","protected":false},"excerpt":{"rendered":"KoordinationstoolboxDas Koordinationsb\u00fcro der S\u00e4ule Wissenschaft ist f\u00fcr die Entwicklung, Instandhaltung und Aktualisierung von praktischen Werkzeugen im Dienste der Wissenschaftskooperation am Oberrhein, insbesondere der Projekte der Wissenschaftsoffensive zust\u00e4ndig: &nbsp; - Eine Liste von relevanten Projektaufrufe f\u00fcr die F\u00f6rderung der grenz\u00fcberschreitenden deutsch-franz\u00f6sischen Wissenschaftskooperation - Werkzeuge zur Aufwertung der Forschung und der Wissenschaftsprojekte am Oberrhein - Werkzeuge zur","protected":false},"author":4,"featured_media":0,"parent":0,"menu_order":0,"comment_status":"closed","ping_status":"closed","template":"","meta":{"ngg_post_thumbnail":0,"footnotes":""},"class_list":["post-8762","page","type-page","status-publish","hentry"],"aioseo_notices":[],"_links":{"self":[{"href":"https:\/\/science.rmtmo.eu\/de\/wp-json\/wp\/v2\/pages\/8762","targetHints":{"allow":["GET"]}}],"collection":[{"href":"https:\/\/science.rmtmo.eu\/de\/wp-json\/wp\/v2\/pages"}],"about":[{"href":"https:\/\/science.rmtmo.eu\/de\/wp-json\/wp\/v2\/types\/page"}],"author":[{"embeddable":true,"href":"https:\/\/science.rmtmo.eu\/de\/wp-json\/wp\/v2\/users\/4"}],"replies":[{"embeddable":true,"href":"https:\/\/science.rmtmo.eu\/de\/wp-json\/wp\/v2\/comments?post=8762"}],"version-history":[{"count":5,"href":"https:\/\/science.rmtmo.eu\/de\/wp-json\/wp\/v2\/pages\/8762\/revisions"}],"predecessor-version":[{"id":11736,"href":"https:\/\/science.rmtmo.eu\/de\/wp-json\/wp\/v2\/pages\/8762\/revisions\/11736"}],"wp:attachment":[{"href":"https:\/\/science.rmtmo.eu\/de\/wp-json\/wp\/v2\/media?parent=8762"}],"curies":[{"name":"wp","href":"https:\/\/api.w.org\/{rel}","templated":true}]}}