{"id":8464,"date":"2020-04-03T10:06:18","date_gmt":"2020-04-03T08:06:18","guid":{"rendered":"https:\/\/science.rmtmo.eu\/?page_id=8464"},"modified":"2020-07-07T09:22:37","modified_gmt":"2020-07-07T07:22:37","slug":"interreg-projekt-k-tur","status":"publish","type":"page","link":"https:\/\/science.rmtmo.eu\/de\/wissens-und-technologietransfer\/interreg-projekt-k-tur\/","title":{"rendered":"Projekt &#8222;KTUR&#8220;"},"content":{"rendered":"<section  class=\"section swatch-sciences-white section-short \" ><div class=\"background-media\"><\/div><div class=\"background-overlay\" style=\"\"><\/div><div class=\"container\"><div class=\"row vertical-top\"><div class=\"col-md-6  text-default\" ><h1 class=\"text-left super regular bordered-header\">Das Projekt &#8222;KTUR&#8220;<\/h1>[vc_empty_space][vc_empty_space]<p>Das <strong>EU-Projekt \u201eKnowledge Transfer Upper Rhine\u201c (KTUR)<\/strong> hat zum Ziel, den <strong>grenz\u00fcberschreitenden Wissens- und Technologietransfer<\/strong> (WTT) in der <strong>Trinationalen Metropolregion Oberrhein zu st\u00e4rken<\/strong>. Daf\u00fcr werden Ma\u00dfnahmen zur <strong>Intensivierung<\/strong>, <strong>Strukturierung<\/strong> und <strong>Professionalisierung<\/strong> der Zusammenarbeit zwischen <strong>WTT-Besch\u00e4ftigten aus Universit\u00e4ten und Hochschulen f\u00fcr angewandte Wissenschaften<\/strong> sowie zwischen <strong>Hochschulen<\/strong>, <strong>Intermedi\u00e4ren<\/strong> (wie z.B. IHKs oder Cluster-Initiativen), und <strong>Unternehmen<\/strong> in der Region untersucht.<\/p>\n[vc_empty_space]<p>In diesem Rahmen ist das <strong>Koordinationsb\u00fcro der S\u00e4ule Wissenschaft<\/strong> als <strong>assoziierter Partner<\/strong> im Projekt KTUR beteiligt und an der <strong>Durchf\u00fchrung folgender Ma\u00dfnahmen beteiligt<\/strong>:<\/p>\n<ul>\n<li>Benchmark-Analyse zu existierenden digitalen Kommunikationstools f\u00fcr Netzwerke &amp; Best Practices.<\/li>\n<\/ul>\n<p>In dieser Ma\u00dfnahme soll die <strong>Einrichtung eines innovativen Instruments<\/strong> erprobt werden, das <strong>WTT-Akteure untereinander vernetzt<\/strong> und damit den grenz\u00fcberschreitenden WTT in der Region st\u00e4rkt. &nbsp;&nbsp;<\/p>\n<ul>\n<li>Auflistung und Analyse von bestehenden WTT-Netzwerken und Plattformen am Oberrhein.<\/li>\n<li>Bestandsaufnahme und Analyse existierender Leistungsangebote von Intermedi\u00e4ren im Bereich WTT am Oberrhein.<\/li>\n<\/ul>\n<p>Hier geht es um die <strong>Entwicklung einer Datenbank<\/strong>, die alle <strong>WTT- Akteure am Oberrhein<\/strong> erfasst. Anhand dieser Daten wird im zweiten Schritt eine <strong>interaktive Karte<\/strong> erstellt (in K\u00fcrze verf\u00fcgbar).<\/p>\n<\/div><div class=\"col-md-6  text-default\" ><img decoding=\"async\" alt=\"\" src=\"https:\/\/science.rmtmo.eu\/wp-content\/uploads\/2020\/04\/Oberrhein_Karte_Projektpartner.png\" class=\"alignnone\"\/>[vc_empty_space]<img decoding=\"async\" alt=\"\" src=\"https:\/\/science.rmtmo.eu\/wp-content\/uploads\/2020\/07\/KTUR_Logo-Plakativ_RGB-300x75.jpg\" class=\"aligncenter\"\/>[vc_empty_space]<p><img loading=\"lazy\" decoding=\"async\" class=\"alignleft wp-image-5017 \" src=\"https:\/\/science.rmtmo.eu\/wp-content\/uploads\/2018\/10\/pfeil-150x150.jpg\" alt=\"\" width=\"68\" height=\"69\" srcset=\"https:\/\/science.rmtmo.eu\/wp-content\/uploads\/2018\/10\/pfeil-150x150.jpg 150w, https:\/\/science.rmtmo.eu\/wp-content\/uploads\/2018\/10\/pfeil.jpg 262w\" sizes=\"auto, (max-width: 68px) 100vw, 68px\" \/><\/p>\n<p>&nbsp;<\/p>\n<p>Weitere Informationen zum Projekt finden Sie hier: <a href=\"https:\/\/www.ktur.eu\/\">https:\/\/www.ktur.eu\/<\/a><\/p>\n<h3>&nbsp;<\/h3>\n<\/div><\/div><\/div><\/section>\n","protected":false},"excerpt":{"rendered":"Das Projekt \"KTUR\"[vc_empty_space][vc_empty_space]Das EU-Projekt \u201eKnowledge Transfer Upper Rhine\u201c (KTUR) hat zum Ziel, den grenz\u00fcberschreitenden Wissens- und Technologietransfer (WTT) in der Trinationalen Metropolregion Oberrhein zu st\u00e4rken. Daf\u00fcr werden Ma\u00dfnahmen zur Intensivierung, Strukturierung und Professionalisierung der Zusammenarbeit zwischen WTT-Besch\u00e4ftigten aus Universit\u00e4ten und Hochschulen f\u00fcr angewandte Wissenschaften sowie zwischen Hochschulen, Intermedi\u00e4ren (wie z.B. IHKs oder Cluster-Initiativen), und Unternehmen","protected":false},"author":4,"featured_media":0,"parent":4657,"menu_order":0,"comment_status":"closed","ping_status":"closed","template":"","meta":{"ngg_post_thumbnail":0,"footnotes":""},"class_list":["post-8464","page","type-page","status-publish","hentry"],"aioseo_notices":[],"_links":{"self":[{"href":"https:\/\/science.rmtmo.eu\/de\/wp-json\/wp\/v2\/pages\/8464","targetHints":{"allow":["GET"]}}],"collection":[{"href":"https:\/\/science.rmtmo.eu\/de\/wp-json\/wp\/v2\/pages"}],"about":[{"href":"https:\/\/science.rmtmo.eu\/de\/wp-json\/wp\/v2\/types\/page"}],"author":[{"embeddable":true,"href":"https:\/\/science.rmtmo.eu\/de\/wp-json\/wp\/v2\/users\/4"}],"replies":[{"embeddable":true,"href":"https:\/\/science.rmtmo.eu\/de\/wp-json\/wp\/v2\/comments?post=8464"}],"version-history":[{"count":7,"href":"https:\/\/science.rmtmo.eu\/de\/wp-json\/wp\/v2\/pages\/8464\/revisions"}],"predecessor-version":[{"id":9047,"href":"https:\/\/science.rmtmo.eu\/de\/wp-json\/wp\/v2\/pages\/8464\/revisions\/9047"}],"up":[{"embeddable":true,"href":"https:\/\/science.rmtmo.eu\/de\/wp-json\/wp\/v2\/pages\/4657"}],"wp:attachment":[{"href":"https:\/\/science.rmtmo.eu\/de\/wp-json\/wp\/v2\/media?parent=8464"}],"curies":[{"name":"wp","href":"https:\/\/api.w.org\/{rel}","templated":true}]}}