{"id":6937,"date":"2019-09-26T12:41:49","date_gmt":"2019-09-26T10:41:49","guid":{"rendered":"https:\/\/science.rmtmo.eu\/?page_id=6937"},"modified":"2019-10-18T10:17:38","modified_gmt":"2019-10-18T08:17:38","slug":"auftaktveranstaltung","status":"publish","type":"page","link":"https:\/\/science.rmtmo.eu\/de\/dialog-science\/dialog-science-2019\/auftaktveranstaltung\/","title":{"rendered":"Auftaktveranstaltung"},"content":{"rendered":"<section  class=\"section swatch-sciences-white section-short \" ><div class=\"background-media\"><\/div><div class=\"background-overlay\" style=\"\"><\/div><div class=\"container\"><div class=\"row vertical-top\"><div class=\"col-md-6  text-default\" ><h1 class=\"text-left super regular bordered-header\">Auftaktveranstaltung von Dialog Science 2019<\/h1><p>Im Rahmen der &#8222;Open access week&#8220;, die an der Universit\u00e9 de Strasbourg von 21. bis 26. Oktober organisiert wird, findet dieses Jahr die Auftaktveranstaltung von Dialog Science, Tage der Wissenschaft am Oberrhein.<\/p>\n<p>Die Konferenz <strong>&#8222;Open Science: what is changing?&#8220;<\/strong> wird am <strong>21. Oktober, von 14.00 bis 17.00<\/strong> Uhr wissenschaftlichen Akteure und Vertreter_innen von Hochschulen des Oberrheins und dar\u00fcberhinaus zusammenbringen, rund um Themen wie Open Science Strategie oder die kulturellen Ver\u00e4nderungen die mit Open Science zusammenh\u00e4ngen, und die Opportunit\u00e4ten f\u00fcr den Dialog zwischen Wissenschaft und Gesellschaft zur Bew\u00e4ltigung der modernen Herausforderungen darstellen.<\/p>\n<p><img loading=\"lazy\" decoding=\"async\" class=\"alignleft wp-image-5017 \" src=\"https:\/\/science.rmtmo.eu\/wp-content\/uploads\/2018\/10\/pfeil-150x150.jpg\" alt=\"\" width=\"89\" height=\"89\" srcset=\"https:\/\/science.rmtmo.eu\/wp-content\/uploads\/2018\/10\/pfeil-150x150.jpg 150w, https:\/\/science.rmtmo.eu\/wp-content\/uploads\/2018\/10\/pfeil.jpg 262w\" sizes=\"auto, (max-width: 89px) 100vw, 89px\" \/><\/p>\n<h3>&nbsp;<\/h3>\n<p>&nbsp;<\/p>\n<h3 style=\"padding-left: 90px;\"><strong>Programm<\/strong><\/h3>\n[vc_empty_space height=&#8220;25px&#8220;]<h2>1. Podium: Open Access Strategien<\/h2>\n<div class=\"container\">\n<div class=\"row\">\n<div id=\"main-content-wrapper\" class=\"col-xs-12 col-sm-8 col-md-9 anchor-offset\">\n<div id=\"main-content\" class=\"anchor-offset\">\n<section id=\"typo3-content\">\n<article id=\"c1203\" class=\" frame frame-default frame-type-list frame-layout-0\">\n<div class=\"news-single\">\n<div class=\"news-item\">\n<div class=\"news-text-wrap\">\n<ul>\n<li>Paul Ayris : Strategien in Europa<\/li>\n<li>Zo\u00e9 Ancion : die Strategie der Agence Nationale de la Recherche (ANR)<\/li>\n<li>Odile Hologne : die Strategie einer Einrichtung: das INRA<\/li>\n<\/ul>\n<h2>2. Podium: Open Science, what is changing ?<\/h2>\n<ul>\n<li>Hans-Jochen Schiewer: die politischen und gesellschaftlichen Herausforderungen des Open Science<\/li>\n<li>Bernard Rentier: Open Science und Forschungsevaluation<\/li>\n<li>Martina Knoop: Open Science aus Sicht des franz\u00f6sischen Nationalkomitees f\u00fcr Open Science<\/li>\n<\/ul>\n<h5>Moderation: Alain Beretz, <strong>Franz\u00f6sischer Botschafter f\u00fcr Open Science<br \/>\n<\/strong><\/h5>\n<div id=\"body-container\">\n<div class=\"container\">\n<div class=\"row\">\n<div id=\"main-content-wrapper\" class=\"col-xs-12 col-sm-8 col-md-9 anchor-offset\">\n<div id=\"main-content\" class=\"anchor-offset\">\n<section id=\"typo3-content\">\n<article><\/article>\n<article id=\"c1203\" class=\" frame frame-default frame-type-list frame-layout-0\">Anmeldung erforderlich <a href=\"https:\/\/sygefor.reseau-urfist.fr\/#\/training\/8237\/9249\" target=\"_blank\" rel=\"noopener noreferrer\">unter diesem Link<\/a><\/article>\n<article><\/article>\n<article class=\" frame frame-default frame-type-list frame-layout-0\">Sprache der Veranstaltung: Englisch<\/article>\n<article><\/article>\n<article class=\" frame frame-default frame-type-list frame-layout-0\">Weitere Informationen zu der Auftaktveranstaltung und dem gesamten Programm des Open access week finden Sie <a href=\"https:\/\/openaccessweek.unistra.fr\/\" target=\"_blank\" rel=\"noopener noreferrer\">unter diesem Link<\/a> (auf Franz\u00f6sisch und Englisch)<\/article>\n<\/section>\n<\/div>\n<\/div>\n<\/div>\n<\/div>\n<p>&nbsp;<\/p>\n<\/div>\n<\/div>\n<\/div>\n<\/div>\n<\/article>\n<\/section>\n<\/div>\n<\/div>\n<\/div>\n<\/div>\n[vc_empty_space]<\/div><div class=\"col-md-6  text-default\" ><p>Das <a href=\"http:\/\/www.openaccessweek.org\/\" target=\"_blank\" rel=\"noopener noreferrer\">Open access week<\/a> ist ein internationales Event, das sich zum Ziel gesetzt hat, die gesamte Wissenschaftsgemeinschaft auf die Opportunit\u00e4ten des Open access aufmerksam zu machen.&nbsp; Eine Woche lang haben Wissenschaftler_innen, Dozent_innen, Studierende und Promovierende die M\u00f6glichkeit, \u00fcber Open access mehr zu erfahren und sich auszutauschen.&nbsp; <img loading=\"lazy\" decoding=\"async\" class=\"alignnone size-full wp-image-5271\" src=\"https:\/\/science.rmtmo.eu\/wp-content\/uploads\/2018\/11\/logo_dialog-science_gross.jpg\" alt=\"\" width=\"1772\" height=\"709\" srcset=\"https:\/\/science.rmtmo.eu\/wp-content\/uploads\/2018\/11\/logo_dialog-science_gross.jpg 1772w, https:\/\/science.rmtmo.eu\/wp-content\/uploads\/2018\/11\/logo_dialog-science_gross-300x120.jpg 300w, https:\/\/science.rmtmo.eu\/wp-content\/uploads\/2018\/11\/logo_dialog-science_gross-768x307.jpg 768w, https:\/\/science.rmtmo.eu\/wp-content\/uploads\/2018\/11\/logo_dialog-science_gross-1024x410.jpg 1024w\" sizes=\"auto, (max-width: 1772px) 100vw, 1772px\" \/><\/p>\n<\/div><\/div><\/div><\/section>\n","protected":false},"excerpt":{"rendered":"Auftaktveranstaltung von Dialog Science 2019Im Rahmen der \"Open access week\", die an der Universit\u00e9 de Strasbourg von 21. bis 26. Oktober organisiert wird, findet dieses Jahr die Auftaktveranstaltung von Dialog Science, Tage der Wissenschaft am Oberrhein. Die Konferenz \"Open Science: what is changing?\" wird am 21. Oktober, von 14.00 bis 17.00 Uhr wissenschaftlichen Akteure und","protected":false},"author":2,"featured_media":0,"parent":6877,"menu_order":0,"comment_status":"closed","ping_status":"closed","template":"","meta":{"ngg_post_thumbnail":0,"footnotes":""},"class_list":["post-6937","page","type-page","status-publish","hentry"],"aioseo_notices":[],"_links":{"self":[{"href":"https:\/\/science.rmtmo.eu\/de\/wp-json\/wp\/v2\/pages\/6937","targetHints":{"allow":["GET"]}}],"collection":[{"href":"https:\/\/science.rmtmo.eu\/de\/wp-json\/wp\/v2\/pages"}],"about":[{"href":"https:\/\/science.rmtmo.eu\/de\/wp-json\/wp\/v2\/types\/page"}],"author":[{"embeddable":true,"href":"https:\/\/science.rmtmo.eu\/de\/wp-json\/wp\/v2\/users\/2"}],"replies":[{"embeddable":true,"href":"https:\/\/science.rmtmo.eu\/de\/wp-json\/wp\/v2\/comments?post=6937"}],"version-history":[{"count":5,"href":"https:\/\/science.rmtmo.eu\/de\/wp-json\/wp\/v2\/pages\/6937\/revisions"}],"predecessor-version":[{"id":7626,"href":"https:\/\/science.rmtmo.eu\/de\/wp-json\/wp\/v2\/pages\/6937\/revisions\/7626"}],"up":[{"embeddable":true,"href":"https:\/\/science.rmtmo.eu\/de\/wp-json\/wp\/v2\/pages\/6877"}],"wp:attachment":[{"href":"https:\/\/science.rmtmo.eu\/de\/wp-json\/wp\/v2\/media?parent=6937"}],"curies":[{"name":"wp","href":"https:\/\/api.w.org\/{rel}","templated":true}]}}