{"id":6877,"date":"2019-09-19T09:43:58","date_gmt":"2019-09-19T07:43:58","guid":{"rendered":"https:\/\/science.rmtmo.eu\/?page_id=6877"},"modified":"2021-08-03T15:42:47","modified_gmt":"2021-08-03T13:42:47","slug":"dialog-science-2019","status":"publish","type":"page","link":"https:\/\/science.rmtmo.eu\/de\/dialog-science\/dialog-science-2019\/","title":{"rendered":"Dialog Science 2019"},"content":{"rendered":"<section  class=\"section swatch-sciences-white section-short \" ><div class=\"background-media\"><\/div><div class=\"background-overlay\" style=\"\"><\/div><div class=\"container\"><div class=\"row vertical-top\"><div class=\"col-md-6  text-default\" ><h1 class=\"text-left super regular bordered-header\">Dialog Science 2019<\/h1><p>Wie in den vergangenen Jahren organisiert das B\u00fcro der S\u00e4ule Wissenschaft im Oktober und November 2019 die diesj\u00e4hrige Ausgabe des \u201eDialog Science\u201c. Diese Initiative soll dazu dienen:<\/p>\n<ul>\n<li>grenz\u00fcberschreitende Wissenschaftsprojekte und den Oberrheinraum wissenschaftliche Exzellenzregion sichtbar zu machen<\/li>\n<li>wissenschaftliche Akteure (Dozent_innen, Forscher_innen, Promovierende und auch Studierende) am Oberrhein zu vernetzen<\/li>\n<li>den Austausch mit Politik, Verwaltung, Wirtschaft und Gesellschaft sowie dem breiteren Publikum zu f\u00f6rdern<\/li>\n<\/ul>\n<p>F\u00fcr 2019 findet die Auftaktveranstaltung von Dialog Science zum Thema Open Science in Stra\u00dfburg statt. Danach finden bis Ende November an verschiedenen Orte des Oberrheins wissenschaftliche Veranstaltungen statt. Am 12. Dezember im Rahmen von Dialog Science findet in Mulhouse als Abschlussveranstaltung eine erste Begegnung der Akteure der Wissenschaftsvermittlung am Oberrhein statt. Anschlie\u00dfend ist vom der Universit\u00e9 de Haute Alsace (CRESAT), Nef des Sciences und das Koordinationsb\u00fcro der S\u00e4ule Wissenschaft ein wissenschaftliches &#8222;Apero&#8220; zum Thema Hochwasserrisiken angeboten.&nbsp;<\/p>\n<p><img loading=\"lazy\" decoding=\"async\" class=\"alignnone wp-image-5616\" src=\"https:\/\/science.rmtmo.eu\/wp-content\/uploads\/2018\/12\/pfeil-150x150.jpg\" alt=\"\" width=\"33\" height=\"33\"> Das Programm mit den im Rahmen von Dialog Science 2019 organisierten Veranstaltungen ist<strong> <a href=\"https:\/\/science.rmtmo.eu\/de\/dialog-science\/dialog-science-2019\/programm\/\">hier<\/a> <\/strong>abrufbar.<\/p>\n<p><img loading=\"lazy\" decoding=\"async\" class=\"alignnone wp-image-5616\" src=\"https:\/\/science.rmtmo.eu\/wp-content\/uploads\/2018\/12\/pfeil-150x150.jpg\" alt=\"\" width=\"33\" height=\"33\"> Das Programm der Abschlussveranstaltung ist<a href=\"https:\/\/science.rmtmo.eu\/de\/dialog-science\/dialog-science-2019\/grenzueberschreitende-begegnung-der-akteure-der-wissenschaftsvermittlung-am-oberrhein\/\"><strong> hier <\/strong><\/a>abrufbar.<\/p>\n<\/div><div class=\"col-md-6  text-default\" ><img decoding=\"async\" alt=\"\" src=\"https:\/\/science.rmtmo.eu\/wp-content\/uploads\/2016\/08\/dialog-science-2016-e1478878053796.png\" class=\"alignnone\"\/><p><strong><em>Sie planen eine Konferenz, ein Seminar, ein Workshop? Die Veranstaltung organisieren Sie bereits mit Partnern aus der Grenzregionen oder Sie m\u00f6chten gerne Ihr Event eine europ\u00e4ische \/ grenz\u00fcberschreitende Dimension geben? <\/em><\/strong><\/p>\n<p>Einrichtungen, die ihre Veranstaltung im <strong>Rahmen eines Aufruf zur Beteiligung Dialog Science<\/strong> einreichen, k\u00f6nnen von einer Unterst\u00fctzung des B\u00fcros der S\u00e4ule Wissenschaft profitieren, um ein Publikum regional grenz\u00fcberschreitend zu erreichen und Referenten aus Partnerregionen zu finden. Die S\u00e4ule Wissenschaft verf\u00fcgt \u00fcber finanzielle Mittel f\u00fcr die Organisation von grenz\u00fcberschreitenden Veranstaltungen.<\/p>\n<p>Dank Dialog Science profitieren ebenfalls wissenschaftliche Events am Oberrhein von einer erh\u00f6hten Sichtbarkeit \u00fcber die Grenze hinaus.<\/p>\n<p><strong><img loading=\"lazy\" decoding=\"async\" class=\"alignnone wp-image-5616\" src=\"https:\/\/science.rmtmo.eu\/wp-content\/uploads\/2018\/12\/pfeil-150x150.jpg\" alt=\"\" width=\"33\" height=\"33\"> Der Aufruf finden Sie auf der Webseite der S\u00e4ule Wissenschaft <a href=\"https:\/\/science.rmtmo.eu\/wp-content\/uploads\/2019\/09\/Aufruf_Dialog-Science-2019_fv_DE.pdf\">unter diesem Link (PDF-DE)<\/a><\/strong><\/p>\n<p><span style=\"color: #ff0000;\">Die Frist f\u00fcr die Einreichung der Antr\u00e4ge ist jetzt abgelaufen.<\/span><\/p>\n<p><strong>Kontakt: <\/strong>Julie Corouge oder Anna\u00eblle Morin, Projektbeauftragte des Koordinationsb\u00fcros der S\u00e4ule Wissenschaft, +49 7851 7407-36, <a href=\"mailto:julie.corouge@rmtmo.eu\">julie.corouge@rmtmo.eu<\/a>, +49 7851 7407 \u2013 37 <a href=\"mailto:annaelle.morin@rmtmo.eu\">annaelle.morin@rmtmo.eu<\/a><\/p>\n<p><em>Dieser Aufruf zur Beteiligung ist im Rahmen der Durchf\u00fcrhrung des Interreg V Oberrhein Projekts \u201eKoordinationsb\u00fcro S\u00e4ule Wissenschaft\u201c organisiert<\/em><\/p>\n<\/div><\/div><\/div><\/section><section  class=\"section swatch-sciences-white section-tiny \" ><div class=\"background-media\"><\/div><div class=\"background-overlay\" style=\"\"><\/div><div class=\"container\"><div class=\"row vertical-top\"><div class=\"col-md-12  text-default\" ><div class=\"box-wrap\"><div class=\"box-round box-medium\"><div class=\"box-dummy\"><\/div><span class=\"box-inner\"><i class=\"fa fa-download\" data-animation=\"fadeIn\"><\/i><\/span><\/div><\/div><\/div><\/div><\/div><\/section><section  class=\"section swatch-white-red section-normal \" ><div class=\"background-media\"><\/div><div class=\"background-overlay\" style=\"\"><\/div><div class=\"container\"><div class=\"row vertical-top\"><div class=\"col-md-12  text-default\" ><h2 style=\"text-align: center;\"><a href=\"https:\/\/science.rmtmo.eu\/wp-content\/uploads\/2019\/09\/Aufruf_Dialog-Science-2019_fv_DE.pdf\">Aufruf_Dialog Science 2019_fv_DE<\/a><\/h2>\n<\/div><\/div><\/div><\/section>\n","protected":false},"excerpt":{"rendered":"Dialog Science 2019Wie in den vergangenen Jahren organisiert das B\u00fcro der S\u00e4ule Wissenschaft im Oktober und November 2019 die diesj\u00e4hrige Ausgabe des \u201eDialog Science\u201c. Diese Initiative soll dazu dienen: grenz\u00fcberschreitende Wissenschaftsprojekte und den Oberrheinraum wissenschaftliche Exzellenzregion sichtbar zu machen wissenschaftliche Akteure (Dozent_innen, Forscher_innen, Promovierende und auch Studierende) am Oberrhein zu vernetzen den Austausch mit Politik,","protected":false},"author":2,"featured_media":0,"parent":311,"menu_order":-6,"comment_status":"closed","ping_status":"closed","template":"","meta":{"ngg_post_thumbnail":0,"footnotes":""},"class_list":["post-6877","page","type-page","status-publish","hentry"],"aioseo_notices":[],"_links":{"self":[{"href":"https:\/\/science.rmtmo.eu\/de\/wp-json\/wp\/v2\/pages\/6877","targetHints":{"allow":["GET"]}}],"collection":[{"href":"https:\/\/science.rmtmo.eu\/de\/wp-json\/wp\/v2\/pages"}],"about":[{"href":"https:\/\/science.rmtmo.eu\/de\/wp-json\/wp\/v2\/types\/page"}],"author":[{"embeddable":true,"href":"https:\/\/science.rmtmo.eu\/de\/wp-json\/wp\/v2\/users\/2"}],"replies":[{"embeddable":true,"href":"https:\/\/science.rmtmo.eu\/de\/wp-json\/wp\/v2\/comments?post=6877"}],"version-history":[{"count":12,"href":"https:\/\/science.rmtmo.eu\/de\/wp-json\/wp\/v2\/pages\/6877\/revisions"}],"predecessor-version":[{"id":10918,"href":"https:\/\/science.rmtmo.eu\/de\/wp-json\/wp\/v2\/pages\/6877\/revisions\/10918"}],"up":[{"embeddable":true,"href":"https:\/\/science.rmtmo.eu\/de\/wp-json\/wp\/v2\/pages\/311"}],"wp:attachment":[{"href":"https:\/\/science.rmtmo.eu\/de\/wp-json\/wp\/v2\/media?parent=6877"}],"curies":[{"name":"wp","href":"https:\/\/api.w.org\/{rel}","templated":true}]}}