{"id":6776,"date":"2019-08-30T15:17:20","date_gmt":"2019-08-30T13:17:20","guid":{"rendered":"https:\/\/science.rmtmo.eu\/?page_id=6776"},"modified":"2021-04-29T09:41:16","modified_gmt":"2021-04-29T07:41:16","slug":"preistraeger","status":"publish","type":"page","link":"https:\/\/science.rmtmo.eu\/de\/wissenschaftsoffensive\/wissenschaftsoffensive-2018\/preistraeger\/","title":{"rendered":"Preistr\u00e4ger"},"content":{"rendered":"<section  class=\"section swatch-sciences-white section-short \" ><div class=\"background-media\"><\/div><div class=\"background-overlay\" style=\"\"><\/div><div class=\"container\"><div class=\"row vertical-top\"><div class=\"col-md-6  text-default\" ><h1 class=\"text-left super regular bordered-header\">Preistr\u00e4ger<\/h1><p>Im Rahmen des<strong> dritten Projektaufrufs<\/strong> der Wissenschaftsoffensive sind erneut<strong> sieben Projekte in die F\u00f6rderung aufgenommen worden<\/strong>, die sich gleicherma\u00dfen durch <strong>wissenschaftliche Exzellenz<\/strong> und ihren Beitrag f\u00fcr eine <strong>starke Metropolregion Oberrhein<\/strong> auszeichnen.<\/p>\n<p>Damit werden in den kommenden drei Jahren nahezu <strong>8 Mio. Euro<\/strong> in den Forschungs- und Innovationsstandort Oberrhein investiert. Die Mitteln daf\u00fcr kommen aus dem Europ\u00e4ischen Fonds f\u00fcr regionale Entwicklung (EFRE) im Rahmen des Programms Interreg Oberrhein, \u00f6ffentliche Finanzierungen durch die L\u00e4nder Baden-W\u00fcrttemberg und Rheinland-Pfalz, die Region Grand Est sowie durch die Schweiz, und dem Eigenanteil der beteiligten Forschungseinrichtungen.<\/p>\n<p>&nbsp;<\/p>\n<p><a href=\"https:\/\/science.rmtmo.eu\/wp-content\/uploads\/2019\/09\/Brochure_2019_print.pdf\">Brosch\u00fcre der Preistr\u00e4ger der Wissenschaftsoffensive 2018<\/a><\/p>\n<\/div><div class=\"col-md-6  text-default\" ><img decoding=\"async\" alt=\"\" src=\"https:\/\/science.rmtmo.eu\/wp-content\/uploads\/2019\/08\/1-Image_Offensive-Science.png\" class=\"alignnone\"\/><\/div><\/div><\/div><\/section><section  class=\"section swatch-sciences-white section-nopadding \" ><div class=\"background-media\"><\/div><div class=\"background-overlay\" style=\"\"><\/div><div class=\"container\"><div class=\"row vertical-top\"><div class=\"col-md-12  text-default\" ><div class=\"panel-group \" id=\"accordion_6a00442611096\"><div class=\"panel panel-default\"><div class=\"panel-heading\"><a class=\"accordion-toggle collapsed\" data-parent=\"#accordion_6a00442611096\" data-toggle=\"collapse\" href=\"#group6a0044261112f\">PERSONALIS - Personalisierte Medizinplattform f\u00fcr Patienten mit Autoimmunkrankheiten<\/a><\/div><div class=\"panel-collapse collapse\" id=\"group6a0044261112f\"><div class=\"panel-body\"><p><p><strong>Partner :<\/strong> Universit\u00e9 de Strasbourg, Universit\u00e4tsklinikum Freiburg, Universit\u00e4tsmedizin Mainz, Fachhochschule Nordwestschweiz (Basel\/Muttenz)<\/p>\n<p><strong>Assoziierte Partner :<\/strong> SATT Conectus Alsace, Eucor \u2013 The European Campus GETC<\/p>\n<p>Das Ziel des PERSONALIS Projekts ist eine Datenbank mit Informationen von Autoimmunerkrankungen betroffenen Patienten sowie ein Informationstool f\u00fcr behandelnde \u00c4rzte einzurichten. Mit Datenbank soll insbesondere ein Beitrag zur biologischen Stratifizierung von Patienten geleistet werden, die Voraussetzung f\u00fcr die erfolgreiche Anwendung selektiver therapeutischer Ans\u00e4tze ist.<\/p>\n<p><strong>Gesamtbudget : <\/strong>1 494 635 \u20ac<\/p>\n<ul>\n<li>EFRE: 500 000 \u20ac<\/li>\n<li>Regionale Mittel: 250 000\u20ac<\/li>\n<li>Schweizer Mittel: 296 781,03 \u20ac<\/li>\n<\/ul>\n<\/p><\/div><\/div><\/div><div class=\"panel panel-default\"><div class=\"panel-heading\"><a class=\"accordion-toggle collapsed\" data-parent=\"#accordion_6a00442611096\" data-toggle=\"collapse\" href=\"#group6a0044261117d\">VIRTFac - Ein effizienter Weg zu Industrie 4.0: Planung des optimalen Produktionssystems zur richtigen Zeit<\/a><\/div><div class=\"panel-collapse collapse\" id=\"group6a0044261117d\"><div class=\"panel-body\"><p><p><strong>Partenaires:<\/strong> INSA Strasbourg (ICube \u2013 Equipe Conception, Syst\u00e8me d&#8217;Information et Processus inventifs (CSIP)), Hochschule Offenburg, Universit\u00e9 de Strasbourg<\/p>\n<p><strong>Assoziierte Partner:<\/strong> Safran Landing Systems Molsheim Atelier Carbone, Altran Technologies Division Est, Siemens Division Production Process Automation Haguenau, Socomec, Plavis GmbH, CCI Alsace Eurom\u00e9tropole, Grand E-Nov, Rhenatic, ECAM Strasbourg-Europe, N. Schlumberger<\/p>\n<p>Im Zentrum des Projekts VIRTFac steht die Entwicklung einer digitalen Plattform, mit der Unternehmen die Planung von cyber-physischen Fabriken erm\u00f6glicht werden soll. \u00dcber die Plattform, mit deren Hilfe Fabrikabl\u00e4ufe virtuell dargestellt werden, sollen auch diverse IT-Tools zur Neugestaltung bzw. Optimierung von Produktionssystemen zur Verf\u00fcgung stehen. Dar\u00fcber hinaus befasst sich das Projekt mit den grundlegenden Forschungsfragen bez\u00fcglich neu entstehender Anforderungen im Zusammenhang mit der Einf\u00fchrung virtueller Fabrikplanungsplattformen.<\/p>\n<p><strong>Gesamtbudget:<\/strong> 999 996 \u20ac<\/p>\n<ul>\n<li>EFRE: 499 998 \u20ac<\/li>\n<li>Regionale Mittel: 249 999 \u20ac<\/li>\n<\/ul>\n<\/p><\/div><\/div><\/div><div class=\"panel panel-default\"><div class=\"panel-heading\"><a class=\"accordion-toggle collapsed\" data-parent=\"#accordion_6a00442611096\" data-toggle=\"collapse\" href=\"#group6a004426111b3\">VEHICLE- Verbesserung der Energiespeichersysteme f\u00fcr Elektrofahrzeuge<\/a><\/div><div class=\"panel-collapse collapse\" id=\"group6a004426111b3\"><div class=\"panel-body\"><p><p><strong>Partner: <\/strong>INSA Strasbourg (ICube \u2013 Equipe Syst\u00e8mes et microsyst\u00e8mes h\u00e9t\u00e9rog\u00e8nes (SMH)), Hochschule Trier, Hochschule Karlsruhe<strong><br \/>\n<\/strong><\/p>\n<p><strong>Assoziierte Partner:<\/strong> Centrale Lille, Universit\u00e9 de Nantes, Sheffield Hallam University, CCI Alsace Eurom\u00e9tropole<\/p>\n<p>Das Projekt VEHICLE entwickelt L\u00f6sungsans\u00e4tze, um die technischen Beschr\u00e4nkungen g\u00e4ngiger rein elektrischer oder Plug-In-Hybridfahrzeuge zu \u00fcberwinden. Im Rahmen des Projekts soll ein Im Rahmen des Projekts wird ein System entwickelt, das komplement\u00e4re Speichertechnologien mit einem hybriden Speichersystem aus Lithium-Ionen-Batterie und Superkondensatoren kombiniert unter Verwendung pr\u00e4diktiver Algorithmen.<\/p>\n<p><strong>Gesamtbudget:<\/strong> 997 224 \u20ac<\/p>\n<ul>\n<li>EFRE: 498 612 \u20ac<\/li>\n<li>Regionale Mittel: 249 306 \u20ac<\/li>\n<\/ul>\n<p>&nbsp;<\/p>\n<p><a href=\"https:\/\/de.vehicle-project.org\/\"><img loading=\"lazy\" decoding=\"async\" class=\"alignnone wp-image-5616\" src=\"https:\/\/science.rmtmo.eu\/wp-content\/uploads\/2018\/12\/pfeil-150x150.jpg\" alt=\"\" width=\"30\" height=\"30\"> https:\/\/de.vehicle-project.org\/<\/a><\/p>\n<p><a href=\"https:\/\/de.vehicle-project.org\/\"><img loading=\"lazy\" decoding=\"async\" class=\"alignnone wp-image-5616\" src=\"https:\/\/science.rmtmo.eu\/wp-content\/uploads\/2018\/12\/pfeil-150x150.jpg\" alt=\"\" width=\"30\" height=\"30\"><\/a> <a href=\"https:\/\/science.rmtmo.eu\/wp-content\/uploads\/2021\/04\/VEHICLE-INSA-Presentation-Tedjani.pdf\" target=\"_blank\" rel=\"noopener\">PPT Pr\u00e4sentation des Projekts (Englische Version)<\/a><\/p>\n<\/p><\/div><\/div><\/div><div class=\"panel panel-default\"><div class=\"panel-heading\"><a class=\"accordion-toggle collapsed\" data-parent=\"#accordion_6a00442611096\" data-toggle=\"collapse\" href=\"#group6a004426111fe\">DialogProTec - Erarbeitung nebenwirkungsfreier Strategien im Pflanzenschutz<\/a><\/div><div class=\"panel-collapse collapse\" id=\"group6a004426111fe\"><div class=\"panel-body\"><p><p><strong>Partner : <\/strong>Karlsruher Institut f\u00fcr Technologie (KIT) \u2013 (Botanisches Institut (CS), und Institut f\u00fcr Mikrostrukturtechnologie (IMT)), Institut f\u00fcr Biotechnologie und Wirkstoff-Forschung (IBWF), Albert-Ludwigs-Universit\u00e4t Freiburg, Universit\u00e9 de Strasbourg<strong><br \/>\n<\/strong><\/p>\n<p><strong>Assoziierte Partner :<\/strong> CNRS \u2013 Centre National de la Recherche Scientifique (Institut de biologie mol\u00e9culaire des plantes (IBMP)), Forschungsinstitut f\u00fcr biologischen Landbau<\/p>\n<p>Das Projekt DialogProTec zielt auf die Entwicklung eines Biochip-Verfahrens, um den Einsatz von chemischen Pflanzenschutzmitteln umweltvertr\u00e4glicher zu gestalten. Dabei steht insbesondere der Fungizidverbrauch in der Landwirtschaft im Vordergrund. Bei dem Biochip-Verfahren geht es darum, die spezifische, chemische Kommunikation zwischen Pathogen und Wirt identifizieren und auf dieser Grundlage zuk\u00fcnftig nebenwirkungsfreie Strategien im chemischen Pflanzenschutz entwickeln zu k\u00f6nnen.<\/p>\n<p><strong>Gesamtbudget:<\/strong> 999 662 \u20ac<\/p>\n<ul>\n<li>EFRE: 499 830,14 \u20ac<\/li>\n<li>Regionale Mittel: 249 915,07\u20ac<\/li>\n<\/ul>\n<p>&nbsp;<\/p>\n<p><a href=\"https:\/\/www.dialogprotec.eu\/\"><img loading=\"lazy\" decoding=\"async\" class=\"alignnone wp-image-5616\" src=\"https:\/\/science.rmtmo.eu\/wp-content\/uploads\/2018\/12\/pfeil-150x150.jpg\" alt=\"\" width=\"28\" height=\"28\"> https:\/\/www.dialogprotec.eu\/<\/a><\/p>\n<\/p><\/div><\/div><\/div><div class=\"panel panel-default\"><div class=\"panel-heading\"><a class=\"accordion-toggle collapsed\" data-parent=\"#accordion_6a00442611096\" data-toggle=\"collapse\" href=\"#group6a00442611244\">WaterPollutionSensor - Einsatz eines Sensornetzwerkes f\u00fcr die kontinuierliche \u00dcberwachung von Pestiziden im Trinkwasser<\/a><\/div><div class=\"panel-collapse collapse\" id=\"group6a00442611244\"><div class=\"panel-body\"><p><p><strong>Partner: <\/strong>Universit\u00e9 de Strasbourg (ICube &#8211; Equipe Syst\u00e8mes et Microsyst\u00e8mes H\u00e9t\u00e9rog\u00e8nes (SMH)), Hochschule Furtwangen, Albert-Ludwigs-Universit\u00e4t Freiburg (Institut f\u00fcr Mikrosystemtechnik (IMTEK)), Technische Universit\u00e4t Kaiserslautern, Fachhochschule Nordwestschweiz ( Institut f\u00fcr Medizintechnik und Medizininformatik), Hochschule Furtwangen<strong><br \/>\n<\/strong><\/p>\n<p><strong>Assoziierte Partner:<\/strong> B\u00fcrkert Fluid Control Systems, Metrolab Technology SA<\/p>\n<p>Hauptziel des Projekts WaterPollutionSensor ist die Entwicklung und Erprobung eines kontinuierlichen und automatisierten Systems zur \u00dcberwachung der Konzentration einer Reihe von Schadstoffen im Trinkwasser. Im Rahmen des Projekts soll eine Sensortechnologie entwickelt werden, die herk\u00f6mmlichen Methoden \u00fcberlegen und dabei kosteng\u00fcnstig und wartungsfreundlich ist.<\/p>\n<p><strong>Gesamtbudget:<\/strong> 1 391 764 \u20ac<\/p>\n<ul>\n<li>EFRE: 499 994 \u20ac<\/li>\n<li>Regionale Mittel: 249 997 \u20ac<\/li>\n<li>Schweizer Mittel : 235 065,60 \u20ac<\/li>\n<\/ul>\n<\/p><\/div><\/div><\/div><div class=\"panel panel-default\"><div class=\"panel-heading\"><a class=\"accordion-toggle collapsed\" data-parent=\"#accordion_6a00442611096\" data-toggle=\"collapse\" href=\"#group6a00442611274\">ACA-MODES - Intelligente Systemregelung zur Einspeisung erneuerbarer Energien ins Stromnetz<\/a><\/div><div class=\"panel-collapse collapse\" id=\"group6a00442611274\"><div class=\"panel-body\"><p><p><strong>Partner: <\/strong>Hochschule Offenburg, Hochschule Karlsruhe, Albert-Ludwigs-Universit\u00e4t Freiburg, INSA Strasbourg, Fachhochschule Nordwestschweiz (Muttenz), Hochschule Koblenz<\/p>\n<p><strong>Assoziierte Partner:<\/strong> EIFER &#8211; European Institute for Energy Research, E-Werk Mittelbaden AG &amp; Co. KG, Strategische Partner \u2013 Klimaschutz am Oberrhein e. V., Ortenauer Energieagentur GmbH, Pfalzwerke Aktiengesellschaft, Ottensmeier Ingenieure GmbH, TLK Energy GmbH, CCI Alsace Eurom\u00e9tropole, IWB Industrielle Werke Basel, EBL Genossenschaft Elektra Baselland<\/p>\n<p>Im Rahmen des Projekts ACA-MODES soll auf der Grundlage numerischer Verfahren und anhand eines Demonstrators ein Ansatz zur Planung und Kontrolle dezentraler und (virtuell) vernetzter hybrider Energiesysteme entwickelt werden. Durch intelligente Vernetzung und Regelung bestehender Systeme kann gewonnene Flexibilit\u00e4t zur Unterst\u00fctzung des Netzes eingesetzt werden. F\u00fcr diesen netzdienlichen Betrieb sind koordinierte Abstimmungsprozesse und Datenaustausch zwischen den einzelnen Akteuren auf technischer, wirtschaftlicher wie auch regulatorischer Ebene notwendig.<\/p>\n<p><strong>Gesamtbudget:<\/strong> 1.390.054 \u20ac<\/p>\n<ul>\n<li>EFRE: 499 902 \u20ac<\/li>\n<li>Regionale Mittel: 249 951 \u20ac<\/li>\n<li>Schweizer Mittel : 210 526,32 \u20ac<\/li>\n<\/ul>\n<p>&nbsp;<\/p>\n<p><a href=\"https:\/\/mv.hs-offenburg.de\/forschung-projekte\/aca-modes\/\"><img loading=\"lazy\" decoding=\"async\" class=\"alignnone wp-image-5616\" src=\"https:\/\/science.rmtmo.eu\/wp-content\/uploads\/2018\/12\/pfeil-150x150.jpg\" alt=\"\" width=\"30\" height=\"30\"> https:\/\/mv.hs-offenburg.de\/forschung-projekte\/aca-modes\/<\/a><\/p>\n<p>&nbsp; &nbsp; &nbsp; &nbsp; &nbsp; &nbsp; &nbsp; &nbsp; &nbsp; <a href=\"https:\/\/aca-modes.insa-strasbourg.fr\/de\/startseite\/\">https:\/\/aca-modes.insa-strasbourg.fr\/de\/startseite\/<\/a><\/p>\n<\/p><\/div><\/div><\/div><div class=\"panel panel-default\"><div class=\"panel-heading\"><a class=\"accordion-toggle collapsed\" data-parent=\"#accordion_6a00442611096\" data-toggle=\"collapse\" href=\"#group6a004426112ae\">TriMaBone -3D-Druck-Materialien f\u00fcr resorbierbare Knochenimplantate<\/a><\/div><div class=\"panel-collapse collapse\" id=\"group6a004426112ae\"><div class=\"panel-body\"><p><p><strong>Partner: <\/strong>Hochschule Furtwangen, Universit\u00e9 de Haute-Alsace, Universit\u00e4t-Koblenz-Landau, Fachhochschule Nordwestschweiz (Muttenz)<\/p>\n<p><strong>Assoziierte Partner: <\/strong>BIOPRO Baden-W\u00fcrttemberg GmbH, BioLago e.V., CleanControlling Medical GmbH &amp; Co. KG, Universit\u00e4tsmedizin Mainz, CCI Alsace Eurom\u00e9tropole, IHK Arbeitsgemeinschaft Rheinland-Pfalz, Herz GmbH, Universit\u00e4tsspital Basel\/ Universit\u00e4t Basel, CIRTES SA, RegenHU Ltd., COMET AG ebeam Technologies, AM-Network c\/o BWI AG, SwissKH S\u00e0rl, SmartDyeLivery GmbH, Ultimaker B.V.<\/p>\n<p>Im Mittelpunkt des Projektes TriMaBone steht die Entwicklung eines Knochenimplantatmaterials sowie von entsprechenden 3D-Druckern f\u00fcr deren additive Fertigung. Im Rahmen des Projektes soll Chitosan als Material f\u00fcr nicht-tragende, resorbierbare Knochenimplantate f\u00fcr den 3D-Druck erschlossen werden. Neben den materialwissenschaftlichen Zielen soll die notwendige Verfahrenstechnik f\u00fcr den Thermoplastdruck mittels Schmelzbeschichtung aufgebaut werden.<\/p>\n<p><strong>Gesamtbudget:<\/strong> 1 244 491 \u20ac<\/p>\n<ul>\n<li>EFRE: 458 395,5 \u20ac<\/li>\n<li>Regionale Mittel: 229 197,75 \u20ac<\/li>\n<li>Schweizer Mittel : 175 438,59 \u20ac<\/li>\n<\/ul>\n<\/p><\/div><\/div><\/div><\/div><\/div><\/div><\/div><\/section>\n","protected":false},"excerpt":{"rendered":"Preistr\u00e4gerIm Rahmen des dritten Projektaufrufs der Wissenschaftsoffensive sind erneut sieben Projekte in die F\u00f6rderung aufgenommen worden, die sich gleicherma\u00dfen durch wissenschaftliche Exzellenz und ihren Beitrag f\u00fcr eine starke Metropolregion Oberrhein auszeichnen. Damit werden in den kommenden drei Jahren nahezu 8 Mio. Euro in den Forschungs- und Innovationsstandort Oberrhein investiert. Die Mitteln daf\u00fcr kommen aus dem","protected":false},"author":4,"featured_media":0,"parent":3453,"menu_order":0,"comment_status":"closed","ping_status":"closed","template":"","meta":{"ngg_post_thumbnail":0,"footnotes":""},"class_list":["post-6776","page","type-page","status-publish","hentry"],"aioseo_notices":[],"_links":{"self":[{"href":"https:\/\/science.rmtmo.eu\/de\/wp-json\/wp\/v2\/pages\/6776","targetHints":{"allow":["GET"]}}],"collection":[{"href":"https:\/\/science.rmtmo.eu\/de\/wp-json\/wp\/v2\/pages"}],"about":[{"href":"https:\/\/science.rmtmo.eu\/de\/wp-json\/wp\/v2\/types\/page"}],"author":[{"embeddable":true,"href":"https:\/\/science.rmtmo.eu\/de\/wp-json\/wp\/v2\/users\/4"}],"replies":[{"embeddable":true,"href":"https:\/\/science.rmtmo.eu\/de\/wp-json\/wp\/v2\/comments?post=6776"}],"version-history":[{"count":11,"href":"https:\/\/science.rmtmo.eu\/de\/wp-json\/wp\/v2\/pages\/6776\/revisions"}],"predecessor-version":[{"id":10561,"href":"https:\/\/science.rmtmo.eu\/de\/wp-json\/wp\/v2\/pages\/6776\/revisions\/10561"}],"up":[{"embeddable":true,"href":"https:\/\/science.rmtmo.eu\/de\/wp-json\/wp\/v2\/pages\/3453"}],"wp:attachment":[{"href":"https:\/\/science.rmtmo.eu\/de\/wp-json\/wp\/v2\/media?parent=6776"}],"curies":[{"name":"wp","href":"https:\/\/api.w.org\/{rel}","templated":true}]}}