{"id":5882,"date":"2019-01-09T17:24:05","date_gmt":"2019-01-09T16:24:05","guid":{"rendered":"https:\/\/science.rmtmo.eu\/?page_id=5882"},"modified":"2019-01-10T15:04:33","modified_gmt":"2019-01-10T14:04:33","slug":"referenten","status":"publish","type":"page","link":"https:\/\/science.rmtmo.eu\/de\/dialog-science\/dialog-science-2018\/referenten\/","title":{"rendered":"Referenten"},"content":{"rendered":"<section  class=\"section swatch-sciences-white section-short \" ><div class=\"background-media\"><\/div><div class=\"background-overlay\" style=\"\"><\/div><div class=\"container\"><div class=\"row vertical-top\"><div class=\"col-md-6  text-default\" ><h2 class=\"text-left normal regular bordered-header\">Workshop Wissenschaftskommunikation<\/h2><img decoding=\"async\" alt=\"\" src=\"https:\/\/science.rmtmo.eu\/wp-content\/uploads\/2019\/01\/DialogScience18-2165HDWEB_-300x200.jpg\" class=\"alignnone\"\/><p><strong>Dr. Ulrike Brandt-Bohne<\/strong>, Dozentin beim nationalen Institut f\u00fcr Wissenschaftskommunikation NaWik<\/p>\n<p><strong>Christine Laemmel, <\/strong>freiberufliche Marketingberaterin und Beauftragte f\u00fcr \u00d6ffentlichkeitsarbeit des Projekts Rarenet<\/p>\n<p><strong>Prof. Dr. Paul P\u00e9vet<\/strong>, Direktor des trinationalen Netzwerks Neurex<\/p>\n[vc_empty_space height=&#8220;25px&#8220;][vc_empty_space height=&#8220;25px&#8220;]<h2 class=\"text-left normal regular bordered-header\">Runder Tisch &#8211; Wissenschaft als Schnittstelle oder im Kreuzfeuer?<\/h2><img decoding=\"async\" alt=\"\" src=\"https:\/\/science.rmtmo.eu\/wp-content\/uploads\/2019\/01\/DialogScience18-2533HDWEB_-300x200.jpg\" class=\"alignnone\"\/><p><strong>Josha Frey<\/strong>, Mitglied des Landtags Baden-W\u00fcrttemberg und Vizepr\u00e4sident des Oberrheinrats<\/p>\n<p><strong>Ren\u00e9 Ohlmann<\/strong>, Vorsitzender des Ausschusses f\u00fcr grenz\u00fcberschreitende Zusammenarbeit bei der CCI Alsace Eurom\u00e9tropole<\/p>\n<p><strong>Prof. Dr. Marc Renner<\/strong>, Direktor des INSA Stra\u00dfburg, Sprecher der Hochschulallianz TriRhenaTech und stellvertretender Sprecher der S\u00e4ule Wissenschaft der Metropolregion Oberrhein<\/p>\n<p><strong>R\u00e9my Sadocco<\/strong>, Vizepr\u00e4sident der Region Grand Est f\u00fcr Innovation, Forschung und Hochschulbildung<\/p>\n<p><strong>Werner Schreiner<\/strong>, Beauftragter der Ministerpr\u00e4sidentin des Landes Rheinland-Pfalz f\u00fcr grenz\u00fcberschreitende Zusammenarbeit und Vorsitzender der Oberrheinkonferenz<\/p>\n<p><strong>Ulrich Steinbach<\/strong>, Ministerialdirektor und Amtschef im Ministerium f\u00fcr Wissenschaft, Forschung und Kunst Baden-W\u00fcrttemberg<\/p>\n<\/div><div class=\"col-md-6  text-default\" ><h2 class=\"text-left normal regular bordered-header\">Runder Tisch &#8211; Projekt \u201eRMTMO-RI\u201c &#8211; Eine Gro\u00dfforschungsinfrastruktur am Oberrhein<\/h2><img decoding=\"async\" alt=\"\" src=\"https:\/\/science.rmtmo.eu\/wp-content\/uploads\/2019\/01\/DialogScience18-2752HDWEB_-300x200.jpg\" class=\"alignnone\"\/><p><strong>Prof. Dr.&nbsp; Michel Deneken<\/strong>, Pr\u00e4sident der Universit\u00e4t Stra\u00dfburg<\/p>\n<p><strong>Prof. Dr. Catherine Florentz<\/strong>, erste Vizepr\u00e4sidentin und Vize-Pr\u00e4sidentin f\u00fcr Forschung und Doktorandenausbildung der Universit\u00e4t Stra\u00dfburg<\/p>\n<p><strong>Prof. Dr. Thomas Hirth<\/strong>, Vizepr\u00e4sident von Eucor \u2013The European Campus und Vizepr\u00e4sident f\u00fcr Innovation und Internationales des Karlsruher Instituts f\u00fcr Technologie<\/p>\n<p><strong>Dr. Michael Overdick<\/strong>, Technology Manager bei der SICK AG<\/p>\n<\/div><\/div><\/div><\/section><section  class=\"section swatch-sciences-white section-tiny \" ><div class=\"background-media\"><\/div><div class=\"background-overlay\" style=\"\"><\/div><div class=\"container\"><div class=\"row vertical-top\"><div class=\"col-md-12  text-default\" ><\/div><\/div><\/div><\/section>\n","protected":false},"excerpt":{"rendered":"Workshop WissenschaftskommunikationDr. Ulrike Brandt-Bohne, Dozentin beim nationalen Institut f\u00fcr Wissenschaftskommunikation NaWik Christine Laemmel, freiberufliche Marketingberaterin und Beauftragte f\u00fcr \u00d6ffentlichkeitsarbeit des Projekts Rarenet Prof. Dr. Paul P\u00e9vet, Direktor des trinationalen Netzwerks Neurex [vc_empty_space height=\"25px\"][vc_empty_space height=\"25px\"]Runder Tisch - Wissenschaft als Schnittstelle oder im Kreuzfeuer?Josha Frey, Mitglied des Landtags Baden-W\u00fcrttemberg und Vizepr\u00e4sident des Oberrheinrats Ren\u00e9 Ohlmann, Vorsitzender des","protected":false},"author":4,"featured_media":0,"parent":4687,"menu_order":0,"comment_status":"closed","ping_status":"closed","template":"","meta":{"ngg_post_thumbnail":0,"footnotes":""},"class_list":["post-5882","page","type-page","status-publish","hentry"],"aioseo_notices":[],"_links":{"self":[{"href":"https:\/\/science.rmtmo.eu\/de\/wp-json\/wp\/v2\/pages\/5882","targetHints":{"allow":["GET"]}}],"collection":[{"href":"https:\/\/science.rmtmo.eu\/de\/wp-json\/wp\/v2\/pages"}],"about":[{"href":"https:\/\/science.rmtmo.eu\/de\/wp-json\/wp\/v2\/types\/page"}],"author":[{"embeddable":true,"href":"https:\/\/science.rmtmo.eu\/de\/wp-json\/wp\/v2\/users\/4"}],"replies":[{"embeddable":true,"href":"https:\/\/science.rmtmo.eu\/de\/wp-json\/wp\/v2\/comments?post=5882"}],"version-history":[{"count":7,"href":"https:\/\/science.rmtmo.eu\/de\/wp-json\/wp\/v2\/pages\/5882\/revisions"}],"predecessor-version":[{"id":5960,"href":"https:\/\/science.rmtmo.eu\/de\/wp-json\/wp\/v2\/pages\/5882\/revisions\/5960"}],"up":[{"embeddable":true,"href":"https:\/\/science.rmtmo.eu\/de\/wp-json\/wp\/v2\/pages\/4687"}],"wp:attachment":[{"href":"https:\/\/science.rmtmo.eu\/de\/wp-json\/wp\/v2\/media?parent=5882"}],"curies":[{"name":"wp","href":"https:\/\/api.w.org\/{rel}","templated":true}]}}