{"id":5612,"date":"2018-12-21T12:15:49","date_gmt":"2018-12-21T11:15:49","guid":{"rendered":"https:\/\/science.rmtmo.eu\/?page_id=5612"},"modified":"2019-01-11T13:45:00","modified_gmt":"2019-01-11T12:45:00","slug":"rueckblick-auf-die-veranstaltung-rund-um-wissens-und-technologietransfer","status":"publish","type":"page","link":"https:\/\/science.rmtmo.eu\/de\/dialog-science\/dialog-science-2018\/rueckblick-auf-die-veranstaltung-rund-um-wissens-und-technologietransfer\/","title":{"rendered":"R\u00fcckblick auf die Workshops"},"content":{"rendered":"<section  class=\"section swatch-sciences-white section-short \" ><div class=\"background-media\"><\/div><div class=\"background-overlay\" style=\"\"><\/div><div class=\"container\"><div class=\"row vertical-top\"><div class=\"col-md-6  text-default\" ><h2 class=\"text-left normal regular bordered-header\">R\u00fcckblick auf den Workshop Wissenschaftskommunikation<\/h2><p>Der Workshop zu <strong>Wissenschaftskommunikation<\/strong> \u201eForschungsergebnisse effektiv an Wirtschaft und Gesellschaft vermitteln\u201c, der im Rahmen von Dialog Science 2018 stattgefunden hat, bot den Teilnehmern die <strong>M\u00f6glichkeit mit Experten der Wissenschaftskommunikation \u00fcber erfolgversprechende Kommunikationsma\u00dfnahmen<\/strong>, -kan\u00e4le und \u2013tool <strong>zu diskutieren<\/strong>. Anschlie\u00dfend wurden in Kleingruppen <strong>Ideen entwickelt<\/strong>, wie das <strong>Koordinationsb\u00fcro der S\u00e4ule Wissenschaft die oberrheinische Community in Bezug auf Kommunikation von Forschungsergebnissen unterst\u00fctzen k\u00f6nnte<\/strong>.&nbsp;<\/p>\n<p>&nbsp;<\/p>\n<p><img loading=\"lazy\" decoding=\"async\" class=\"alignnone  wp-image-5852\" style=\"font-size: 1rem;\" src=\"https:\/\/science.rmtmo.eu\/wp-content\/uploads\/2019\/01\/Nawik-300x111.png\" alt=\"\" width=\"268\" height=\"99\" srcset=\"https:\/\/science.rmtmo.eu\/wp-content\/uploads\/2019\/01\/Nawik-300x111.png 300w, https:\/\/science.rmtmo.eu\/wp-content\/uploads\/2019\/01\/Nawik.png 369w\" sizes=\"auto, (max-width: 268px) 100vw, 268px\" \/><\/p>\n<p><strong>Dr. Ulrike Brandt-Bohne<\/strong>, <strong>Dozentin beim nationalen Institut f\u00fcr Wissenschaftskommunikation NaWik,<\/strong> die im Rahmen des ersten Workshops das A und O der Wissenschaftskommunikation sowie konkrete Tools f\u00fcr die erfolgreiche Vermittlung von Forschungsergebnissen vorgestellt hat, legte den Teilnehmern besonders ans Herz, dass <strong>Kommunikation auch Spa\u00df machen muss, damit sie Erfolg bringt<\/strong>.<\/p>\n<p><i class=\"wp-svg-info info\"><\/i>&nbsp;Das Nationale Institut f\u00fcr Wissenschaftskommunikation (NaWik) vermittelt WissenschaftlerInnen, Studierenden und professionellen \u00d6ffentlichkeitsarbeiterInnen die Grundlagen guter Wissenschaftskommunikation.<\/p>\n<p><em style=\"font-size: 1rem;\"><img loading=\"lazy\" decoding=\"async\" class=\"alignnone  wp-image-5616\" src=\"https:\/\/science.rmtmo.eu\/wp-content\/uploads\/2018\/12\/pfeil-150x150.jpg\" alt=\"\" width=\"39\" height=\"39\"><\/em><a href=\"http:\/\/www.nawik.de\">www.nawik.de<\/a><\/p>\n<p><img loading=\"lazy\" decoding=\"async\" class=\"alignnone  wp-image-5855\" src=\"https:\/\/science.rmtmo.eu\/wp-content\/uploads\/2019\/01\/Neurex-300x159.png\" alt=\"\" width=\"240\" height=\"127\" srcset=\"https:\/\/science.rmtmo.eu\/wp-content\/uploads\/2019\/01\/Neurex-300x159.png 300w, https:\/\/science.rmtmo.eu\/wp-content\/uploads\/2019\/01\/Neurex-768x407.png 768w, https:\/\/science.rmtmo.eu\/wp-content\/uploads\/2019\/01\/Neurex-1024x542.png 1024w, https:\/\/science.rmtmo.eu\/wp-content\/uploads\/2019\/01\/Neurex.png 1605w\" sizes=\"auto, (max-width: 240px) 100vw, 240px\" \/><\/p>\n<p><strong>Prof. Dr. Paul P\u00e9vet<\/strong>, <strong>Direktor des trinationalen Netzwerks Neurex<\/strong> hat die verschiedenen Kommunikationsma\u00dfnahmen des von ihm geleiteten Projekts NeuroCampus vorgestellt. Sein Rat an die Teilnehmer war, dass <strong>bei der Gesellschaft Interesse f\u00fcr Forschungsergebnisse erzeugt werden kann, wenn die Kommunikation an aktuellen Themen aus der Umwelt der Menschen ankn\u00fcpft<\/strong>. Als Beispiel aus der Neurowissenschaft hat er eine Konferenz zu Alzheimer angef\u00fchrt.<\/p>\n<p><em><i class=\"wp-svg-info info\"><\/i> Neurex ist eines der wichtigsten europ\u00e4ischen Netzwerke im Bereich der Neurowissenschaften. Das Projekt NeuroCampus hat zum Ziel ein Online-Trainingsprogramm in den Neurowissenschaften f\u00fcr Studenten, Forscher und medizinisches Fachpersonal zu entwickeln und Verb\u00e4nde und die breite \u00d6ffentlichkeit mit den Neurowissenschaften vertraut zu machen.<\/em><\/p>\n<p><em><img loading=\"lazy\" decoding=\"async\" class=\"alignnone  wp-image-5616\" src=\"https:\/\/science.rmtmo.eu\/wp-content\/uploads\/2018\/12\/pfeil-150x150.jpg\" alt=\"\" width=\"39\" height=\"39\"><a href=\"http:\/\/www.neurex.org\">www.neurex.org<\/a><\/em><\/p>\n<p>&nbsp;<\/p>\n<p><strong><img loading=\"lazy\" decoding=\"async\" class=\"wp-image-5858 alignnone\" src=\"https:\/\/science.rmtmo.eu\/wp-content\/uploads\/2019\/01\/Rarenet-300x156.jpg\" alt=\"\" width=\"244\" height=\"127\" srcset=\"https:\/\/science.rmtmo.eu\/wp-content\/uploads\/2019\/01\/Rarenet-300x156.jpg 300w, https:\/\/science.rmtmo.eu\/wp-content\/uploads\/2019\/01\/Rarenet.jpg 422w\" sizes=\"auto, (max-width: 244px) 100vw, 244px\" \/><\/strong><\/p>\n<p><strong>Christine Laemmel, freiberufliche Marketingberaterin und Beauftragte f\u00fcr \u00d6ffentlichkeitsarbeit des Projekts Rarenet<\/strong>, hat die vielf\u00e4ltigen Kommunikationsma\u00dfnahmen dieses Projekts pr\u00e4sentiert. Hier trafen insbesondere innovative Ma\u00dfnahmen wie ein Zeichenwettkampf auf Interesse. Frau Laemmel riet den Teilnehmern besonders dazu, <strong>ihr Projekt bei etablierten Veranstaltungen wie z.B. Dialog Science oder den Science Days zu pr\u00e4sentieren und eigene Veranstaltungen mit weitreichenden Initiativen<\/strong> wie beispielsweise dem internationalen Tag der seltenen Krankheiten \u201eRare Desease Day\u201c zu verkn\u00fcpfen. Zum Abschluss haben die Teilnehmer innovative Ideen entwickelt, wie die Mitglieder der S\u00e4ule Wissenschaft gemeinschaftlich kommunizieren k\u00f6nnen und welche Hilfestellungen sie dazu br\u00e4uchten. Die Pr\u00e4sentation der Ergebnisse dieser Arbeiten sowie Folgeveranstaltungen werden in den kommenden Tagen hier zu finden sein.<\/p>\n<p><i class=\"wp-svg-info info\"><\/i> Rarenet ist ein grenz\u00fcberschreitendes Wissenschaftsprojekt, welches sich unter der Leitung der Professorinnen Agn\u00e8s Bloch-Zupan und Anne-Sophie Korganow der Universit\u00e4t Stra\u00dfburg mit der Erforschung einer besseren gesundheitlichen Betreuung von Patienten, die an einer seltenen Erkrankung leiden befasst.<\/p>\n<p><em><img loading=\"lazy\" decoding=\"async\" class=\"alignnone  wp-image-5616\" src=\"https:\/\/science.rmtmo.eu\/wp-content\/uploads\/2018\/12\/pfeil-150x150.jpg\" alt=\"\" width=\"39\" height=\"39\"><a href=\"http:\/\/www.rarenet.eu\">www.rarenet.eu<\/a><\/em><\/p>\n<\/div><div class=\"col-md-6  text-default\" ><img decoding=\"async\" alt=\"\" src=\"https:\/\/science.rmtmo.eu\/wp-content\/uploads\/2019\/01\/DialogScience18-1876HDWEB_-1024x683.jpg\" class=\"alignnone\"\/>[vc_empty_space][vc_empty_space]<h2 class=\"text-left normal regular bordered-header\">R\u00fcckblick auf den Workshop Wissenschaftsvermittlung<\/h2><p>Im Rahmen des <strong>Netzwerkmeetings<\/strong> der Akteure der Wissenschaftsvermittlung, konnten die Teilnehmer <strong>Einrichtungen und Aktivit\u00e4ten der Wissenschaftsvermittlung aus der TMO kennenlernen<\/strong> und gemeinsam <strong>Synergien und Potenziale zur grenz\u00fcberschreitenden Zusammenarbeit identifizieren<\/strong>.<\/p>\n<p>&nbsp;<\/p>\n<p>Es wurde den Teilnehmern Gelegenheit gegeben, sich im Hinblick auf die verschiedenen T\u00e4tigkeiten z<strong>ur Wissenschaftsvermittlung auszutauschen<\/strong>. Die vertretenen Akteure <strong>aus Universit\u00e4ten und Hochschulen<\/strong> bzw. den dort zust\u00e4ndigen Abteilungen sowie aus weiteren Einrichtungen der Wissenschaftsvermittlung haben eine Reihe von <strong>Anliegen unterstrichen<\/strong>: u.a. die <strong>Identifizierung der f\u00fcr solche Aktivit\u00e4ten interessierten Forschenden, den Austausch v.a. auch mit einem j\u00fcngeren Publikum sowie die Entwicklung von Initiativen um den Forschungsinhalte zug\u00e4nglich und verst\u00e4ndlich zu machen<\/strong>. Vor diesem Hintergrund wird das Koordinationsb\u00fcro der S\u00e4ule Wissenschaft <strong>im Fr\u00fchjahr 2019<\/strong> einen Workshop organisieren, in dem die genannten Fragestellungen bearbeitet werden.<\/p>\n<\/div><\/div><\/div><\/section>\n","protected":false},"excerpt":{"rendered":"R\u00fcckblick auf den Workshop WissenschaftskommunikationDer Workshop zu Wissenschaftskommunikation \u201eForschungsergebnisse effektiv an Wirtschaft und Gesellschaft vermitteln\u201c, der im Rahmen von Dialog Science 2018 stattgefunden hat, bot den Teilnehmern die M\u00f6glichkeit mit Experten der Wissenschaftskommunikation \u00fcber erfolgversprechende Kommunikationsma\u00dfnahmen, -kan\u00e4le und \u2013tool zu diskutieren. Anschlie\u00dfend wurden in Kleingruppen Ideen entwickelt, wie das Koordinationsb\u00fcro der S\u00e4ule Wissenschaft die oberrheinische","protected":false},"author":4,"featured_media":0,"parent":4687,"menu_order":0,"comment_status":"closed","ping_status":"closed","template":"","meta":{"ngg_post_thumbnail":0,"footnotes":""},"class_list":["post-5612","page","type-page","status-publish","hentry"],"aioseo_notices":[],"_links":{"self":[{"href":"https:\/\/science.rmtmo.eu\/de\/wp-json\/wp\/v2\/pages\/5612","targetHints":{"allow":["GET"]}}],"collection":[{"href":"https:\/\/science.rmtmo.eu\/de\/wp-json\/wp\/v2\/pages"}],"about":[{"href":"https:\/\/science.rmtmo.eu\/de\/wp-json\/wp\/v2\/types\/page"}],"author":[{"embeddable":true,"href":"https:\/\/science.rmtmo.eu\/de\/wp-json\/wp\/v2\/users\/4"}],"replies":[{"embeddable":true,"href":"https:\/\/science.rmtmo.eu\/de\/wp-json\/wp\/v2\/comments?post=5612"}],"version-history":[{"count":28,"href":"https:\/\/science.rmtmo.eu\/de\/wp-json\/wp\/v2\/pages\/5612\/revisions"}],"predecessor-version":[{"id":6053,"href":"https:\/\/science.rmtmo.eu\/de\/wp-json\/wp\/v2\/pages\/5612\/revisions\/6053"}],"up":[{"embeddable":true,"href":"https:\/\/science.rmtmo.eu\/de\/wp-json\/wp\/v2\/pages\/4687"}],"wp:attachment":[{"href":"https:\/\/science.rmtmo.eu\/de\/wp-json\/wp\/v2\/media?parent=5612"}],"curies":[{"name":"wp","href":"https:\/\/api.w.org\/{rel}","templated":true}]}}