{"id":5049,"date":"2018-10-23T18:21:21","date_gmt":"2018-10-23T16:21:21","guid":{"rendered":"https:\/\/science.rmtmo.eu\/?page_id=5049"},"modified":"2019-01-14T14:49:16","modified_gmt":"2019-01-14T13:49:16","slug":"projektstaende","status":"publish","type":"page","link":"https:\/\/science.rmtmo.eu\/de\/dialog-science\/dialog-science-2018\/projektstaende\/","title":{"rendered":"Projektst\u00e4nde"},"content":{"rendered":"<section  class=\"section swatch-sciences-white section-short \" ><div class=\"background-media\"><\/div><div class=\"background-overlay\" style=\"\"><\/div><div class=\"container\"><div class=\"row vertical-top\"><div class=\"col-md-6  text-default\" ><h1 class=\"text-left super regular bordered-header\">Projektst\u00e4nde<\/h1><p>Die Veranstaltung \u201eInnovationsstandort, Wissensregion, Lebensqualit\u00e4t &#8211; Welcher Beitrag der Wissenschaftsakteure in der Metropolregion Oberrhein ?\u201c, die am 27.11.2018 im Rahmen von \u201eDialog Science\u201c den grenz\u00fcberschreitenden Tagen der Wissenschaft stattfindet, bietet den Teilnehmern die Gelegenheit, die Vielfalt und Qualit\u00e4t der grenz\u00fcberschreitenden Wissenschaftsprojekte des Oberrheins zu erkunden. Lassen Sie sich von Demonstrationen und Pr\u00e4sentationen der Forschungsergebnisse an den dazu vorgesehenen Projektst\u00e4nden \u00fcberraschen.<\/p>\n<img decoding=\"async\" alt=\"\" src=\"https:\/\/science.rmtmo.eu\/wp-content\/uploads\/2019\/01\/dialog-sciences-150x150.jpg\" class=\"aligncenter\"\/>[vc_empty_space]<p><img loading=\"lazy\" decoding=\"async\" class=\"alignleft wp-image-5017 \" src=\"https:\/\/science.rmtmo.eu\/wp-content\/uploads\/2018\/10\/pfeil-150x150.jpg\" alt=\"\" width=\"57\" height=\"57\" srcset=\"https:\/\/science.rmtmo.eu\/wp-content\/uploads\/2018\/10\/pfeil-150x150.jpg 150w, https:\/\/science.rmtmo.eu\/wp-content\/uploads\/2018\/10\/pfeil.jpg 262w\" sizes=\"auto, (max-width: 57px) 100vw, 57px\" \/><\/p>\n<p>&nbsp;<\/p>\n<h3 style=\"padding-left: 90px;\"><strong>Liste der am 27. November 2018 vertretenen Projekte:&nbsp;<\/strong><\/h3>\n<p><strong><a href=\"http:\/\/www.itada.org\/deutsch\/pdf-upload\/Flyer_AgroForm_D_final_1.pdf\">Agroform<\/a><\/strong>: Agrar\u00f6kologie am Oberrhein : innovative Praxis und Bildung<\/p>\n<p><strong><a href=\"https:\/\/science.rmtmo.eu\/de\/die-saeule-wissenschaft\/strategie\/projekte\/\">Clim&#8217;ability<\/a>:<\/strong>&nbsp;Klimaanpassungstrategien f\u00fcr Unternehmen in der Region Oberrhein<\/p>\n<p><strong><a href=\"https:\/\/www.ebiprep.eu\/fr\/\">EBIPREP<\/a>:&nbsp;<\/strong>Intelligente Nutzung von Biomasse zur Schadstoffarmen Erzeugung erneuerbarer Energie und biotechnologischer Wertstoffe<\/p>\n<p><strong><a href=\"http:\/\/www.elcod.eu\/wp\/\">ELCOD<\/a>:<\/strong>&nbsp;Endurance low-cost Drone<\/p>\n<p><strong><a href=\"https:\/\/www.ermes-rhin.eu\/DE\/willkommen.html\">Erm\u00e8s Rhin<\/a>:&nbsp;<\/strong>Entwicklung der Grundwasserqualit\u00e4t im Oberrheingraben von Basel bis Mainz-Wiesbaden und Empfehlungen zur Reduktion historischer und neuartiger anthropogener Schadstoffe<\/p>\n<p><strong><a href=\"https:\/\/www.eucor-uni.org\/de\/\">Eucor &#8211; The European Campus<\/a>:<\/strong>&nbsp;Allianz der Universit\u00e4ten am Oberrhein<\/p>\n<p><strong><a href=\"http:\/\/georhena.eu\/de\">GeoRhena<\/a>:<\/strong> Ein GIS-Kompetenzzentrum auf Geoportalbasis<\/p>\n<p><strong><a href=\"https:\/\/www.hs-furtwangen.de\/forschung\/forschungsprojekte\/halfback\/\">Halfback<\/a>:<\/strong>&nbsp;L\u00e4nder\u00fcbergreifende hoch-verf\u00fcgbare Smart-Factories in der Cloud<\/p>\n<p><strong><a href=\"https:\/\/science.rmtmo.eu\/de\/die-saeule-wissenschaft\/strategie\/projekte\/\">Inno.Var<\/a>:<\/strong>&nbsp;Agrar\u00f6kologie am Oberrhein: Identifizierung, gemeinsame Konzeption und Umsetzung von innovativen und nachhaltigen Produktionsverfahren<\/p>\n<p><strong><a href=\"http:\/\/interreligio.unistra.fr\/de\/\">INTER-RELIGIO<\/a>:<\/strong>&nbsp;Geteilte \u00dcberzeugungen: Produktion von gemeinsamen Mechanismen zum Austausch und zur Ausbildung des konfessionellen F\u00fchrungspersonals im Oberrhein Raum<\/p>\n<p><strong><a href=\"http:\/\/nanotransmed.u-strasbg.fr\/willkommen\/\">NANOTRANSMED<\/a>:<\/strong> Innovationen in der Nanomedizin: von der Diagnose zur Implantologie<\/p>\n<\/div><div class=\"col-md-6  text-default\" ><img decoding=\"async\" alt=\"\" src=\"https:\/\/science.rmtmo.eu\/wp-content\/uploads\/2018\/10\/logo_dialog-science_ohne_wei\u00df-300x83.jpg\" class=\"aligncenter\"\/>[vc_empty_space]<img decoding=\"async\" alt=\"\" src=\"https:\/\/science.rmtmo.eu\/wp-content\/uploads\/2019\/01\/DialogScience18-1753HDWEB_.jpg\" class=\"aligncenter\"\/>[vc_empty_space][vc_empty_space height=&#8220;18px&#8220;][vc_empty_space height=&#8220;18px&#8220;][vc_empty_space height=&#8220;12px&#8220;]<p><strong><a href=\"https:\/\/science.rmtmo.eu\/de\/die-saeule-wissenschaft\/strategie\/projekte\/\">NEUROCAMPUS TRINATIONAL<\/a><\/strong>:&nbsp;Schaffung einer trinationalen aus-und Weiterbildungsplattform im Bereich der Neurowissenschaft<\/p>\n<p><strong><a href=\"https:\/\/science.rmtmo.eu\/de\/wissenschaftsoffensive\/wissenschaftsoffensive-2016\/preistraeger\/#group5be2e70bd719e\">PROOF<\/a><\/strong>:&nbsp;Organische Photovoltaik-Dachelemente f\u00fcr gewerbliche und industrielle Geb\u00e4ude<\/p>\n<p><strong><a href=\"http:\/\/www.rarenet.eu\/de\/\">RARENET<\/a><\/strong>:&nbsp;Ein trinationales Netzwerk f\u00fcr die Lehre, die wissenschaftliche Untersuchung und die Behandlung von Komplexen und seltenen Erkrankungen am Oberrhein<\/p>\n<p><strong><a href=\"https:\/\/science.rmtmo.eu\/de\/die-saeule-wissenschaft\/strategie\/projekte\/\">RMTMO-RI<\/a> :<\/strong>&nbsp;Str\u00e4rkung der Forsschungsinfrastruktur&nbsp;in der Metropolregion Oberrhein<\/p>\n<p><strong><a href=\"https:\/\/www.trirhenatech.eu\/home\/wilkommen\/\">TriRhenaTech<\/a> <\/strong>:&nbsp;Strukturierung der grenz\u00fcberschreitenden Zusammenarbeit der Hochschulen f\u00fcr angewandte Wissenschaft am Oberrhein<\/p>\n<p><em><strong>Universit\u00e9 Koblenz-Landau<\/strong><\/em> :<\/p>\n<ul>\n<li><strong><a href=\"https:\/\/www.serior.eu\/\">SERIOR<\/a><\/strong> : Aufbau der Upper Rhine Trinational Graduate Academy\u201eSecurity-Risk-Orientation&#8220;<\/li>\n<li><strong><a href=\"http:\/\/de.photopur.org\/\">Photopur<\/a>:<\/strong>&nbsp;Photokatalytische Reinigung von pestizidbelastetem Wasser aus dem Weinbau<\/li>\n<li><strong><a href=\"https:\/\/www.uni-koblenz-landau.de\/de\/eeres\/Aktuelles\/meldungen\/ecoserv-kickoffmeeting2\">Ecoserv<\/a>:&nbsp;<\/strong>Grenz\u00fcberschreitende Verbesserung der Qualit\u00e4t von \u00d6kosystemdienstleistungen in Schutzgebieten und angrenzenden Regionen: Erfassung, Instrumente, Strategien<\/li>\n<\/ul>\n<p><a href=\"https:\/\/www.hs-furtwangen.de\/forschung\/forschungsprojekte\/upperrhine-40\/\">Upper Rhine 4.0<\/a>:&nbsp;Trinationales Kompetenznetzwerk Industrie 4.0<\/p>\n<p><a href=\"http:\/\/www.vitifutur.net\/start_de.htm\">Vitifutur<\/a>:&nbsp;Transnationale Plattform f\u00fcr angewandte Forschung und Weiterbildung im Weinbau<\/p>\n<\/div><\/div><\/div><\/section>\n","protected":false},"excerpt":{"rendered":"Projektst\u00e4ndeDie Veranstaltung \u201eInnovationsstandort, Wissensregion, Lebensqualit\u00e4t - Welcher Beitrag der Wissenschaftsakteure in der Metropolregion Oberrhein ?\u201c, die am 27.11.2018 im Rahmen von \u201eDialog Science\u201c den grenz\u00fcberschreitenden Tagen der Wissenschaft stattfindet, bietet den Teilnehmern die Gelegenheit, die Vielfalt und Qualit\u00e4t der grenz\u00fcberschreitenden Wissenschaftsprojekte des Oberrheins zu erkunden. Lassen Sie sich von Demonstrationen und Pr\u00e4sentationen der Forschungsergebnisse an","protected":false},"author":4,"featured_media":0,"parent":4687,"menu_order":0,"comment_status":"closed","ping_status":"closed","template":"","meta":{"ngg_post_thumbnail":0,"footnotes":""},"class_list":["post-5049","page","type-page","status-publish","hentry"],"aioseo_notices":[],"_links":{"self":[{"href":"https:\/\/science.rmtmo.eu\/de\/wp-json\/wp\/v2\/pages\/5049","targetHints":{"allow":["GET"]}}],"collection":[{"href":"https:\/\/science.rmtmo.eu\/de\/wp-json\/wp\/v2\/pages"}],"about":[{"href":"https:\/\/science.rmtmo.eu\/de\/wp-json\/wp\/v2\/types\/page"}],"author":[{"embeddable":true,"href":"https:\/\/science.rmtmo.eu\/de\/wp-json\/wp\/v2\/users\/4"}],"replies":[{"embeddable":true,"href":"https:\/\/science.rmtmo.eu\/de\/wp-json\/wp\/v2\/comments?post=5049"}],"version-history":[{"count":26,"href":"https:\/\/science.rmtmo.eu\/de\/wp-json\/wp\/v2\/pages\/5049\/revisions"}],"predecessor-version":[{"id":6071,"href":"https:\/\/science.rmtmo.eu\/de\/wp-json\/wp\/v2\/pages\/5049\/revisions\/6071"}],"up":[{"embeddable":true,"href":"https:\/\/science.rmtmo.eu\/de\/wp-json\/wp\/v2\/pages\/4687"}],"wp:attachment":[{"href":"https:\/\/science.rmtmo.eu\/de\/wp-json\/wp\/v2\/media?parent=5049"}],"curies":[{"name":"wp","href":"https:\/\/api.w.org\/{rel}","templated":true}]}}