{"id":4687,"date":"2018-08-10T12:19:37","date_gmt":"2018-08-10T10:19:37","guid":{"rendered":"https:\/\/science.rmtmo.eu\/?page_id=4687"},"modified":"2019-01-10T09:37:44","modified_gmt":"2019-01-10T08:37:44","slug":"dialog-science-2018","status":"publish","type":"page","link":"https:\/\/science.rmtmo.eu\/de\/dialog-science\/dialog-science-2018\/","title":{"rendered":"Dialog Science 2018"},"content":{"rendered":"<section  class=\"section swatch-sciences-white section-short \" ><div class=\"background-media\"><\/div><div class=\"background-overlay\" style=\"\"><\/div><div class=\"container\"><div class=\"row vertical-top\"><div class=\"col-md-6  text-default\" ><h1 class=\"text-left super regular bordered-header\">Dialog Science 2018<\/h1><p>Am 27. November 2018 haben knapp&nbsp;<strong>150 Personen aus Wissenschaft, Wirtschaft, Verwaltung und Politik<\/strong>&nbsp;im Palais de la Musique et des Congr\u00e8s in Stra\u00dfburg an der Veranstaltung \u201eDialog Science \u2013 Innovationsstandort, Wissensregion, Lebensqualit\u00e4t \u2013 welcher Beitrag der Wissenschaftsakteure in der Metropolregion Oberrhein?\u201c teilgenommen.<\/p>\n<p>Vormittags wurden im Rahmen von&nbsp;<strong>zwei Workshops effiziente und innovative Kommunikationsma\u00dfnahmen&nbsp;<\/strong>pr\u00e4sentiert:&nbsp;<\/p>\n<p>Zu den Workshops<strong> <a href=\"https:\/\/science.rmtmo.eu\/de\/dialog-science\/dialog-science-2018\/rueckblick-auf-die-veranstaltung-rund-um-wissens-und-technologietransfer\/\" target=\"_blank\" rel=\"noopener\">&#8222;Forschungsergebnisse effektiv an Wirtschaft und Gesellschaft kommunizieren&#8220; und &#8222;Netzwerkmeeting der oberrheinischen Akteure der Wissenschaftsvermittlung&#8220;.<\/a>&nbsp;<\/strong><\/p>\n[vc_empty_space height=&#8220;25px&#8220;]<p>Am Nachmittag haben&nbsp;Vertreter aus Wissenschaft, Politik und Wirtschaft im Rahmen des runden Tischs&nbsp;<strong>\u201eWissenschaft als Schnittstelle oder im Kreuzfeuer?\u201c<\/strong>&nbsp;die Rahmenbedingungen, Erwartungen und damit verbundenen Herausforderungen, denen sich die Wissenschaft bez\u00fcglich Wissens- und Technologietransfer stellen will und soll, diskutiert.&nbsp;<\/p>\n<p><img loading=\"lazy\" decoding=\"async\" class=\"alignnone  wp-image-5616\" src=\"https:\/\/science.rmtmo.eu\/wp-content\/uploads\/2018\/12\/pfeil-150x150.jpg\" alt=\"\" width=\"32\" height=\"32\"><a href=\"https:\/\/science.rmtmo.eu\/de\/dialog-science\/dialog-science-2018\/rueckblick-auf-den-runden-tisch\/\">Weitere Informationen zum Inhalt<\/a><\/p>\n<p>&nbsp;<\/p>\n<p>Die zweite Gespr\u00e4chsrunde hatte das&nbsp;<strong>Leuchtturmprojekt der TMO \u201eRMTMO-RI \u2013 eine Gro\u00dfforschungsinfrastruktur am Oberrhein\u201c&nbsp;<\/strong>zum Thema.&nbsp;<\/p>\n<p><img loading=\"lazy\" decoding=\"async\" class=\"alignnone  wp-image-5616\" src=\"https:\/\/science.rmtmo.eu\/wp-content\/uploads\/2018\/12\/pfeil-150x150.jpg\" alt=\"\" width=\"32\" height=\"32\"><a href=\"https:\/\/science.rmtmo.eu\/de\/dialog-science\/dialog-science-2018\/rueckblick-auf-den-runden-tisch-2\/\">Weitere Informationen zum Inhalt<\/a><\/p>\n<\/div><div class=\"col-md-6  text-default\" ><img decoding=\"async\" alt=\"\" src=\"https:\/\/science.rmtmo.eu\/wp-content\/uploads\/2019\/01\/DialogScience18-2046HDWEB_.jpg\" class=\"alignnone\"\/><img decoding=\"async\" alt=\"\" src=\"https:\/\/science.rmtmo.eu\/wp-content\/uploads\/2018\/11\/logo_dialog-science_gross.jpg\" class=\"alignnone\"\/><p>Eine der Hauptattraktionen der Veranstaltung waren die&nbsp;<strong>insgesamt&nbsp;<a href=\"https:\/\/science.rmtmo.eu\/de\/dialog-science\/dialog-science-2018\/projektstaende\/\" target=\"_blank\" rel=\"noopener\">21 St\u00e4nde<\/a>, an denen die grenz\u00fcberschreitenden wissenschaftlichen Projekte der TMO vorgestellt<\/strong>&nbsp;wurden. Von zweimeterlangen Drohnen, \u00fcber Pilzinfektionen an Weinreben, bis hin zu Methoden der Ausbildung von religi\u00f6sem F\u00fchrungspersonal, wurde die&nbsp;<strong>Vielfalt und Qualit\u00e4t der wissenschaftlichen Projekte am Oberrhein<\/strong>&nbsp;wiedergespiegelt. Vorgestellt wurden die Projekte von Projektmanagern und hochkar\u00e4tigen Wissenschaftlern.<\/p>\n<p>Durch ihre rege Teilnahme an den Workshops und den Gespr\u00e4chsrunden, ganz besonders aber durch ihr Engagement an den St\u00e4nden, hat die Wissenschaftscommunity der TMO am 27. November 2018 erneut die&nbsp;<strong>Bedeutung der Wissenschaft f\u00fcr die weitere Entwicklung der Oberrheinregion als integrierten und attraktiven Wirtschafts-, Bildungs-, Arbeits- und Lebensraum<\/strong>&nbsp;aufgezeigt.<\/p>\n<p><img loading=\"lazy\" decoding=\"async\" class=\"alignleft wp-image-5017 \" src=\"https:\/\/science.rmtmo.eu\/wp-content\/uploads\/2018\/10\/pfeil-150x150.jpg\" alt=\"\" width=\"32\" height=\"32\" srcset=\"https:\/\/science.rmtmo.eu\/wp-content\/uploads\/2018\/10\/pfeil-150x150.jpg 150w, https:\/\/science.rmtmo.eu\/wp-content\/uploads\/2018\/10\/pfeil.jpg 262w\" sizes=\"auto, (max-width: 32px) 100vw, 32px\" \/><\/p>\n<h3><a href=\"https:\/\/science.rmtmo.eu\/wp-content\/uploads\/2018\/11\/2018-11-27-Dialog-Science-DE-kurz-2.pdf\" target=\"_blank\" rel=\"noopener\">Programm herunterladen<\/a><\/h3>\n<\/div><\/div><\/div><\/section><section  class=\"section swatch-sciences-white section-tiny \" ><div class=\"background-media\"><\/div><div class=\"background-overlay\" style=\"\"><\/div><div class=\"container\"><div class=\"row vertical-top\"><div class=\"col-md-12  text-default\" ><h2 style=\"text-align: center;\">Die im Rahmen von Dialog Science 2018 organisierten Veranstaltungen am Oberrhein<\/h2>\n[vc_empty_space]<div class=\"panel-group \" id=\"accordion_69d0788ead042\"><div class=\"panel panel-default\"><div class=\"panel-heading\"><a class=\"accordion-toggle collapsed\" data-parent=\"#accordion_69d0788ead042\" data-toggle=\"collapse\" href=\"#group69d0788ead0d7\">Abschlusskolloquium - Projekt InvaProtect<\/a><\/div><div class=\"panel-collapse collapse\" id=\"group69d0788ead0d7\"><div class=\"panel-body\"><p><p>In einem grenz\u00fcberschreitenden Abschlusskolloquium stellen die Projektpartner von <img loading=\"lazy\" decoding=\"async\" class=\" wp-image-4809 alignright\" src=\"https:\/\/science.rmtmo.eu\/wp-content\/uploads\/2018\/09\/logo_ltz_4c_garam.jpg\" alt=\"\" width=\"190\" height=\"79\">InvaProtect die Ergebnisse. Ihrer Arbeit zum nachhhaltigen Pflanzenschutz gegen Invasive Schaderreger im Obst- und Weinbau vor. Die Landwirtschaftskammer im Elsass und das Landwirtschaftliche Technologiezentrum Augustenberg (LTZ) f\u00fchren das Kolloquium in Zusammenarbeit mit allen europ\u00e4ischen Partnern des Projekts durch. F\u00fcr die deutschen und franz\u00f6sischen Beitr\u00e4ge wird eine simultane \u00dcbersetzung angeboten.<\/p>\n<p>&nbsp;<\/p>\n<p><strong>Wann<\/strong>? 8. November 2018<\/p>\n<p><strong>Wo<\/strong>? Bad Krozingen<\/p>\n<p>&nbsp;<\/p>\n<p>Das <strong>Programm<\/strong> des 8. November ist im PDF-Format <a href=\"https:\/\/science.rmtmo.eu\/wp-content\/uploads\/2018\/09\/2018-11-08-InvaProtect-Abschlusskolloquium.pdf\">hier<\/a>&nbsp;abrufbar.<\/p>\n<p>Die <strong>Anmeldungen<\/strong> sind \u00fcber diesen Link m\u00f6glich:&nbsp;<a href=\"http:\/\/www.ltz-bw.de\/pb\/,Lde\/Startseite\/Ueber+uns\/Abschlusskolloquium+08_11_2018\">www.ltz-bw.de\/pb\/,Lde\/Startseite\/Ueber+uns\/Abschlusskolloquium+08_11_2018&nbsp;<\/a><\/p>\n<p>&nbsp;<\/p>\n<p>Weitere Informationen:&nbsp;<a href=\"http:\/\/www.ltz-augustenberg.de\/\">www.ltz-augustenberg.de<\/a><\/p>\n<\/p><\/div><\/div><\/div><div class=\"panel panel-default\"><div class=\"panel-heading\"><a class=\"accordion-toggle collapsed\" data-parent=\"#accordion_69d0788ead042\" data-toggle=\"collapse\" href=\"#group69d0788ead140\">Internationale Konferenzen - Projekt INTER-RELIGIO<\/a><\/div><div class=\"panel-collapse collapse\" id=\"group69d0788ead140\"><div class=\"panel-body\"><p><p><span lang=\"DE\">Im Jahr 2018 organisieren drei Arbeitsgruppen drei internationale Konferenzen an den<img loading=\"lazy\" decoding=\"async\" class=\" wp-image-2869 alignright\" src=\"https:\/\/science.rmtmo.eu\/wp-content\/uploads\/2016\/09\/Logo_interReligio_300dpi-300x213.jpg\" alt=\"\" width=\"149\" height=\"106\" srcset=\"https:\/\/science.rmtmo.eu\/wp-content\/uploads\/2016\/09\/Logo_interReligio_300dpi-300x213.jpg 300w, https:\/\/science.rmtmo.eu\/wp-content\/uploads\/2016\/09\/Logo_interReligio_300dpi-768x545.jpg 768w, https:\/\/science.rmtmo.eu\/wp-content\/uploads\/2016\/09\/Logo_interReligio_300dpi.jpg 1000w\" sizes=\"auto, (max-width: 149px) 100vw, 149px\" \/> jeweiligen Standorten Strasbourg, Heidelberg und Basel. <\/span><\/p>\n<p><span lang=\"DE\">Diese Konferenzen werden die Diskussionsst\u00e4nde der grenz\u00fcberschreitenden Forschungsans\u00e4tze zu INTER-RELIGIO aufgreifen. Sie bieten zudem die Chance, zum weiteren wissenschaftlichen Austausch zum Ph\u00e4nomen der Interreligiosit\u00e4t externe internationale Experten einzuladen. Das Ziel dieser wissenschaftlichen Veranstaltungen besteht darin, eine gr\u00f6\u00dfere \u00d6ffentlichkeit zu erreichen und eine Debatte anzuregen. Schliesslich werden Kontakte mit internationalen Institutionen gekn\u00fcpft, die sich mit religi\u00f6sen Ph\u00e4nomenen besch\u00e4ftigen.<\/span><\/p>\n<p>&nbsp;<\/p>\n<p><strong>Wann<\/strong>? Im Oktober und November 2018 und April 2019<\/p>\n<p><strong>Wo<\/strong>? Heidelberg (am <strong>4., 5. &amp; 6. Oktober<\/strong> 2018)<\/p>\n<p>Stra\u00dfburg (am <strong>5., 6. &amp; 7. November<\/strong> 2018)<\/p>\n<p>Basel (am&nbsp;<strong>4.,5.&amp; 6. April&nbsp;<\/strong>2019)<\/p>\n<p><a href=\"https:\/\/science.rmtmo.eu\/wp-content\/uploads\/2018\/10\/volles-Konferenzprogramm-nov.2018-DE.pdf\">Link zum Programm<\/a><\/p>\n<p>Weitere Informationen:&nbsp;<a href=\"http:\/\/interreligio.unistra.fr\/de\/internationale-konferenzen\/\">http:\/\/interreligio.unistra.fr\/de\/internationale-konferenzen\/&nbsp;<\/a><\/p>\n<\/p><\/div><\/div><\/div><div class=\"panel panel-default\"><div class=\"panel-heading\"><a class=\"accordion-toggle collapsed\" data-parent=\"#accordion_69d0788ead042\" data-toggle=\"collapse\" href=\"#group69d0788ead182\">Technischer Tag zum 3D-Druck, Robotik und Medizin - Projekt SPIRITS<\/a><\/div><div class=\"panel-collapse collapse\" id=\"group69d0788ead182\"><div class=\"panel-body\"><p><p>Das Projekt SPIRITS veranstaltet gemeinsam mit der Forschungsgemeinschaft Robotik des<img loading=\"lazy\" decoding=\"async\" class=\" wp-image-4424 alignright\" src=\"https:\/\/science.rmtmo.eu\/wp-content\/uploads\/2018\/06\/Logo_spirits-300x108.png\" alt=\"\" width=\"153\" height=\"55\" srcset=\"https:\/\/science.rmtmo.eu\/wp-content\/uploads\/2018\/06\/Logo_spirits-300x108.png 300w, https:\/\/science.rmtmo.eu\/wp-content\/uploads\/2018\/06\/Logo_spirits.png 741w\" sizes=\"auto, (max-width: 153px) 100vw, 153px\" \/> CNRS einen Tag zur Pr\u00e4sentation und Diskussion der neuesten Fortschritte im 3D-Druck und ihre Auswirkungen auf die Entwicklung der Gesundheitssysteme. Die Veranstaltung richtet sich vor allem an Industrielle und Forscher und der Austausch findet in englischer Sprache statt.<\/p>\n<p>&nbsp;<\/p>\n<p><strong>Wann<\/strong>? Am 16. Oktober, 9:30-16:30<\/p>\n<p><strong>Wo<\/strong>? INSA Stra\u00dfburg<\/p>\n<p>&nbsp;<\/p>\n<p>Das Programm und die Anmeldungen sind <a href=\"http:\/\/spirits.icube.unistra.fr\/en\/index.php\/Technical_Day_2018\">hier<\/a>&nbsp;abrufbar.<\/p>\n<\/p><\/div><\/div><\/div><div class=\"panel panel-default\"><div class=\"panel-heading\"><a class=\"accordion-toggle collapsed\" data-parent=\"#accordion_69d0788ead042\" data-toggle=\"collapse\" href=\"#group69d0788ead1ad\">Vorstellung der Ergebnisse der grenz\u00fcberschreitenden \u00dcberwachung der Grundwasserqualit\u00e4t am Oberrhein - Projekt ERMES-RHIN<\/a><\/div><div class=\"panel-collapse collapse\" id=\"group69d0788ead1ad\"><div class=\"panel-body\"><p><p><span style=\"font-weight: 400;\">die Aprona gemeinsam mit ihren Schweizer und franz\u00f6sischen Partnern pr\u00e4sentiert die <img loading=\"lazy\" decoding=\"async\" class=\" wp-image-4767 alignright\" src=\"https:\/\/science.rmtmo.eu\/wp-content\/uploads\/2018\/09\/Ermes-Rhin-300x158.png\" alt=\"\" width=\"171\" height=\"90\" srcset=\"https:\/\/science.rmtmo.eu\/wp-content\/uploads\/2018\/09\/Ermes-Rhin-300x158.png 300w, https:\/\/science.rmtmo.eu\/wp-content\/uploads\/2018\/09\/Ermes-Rhin-768x403.png 768w, https:\/\/science.rmtmo.eu\/wp-content\/uploads\/2018\/09\/Ermes-Rhin-1024x538.png 1024w, https:\/\/science.rmtmo.eu\/wp-content\/uploads\/2018\/09\/Ermes-Rhin.png 1200w\" sizes=\"auto, (max-width: 171px) 100vw, 171px\" \/>Ergebnisse der grenz\u00fcberschreitenden Untersuchung der Grundwasserqualit\u00e4t am Oberrhein in Bezug auf 170 Schadstoffe (Pestizide, Nitrate, pharmazeutische Stoffe, perfluorierte Verbindungen, Perchlorate usw.). Die Ergebnisse der Aktualisierung der grenz\u00fcberschreitenden Indikatoren bez\u00fcglich der Entwicklung der Grundwasserqualit\u00e4t am Oberrhein werden ebenfalls vorgestellt.<\/span><\/p>\n<p><span style=\"font-weight: 400;\">Die Veranstaltung wird simultan gedolmetscht Deutsch-Franz\u00f6sisch\/ Franz\u00f6sisch-Deutsch<\/span><\/p>\n<p>&nbsp;<\/p>\n<p><strong>Wann<\/strong>? 15. November 2018, 9:30-16:00<\/p>\n<p><strong>Wo<\/strong>? Am H\u00f4tel du D\u00e9partement, Stra\u00dfburg<\/p>\n<p>&nbsp;<\/p>\n<p><span style=\"font-weight: 400;\">Weitere Informationen: <\/span><a href=\"http:\/\/www.ermes-rhin.eu\"><span style=\"font-weight: 400;\">www.ermes-rhin.eu<\/span><\/a><\/p>\n<\/p><\/div><\/div><\/div><\/div><\/div><\/div><\/div><\/section>\n","protected":false},"excerpt":{"rendered":"Dialog Science 2018Am 27. November 2018 haben knapp&nbsp;150 Personen aus Wissenschaft, Wirtschaft, Verwaltung und Politik&nbsp;im Palais de la Musique et des Congr\u00e8s in Stra\u00dfburg an der Veranstaltung \u201eDialog Science \u2013 Innovationsstandort, Wissensregion, Lebensqualit\u00e4t \u2013 welcher Beitrag der Wissenschaftsakteure in der Metropolregion Oberrhein?\u201c teilgenommen. Vormittags wurden im Rahmen von&nbsp;zwei Workshops effiziente und innovative Kommunikationsma\u00dfnahmen&nbsp;pr\u00e4sentiert:&nbsp; Zu den","protected":false},"author":4,"featured_media":0,"parent":311,"menu_order":0,"comment_status":"closed","ping_status":"closed","template":"","meta":{"ngg_post_thumbnail":0,"footnotes":""},"class_list":["post-4687","page","type-page","status-publish","hentry"],"aioseo_notices":[],"_links":{"self":[{"href":"https:\/\/science.rmtmo.eu\/de\/wp-json\/wp\/v2\/pages\/4687","targetHints":{"allow":["GET"]}}],"collection":[{"href":"https:\/\/science.rmtmo.eu\/de\/wp-json\/wp\/v2\/pages"}],"about":[{"href":"https:\/\/science.rmtmo.eu\/de\/wp-json\/wp\/v2\/types\/page"}],"author":[{"embeddable":true,"href":"https:\/\/science.rmtmo.eu\/de\/wp-json\/wp\/v2\/users\/4"}],"replies":[{"embeddable":true,"href":"https:\/\/science.rmtmo.eu\/de\/wp-json\/wp\/v2\/comments?post=4687"}],"version-history":[{"count":51,"href":"https:\/\/science.rmtmo.eu\/de\/wp-json\/wp\/v2\/pages\/4687\/revisions"}],"predecessor-version":[{"id":5911,"href":"https:\/\/science.rmtmo.eu\/de\/wp-json\/wp\/v2\/pages\/4687\/revisions\/5911"}],"up":[{"embeddable":true,"href":"https:\/\/science.rmtmo.eu\/de\/wp-json\/wp\/v2\/pages\/311"}],"wp:attachment":[{"href":"https:\/\/science.rmtmo.eu\/de\/wp-json\/wp\/v2\/media?parent=4687"}],"curies":[{"name":"wp","href":"https:\/\/api.w.org\/{rel}","templated":true}]}}