{"id":4657,"date":"2018-08-06T13:33:12","date_gmt":"2018-08-06T11:33:12","guid":{"rendered":"https:\/\/science.rmtmo.eu\/?page_id=4657"},"modified":"2023-05-19T10:20:45","modified_gmt":"2023-05-19T08:20:45","slug":"wissens-und-technologietransfer","status":"publish","type":"page","link":"https:\/\/science.rmtmo.eu\/de\/wissens-und-technologietransfer\/","title":{"rendered":"Transfer"},"content":{"rendered":"<section  class=\"section swatch-sciences-white section-short \" ><div class=\"background-media\"><\/div><div class=\"background-overlay\" style=\"\"><\/div><div class=\"container\"><div class=\"row vertical-top\"><div class=\"col-md-6  text-default\" ><h1 class=\"text-left super regular bordered-header\">Wissens- und Technologietransfer am Oberrhein<\/h1>[vc_empty_space height=&#8220;25px&#8220;][vc_empty_space height=&#8220;25px&#8220;]<p>Das <a href=\"https:\/\/science.rmtmo.eu\/de\/die-saeule-wissenschaft\/akteure\/das-koordinationsbuero\/\" target=\"_blank\" rel=\"noopener noreferrer\"><strong>Koordinationsb\u00fcro der S\u00e4ule Wissenschaft<\/strong><\/a>&nbsp;besch\u00e4ftigt sich den <strong>Akteuren<\/strong> der S\u00e4ule Wissenschaft der Trinationalen Metropolregion Oberrhein (TMO) <strong>praktische Unterst\u00fctzung und Dienste zu bieten<\/strong>, insbesondere durch die <strong>Betreuung des Netzwerks<\/strong> und durch die <strong>Unterst\u00fctzung der Entwicklung neuer Kooperationsprojekte<\/strong>.<\/p>\n[vc_empty_space height=&#8220;25px&#8220;][vc_empty_space height=&#8220;25px&#8220;]<p>Eine seiner Aufgaben besteht darin, <strong>Wissens-und Technologietransfer<\/strong> (WTT) am Oberrhein zu <strong>f\u00f6rdern<\/strong>.<\/p>\n<p>In diesem Zusammenhang entwickelt das Koordinationsb\u00fcro eine <strong>interaktive Karte mit Einrichtungen und Akteuren<\/strong>, die im <strong>Bereich WTT<\/strong> t\u00e4tig sind.<\/p>\n[vc_empty_space]<\/div><div class=\"col-md-6  text-default\" ><img decoding=\"async\" alt=\"\" src=\"https:\/\/science.rmtmo.eu\/wp-content\/uploads\/2020\/04\/Image_Couverture_Brochure_WTT-scaled.jpg\" class=\"alignnone\"\/><p>Dazu hat sich das B\u00fcro im <strong>Interreg VA- Projekt Knowledge Transfer Upper Rhine (K-TUR) <\/strong>beteiligt, dessen \u00fcbergeordnetes Ziel ist es, die <strong>Kontaktaufnahme<\/strong> und sowie <strong>Projektanbahnung<\/strong> zwischen <strong>Forschungseinrichtungen und Unternehmen<\/strong> zu verst\u00e4rken.<\/p>\n[vc_empty_space]<p><img loading=\"lazy\" decoding=\"async\" class=\"alignleft wp-image-5017 \" src=\"https:\/\/science.rmtmo.eu\/wp-content\/uploads\/2018\/10\/pfeil-150x150.jpg\" alt=\"\" width=\"55\" height=\"55\" srcset=\"https:\/\/science.rmtmo.eu\/wp-content\/uploads\/2018\/10\/pfeil-150x150.jpg 150w, https:\/\/science.rmtmo.eu\/wp-content\/uploads\/2018\/10\/pfeil.jpg 262w\" sizes=\"auto, (max-width: 55px) 100vw, 55px\" \/>&nbsp;<\/p>\n<p>Weitere Informationen zum Projekt und Beteiligung des Koordinationsb\u00fcros sind auf der <a href=\"https:\/\/www.ktur.eu\/\">Webseite<\/a> des Projektes zu finden.<\/p>\n<\/div><\/div><\/div><\/section><section  class=\"section swatch-white-red section-normal \" ><div class=\"background-media\"><\/div><div class=\"background-overlay\" style=\"\"><\/div><div class=\"container\"><div class=\"row vertical-top\"><div class=\"col-md-12  text-default\" ><p><iframe loading=\"lazy\" id=\"inlineFrameExample\" title=\"S\u00e4ule Wissenschaft TMO \/ GeoRhena: Akteure des Transfers am Oberrhein.\" src=\"https:\/\/geoportal.georhena.eu\/mviewer\/?config=apps\/RMT_ACTEURS_DE.xml\" width=\"100%\" height=\"800\"><br \/>\n<\/iframe><\/p>\n<\/div><\/div><\/div><\/section>\n","protected":false},"excerpt":{"rendered":"Wissens- und Technologietransfer am Oberrhein[vc_empty_space height=\"25px\"][vc_empty_space height=\"25px\"]Das Koordinationsb\u00fcro der S\u00e4ule Wissenschaft&nbsp;besch\u00e4ftigt sich den Akteuren der S\u00e4ule Wissenschaft der Trinationalen Metropolregion Oberrhein (TMO) praktische Unterst\u00fctzung und Dienste zu bieten, insbesondere durch die Betreuung des Netzwerks und durch die Unterst\u00fctzung der Entwicklung neuer Kooperationsprojekte. [vc_empty_space height=\"25px\"][vc_empty_space height=\"25px\"]Eine seiner Aufgaben besteht darin, Wissens-und Technologietransfer (WTT) am Oberrhein zu","protected":false},"author":4,"featured_media":0,"parent":0,"menu_order":0,"comment_status":"closed","ping_status":"closed","template":"","meta":{"ngg_post_thumbnail":0,"footnotes":""},"class_list":["post-4657","page","type-page","status-publish","hentry"],"aioseo_notices":[],"_links":{"self":[{"href":"https:\/\/science.rmtmo.eu\/de\/wp-json\/wp\/v2\/pages\/4657","targetHints":{"allow":["GET"]}}],"collection":[{"href":"https:\/\/science.rmtmo.eu\/de\/wp-json\/wp\/v2\/pages"}],"about":[{"href":"https:\/\/science.rmtmo.eu\/de\/wp-json\/wp\/v2\/types\/page"}],"author":[{"embeddable":true,"href":"https:\/\/science.rmtmo.eu\/de\/wp-json\/wp\/v2\/users\/4"}],"replies":[{"embeddable":true,"href":"https:\/\/science.rmtmo.eu\/de\/wp-json\/wp\/v2\/comments?post=4657"}],"version-history":[{"count":12,"href":"https:\/\/science.rmtmo.eu\/de\/wp-json\/wp\/v2\/pages\/4657\/revisions"}],"predecessor-version":[{"id":13472,"href":"https:\/\/science.rmtmo.eu\/de\/wp-json\/wp\/v2\/pages\/4657\/revisions\/13472"}],"wp:attachment":[{"href":"https:\/\/science.rmtmo.eu\/de\/wp-json\/wp\/v2\/media?parent=4657"}],"curies":[{"name":"wp","href":"https:\/\/api.w.org\/{rel}","templated":true}]}}