{"id":4294,"date":"2018-05-25T13:50:34","date_gmt":"2018-05-25T11:50:34","guid":{"rendered":"https:\/\/science.rmtmo.eu\/?page_id=4294"},"modified":"2018-05-28T14:50:30","modified_gmt":"2018-05-28T12:50:30","slug":"impressum","status":"publish","type":"page","link":"https:\/\/science.rmtmo.eu\/de\/impressum\/","title":{"rendered":"Impressum"},"content":{"rendered":"<section  class=\"section swatch-sciences-white section-short \" ><div class=\"background-media\"><\/div><div class=\"background-overlay\" style=\"\"><\/div><div class=\"container\"><div class=\"row vertical-top\"><div class=\"col-md-6  text-default\" ><h2 class=\"text-left normal light bordered-header\">Identifizierung<\/h2><p><strong>Sitz :\u00a0 <\/strong>Koordinationsb\u00fcro der S\u00e4ule Wissenschaft &#8211; Euro-Institut<br \/>\nVilla Rehfus, Rehfusplatz 11<br \/>\nD-77694 Kehl<\/p>\n<p>Tel. : +49 7851 7407 27<\/p>\n<p><strong><span class=\"st\">Verantwortlich im Sinne des Presserechts<\/span><\/strong>: Georg Walter, Direktor des Euro-Instituts<\/p>\n<p><strong>Webdesigners :<\/strong> <a href=\"http:\/\/www.okopixel.com\/\">Arnaud Redoutey<\/a> und <a href=\"http:\/\/www.okopixel.com\/\">Yann Cartaut\u00a0<\/a><\/p>\n<p><strong>Webhosting :<\/strong> <a href=\"https:\/\/www.ovh.com\/fr\/\">ovh<\/a><\/p>\n<p><strong>CMS : <\/strong>WordPress, Theme Angle<\/p>\n[vc_empty_space]<h2 class=\"text-left normal light bordered-header\">Verwendung von Cookies<\/h2><p>Diese Seite nutzt Cookies von Google Analytics. Diese Cookies erm\u00f6glichen eine statistische Analyse der Besuche der Webseite.<\/p>\n<p>Informationen \u00fcber Ihre Navigation auf dieser Seite werden anonym and Googl Inc. \u00fcbermittelt.<\/p>\n<\/div><div class=\"col-md-6  text-default\" ><h2 class=\"text-left normal light bordered-header\">Datenschutzerkl\u00e4rung<\/h2><p>Das INTERREG-Projekt \u00ab\u00a0Koordinationsb\u00fcro S\u00e4ule Wissenschaft der TMO\u00a0\u00bb wird vom Euro-Institut getragen.<\/p>\n<p>Die vom Euro-Institut erstellte Datenschutzerkl\u00e4rung ist <a href=\"https:\/\/www.euroinstitut.org\/footer\/datenschutzerklaerung\/\">hier<\/a> abrufbar.<\/p>\n[vc_empty_space]<h2 class=\"text-left normal light bordered-header\">Urheberrecht und geistiges Eigentum<\/h2><p>Die allgemeine Struktur sowie die Texte, Fotos und Bilder dieser Website sind Eigentum von der TMO \u2013 Metropolregion Oberrhein \u2013 Koordinationsb\u00fcro der S\u00e4ule Wissenschaft. Jede Vervielf\u00e4ltigung, ganz oder teilweise, und jede Darstellung des wesentlichen Inhalts dieser Website, eines oder mehrerer ihrer Bestandteile, durch irgendein Verfahren, ohne die ausdr\u00fcckliche Genehmigung von der TMO \u2013 Metropolregion Oberrhein \u2013 Koordinationsb\u00fcro der S\u00e4ule Wissenschaft, ist verboten und stellt einen Versto\u00df dar, der nach den Artikeln L.335-2 ff. des Gesetzes \u00fcber geistiges Eigentum strafbar ist.<\/p>\n<\/div><\/div><\/div><\/section>\n","protected":false},"excerpt":{"rendered":"IdentifizierungSitz :\u00a0 Koordinationsb\u00fcro der S\u00e4ule Wissenschaft - Euro-Institut Villa Rehfus, Rehfusplatz 11 D-77694 Kehl Tel. : +49 7851 7407 27 Verantwortlich im Sinne des Presserechts: Georg Walter, Direktor des Euro-Instituts Webdesigners : Arnaud Redoutey und Yann Cartaut\u00a0 Webhosting : ovh CMS : WordPress, Theme Angle [vc_empty_space]Verwendung von CookiesDiese Seite nutzt Cookies von Google Analytics. Diese","protected":false},"author":4,"featured_media":0,"parent":0,"menu_order":0,"comment_status":"closed","ping_status":"closed","template":"","meta":{"ngg_post_thumbnail":0,"footnotes":""},"class_list":["post-4294","page","type-page","status-publish","hentry"],"aioseo_notices":[],"_links":{"self":[{"href":"https:\/\/science.rmtmo.eu\/de\/wp-json\/wp\/v2\/pages\/4294","targetHints":{"allow":["GET"]}}],"collection":[{"href":"https:\/\/science.rmtmo.eu\/de\/wp-json\/wp\/v2\/pages"}],"about":[{"href":"https:\/\/science.rmtmo.eu\/de\/wp-json\/wp\/v2\/types\/page"}],"author":[{"embeddable":true,"href":"https:\/\/science.rmtmo.eu\/de\/wp-json\/wp\/v2\/users\/4"}],"replies":[{"embeddable":true,"href":"https:\/\/science.rmtmo.eu\/de\/wp-json\/wp\/v2\/comments?post=4294"}],"version-history":[{"count":10,"href":"https:\/\/science.rmtmo.eu\/de\/wp-json\/wp\/v2\/pages\/4294\/revisions"}],"predecessor-version":[{"id":4349,"href":"https:\/\/science.rmtmo.eu\/de\/wp-json\/wp\/v2\/pages\/4294\/revisions\/4349"}],"wp:attachment":[{"href":"https:\/\/science.rmtmo.eu\/de\/wp-json\/wp\/v2\/media?parent=4294"}],"curies":[{"name":"wp","href":"https:\/\/api.w.org\/{rel}","templated":true}]}}