{"id":3642,"date":"2018-01-18T10:38:02","date_gmt":"2018-01-18T09:38:02","guid":{"rendered":"https:\/\/science.rmtmo.eu\/?page_id=3642"},"modified":"2018-05-25T13:29:07","modified_gmt":"2018-05-25T11:29:07","slug":"3642-2","status":"publish","type":"page","link":"https:\/\/science.rmtmo.eu\/de\/wissenschaftsoffensive\/wissenschaftsoffensive-2018\/3642-2\/","title":{"rendered":"Infoveranstaltungen und Workshops zur Wissenschaftsoffensive"},"content":{"rendered":"<section  class=\"section swatch-sciences-white section-short \" ><div class=\"background-media\"><\/div><div class=\"background-overlay\" style=\"\"><\/div><div class=\"container\"><div class=\"row vertical-top\"><div class=\"col-md-6  text-default\" ><h2 class=\"text-left super regular bordered-header\">Infoveranstaltungen und Workshops<\/h2><p>Im Januar\/Februar 2018 werden sechs Informationsveranstaltungen an verschiedenen Orten im Oberrhein durchgef\u00fchrt. Sie wenden sich an Forschende, die an der Einreichung eines Projektes interessiert sind und sich detailliert zum Projektaufruf informieren m\u00f6chten.<\/p>\n<p>&nbsp;<\/p>\n<p>Diese Informationsveranstaltungen finden statt am:<\/p>\n<ul>\n<li>23. Januar 2018 um 14:00 Uhr in Mulhouse (<strong>Universit\u00e9 de Haute Alsace<\/strong>)<\/li>\n<li>25. Januar 2018 um 14:00 Uhr in Freiburg (<strong>Senatssaal des Rektorats der Universit\u00e4t Freiburg<\/strong>)<\/li>\n<li>30. Januar 2018 um 10:00 Uhr in Stra\u00dfburg (<strong>Institut Le Bel<\/strong>)<\/li>\n<li>1. Februar 2018 um 14:00 Uhr in Kaiserslautern (<strong>Hochschule<\/strong>)<\/li>\n<li>7. Februar 2018 um 14:00 Uhr in Karlsruhe (<strong>Hochschule<\/strong>)<\/li>\n<\/ul>\n<p>Danach folgt eine Reihe von Workshops in der zweiten Februar H\u00e4lfte zum Erstellen des WO-Kurzformulars der Wissenschaftsoffensive. Die verschiedenen Termine finden statt im <strong>Euro-Institut<\/strong>\u00a0<strong>Kehl<\/strong> am:<\/p>\n<ul>\n<li>20. Februar 2018 von 10:00 bis 17:00 Uhr<\/li>\n<li>27. Februar 2018 von 10:00 bis 17:00 Uhr<\/li>\n<\/ul>\n<p>Zur Teilnahme an den Workshops sind alle Einrichtungen eingeladen, die ein Projektteam bilden m\u00f6chten. Es w\u00e4re von Vorteil, wenn ein bereits gebildetes Projektteam, bei M\u00f6glichkeit, gemeinsam am selben Workshop teilnimmt.<\/p>\n<\/div><div class=\"col-md-6  text-default\" ><img decoding=\"async\" alt=\"\" src=\"https:\/\/science.rmtmo.eu\/wp-content\/uploads\/2018\/01\/Fotolia_83512939_S-440x324.jpg\" class=\"alignnone\"\/><p>In jedem Workshop werden folgende Punkte behandelt:<\/p>\n<ul>\n<li>Im ersten Teil, wird das F\u00f6rderinstrument Wissenschaftsoffensive pr\u00e4sentiert<\/li>\n<li>Der zweite Teil behandelt das Thema Projektmanagement im grenz\u00fcberschreitenden Kontext in der Oberrheinregion<\/li>\n<li>Der letzte Teil konzentriert sich auf die Unterst\u00fctzung beim Erstellen des WO-Kurzformulars<\/li>\n<\/ul>\n<p><strong>Link zur Anmeldung (Informationsveranstaltungen und Workshops): <\/strong><a href=\"http:\/\/p411853.webspaceconfig.de\/footer\/anmeldung\/\">http:\/\/p411853.webspaceconfig.de\/footer\/anmeldung\/<\/a><\/p>\n<p>Der Link zum WO-Kurzformular ist\u00a0<a href=\"https:\/\/science.rmtmo.eu\/wp-content\/uploads\/2018\/01\/Pr\u00e9-formulaire-OS-2018-Kurzformular-Wissensschaftsoffensive-2018.doc\">hier<\/a> zu finden (im Word-Format)<\/p>\n<p>&nbsp;<\/p>\n<p>Bitte informieren Sie sich regelm\u00e4\u00dfig zu Updates auf dieser Seite. Sie k\u00f6nnen sich auch f\u00fcr den Newsletter anmelden, \u00fcber den wir Sie zu Aktuellem informieren.<\/p>\n<\/div><\/div><\/div><\/section>\n","protected":false},"excerpt":{"rendered":"Infoveranstaltungen und WorkshopsIm Januar\/Februar 2018 werden sechs Informationsveranstaltungen an verschiedenen Orten im Oberrhein durchgef\u00fchrt. Sie wenden sich an Forschende, die an der Einreichung eines Projektes interessiert sind und sich detailliert zum Projektaufruf informieren m\u00f6chten. &nbsp; Diese Informationsveranstaltungen finden statt am: 23. Januar 2018 um 14:00 Uhr in Mulhouse (Universit\u00e9 de Haute Alsace) 25. Januar 2018","protected":false},"author":4,"featured_media":0,"parent":3453,"menu_order":0,"comment_status":"closed","ping_status":"closed","template":"","meta":{"ngg_post_thumbnail":0,"footnotes":""},"class_list":["post-3642","page","type-page","status-publish","hentry"],"aioseo_notices":[],"_links":{"self":[{"href":"https:\/\/science.rmtmo.eu\/de\/wp-json\/wp\/v2\/pages\/3642","targetHints":{"allow":["GET"]}}],"collection":[{"href":"https:\/\/science.rmtmo.eu\/de\/wp-json\/wp\/v2\/pages"}],"about":[{"href":"https:\/\/science.rmtmo.eu\/de\/wp-json\/wp\/v2\/types\/page"}],"author":[{"embeddable":true,"href":"https:\/\/science.rmtmo.eu\/de\/wp-json\/wp\/v2\/users\/4"}],"replies":[{"embeddable":true,"href":"https:\/\/science.rmtmo.eu\/de\/wp-json\/wp\/v2\/comments?post=3642"}],"version-history":[{"count":9,"href":"https:\/\/science.rmtmo.eu\/de\/wp-json\/wp\/v2\/pages\/3642\/revisions"}],"predecessor-version":[{"id":4290,"href":"https:\/\/science.rmtmo.eu\/de\/wp-json\/wp\/v2\/pages\/3642\/revisions\/4290"}],"up":[{"embeddable":true,"href":"https:\/\/science.rmtmo.eu\/de\/wp-json\/wp\/v2\/pages\/3453"}],"wp:attachment":[{"href":"https:\/\/science.rmtmo.eu\/de\/wp-json\/wp\/v2\/media?parent=3642"}],"curies":[{"name":"wp","href":"https:\/\/api.w.org\/{rel}","templated":true}]}}