{"id":3602,"date":"2018-06-15T16:10:32","date_gmt":"2018-06-15T14:10:32","guid":{"rendered":"https:\/\/science.rmtmo.eu\/?page_id=3602"},"modified":"2025-02-03T12:20:04","modified_gmt":"2025-02-03T11:20:04","slug":"newsletter","status":"publish","type":"page","link":"https:\/\/science.rmtmo.eu\/de\/newsletter\/","title":{"rendered":"Newsletter"},"content":{"rendered":"<section  class=\"section swatch-sciences-white section-short \" ><div class=\"background-media\"><\/div><div class=\"background-overlay\" style=\"\"><\/div><div class=\"container\"><div class=\"row vertical-top\"><div class=\"col-md-6  text-default\" ><h1 class=\"text-left super regular bordered-header\">Newsletter<\/h1><p>Dieser Newsletter bietet einen \u00dcberblick \u00fcber wissenschaftliche Nachrichten am Oberrhein und die wichtigsten Veranstaltungen, die in der Region organisiert werden.<\/p>\n<p><img loading=\"lazy\" decoding=\"async\" class=\"alignnone wp-image-5618\" src=\"https:\/\/science.rmtmo.eu\/wp-content\/uploads\/2018\/12\/pfeil-150x150.jpg\" alt=\"\" width=\"32\" height=\"32\"> Registrieren Sie sich <a href=\"https:\/\/app.mailjet.com\/widget\/iframe\/3oHb\/Kd5\" target=\"_blank\" rel=\"noopener\">HIER<\/a>, um unseren Newsletter zu erhalten<\/p>\n[vc_empty_space][vc_empty_space]<p>Ein zweiter spezifischer Newsletter, der ausschlie\u00dflich den aktuellen europ\u00e4ischen, regionalen und nationalen Projektausschreibungen, Preise und Stipendien gewidmet ist und der f\u00fcr Forscher am Oberrhein zug\u00e4nglich ist, steht jetzt ebenfalls zur Verf\u00fcgung!<\/p>\n<p><img loading=\"lazy\" decoding=\"async\" class=\"alignnone wp-image-5618\" src=\"https:\/\/science.rmtmo.eu\/wp-content\/uploads\/2018\/12\/pfeil-150x150.jpg\" alt=\"\" width=\"32\" height=\"32\"> Zur Registrierung, verwenden Sie bitte folgenden <a href=\"https:\/\/app.mailjet.com\/widget\/iframe\/3oHb\/DZe\" target=\"_blank\" rel=\"noopener noreferrer\">Link<\/a><\/p>\n<\/div><div class=\"col-md-6  text-default\" >[vc_empty_space][vc_empty_space][vc_empty_space]<h1>Archiv Newsletter S\u00e4ule Wissenschaft<\/h1>\n<div class=\"panel-group \" id=\"accordion_69d6f3264101e\"><div class=\"panel panel-default\"><div class=\"panel-heading\"><a class=\"accordion-toggle collapsed\" data-parent=\"#accordion_69d6f3264101e\" data-toggle=\"collapse\" href=\"#group69d6f32641124\">Newsletter 2020<\/a><\/div><div class=\"panel-collapse collapse\" id=\"group69d6f32641124\"><div class=\"panel-body\"><p><p><a href=\"http:\/\/9982.mjt.lu\/nl2\/9982\/57g5w.html?m=AM4AAGRFsV8AAchDGZQAAKex3BoAAAA0E-sAAG1jAAxbvQBeRQiooarxWYJCR_qRBV5kEloC7wAIlRQ&amp;b=4ca65b9d&amp;e=5dfee1d8&amp;x=uuEg5BuT5j4j1ufzXkkxY6q40x5EEOsm6GF8X3oqQr4\" target=\"_blank\" rel=\"noopener\">FEBRUAR 2020<\/a><\/p>\n<p><a href=\"http:\/\/9982.mjt.lu\/nl2\/9982\/576jy.html?m=AMMAAGoWQM0AAchDMqgAAKex3BoAAAA0E-sAAG1jAAxbvQBeggctb_F_Mf87TleFXLbkwmRHVgAIlRQ&amp;b=4b977955&amp;e=d0aae97c&amp;x=uuEg5BuT5j4j1ufzXkkxY6q40x5EEOsm6GF8X3oqQr4\" target=\"_blank\" rel=\"noopener\">M\u00c4RZ 2020<\/a><\/p>\n<p><a href=\"http:\/\/9982.mjt.lu\/nl2\/9982\/57hh0.html?m=AMUAAHIu3HYAAchDOpIAAKex3BoAAAA0E-sAAG1jAAxbvQBer_hwQNnLkrRiTeqpNlKNIXg7YQAIlRQ&amp;b=1b473b6f&amp;e=fd244a2c&amp;x=uuEg5BuT5j4j1ufzXkkxY6q40x5EEOsm6GF8X3oqQr4\" target=\"_blank\" rel=\"noopener\">APRIL 2020<\/a><\/p>\n<p><a href=\"http:\/\/9982.mjt.lu\/nl2\/9982\/57jp1.html?m=AUkAAAVRsOsAAchDWLgAAAKnfpwAAAA0E-sAAG1jAAxbvQBe-f87g4YJj2RdS3KFd_W8jdkUiQAIlRQ&amp;b=3d42ee65&amp;e=2d4a77d5&amp;x=vr4Y8aBMHMSiYcrdFgg3xPSfiCfp2PT_vW-50wzntxY#fr\" target=\"_blank\" rel=\"noopener\">JUNI 2020<\/a><\/p>\n<p><a href=\"http:\/\/9982.mjt.lu\/nl2\/9982\/57kzn.html?m=AUcAAAvGIlIAAchDeagAAAKnffgAAAA0E-sAAG1jAAxbvQBfTLWB9QIW3S3SSMG977pphR7qsQAIlRQ&amp;b=868e51aa&amp;e=ccce7520&amp;x=RrLGuXxHD_4-4chDlrwKznIahCrkMnyCt3otOVOhRGw\" target=\"_blank\" rel=\"noopener\">SEPTEMBER 2020<\/a><\/p>\n<p><a href=\"http:\/\/9982.mjt.lu\/nl2\/9982\/57n2w.html?m=AL4AAIKrlDcAAchDjQQAAKex3BoAAAA0E-sAAG1jAAxbvQBffwPTC9oN8-q7TC6wuuBs1pqr8wAIlRQ&amp;b=301f3008&amp;e=005a34db&amp;x=uuEg5BuT5j4j1ufzXkkxY6q40x5EEOsm6GF8X3oqQr4\" target=\"_blank\" rel=\"noopener\">OKTOBER 2020<\/a><\/p>\n<p><a href=\"http:\/\/9982.mjt.lu\/nl2\/9982\/57n84.html?m=AUgAABWPJeUAAchDnXgAAKex3BoAAAA0E-sAAG1jAAxbvQBfrmNYG7Z1XAp2RWyPDaiQ-nWJeQAIlRQ&amp;b=4fdb41a3&amp;e=4fd41bfe&amp;x=uuEg5BuT5j4j1ufzXkkxY6q40x5EEOsm6GF8X3oqQr4\" target=\"_blank\" rel=\"noopener\">NOVEMBER 2020<\/a><\/p>\n<\/p><\/div><\/div><\/div><div class=\"panel panel-default\"><div class=\"panel-heading\"><a class=\"accordion-toggle collapsed\" data-parent=\"#accordion_69d6f3264101e\" data-toggle=\"collapse\" href=\"#group69d6f3264123c\">Newsletter 2021<\/a><\/div><div class=\"panel-collapse collapse\" id=\"group69d6f3264123c\"><div class=\"panel-body\"><p><p><a href=\"http:\/\/9982.mjt.lu\/nl2\/9982\/57ro8.html?m=AMQAAJQOcKsAAchDxWwAAKex3BoAAAA0E-sAAG1jAAxbvQBgF_j-pGTvl1suS1eCwkPZf9JlrAAIlRQ&amp;b=8a6c231c&amp;e=4277055e&amp;x=uuEg5BuT5j4j1ufzXkkxY6q40x5EEOsm6GF8X3oqQr4\" target=\"_blank\" rel=\"noopener\">JANUAR 2021<\/a><\/p>\n<p><a href=\"http:\/\/9982.mjt.lu\/nl2\/9982\/57780.html?hl=de\" target=\"_blank\" rel=\"noopener\">APRIL 2021<\/a><\/p>\n<p><a href=\"http:\/\/9982.mjt.lu\/nl2\/9982\/578vl.html?m=AMUAAKTchMEAAchD_CIAAAKnffgAAAA0E-sAAG1jAAxbvQBgwJueQ7Mi7j2VTyudbn4Cu-WupQAIlRQ&amp;b=bcb794c5&amp;e=e3d037b3&amp;x=RrLGuXxHD_4-4chDlrwKznIahCrkMnyCt3otOVOhRGw\" target=\"_blank\" rel=\"noopener\">JUNI 2021<\/a><\/p>\n<p><a href=\"http:\/\/9982.mjt.lu\/nl2\/9982\/57yhy.html?m=AMcAAGA1TeoAAchEFSYAAAKnffgAAAA0E-sAnCQMAAxbvQBhJ0zfB7GnH_XWT3e2vs6N-DLgswAIlRQ&amp;b=4c8e53b6&amp;e=96fc74fa&amp;x=RrLGuXxHD_4-4chDlrwKznIahCrkMnyCt3otOVOhRGw\" target=\"_blank\" rel=\"noopener\">SEPTEMBER 2021<\/a><\/p>\n<p><a href=\"http:\/\/9982.mjt.lu\/nl2\/9982\/579uv.html?m=AV4AABGgHocAAchEIqoAAKex3BoAAAA0E-sAnCQMAAxbvQBhbcTGxZMOELEPQxunCKJ6burEdwAIlRQ&amp;b=c67fc7fd&amp;e=cda4e3fa&amp;x=uuEg5BuT5j4j1ufzXkkxY6q40x5EEOsm6GF8X3oqQr4\" target=\"_blank\" rel=\"noopener\">OKTOBER 2021<\/a><\/p>\n<p><a href=\"http:\/\/9982.mjt.lu\/nl2\/9982\/57998.html?m=AMAAALEACZ8AAchEKdwAAKex3BoAAAA0E-sAnCQMAAxbvQBhlrfjJ-HobNBMSgO_970cFLQX1QAIlRQ&amp;b=50323969&amp;e=73620d43&amp;x=uuEg5BuT5j4j1ufzXkkxY6q40x5EEOsm6GF8X3oqQr4\" target=\"_blank\" rel=\"noopener\">NOVEMBER 2021<\/a><\/p>\n<p><a href=\"http:\/\/9982.mjt.lu\/nl2\/9982\/58wul.html?m=AVQAAEXI-50AAchEL8AAAKex3BoAAAA0E-sAnCQMAAxbvQBhtzB5l9lgjV5vR4OdbTUIbZRG-gAIlRQ&amp;b=5ecec6fc&amp;e=ebf60a2a&amp;x=uuEg5BuT5j4j1ufzXkkxY6q40x5EEOsm6GF8X3oqQr4\" target=\"_blank\" rel=\"noopener\">DEZEMBER 2021<\/a><\/p>\n<\/p><\/div><\/div><\/div><div class=\"panel panel-default\"><div class=\"panel-heading\"><a class=\"accordion-toggle collapsed\" data-parent=\"#accordion_69d6f3264101e\" data-toggle=\"collapse\" href=\"#group69d6f326412e7\">Newsletter 2022<\/a><\/div><div class=\"panel-collapse collapse\" id=\"group69d6f326412e7\"><div class=\"panel-body\"><p><p><a href=\"http:\/\/9982.mjt.lu\/nl3\/TPOSzog1SnL0SMfM9b4GbA?m=AMUAANOnILIAAchEqgIAAKex3BoAAAA0E-sAnCQMAAxbvQBjGuKA8ko2bKmFRhqvLBoBsms3IwAIlRQ&amp;b=9ab40c92&amp;e=8ac0e250&amp;x=uuEg5BuT5j4j1ufzXkkxY6q40x5EEOsm6GF8X3oqQr4\" target=\"_blank\" rel=\"noopener\">September 2022<\/a><\/p>\n<p><a href=\"http:\/\/9982.mjt.lu\/nl3\/crcXfRqhBgo8Gm5H4tHF9g?m=AMYAAIOHCLQAAchEmmIAAKex3BoAAAA0E-sAnCQMAAxbvQBixtHnqkNSvSGtRRaJSbiiw50rSQAIlRQ&amp;b=ccefc30a&amp;e=e31ea9f8&amp;x=uuEg5BuT5j4j1ufzXkkxY6q40x5EEOsm6GF8X3oqQr4\" target=\"_blank\" rel=\"noopener\">July 2022<\/a><\/p>\n<p><a href=\"http:\/\/9982.mjt.lu\/nl2\/9982\/580qh.html?m=AV4AAChdY_8AAchEjXIAAKex3BoAAAA0E-sAnCQMAAxbvQBihjGw5FbWF52BRyu4VuFRVsnb4wAIlRQ&amp;b=a43cab97&amp;e=66d2512a&amp;x=uuEg5BuT5j4j1ufzXkkxY6q40x5EEOsm6GF8X3oqQr4\" target=\"_blank\" rel=\"noopener\">Mai 2022<\/a><\/p>\n<p><a href=\"http:\/\/9982.mjt.lu\/nl2\/9982\/5804l.html?m=AWMAACLUnR4AAchEgqAAAKex3BoAAAA0E-sAnCQMAAxbvQBiV-exjmGDVqjJS3SI2pHmf4wh7AAIlRQ&amp;b=16847bcc&amp;e=7f384bb2&amp;x=uuEg5BuT5j4j1ufzXkkxY6q40x5EEOsm6GF8X3oqQr4\" target=\"_blank\" rel=\"noopener\">April 2022<\/a><\/p>\n<p><a href=\"http:\/\/9982.mjt.lu\/nl2\/9982\/58x99.html?m=AVMAAFEG0bgAAchEfJYAAKex3BoAAAA0E-sAnCQMAAxbvQBiObpew92rFMmvRwS8o_8FyUQSaQAIlRQ&amp;b=102bcd21&amp;e=f56b8c7f&amp;x=uuEg5BuT5j4j1ufzXkkxY6q40x5EEOsm6GF8X3oqQr4\" target=\"_blank\" rel=\"noopener\">M\u00e4rz 2022<\/a><\/p>\n<p><a href=\"http:\/\/9982.mjt.lu\/nl2\/9982\/58xtz.html?m=AWMAABzdHFYAAchEUtYAAKex3BoAAAA0E-sAnCQMAAxbvQBiDh0TUlI59ZbOS96ENStk8rYajAAIlRQ&amp;b=345c8dce&amp;e=a1940008&amp;x=uuEg5BuT5j4j1ufzXkkxY6q40x5EEOsm6GF8X3oqQr4\" target=\"_blank\" rel=\"noopener\">Februar 2022<\/a><\/p>\n<\/p><\/div><\/div><\/div><div class=\"panel panel-default\"><div class=\"panel-heading\"><a class=\"accordion-toggle collapsed\" data-parent=\"#accordion_69d6f3264101e\" data-toggle=\"collapse\" href=\"#group69d6f3264137e\">Newsletter 2023<\/a><\/div><div class=\"panel-collapse collapse\" id=\"group69d6f3264137e\"><div class=\"panel-body\"><p><p><a href=\"https:\/\/9982.mjt.lu\/nl3\/JHKFRDOwOqY4o8eDGYf-8Q?m=AVEAAAsDhOkAAchExUgAAKex3BoAAAA0E-sAnCQMAAxbvQBj2hPBHFKG6D4xTiWZMxfbRzO_cgAIlRQ&amp;b=25d84590&amp;e=07534319&amp;x=uuEg5BuT5j4j1ufzXkkxY6q40x5EEOsm6GF8X3oqQr4\" target=\"_blank\" rel=\"noopener\">Februar 2023<\/a><\/p>\n<p><a href=\"https:\/\/9982.mjt.lu\/nl3\/CYGnXvRP91j2WSY5M2QiaA?m=AVoAABECuSYAAchE4dYAAKex3BoAAAA0E-sAnCQMAAxbvQBkJZawOsHuh4tkRlSoZFReaoCwzwAIlRQ&amp;b=2824f1c7&amp;e=163e9b69&amp;x=uuEg5BuT5j4j1ufzXkkxY6q40x5EEOsm6GF8X3oqQr4\" target=\"_blank\" rel=\"noopener\">M\u00e4rz 2023<\/a><\/p>\n<p><a href=\"https:\/\/9982.mjt.lu\/nl3\/X0PK6w3clUzt44OEPU-iDw?m=AWIAAB4il6IAAchE-yoAAKex3BoAAAA0E-sAnCQMAAxbvQBktOp8eTZhP5ElS06zXi9Yx3xlxgAIlRQ&amp;b=94069cae&amp;e=4c7c9551&amp;x=uuEg5BuT5j4j1ufzXkkxY6q40x5EEOsm6GF8X3oqQr4\" target=\"_blank\" rel=\"noopener\">Juli 2023<\/a><\/p>\n<p><a href=\"https:\/\/9982.mjt.lu\/nl3\/yZRVeW1TrkEPs1kDXctIfQ?m=AWsAAClCuJAAAchFBCQAAKex3BoAAAA0E-sAnCQMAAxbvQBlHqAaWSzkvbZbQCKxaje-AKiPOgAIlRQ&amp;b=ef38819b&amp;e=0fc4e2f7&amp;x=uuEg5BuT5j4j1ufzXkkxY6q40x5EEOsm6GF8X3oqQr4\" target=\"_blank\" rel=\"noopener\">Oktober 2023<\/a><\/p>\n<p><a href=\"https:\/\/9982.mjt.lu\/nl3\/RSzIk92DUFCgmatjtRwfXg?m=AVEAAC9rQYQAAchFEjIAAKex3BoAAAA0E-sAnCQMAAxbvQBldqDJn_wM349GSkGIYhutjChbGAAIlRQ&amp;b=28ebfff0&amp;e=7f0568e7&amp;x=uuEg5BuT5j4j1ufzXkkxY6q40x5EEOsm6GF8X3oqQr4\" target=\"_blank\" rel=\"noopener\">Dezember 2023<\/a><\/p>\n<\/p><\/div><\/div><\/div><div class=\"panel panel-default\"><div class=\"panel-heading\"><a class=\"accordion-toggle collapsed\" data-parent=\"#accordion_69d6f3264101e\" data-toggle=\"collapse\" href=\"#group69d6f326413cc\">Newsletter 2024<\/a><\/div><div class=\"panel-collapse collapse\" id=\"group69d6f326413cc\"><div class=\"panel-body\"><p><p><a href=\"https:\/\/9982.mjt.lu\/nl3\/bEHFGZEcmlDTV1skLOx_4Q?m=AUYAADfAvo4AAchFOLoAAKex3BoAAAA0E-sAnCQMAAxbvQBl1D9-MxwrWY37T4qtR-zwPvKibgAIlRQ&amp;b=cf199644&amp;e=ba20bb01&amp;x=uuEg5BuT5j4j1ufzXkkxY6q40x5EEOsm6GF8X3oqQr4\" target=\"_blank\" rel=\"noopener\">Februar 2024<\/a><\/p>\n<p><a href=\"https:\/\/9982.mjt.lu\/nl3\/dRaA4iXt9wmIM0hQxqVJGw?m=AVIAAD0tSqQAAchFR9QAAKex3BoAAAA0E-sAnCQMAAxbvQBmHM4SN2AGZAvhS5CPXHRDxd9V0QAIlRQ&amp;b=14a0bc87&amp;e=81c69c76&amp;x=uuEg5BuT5j4j1ufzXkkxY6q40x5EEOsm6GF8X3oqQr4\" target=\"_blank\" rel=\"noopener\">April 024<\/a><\/p>\n<p><a href=\"https:\/\/9982.mjt.lu\/nl3\/hN-Y9gOQBbQ6OtpnUL05qw?m=AVUAAEdI5aUAAc3zb_4AAKex3BoAAAA0E-sAnCQMAAxbvQBmi7eKD6hzgVneSL6z4z8IUvSe-QAIlRQ&amp;b=8acb8798&amp;e=0683fd42&amp;x=uuEg5BuT5j4j1ufzXkkxY6q40x5EEOsm6GF8X3oqQr4\" target=\"_blank\" rel=\"noopener\">Juli 2024<\/a><\/p>\n<p><a href=\"https:\/\/9982.mjt.lu\/nl3\/RtX_XPVUklkzlM0xlBe-GA?m=AV4AAEyC37IAAc4Lnl4AAKex3BoAAAA0E-sAnCQMAAxbvQBm1UNb1P2oqfzsQe6pvQuCdt7qIgAIlRQ&amp;b=8b8561db&amp;e=4b75eaa9&amp;x=uuEg5BuT5j4j1ufzXkkxY6q40x5EEOsm6GF8X3oqQr4\" target=\"_blank\" rel=\"noopener\">September 2024<\/a><\/p>\n<p><a href=\"https:\/\/9982.mjt.lu\/nl3\/5z41oGkgf6vlZVK0JvPy6g?m=AV0AAFXvBg4AAc42BrQAAKex3BoAAAA0E-sAnCQMAAxbvQBnPMBQuWv_JyPmQPeD40orCRx1zQAIlRQ&amp;b=0b93e9e4&amp;e=7308d66c&amp;x=uuEg5BuT5j4j1ufzXkkxY6q40x5EEOsm6GF8X3oqQr4\" target=\"_blank\" rel=\"noopener\">November 2024<\/a><\/p>\n<\/p><\/div><\/div><\/div><\/div><\/div><\/div><\/div><\/section>\n","protected":false},"excerpt":{"rendered":"NewsletterDieser Newsletter bietet einen \u00dcberblick \u00fcber wissenschaftliche Nachrichten am Oberrhein und die wichtigsten Veranstaltungen, die in der Region organisiert werden. Registrieren Sie sich HIER, um unseren Newsletter zu erhalten [vc_empty_space][vc_empty_space]Ein zweiter spezifischer Newsletter, der ausschlie\u00dflich den aktuellen europ\u00e4ischen, regionalen und nationalen Projektausschreibungen, Preise und Stipendien gewidmet ist und der f\u00fcr Forscher am Oberrhein zug\u00e4nglich ist,","protected":false},"author":1,"featured_media":0,"parent":0,"menu_order":0,"comment_status":"closed","ping_status":"closed","template":"","meta":{"ngg_post_thumbnail":0,"footnotes":""},"class_list":["post-3602","page","type-page","status-publish","hentry"],"aioseo_notices":[],"_links":{"self":[{"href":"https:\/\/science.rmtmo.eu\/de\/wp-json\/wp\/v2\/pages\/3602","targetHints":{"allow":["GET"]}}],"collection":[{"href":"https:\/\/science.rmtmo.eu\/de\/wp-json\/wp\/v2\/pages"}],"about":[{"href":"https:\/\/science.rmtmo.eu\/de\/wp-json\/wp\/v2\/types\/page"}],"author":[{"embeddable":true,"href":"https:\/\/science.rmtmo.eu\/de\/wp-json\/wp\/v2\/users\/1"}],"replies":[{"embeddable":true,"href":"https:\/\/science.rmtmo.eu\/de\/wp-json\/wp\/v2\/comments?post=3602"}],"version-history":[{"count":13,"href":"https:\/\/science.rmtmo.eu\/de\/wp-json\/wp\/v2\/pages\/3602\/revisions"}],"predecessor-version":[{"id":14706,"href":"https:\/\/science.rmtmo.eu\/de\/wp-json\/wp\/v2\/pages\/3602\/revisions\/14706"}],"wp:attachment":[{"href":"https:\/\/science.rmtmo.eu\/de\/wp-json\/wp\/v2\/media?parent=3602"}],"curies":[{"name":"wp","href":"https:\/\/api.w.org\/{rel}","templated":true}]}}