{"id":320,"date":"2016-09-12T00:05:02","date_gmt":"2016-09-11T22:05:02","guid":{"rendered":"https:\/\/science.rmtmo.eu\/de\/?page_id=320"},"modified":"2018-01-17T15:59:38","modified_gmt":"2018-01-17T14:59:38","slug":"dialog-science-2014","status":"publish","type":"page","link":"https:\/\/science.rmtmo.eu\/de\/dialog-science\/dialog-science-2014\/","title":{"rendered":"Dialog Science 2014"},"content":{"rendered":"<section  class=\"section swatch-sciences-white section-short \" ><div class=\"background-media\"><\/div><div class=\"background-overlay\" style=\"\"><\/div><div class=\"container\"><div class=\"row vertical-top\"><div class=\"col-md-6  text-default\" ><h2 class=\"text-left super regular bordered-header\">Dialog Science 2014<\/h2><p>Zwischen dem <strong>25. September und dem 10. Dezember 2014<\/strong> fand die dritte Ausgabe von Dialog Science statt. In elf St\u00e4dten wurden insgesamt 32 Veranstaltungen entlang des Oberrheins organisiert. Unter dem <strong>Patronat des Rektorats der Universit\u00e4t Basel<\/strong> lag 2014 der Schwerpunkt in den <strong>Lebenswissenschaften<\/strong>, in welchen der Wissenschafts- und Wirtschaftsstandort Basel international f\u00fchrend ist. Bei dieser Gelegenheit konnten Forscher, Experten und Wissenschaftler die Potenziale der Oberrheinregion in diesem vielversprechenden Bereich diskutieren, insbesondere hinsichtlich des Vorhabens der Ansiedlung einer Gro\u00dfforschungsinfrastruktur am Oberrhein.<\/p>\n<p>Die <strong>Auftaktveranstaltung<\/strong> erfolgte am <strong>16. Oktober 2014<\/strong> in <strong>Basel<\/strong>. Zum Thema \u201e<strong>Bio-Innovation am Oberrhein: Regional, national oder global?<\/strong>\u201c wurden Wissenschaftler dazu aufgefordert, die Herausforderungen und Chancen in dieser zukunftweisenden Branche in einem trinationalen und interdisziplin\u00e4ren Rahmen zu diskutieren. Unter den Referenten waren:<\/p>\n<ul>\n<li>Prof Dr. <strong>Antonio Loprieno<\/strong>, Rektor der Universit\u00e4t Basel, welcher das Gru\u00dfwort hielt;<\/li>\n<li>Prof Dr. <strong>Jean-Marie Lehn<\/strong>, Nobelpreistr\u00e4ger f\u00fcr Chemie, Universit\u00e9 de Strasbourg, der die Auftaktveranstaltung mit \u00dcberlegungen zum Thema \u201eScience and Society\u201c er\u00f6ffnete.<\/li>\n<\/ul>\n<\/div><div class=\"col-md-6  text-default\" ><img decoding=\"async\" alt=\"\" src=\"https:\/\/science.rmtmo.eu\/wp-content\/uploads\/2016\/08\/dialog-science-2014.jpg\" class=\"alignnone\"\/><p>F\u00fcr die Podiumsdiskussion waren folgende Referenten anwesend:<\/p>\n<ul>\n<li>Prof Dr. Dr. h.c. <strong>Hans-Jochen Schiewer<\/strong>, Rektor der Universit\u00e4t Freiburg, Eucor-Pr\u00e4sident, Sprecher der S\u00e4ule Wissenschaft der TMO,<\/li>\n<li>Dr. <strong>Susan Gasser<\/strong>, Direktorin des Friedrich Miescher Instituts Basel,<\/li>\n<li><strong>Thomas K\u00f6hler<\/strong>, Leiter des Interreg-Programms Oberrhein,<\/li>\n<li>Dr. <strong>Wilfried Weber<\/strong>, Leiter des Cluster of Excellence \u201eBiological Signalling Studies\u201c (BIOSS) Universit\u00e4t Freiburg,<\/li>\n<li><strong>Didier Frommweiler<\/strong>, Direktor Alsace BioValley, und<\/li>\n<li>Dr. <strong>Jean-Marie Lehn.<\/strong><\/li>\n<\/ul>\n<\/div><\/div><\/div><\/section><section  class=\"section swatch-sciences-white section-tiny \" ><div class=\"background-media\"><\/div><div class=\"background-overlay\" style=\"\"><\/div><div class=\"container\"><div class=\"row vertical-top\"><div class=\"col-md-12  text-default\" ><div class=\"box-wrap\"><div class=\"box-round box-medium\"><div class=\"box-dummy\"><\/div><span class=\"box-inner\"><i class=\"fa fa-download\" data-animation=\"fadeIn\"><\/i><\/span><\/div><\/div><h2 style=\"text-align: center;\"><a href=\"https:\/\/science.rmtmo.eu\/wp-content\/uploads\/2016\/10\/DE-Programmheft-Dialog-Science-2014.pdf\" target=\"_blank\" rel=\"noopener\">Zum gesamten Programm<\/a><\/h2>\n<\/div><\/div><\/div><\/section>\n","protected":false},"excerpt":{"rendered":"Dialog Science 2014Zwischen dem 25. September und dem 10. Dezember 2014 fand die dritte Ausgabe von Dialog Science statt. In elf St\u00e4dten wurden insgesamt 32 Veranstaltungen entlang des Oberrheins organisiert. Unter dem Patronat des Rektorats der Universit\u00e4t Basel lag 2014 der Schwerpunkt in den Lebenswissenschaften, in welchen der Wissenschafts- und Wirtschaftsstandort Basel international f\u00fchrend ist.","protected":false},"author":1,"featured_media":0,"parent":311,"menu_order":0,"comment_status":"closed","ping_status":"closed","template":"","meta":{"ngg_post_thumbnail":0,"footnotes":""},"class_list":["post-320","page","type-page","status-publish","hentry"],"aioseo_notices":[],"_links":{"self":[{"href":"https:\/\/science.rmtmo.eu\/de\/wp-json\/wp\/v2\/pages\/320","targetHints":{"allow":["GET"]}}],"collection":[{"href":"https:\/\/science.rmtmo.eu\/de\/wp-json\/wp\/v2\/pages"}],"about":[{"href":"https:\/\/science.rmtmo.eu\/de\/wp-json\/wp\/v2\/types\/page"}],"author":[{"embeddable":true,"href":"https:\/\/science.rmtmo.eu\/de\/wp-json\/wp\/v2\/users\/1"}],"replies":[{"embeddable":true,"href":"https:\/\/science.rmtmo.eu\/de\/wp-json\/wp\/v2\/comments?post=320"}],"version-history":[{"count":8,"href":"https:\/\/science.rmtmo.eu\/de\/wp-json\/wp\/v2\/pages\/320\/revisions"}],"predecessor-version":[{"id":3633,"href":"https:\/\/science.rmtmo.eu\/de\/wp-json\/wp\/v2\/pages\/320\/revisions\/3633"}],"up":[{"embeddable":true,"href":"https:\/\/science.rmtmo.eu\/de\/wp-json\/wp\/v2\/pages\/311"}],"wp:attachment":[{"href":"https:\/\/science.rmtmo.eu\/de\/wp-json\/wp\/v2\/media?parent=320"}],"curies":[{"name":"wp","href":"https:\/\/api.w.org\/{rel}","templated":true}]}}