{"id":294,"date":"2016-09-06T00:34:11","date_gmt":"2016-09-05T22:34:11","guid":{"rendered":"https:\/\/science.rmtmo.eu\/?page_id=294"},"modified":"2016-09-06T00:47:59","modified_gmt":"2016-09-05T22:47:59","slug":"inscription-newsletter","status":"publish","type":"page","link":"https:\/\/science.rmtmo.eu\/de\/inscription-newsletter\/","title":{"rendered":"Inscription newsletter"},"content":{"rendered":"<section  class=\"section swatch-sciences-white section-short \" ><div class=\"background-media\"><\/div><div class=\"background-overlay\" style=\"\"><\/div><div class=\"container\"><div class=\"row vertical-top\"><div class=\"col-md-12  text-default\" ><h1 class=\"text-left super regular bordered-header\">Inscription Newsletter<\/h1><\/div><\/div><\/div><\/section><section  class=\"section swatch-sciences-white section-nopadding \" ><div class=\"background-media\"><\/div><div class=\"background-overlay\" style=\"\"><\/div><div class=\"container\"><div class=\"row vertical-top\"><div class=\"col-md-4  text-default\" ><h2 class=\"text-left normal regular no-bordered-header\">Merci<\/h2><div class=\"col-main\">\n<div class=\"std\">\n<p>Votre inscription \u00e0 notre newletter a bien \u00e9t\u00e9 prise en compte, toute l&#8217;\u00e9quipe outillage online vous remercie pour votre confiance.<\/p>\n<\/div>\n<\/div>\n<\/div><div class=\"col-md-4  text-default\" ><h2 class=\"text-left normal regular no-bordered-header\">Thank you<\/h2><p>Your subscription to our newletter has been taken into account, all online tools team thanks you for your confidence.<\/p>\n<\/div><div class=\"col-md-4  text-default\" ><h2 class=\"text-left normal regular no-bordered-header\">Danke<\/h2><p>Ihr Abonnement f\u00fcr unsere newletter wurde ber\u00fccksichtigt , alle Online-Tools -Team dankt Ihnen f\u00fcr Ihr Vertrauen .<\/p>\n<\/div><\/div><\/div><\/section><section  class=\"section swatch-sciences-white section-nopadding \" ><div class=\"background-media\"><\/div><div class=\"background-overlay\" style=\"\"><\/div><div class=\"container\"><div class=\"row vertical-top\"><div class=\"col-md-6  text-default\" ><\/div><div class=\"col-md-6  text-default\" ><\/div><\/div><\/div><\/section>\n","protected":false},"excerpt":{"rendered":"Inscription NewsletterMerci Votre inscription \u00e0 notre newletter a bien \u00e9t\u00e9 prise en compte, toute l'\u00e9quipe outillage online vous remercie pour votre confiance. Thank youYour subscription to our newletter has been taken into account, all online tools team thanks you for your confidence. DankeIhr Abonnement f\u00fcr unsere newletter wurde ber\u00fccksichtigt , alle Online-Tools -Team dankt Ihnen","protected":false},"author":1,"featured_media":0,"parent":0,"menu_order":0,"comment_status":"closed","ping_status":"closed","template":"","meta":{"ngg_post_thumbnail":0,"footnotes":""},"class_list":["post-294","page","type-page","status-publish","hentry"],"aioseo_notices":[],"_links":{"self":[{"href":"https:\/\/science.rmtmo.eu\/de\/wp-json\/wp\/v2\/pages\/294","targetHints":{"allow":["GET"]}}],"collection":[{"href":"https:\/\/science.rmtmo.eu\/de\/wp-json\/wp\/v2\/pages"}],"about":[{"href":"https:\/\/science.rmtmo.eu\/de\/wp-json\/wp\/v2\/types\/page"}],"author":[{"embeddable":true,"href":"https:\/\/science.rmtmo.eu\/de\/wp-json\/wp\/v2\/users\/1"}],"replies":[{"embeddable":true,"href":"https:\/\/science.rmtmo.eu\/de\/wp-json\/wp\/v2\/comments?post=294"}],"version-history":[{"count":9,"href":"https:\/\/science.rmtmo.eu\/de\/wp-json\/wp\/v2\/pages\/294\/revisions"}],"predecessor-version":[{"id":15708,"href":"https:\/\/science.rmtmo.eu\/de\/wp-json\/wp\/v2\/pages\/294\/revisions\/15708"}],"wp:attachment":[{"href":"https:\/\/science.rmtmo.eu\/de\/wp-json\/wp\/v2\/media?parent=294"}],"curies":[{"name":"wp","href":"https:\/\/api.w.org\/{rel}","templated":true}]}}