{"id":291,"date":"2016-09-06T00:16:12","date_gmt":"2016-09-05T22:16:12","guid":{"rendered":"https:\/\/science.rmtmo.eu\/de\/?page_id=291"},"modified":"2023-07-17T13:06:22","modified_gmt":"2023-07-17T11:06:22","slug":"preistraeger","status":"publish","type":"page","link":"https:\/\/science.rmtmo.eu\/de\/wissenschaftsoffensive\/wissenschaftsoffensive-2016\/preistraeger\/","title":{"rendered":"Preistr\u00e4ger"},"content":{"rendered":"<section  class=\"section swatch-sciences-white section-short \" ><div class=\"background-media\"><\/div><div class=\"background-overlay\" style=\"\"><\/div><div class=\"container\"><div class=\"row vertical-top\"><div class=\"col-md-6  text-default\" ><h1 class=\"text-left super regular bordered-header\">Preistr\u00e4ger<\/h1><p>In den sieben Exzellenzprojekten der Wissenschaftsoffensive 2016 arbeiten rund 30 Forschungslabors aus den oberrheinischen Universit\u00e4ten, Hochschulen f\u00fcr angewandte Wissenschaften und weiteren wissenschaftlichen Einrichtungen zusammen.<\/p>\n<p>Gemeinsam entwickeln sie Anwendungen in den Bereichen erneuerbare Energien und Ressourceneffizienz, nachhaltige Mobilit\u00e4t und Fahrzeugbau, Informations- und Kommunikationstechnologien, Gesundheit und Medizintechnik. Damit soll der Wissens- und Technologietransfer aus der Forschung in Wirtschaft und Gesellschaft vorangebracht und der Standort Oberrhein gest\u00e4rkt werden. Insgesamt sind auch \u00fcber 30 Unternehmen als Partner in den verschiedenen Projekten beteiligt.<\/p>\n<p>Download :<a href=\"https:\/\/science.rmtmo.eu\/wp-content\/uploads\/2018\/12\/livret-projets-OS-FINAL.pdf\">Brosch\u00fcre WO Projekte 2016<\/a><\/p>\n<\/div><div class=\"col-md-6  text-default\" ><img decoding=\"async\" alt=\"\" src=\"https:\/\/science.rmtmo.eu\/wp-content\/uploads\/2018\/11\/Preistr\u00e4ger.jpg\" class=\"alignnone\"\/><\/div><\/div><\/div><\/section><section  class=\"section swatch-sciences-white section-nopadding \" ><div class=\"background-media\"><\/div><div class=\"background-overlay\" style=\"\"><\/div><div class=\"container\"><div class=\"row vertical-top\"><div class=\"col-md-12  text-default\" ><div class=\"panel-group \" id=\"accordion_69e36b1964b8b\"><div class=\"panel panel-default\"><div class=\"panel-heading\"><a class=\"accordion-toggle collapsed\" data-parent=\"#accordion_69e36b1964b8b\" data-toggle=\"collapse\" href=\"#group69e36b1964c32\">SPIRITS - Intelligente 3D-gedruckte interaktive Roboter zur interventionellen Radiologie und Chirurgie<\/a><\/div><div class=\"panel-collapse collapse\" id=\"group69e36b1964c32\"><div class=\"panel-body\"><p><p><strong>Partner:<\/strong> INSA Strasbourg, Hochschule Furtwangen, Medizinische Fakult\u00e4t Mannheim der Universit\u00e4t Heidelberg, Fachhochschule Nordwestschweiz, Ecole polytechnique f\u00e9d\u00e9rale de Lausanne<\/p>\n<p><strong>Assoziierte Partner: <\/strong>Universit\u00e4t Mainz, Alsace Biovalley, Axilum Robotics, Memry GmbH, Handy Tech Elektronik GmbH, Sensoptic SA, iSYS Medizintechnik GmbH<\/p>\n<p>Das Projekt verfolgt die Entwicklung und Integration innovativer 3D-gedruckter robotischer Assistenzsysteme f\u00fcr die interventionnelle Radiologie sowie f\u00fcr die hybride bildgest\u00fctzte Chirurgie. Der Mehrwert des entwickelten Robotiksystems und der eingebauten technologischen Innovationen wird evaluiert, um den Transfer in die Industrie sicher zu stellen.<\/p>\n<p><strong>Gesamtbudget:<\/strong> 1 674 818\u20ac<\/p>\n<ul>\n<li>EFRE: 436 201\u20ac<\/li>\n<li>Regionale Mittel: 250 000\u20ac<\/li>\n<li>Kantonale Mittel: 272 052\u20ac<\/li>\n<\/ul>\n<p><a href=\"https:\/\/spirits.icube.unistra.fr\/index.php\/Accueil\" target=\"_blank\" rel=\"noopener\">https:\/\/spirits.icube.unistra.fr\/index.php\/Accueil&nbsp;<\/a><\/p>\n<\/p><\/div><\/div><\/div><div class=\"panel panel-default\"><div class=\"panel-heading\"><a class=\"accordion-toggle collapsed\" data-parent=\"#accordion_69e36b1964b8b\" data-toggle=\"collapse\" href=\"#group69e36b1964ca5\">PHOTOPUR - Photokatalytische Reinigung von pestizidbelastetem Wasser aus dem Weinbau<\/a><\/div><div class=\"panel-collapse collapse\" id=\"group69e36b1964ca5\"><div class=\"panel-body\"><p><p><strong>Partner: <\/strong>Universit\u00e4t Koblenz-Landau, CNRS, Hochschule Offenburg, Dienstleistungszentrum l\u00e4ndlicher Raum Rheinpfalz<\/p>\n<p><strong>Assoziierte Partner:<\/strong> nEcoTox, Julius K\u00fchn Institut \u2013 Bundesforschungsinstitut f\u00fcr Kulturpflanzen, Dienstleistungszentrum l\u00e4ndlicher Raum Mosel<\/p>\n<p>Ziel des PHOTOPUR Konsortiums ist die Entwicklung eines photokatalytischen Prozesses zur Eliminierung von Pflanzenschutzmitteln aus dem bei der Reinigung von Spritzger\u00e4ten anfallenden Abwasser und in den Oberfl\u00e4chengew\u00e4ssern der TMO. Exemplarisch soll dies f\u00fcr eine zentrale Landwirtschaftsform der TMO, n\u00e4mlich dem Weinbau, entwickelt werden<\/p>\n<p><strong>Gesamtbudget:<\/strong> 998 890\u20ac<\/p>\n<ul>\n<li>EFRE: 499 445\u20ac<\/li>\n<li>Regionale Mittel: 249 722,75\u20ac<\/li>\n<\/ul>\n<p>&nbsp;<\/p>\n<p><img loading=\"lazy\" decoding=\"async\" class=\"alignnone wp-image-5616\" src=\"https:\/\/science.rmtmo.eu\/wp-content\/uploads\/2018\/12\/pfeil-150x150.jpg\" alt=\"\" width=\"31\" height=\"31\"><a href=\"https:\/\/de.photopur.org\/\"> https:\/\/de.photopur.org\/<\/a><\/p>\n<\/p><\/div><\/div><\/div><div class=\"panel panel-default\"><div class=\"panel-heading\"><a class=\"accordion-toggle collapsed\" data-parent=\"#accordion_69e36b1964b8b\" data-toggle=\"collapse\" href=\"#group69e36b1964ce4\">EBIPREP - Intelligente Nutzung von Biomasse zur schadstoffarmen Erzeugung Erneuerbarer Energie und biotechnologischer Wertstoffe<\/a><\/div><div class=\"panel-collapse collapse\" id=\"group69e36b1964ce4\"><div class=\"panel-body\"><p><p><strong>Partner:<\/strong> Hochschule Offenburg, Universit\u00e9 de Strasbourg, Hochschule Karlsruhe, Universit\u00e9 de Haute Alsace<\/p>\n<p><strong>Assoziierte Partner:<\/strong> Agrano GmbH &amp; Co. KG, Jus de Fruits d\u2018Alsace (JFA), Lamtec Mess- und Regelungstechnik f\u00fcr Feuerungen GmbH, Rytec GmbH, S\u00e4gewerk Bohnert, SiCat<\/p>\n<p>Das Projekt EBIPREP wird von einer interdisziplin\u00e4ren Forschergruppe bestehend aus Chemikern, Prozessingenieuren und Bioprozessingenieuren sowie Physikern, die auf Sensoren und Prozesssteuerung spezialisiert sind durchgef\u00fchrt. Ihr Ziel ist es, neue L\u00f6sungen f\u00fcr die Nutzung von Holzhackschnitzeln und Holzpresssaft in Biogasanlagen zu entwickeln.<\/p>\n<p><strong>Gesamtbudget:<\/strong> 999 734\u20ac<\/p>\n<ul>\n<li>EFRE: 499 867\u20ac<\/li>\n<li>Regionale Mittel: 250 000\u20ac<\/li>\n<\/ul>\n<\/p><\/div><\/div><\/div><div class=\"panel panel-default\"><div class=\"panel-heading\"><a class=\"accordion-toggle collapsed\" data-parent=\"#accordion_69e36b1964b8b\" data-toggle=\"collapse\" href=\"#group69e36b1964d21\">HALFBACK - L\u00e4nder\u00fcbergreifende hoch-verf\u00fcgbare Smart-Factories in der Cloud<\/a><\/div><div class=\"panel-collapse collapse\" id=\"group69e36b1964d21\"><div class=\"panel-body\"><p><p><strong>Partner: <\/strong>Hochschule Furtwangen, INSA de Strasbourg, Universit\u00e9 de Strasbourg<\/p>\n<p><strong>Assoziierte Partner:<\/strong> Kirner Schleifmaschinen GmbH &amp; Co. KG. , Senk OHG CNC-Fr\u00e4s- &amp; Graviertechnik, Industrie Informatik GmbH &amp; Co.KG, inovex GmbH, GTEO, INEVA SAS, Rh\u00e9natic<\/p>\n<p>Das Projekt verfolgt das Design und die Entwicklung einer intelligenten Produktionsinfrastruktur, welche die Hochverf\u00fcgbarkeit von Produktionsprozessen \u00fcber Standort- und L\u00e4ndergrenzen erm\u00f6glicht. Dies soll dank eines HALFBACK Software Prototypen erfolgen, welcher es erm\u00f6glicht, mit Hilfe des HALFBACK Broker Cloud Service durch Wartungsvorhersagen und intelligente Produktionsverlagerung eine h\u00f6here Verf\u00fcgbarkeit sicherzustellen.<\/p>\n<p><strong>Gesamtbudget:<\/strong> 997 421\u20ac<\/p>\n<ul>\n<li>EFRE: 498 710,50\u20ac<\/li>\n<li>Regionale Mittel: 249 355,50\u20ac<\/li>\n<\/ul>\n<p>&nbsp;<\/p>\n<p><a href=\"http:\/\/halfback.in.hs-furtwangen.de\/home\/\"><img loading=\"lazy\" decoding=\"async\" class=\"alignnone wp-image-5616\" src=\"https:\/\/science.rmtmo.eu\/wp-content\/uploads\/2018\/12\/pfeil-150x150.jpg\" alt=\"\" width=\"30\" height=\"30\"> http:\/\/halfback.in.hs-furtwangen.de\/home\/<\/a><\/p>\n<\/p><\/div><\/div><\/div><div class=\"panel panel-default\"><div class=\"panel-heading\"><a class=\"accordion-toggle collapsed\" data-parent=\"#accordion_69e36b1964b8b\" data-toggle=\"collapse\" href=\"#group69e36b1964d56\">HnBi - Biomechanik des Systems Sch\u00e4del-Hirn-Halswirbels\u00e4ule<\/a><\/div><div class=\"panel-collapse collapse\" id=\"group69e36b1964d56\"><div class=\"panel-body\"><p><p><strong>Partner: <\/strong>Universit\u00e9 de Strasbourg, Hochschule Furtwangen, Universit\u00e4tsklinikum Freiburg, Deutsch-Franz\u00f6sisches Forschungsinstitut Saint-Louis<\/p>\n<p><strong>Assoziierte Partner:<\/strong> DAIMLER AG (DAI), PORSCHE AG, DYNAmore GmbH, ORTEMA GmbH, CELLUTEC, SHARK, DYNAmore France SAS, ANTARES, Universit\u00e4tsmedizin Mainz<\/p>\n<p>Das Ziel des Projekts ist die gemeinsame Entwicklung eines numerischen Kopf-\/Halswirbels\u00e4ule-Verletzungspr\u00e4diktionswerkzeuges. Dieses Werkzeug wird anschlie\u00dfend auf die Evaluierung von &nbsp;Schutzsystemen in PKWs und von Motorrad-, Fahrrad- und Reithelmen angewendet. Die Projektergebnisse bilden die Grundlage einer \u201everletzungsmechanischen Plattform\u201c f\u00fcr die Rechtsmedizin. So soll schlie\u00dflich ein international anerkanntes Exzellenzzentrum f\u00fcr Traumata mi Bereich Sch\u00e4del-Hirn-Halswirbels\u00e4ule entstehen.<\/p>\n<p><strong>Gesamtbudget:<\/strong> 935 891\u20ac<\/p>\n<ul>\n<li>EFRE: 467 909,50\u20ac<\/li>\n<li>Regionale Mittel: 249 991\u20ac<\/li>\n<\/ul>\n<\/p><\/div><\/div><\/div><div class=\"panel panel-default\"><div class=\"panel-heading\"><a class=\"accordion-toggle collapsed\" data-parent=\"#accordion_69e36b1964b8b\" data-toggle=\"collapse\" href=\"#group69e36b1964d8b\">ELCOD - Endurance Low COst Drone<\/a><\/div><div class=\"panel-collapse collapse\" id=\"group69e36b1964d8b\"><div class=\"panel-body\"><p><p><strong>Partner: <\/strong>Hochschule Offenburg, INSA de Strasbourg, CNRS<\/p>\n<p><strong>Assoziierte Partner:<\/strong> MaHyTec, In&#8217;Air Solutions, Modelage concept, GeneSys Elektronik GmbH<\/p>\n<p>Die Forschergruppe des Projekts ELCOD hat sich zum Ziel gesetzt, kosteng\u00fcnstige Drohnen zu entwickeln, die unter allen Wetterbedingungen Reichweiten von mehreren tausend Kilometern fliegen k\u00f6nnen. Der erste Auftrag des entwickelten Prototyps wird die \u00dcberwachung der Luftverschmutzung und des Klimas sein. Dank ihrer Nutzlast und ihrer Flugautonomie kann diese Drohne eine Vielzahl unterschiedlicher Missionen ausf\u00fchren.<\/p>\n<p><strong>Gesamtbudget:<\/strong> 991 918\u20ac<\/p>\n<ul>\n<li>EFRE: 495 959\u20ac<\/li>\n<li>Regionale Mittel: 249 999\u20ac<\/li>\n<\/ul>\n<p>&nbsp;<\/p>\n<p><a href=\"http:\/\/www.elcod.eu\/wp\/\"><img loading=\"lazy\" decoding=\"async\" class=\"alignnone wp-image-5616\" src=\"https:\/\/science.rmtmo.eu\/wp-content\/uploads\/2018\/12\/pfeil-150x150.jpg\" alt=\"\" width=\"30\" height=\"30\"> http:\/\/www.elcod.eu\/wp\/<\/a><\/p>\n<p><a href=\"http:\/\/www.elcod.eu\/wp\/\"><img loading=\"lazy\" decoding=\"async\" class=\"alignnone wp-image-5616\" src=\"https:\/\/science.rmtmo.eu\/wp-content\/uploads\/2018\/12\/pfeil-150x150.jpg\" alt=\"\" width=\"30\" height=\"30\"> <\/a><a href=\"https:\/\/science.rmtmo.eu\/wp-content\/uploads\/2021\/04\/ELCOD_INTERREG_V_22_April_2021_v2.pdf\" target=\"_blank\" rel=\"noopener\">PPT-Pr\u00e4sentation Elcod (Englische Version)<\/a><\/p>\n<p><iframe loading=\"lazy\" src=\"https:\/\/player.vimeo.com\/video\/467850350\" width=\"640\" height=\"360\" frameborder=\"0\" allowfullscreen=\"allowfullscreen\"><\/iframe><br \/>\n&nbsp;<\/p>\n<p>&nbsp;<\/p>\n<\/p><\/div><\/div><\/div><div class=\"panel panel-default\"><div class=\"panel-heading\"><a class=\"accordion-toggle collapsed\" data-parent=\"#accordion_69e36b1964b8b\" data-toggle=\"collapse\" href=\"#group69e36b1964ddc\">PROOF - Organische Photovoltaik-Dachelemente f\u00fcr gewerbliche und industrielle Geb\u00e4ude<\/a><\/div><div class=\"panel-collapse collapse\" id=\"group69e36b1964ddc\"><div class=\"panel-body\"><p><p><strong>Partner: <\/strong>Universit\u00e9 de Strasbourg, CNRS, Universit\u00e4t Freiburg<\/p>\n<p><strong>Assoziierte Partner:<\/strong> ROWO Coating Gesellschaft f\u00fcr Beschichtung mbH, SOPREMA SAS, ROLIC Technologies AG, Fraunhofer-Institut f\u00fcr Solare Energiesysteme ISE<\/p>\n<p>Das Projekt umfasst die Entwicklung gro\u00dffl\u00e4chiger, leicht integrierbarer und leistungsf\u00e4higer Photovoltaik-Module, die in Membrandachabdichtungen und durchscheinende Kuppeln (oder Skylights) f\u00fcr die Tagesbeleuchtung von Innenr\u00e4umen eingesetzt werden k\u00f6nnen. Diese &#8222;solaren&#8220; Membranen und Skylights k\u00f6nnen auf Dachfl\u00e4chen von Industrie- und Gesch\u00e4ftsgeb\u00e4uden genutzt werden. Dort dienen sie einerseits als Lichtquelle und zus\u00e4tzlich zur Energieerzeugung.<\/p>\n<p><strong>Gesamtbudget:<\/strong> 999 754\u20ac<\/p>\n<ul>\n<li>EFRE: 499 877\u20ac<\/li>\n<li>Regionale Mittel: 199 951\u20ac<\/li>\n<\/ul>\n<\/p><\/div><\/div><\/div><\/div><\/div><\/div><\/div><\/section>\n","protected":false},"excerpt":{"rendered":"Preistr\u00e4gerIn den sieben Exzellenzprojekten der Wissenschaftsoffensive 2016 arbeiten rund 30 Forschungslabors aus den oberrheinischen Universit\u00e4ten, Hochschulen f\u00fcr angewandte Wissenschaften und weiteren wissenschaftlichen Einrichtungen zusammen. Gemeinsam entwickeln sie Anwendungen in den Bereichen erneuerbare Energien und Ressourceneffizienz, nachhaltige Mobilit\u00e4t und Fahrzeugbau, Informations- und Kommunikationstechnologien, Gesundheit und Medizintechnik. Damit soll der Wissens- und Technologietransfer aus der Forschung in","protected":false},"author":1,"featured_media":0,"parent":287,"menu_order":0,"comment_status":"closed","ping_status":"closed","template":"","meta":{"ngg_post_thumbnail":0,"footnotes":""},"class_list":["post-291","page","type-page","status-publish","hentry"],"aioseo_notices":[],"_links":{"self":[{"href":"https:\/\/science.rmtmo.eu\/de\/wp-json\/wp\/v2\/pages\/291","targetHints":{"allow":["GET"]}}],"collection":[{"href":"https:\/\/science.rmtmo.eu\/de\/wp-json\/wp\/v2\/pages"}],"about":[{"href":"https:\/\/science.rmtmo.eu\/de\/wp-json\/wp\/v2\/types\/page"}],"author":[{"embeddable":true,"href":"https:\/\/science.rmtmo.eu\/de\/wp-json\/wp\/v2\/users\/1"}],"replies":[{"embeddable":true,"href":"https:\/\/science.rmtmo.eu\/de\/wp-json\/wp\/v2\/comments?post=291"}],"version-history":[{"count":17,"href":"https:\/\/science.rmtmo.eu\/de\/wp-json\/wp\/v2\/pages\/291\/revisions"}],"predecessor-version":[{"id":13674,"href":"https:\/\/science.rmtmo.eu\/de\/wp-json\/wp\/v2\/pages\/291\/revisions\/13674"}],"up":[{"embeddable":true,"href":"https:\/\/science.rmtmo.eu\/de\/wp-json\/wp\/v2\/pages\/287"}],"wp:attachment":[{"href":"https:\/\/science.rmtmo.eu\/de\/wp-json\/wp\/v2\/media?parent=291"}],"curies":[{"name":"wp","href":"https:\/\/api.w.org\/{rel}","templated":true}]}}