{"id":289,"date":"2016-09-06T00:13:28","date_gmt":"2016-09-05T22:13:28","guid":{"rendered":"https:\/\/science.rmtmo.eu\/de\/?page_id=289"},"modified":"2022-08-04T12:24:22","modified_gmt":"2022-08-04T10:24:22","slug":"das-projektauswahlverfahren","status":"publish","type":"page","link":"https:\/\/science.rmtmo.eu\/de\/wissenschaftsoffensive\/wissenschaftsoffensive-2016\/das-projektauswahlverfahren\/","title":{"rendered":"Auswahlverfahren"},"content":{"rendered":"<section  class=\"section swatch-sciences-white section-short \" ><div class=\"background-media\"><\/div><div class=\"background-overlay\" style=\"\"><\/div><div class=\"container\"><div class=\"row vertical-top\"><div class=\"col-md-6  text-default\" ><h1 class=\"text-left super regular bordered-header\">Das Projektauswahlverfahren<\/h1><p>Erfolgreiche WO-Projekte m\u00fcssen nicht nur die Kriterien f\u00fcr die F\u00f6rderf\u00e4higkeit des Interreg Programms und des Aufrufs der Wissenschaftsoffensive erf\u00fcllen, sondern auch einen Mehrwert f\u00fcr das grenz\u00fcberschreitende Oberrheingebiet und die Strategie des Interreg Programms bieten. Letztlich ist die wissenschaftliche Exzellenz das Leitmotiv der Wissenschaftsoffensive und somit auch das schwerwiegendste Projektauswahlkriterium.<\/p>\n<p>Das Verfahren zur Auswahl der WO-Vorhaben erfolgt in zwei Stufen:<\/p>\n<ul>\n<li>Interessierte Projektkonsortien reichen bis sp\u00e4testens dem 15.04.2016 ihren WO-Kurzantrag ein.<\/li>\n<li>Projektantr\u00e4ge, die den F\u00f6rderf\u00e4higkeitskriterien des Interreg-Programms und des Projektaufrufs gen\u00fcgen, werden von wissenschaftlichen Experten begutachtet. Gleichzeitig evaluieren die regionalen Partner und das Interreg-Programm den Mehrwert der Projekte f\u00fcr die Region und das Programm Interreg-Oberrhein.<\/li>\n<\/ul>\n<\/div><div class=\"col-md-6  text-default\" ><img decoding=\"async\" alt=\"\" src=\"https:\/\/science.rmtmo.eu\/wp-content\/uploads\/2016\/08\/offensive-sciences-2016.png\" class=\"alignnone\"\/><p>Die Arbeitsgruppe des Interreg Programms hat in ihrer Sitzung am 7.7.2016 die Short-List derjenigen Projekte, die in die zweite Stufe des Auswahlverfahrens aufgenommen werden erstellt.<\/p>\n<p>Die ausgew\u00e4hlten Projekte wurden daraufhin aufgefordert, einen vollst\u00e4ndigen Antrag auf EU-Mittelf\u00f6rderung zu erstellen. Dieser wurde vom Begleitausschuss des Programms im Dezember begutachtet und bewilligt.<\/p>\n<p><a href=\"https:\/\/science.rmtmo.eu\/de\/wissenschaftsoffensive\/wissenschaftsoffensive-2016\/preistraeger\/\"><strong>Um mehr \u00fcber die ausgew\u00e4hlten Projekte zu erfahren, klicken Sie bitte hier.<\/strong><\/a><\/p>\n<\/div><\/div><\/div><\/section>\n","protected":false},"excerpt":{"rendered":"Das ProjektauswahlverfahrenErfolgreiche WO-Projekte m\u00fcssen nicht nur die Kriterien f\u00fcr die F\u00f6rderf\u00e4higkeit des Interreg Programms und des Aufrufs der Wissenschaftsoffensive erf\u00fcllen, sondern auch einen Mehrwert f\u00fcr das grenz\u00fcberschreitende Oberrheingebiet und die Strategie des Interreg Programms bieten. Letztlich ist die wissenschaftliche Exzellenz das Leitmotiv der Wissenschaftsoffensive und somit auch das schwerwiegendste Projektauswahlkriterium. Das Verfahren zur Auswahl der","protected":false},"author":1,"featured_media":0,"parent":287,"menu_order":0,"comment_status":"closed","ping_status":"closed","template":"","meta":{"ngg_post_thumbnail":0,"footnotes":""},"class_list":["post-289","page","type-page","status-publish","hentry"],"aioseo_notices":[],"_links":{"self":[{"href":"https:\/\/science.rmtmo.eu\/de\/wp-json\/wp\/v2\/pages\/289","targetHints":{"allow":["GET"]}}],"collection":[{"href":"https:\/\/science.rmtmo.eu\/de\/wp-json\/wp\/v2\/pages"}],"about":[{"href":"https:\/\/science.rmtmo.eu\/de\/wp-json\/wp\/v2\/types\/page"}],"author":[{"embeddable":true,"href":"https:\/\/science.rmtmo.eu\/de\/wp-json\/wp\/v2\/users\/1"}],"replies":[{"embeddable":true,"href":"https:\/\/science.rmtmo.eu\/de\/wp-json\/wp\/v2\/comments?post=289"}],"version-history":[{"count":5,"href":"https:\/\/science.rmtmo.eu\/de\/wp-json\/wp\/v2\/pages\/289\/revisions"}],"predecessor-version":[{"id":12328,"href":"https:\/\/science.rmtmo.eu\/de\/wp-json\/wp\/v2\/pages\/289\/revisions\/12328"}],"up":[{"embeddable":true,"href":"https:\/\/science.rmtmo.eu\/de\/wp-json\/wp\/v2\/pages\/287"}],"wp:attachment":[{"href":"https:\/\/science.rmtmo.eu\/de\/wp-json\/wp\/v2\/media?parent=289"}],"curies":[{"name":"wp","href":"https:\/\/api.w.org\/{rel}","templated":true}]}}