{"id":285,"date":"2016-09-06T00:05:26","date_gmt":"2016-09-05T22:05:26","guid":{"rendered":"https:\/\/science.rmtmo.eu\/de\/?page_id=285"},"modified":"2022-08-04T12:21:21","modified_gmt":"2022-08-04T10:21:21","slug":"wissenschaftsoffensive-2011","status":"publish","type":"page","link":"https:\/\/science.rmtmo.eu\/de\/wissenschaftsoffensive\/wissenschaftsoffensive-2011\/","title":{"rendered":"Projektaufruf 2011"},"content":{"rendered":"<section  class=\"section swatch-sciences-white section-short \" ><div class=\"background-media\"><\/div><div class=\"background-overlay\" style=\"\"><\/div><div class=\"container\"><div class=\"row vertical-top\"><div class=\"col-md-6  text-default\" ><h1 class=\"text-left super regular bordered-header\">Projektaufruf 2011<\/h1><p>Der erste Projektaufruf im Oktober 2011 stie\u00df bei den Wissenschaftsakteuren der TMO auf gro\u00dfe Resonanz. So wurden 36 Projektvorschl\u00e4ge eingereicht, die einem transnationalen Gutachtergremium vorgelegt werden konnten. Am Ende des Auswahlprozesses wurden sieben Projekte im Rahmen der Wissenschaftsoffensive in die F\u00f6rderung durch das INTERREG Oberrhein-Programm aufgenommen :<\/p>\n<\/div><div class=\"col-md-6  text-default\" ><img decoding=\"async\" alt=\"\" src=\"https:\/\/science.rmtmo.eu\/wp-content\/uploads\/2016\/08\/offensive-sciences-2011.jpg\" class=\"alignnone\"\/><\/div><\/div><\/div><\/section><section  class=\"section swatch-sciences-white section-tiny \" ><div class=\"background-media\"><\/div><div class=\"background-overlay\" style=\"\"><\/div><div class=\"container\"><div class=\"row vertical-top\"><div class=\"col-md-12  text-default\" ><div class=\"panel-group \" id=\"accordion_69d9003e0be8d\"><div class=\"panel panel-default\"><div class=\"panel-heading\"><a class=\"accordion-toggle collapsed\" data-parent=\"#accordion_69d9003e0be8d\" data-toggle=\"collapse\" href=\"#group69d9003e0bf39\">Neurogenese und Neuroprotektion zur Pr\u00e4vention neurologischer Erkrankungen oder der Wiederherstellung neurophysiologischer Funktionen<\/a><\/div><div class=\"panel-collapse collapse\" id=\"group69d9003e0bf39\"><div class=\"panel-body\"><p><p><strong><img loading=\"lazy\" decoding=\"async\" class=\"alignright wp-image-56 size-full\" src=\"https:\/\/science.rmtmo.eu\/wp-content\/uploads\/2016\/08\/offsc2011-neurorhine.png\" alt=\"offsc2011-neurorhine\" width=\"211\" height=\"100\"><\/strong><strong>Partner:<\/strong><strong>&nbsp;<\/strong>Universit\u00e9 de Strasbourg, CNRS, Universit\u00e4tsklinikum Freiburg<\/p>\n<p>Das Projekt zielt auf das Verst\u00e4ndnis der Krankheitsmechanismen und die Entwicklung von therapeutischen L\u00f6sungen zur effektiven Verhinderung oder Beseitigung derjenigen Sch\u00e4den ab, die f\u00fcr neurodegenerative Erkrankungen, wie Alzheimer oder motorische und schmerzhafte Nervenleiden, verantwortlich sind.<\/p>\n<p><strong>Gesamtbudget:<\/strong>&nbsp;2.189.206 \u20ac<\/p>\n<ul>\n<li>EFRE: 1.094.603 \u20ac<\/li>\n<li>Regionale Mittel: 250.000 \u20ac<\/li>\n<\/ul>\n<\/p><\/div><\/div><\/div><div class=\"panel panel-default\"><div class=\"panel-heading\"><a class=\"accordion-toggle collapsed\" data-parent=\"#accordion_69d9003e0be8d\" data-toggle=\"collapse\" href=\"#group69d9003e0bfac\">Chirale por\u00f6se Kristalle f\u00fcr die Racematspaltung<\/a><\/div><div class=\"panel-collapse collapse\" id=\"group69d9003e0bfac\"><div class=\"panel-body\"><p><p><strong><img loading=\"lazy\" decoding=\"async\" class=\"alignright size-full wp-image-59\" src=\"https:\/\/science.rmtmo.eu\/wp-content\/uploads\/2016\/08\/ofsc2011-chiranet.png\" alt=\"ofsc2011-chiranet\" width=\"178\" height=\"100\"><\/strong><strong>Partner:<\/strong>&nbsp;Karlsruher Institut f\u00fcr Technologie, CNRS, Technische Universit\u00e4t Kaiserslautern<\/p>\n<p>50% der heutzutage in mehr als 50 Millionen Operationen verabreichten Menge fl\u00fcchtiger An\u00e4sthetika sind wenig bis gar nicht aktiv. Dies kann zu Nebenwirkungen und l\u00e4ngeren Rekonvaleszenzzeiten f\u00fchren. Mit Hilfe von neuen hochpor\u00f6sen Materialien will dieses Projekt den aktiven Teil der An\u00e4sthetika isolieren.<\/p>\n<p><strong>Gesamtbudget:<\/strong> 843.200 \u20ac<\/p>\n<ul>\n<li>EFRE: 421.600 \u20ac<\/li>\n<li>Regionale Mittel: 250.000 \u20ac<\/li>\n<\/ul>\n<\/p><\/div><\/div><\/div><div class=\"panel panel-default\"><div class=\"panel-heading\"><a class=\"accordion-toggle collapsed\" data-parent=\"#accordion_69d9003e0be8d\" data-toggle=\"collapse\" href=\"#group69d9003e0bfe4\">Innovationen f\u00fcr eine nachhaltige Biomassenutzung in der Oberrheinregion<\/a><\/div><div class=\"panel-collapse collapse\" id=\"group69d9003e0bfe4\"><div class=\"panel-body\"><p><p><strong><img loading=\"lazy\" decoding=\"async\" class=\"alignright size-medium wp-image-60\" src=\"https:\/\/science.rmtmo.eu\/wp-content\/uploads\/2016\/08\/ofsc2011-ouibiomasse-300x86.png\" alt=\"ofsc2011-ouibiomasse\" width=\"300\" height=\"86\" srcset=\"https:\/\/science.rmtmo.eu\/wp-content\/uploads\/2016\/08\/ofsc2011-ouibiomasse-300x86.png 300w, https:\/\/science.rmtmo.eu\/wp-content\/uploads\/2016\/08\/ofsc2011-ouibiomasse.png 350w\" sizes=\"auto, (max-width: 300px) 100vw, 300px\" \/><\/strong><strong>Partner:<\/strong>&nbsp;Karlsruher Institut f\u00fcr Technologie, Universit\u00e4t Freiburg, CNRS, Universit\u00e9 de Strasbourg, Universit\u00e9 de Haute-Alsace, Universit\u00e4t Koblenz-Landau, ENGEES, ASPA, Fachhochschule Nordwestschweiz, Universit\u00e4t Basel.<\/p>\n<p>Das Projekt hat die F\u00f6rderung einer nachhaltigen Biomassenutzung am Oberrhein zum Ziel. Ein trinationales wissenschaftliches Netzwerk untersucht alle Etappen der Wertsch\u00f6pfungskette, um Entwicklungsszenarien zu erstellen, potentielle Auswirkungen zu analysieren, und einen Leitfaden zur Biomassenutzung zu erarbeiten<\/p>\n<p><strong>Gesamtbudget:<\/strong><strong>&nbsp;<\/strong>1.945.862 \u20ac<\/p>\n<ul>\n<li>EFRE: 845.431 \u20ac<\/li>\n<li>Regionale Mittel: 250.000 \u20ac<\/li>\n<\/ul>\n<\/p><\/div><\/div><\/div><div class=\"panel panel-default\"><div class=\"panel-heading\"><a class=\"accordion-toggle collapsed\" data-parent=\"#accordion_69d9003e0be8d\" data-toggle=\"collapse\" href=\"#group69d9003e0c017\">Genetische Mechanismen kardiovaskul\u00e4rer Erkrankungen<\/a><\/div><div class=\"panel-collapse collapse\" id=\"group69d9003e0c017\"><div class=\"panel-body\"><p><p><strong><img loading=\"lazy\" decoding=\"async\" class=\"alignright size-full wp-image-58\" src=\"https:\/\/science.rmtmo.eu\/wp-content\/uploads\/2016\/08\/ofsc2011-cardio-vasculaires.png\" alt=\"ofsc2011-cardio-vasculaires\" width=\"173\" height=\"100\"><\/strong><strong>Partner:<\/strong><strong>&nbsp;<\/strong>CIE-CERBM \u2013 Institut Clinique de la Souris, Universit\u00e4tsklinikum Heidelberg, European Molecular Biology Laboratory, Universit\u00e4t Heidelberg<\/p>\n<p>Kardiovaskul\u00e4re Erkrankungen sind eine der Haupttodesursachen beim Menschen. Die Auswirkungen mehrerer relevanter genetischer Varianten sollen hier genau definiert werden. Diese bessere Kenntnis der Gene und ihrer Wirkungsmechanismen erm\u00f6glicht die Entwicklung individualisierter Pr\u00e4ventions- und Behandlungsans\u00e4tze.<\/p>\n<p><strong>Gesamtbudget:<\/strong>&nbsp;1.122.520 \u20ac<\/p>\n<ul>\n<li>EFRE: 561.260 \u20ac<\/li>\n<li>Regionale Mittel: 250.000 \u20ac<\/li>\n<\/ul>\n<\/p><\/div><\/div><\/div><div class=\"panel panel-default\"><div class=\"panel-heading\"><a class=\"accordion-toggle collapsed\" data-parent=\"#accordion_69d9003e0be8d\" data-toggle=\"collapse\" href=\"#group69d9003e0c044\">Manifestationen seltener Krankheiten im Mund- und Zahnbereich : Aussichten f\u00fcr Diagnose und Therapie<\/a><\/div><div class=\"panel-collapse collapse\" id=\"group69d9003e0c044\"><div class=\"panel-body\"><p><p><strong><img loading=\"lazy\" decoding=\"async\" class=\"alignright size-full wp-image-57\" src=\"https:\/\/science.rmtmo.eu\/wp-content\/uploads\/2016\/08\/ofsc2011-bucco-dentaires.png\" alt=\"ofsc2011-bucco-dentaires\" width=\"150\" height=\"201\"><\/strong><strong>Partner:<\/strong>&nbsp;Universit\u00e9 de Strasbourg, CIE-CERBM, H\u00f4pitaux Universitaires de Strasbourg, Universit\u00e4tsklinikum Freiburg, Universit\u00e4t Heidelberg<\/p>\n<p>Pathologien oder Anomalien des Mund- und Zahnbereichs sind oft Ausdruck seltener genetischer Krankheiten. Das Projekt verbindet klinische, genetische, biologische und bio-informatische Ans\u00e4tze um die Kenntnis dieser Pathologien, die Diagnosequalit\u00e4t, den Zugang zur Versorgung und die Behandlung der Patienten zu verbessern.<\/p>\n<p><strong>Gesamtbudget:<\/strong>&nbsp;1.971.342 \u20ac<\/p>\n<ul>\n<li>EFRE: 985.671 \u20ac<\/li>\n<li>Regionale Mittel: 250.000 \u20ac<\/li>\n<\/ul>\n<\/p><\/div><\/div><\/div><div class=\"panel panel-default\"><div class=\"panel-heading\"><a class=\"accordion-toggle collapsed\" data-parent=\"#accordion_69d9003e0be8d\" data-toggle=\"collapse\" href=\"#group69d9003e0c06d\">Oberrhein im Gebrauchsfilm : Projektionen von Erinnerung, Geschichte und Identit\u00e4ten 1900-1970<\/a><\/div><div class=\"panel-collapse collapse\" id=\"group69d9003e0c06d\"><div class=\"panel-body\"><p><p><strong><img loading=\"lazy\" decoding=\"async\" class=\"alignright size-full wp-image-62\" src=\"https:\/\/science.rmtmo.eu\/wp-content\/uploads\/2016\/08\/ofsc2011-rhinfilm.png\" alt=\"ofsc2011-rhinfilm\" width=\"133\" height=\"100\"><\/strong><strong>Partner:<\/strong>&nbsp;Universit\u00e9 de Strasbourg, Universit\u00e4t Heidelberg<\/p>\n<p>Durch die vergleichende Analyse des Inhalts und der Nutzung verschiedener Arten von Dokumentarfilmen zum Oberrheingebiet zwischen 1900 und 1970, soll die Entwicklung der Gesellschaften beiderseits des Rheins nachvollzogen werden. Die Ergebnisse werden im Rahmen mehrerer Vorf\u00fchrungsreihen pr\u00e4sentiert.<\/p>\n<p><strong>Gesamtbudget:<\/strong>&nbsp;743.896 \u20ac<\/p>\n<ul>\n<li>EFRE: 371.948 \u20ac<\/li>\n<li>Regionale Mittel: 162.000 \u20ac<\/li>\n<\/ul>\n<\/p><\/div><\/div><\/div><div class=\"panel panel-default\"><div class=\"panel-heading\"><a class=\"accordion-toggle collapsed\" data-parent=\"#accordion_69d9003e0be8d\" data-toggle=\"collapse\" href=\"#group69d9003e0c096\">PLAN-EE ein GIS-basiertes Planungstool f\u00fcr erneuerbare Energien<\/a><\/div><div class=\"panel-collapse collapse\" id=\"group69d9003e0c096\"><div class=\"panel-body\"><p><p><strong><img loading=\"lazy\" decoding=\"async\" class=\"alignright size-full wp-image-61\" src=\"https:\/\/science.rmtmo.eu\/wp-content\/uploads\/2016\/08\/ofsc2011-plan.png\" alt=\"ofsc2011-plan\" width=\"150\" height=\"145\"><\/strong><strong>Partner:<\/strong>&nbsp;Universit\u00e4t Koblenz-Landau, Karlsruher Institut f\u00fcr Technologie, Universit\u00e9 de Strasbourg, CNRS<\/p>\n<p>Das Projekt verfolgt die Entwicklung eines Planungstools zur Erstellung von Szenarien f\u00fcr eine ideale Nutzung erneuerbarer Energien am Oberrhein. Es umfasst sowohl die Analyse der bestehenden technischen Potenziale, als auch deren Akzeptanz durch die Bev\u00f6lkerung und die sozio-\u00f6konomischen Konsequenzen ihrer Nutzung.<\/p>\n<p><strong>Gesamtbudget:<\/strong>&nbsp;936.354 \u20ac<\/p>\n<ul>\n<li>EFRE: 468.177 \u20ac<\/li>\n<li>Regionale Mittel: 186.957 \u20ac<\/li>\n<\/ul>\n<\/p><\/div><\/div><\/div><\/div><\/div><\/div><\/div><\/section>\n","protected":false},"excerpt":{"rendered":"Projektaufruf 2011Der erste Projektaufruf im Oktober 2011 stie\u00df bei den Wissenschaftsakteuren der TMO auf gro\u00dfe Resonanz. So wurden 36 Projektvorschl\u00e4ge eingereicht, die einem transnationalen Gutachtergremium vorgelegt werden konnten. Am Ende des Auswahlprozesses wurden sieben Projekte im Rahmen der Wissenschaftsoffensive in die F\u00f6rderung durch das INTERREG Oberrhein-Programm aufgenommen : Neurogenese und Neuroprotektion zur Pr\u00e4vention neurologischer Erkrankungen","protected":false},"author":1,"featured_media":0,"parent":283,"menu_order":0,"comment_status":"closed","ping_status":"closed","template":"","meta":{"ngg_post_thumbnail":0,"footnotes":""},"class_list":["post-285","page","type-page","status-publish","hentry"],"aioseo_notices":[],"_links":{"self":[{"href":"https:\/\/science.rmtmo.eu\/de\/wp-json\/wp\/v2\/pages\/285","targetHints":{"allow":["GET"]}}],"collection":[{"href":"https:\/\/science.rmtmo.eu\/de\/wp-json\/wp\/v2\/pages"}],"about":[{"href":"https:\/\/science.rmtmo.eu\/de\/wp-json\/wp\/v2\/types\/page"}],"author":[{"embeddable":true,"href":"https:\/\/science.rmtmo.eu\/de\/wp-json\/wp\/v2\/users\/1"}],"replies":[{"embeddable":true,"href":"https:\/\/science.rmtmo.eu\/de\/wp-json\/wp\/v2\/comments?post=285"}],"version-history":[{"count":4,"href":"https:\/\/science.rmtmo.eu\/de\/wp-json\/wp\/v2\/pages\/285\/revisions"}],"predecessor-version":[{"id":12326,"href":"https:\/\/science.rmtmo.eu\/de\/wp-json\/wp\/v2\/pages\/285\/revisions\/12326"}],"up":[{"embeddable":true,"href":"https:\/\/science.rmtmo.eu\/de\/wp-json\/wp\/v2\/pages\/283"}],"wp:attachment":[{"href":"https:\/\/science.rmtmo.eu\/de\/wp-json\/wp\/v2\/media?parent=285"}],"curies":[{"name":"wp","href":"https:\/\/api.w.org\/{rel}","templated":true}]}}