{"id":283,"date":"2016-09-05T23:25:26","date_gmt":"2016-09-05T21:25:26","guid":{"rendered":"https:\/\/science.rmtmo.eu\/de\/?page_id=283"},"modified":"2026-02-17T09:59:29","modified_gmt":"2026-02-17T08:59:29","slug":"wissenschaftsoffensive","status":"publish","type":"page","link":"https:\/\/science.rmtmo.eu\/de\/wissenschaftsoffensive\/","title":{"rendered":"Wissenschaftsoffensive"},"content":{"rendered":"<section  class=\"section swatch-sciences-white section-short \" ><div class=\"background-media\"><\/div><div class=\"background-overlay\" style=\"\"><\/div><div class=\"container\"><div class=\"row vertical-top\"><div class=\"col-md-6  text-default\" ><h1 class=\"text-left normal light bordered-header\">Wissenschaftsoffensive<\/h1><p>Der Oberrhein verf\u00fcgt \u00fcber eine dichte Wissenschaftslandschaft, deren Exzellenz weit \u00fcber die regionalen Grenzen hinaus anerkannt ist. Um die Zusammenarbeit der Hochschul- und Forschungsakteure in der Trinationalen Metropolregion Oberrhein zugunsten der Innovation und der regionalen Entwicklung zu st\u00e4rken und zu unterst\u00fctzen, haben die Partner der S\u00e4ule Wissenschaft der TMO ein in Europa einzigartiges F\u00f6rderinstrument entwickelt: die Wissenschaftsoffensive.<\/p>\n<p>Die Wissenschaftsoffensive ist eine gemeinsame Initiative der L\u00e4nder Baden-W\u00fcrttemberg und Rheinland-Pfalz, der R\u00e9gion Grand Est und des Interreg-Programms Oberrhein zur F\u00f6rderung exzellenter grenz\u00fcberschreitender Projekte im Bereich Wissenschaft und Innovation. Nach einem Auswahlverfahren, bei dem die wissenschaftliche Qualit\u00e4t und das Innovationspotenzial der Projekte im Vordergrund stehen, werden die Preistr\u00e4ger somit aus EFRE-Mitteln (Europ\u00e4ischer Fonds f\u00fcr regionale Entwicklung) kofinanziert, erg\u00e4nzt durch eine Ko-Finanzierung \u00fcber die regionalen Partner.&nbsp;<\/p>\n<p>Im Rahmen der Wissenschaftsoffensive wird den wissenschaftlichen Akteuren und deren Partnern ebenfalls ein umfassendes Unterst\u00fctzungsangebot zur Verf\u00fcgung gestellt. Durch thematische Workshops, Vernetzungsveranstaltungen oder auch Trainingsma\u00dfnahmen informiert das Koordinationsb\u00fcro der S\u00e4ule Wissenschaft \u00fcber die Initiative und bietet den Akteuren aus Forschung und Innovation direkte Unterst\u00fctzung bei der Entwicklung ihrer Projektidee, der Vorbereitung der F\u00f6rderantr\u00e4ge sowie bei der Umsetzung und Verwertung ihrer Vorhaben.<\/p>\n<p>Seit der Gr\u00fcndung der &#8222;Wissenschaftsoffensive&#8220; werden bzw. wurden im Rahmen von 5 Projektaufrufen 35 Projektkonsortien, an denen 35 wissenschaftliche Einrichtungen beteiligt waren,&nbsp; mit 18,6 Millionen Euro \u00fcber EU-Mittel und 8,5 Millionen Euro an zus\u00e4tzlichen Mitteln durch die regionalen Partner unterst\u00fctzt.&nbsp;<\/p>\n<p><img loading=\"lazy\" decoding=\"async\" class=\"\" src=\"https:\/\/science.rmtmo.eu\/wp-content\/uploads\/2018\/12\/pfeil-150x150.jpg\" width=\"45\" height=\"45\">&nbsp;Link zu den Projektaufrufen der Wissenschaftsoffensive&nbsp;<a href=\"https:\/\/science.rmtmo.eu\/de\/wissenschaftsoffensive\/wissenschaftsoffensive-2011\/\">2011<\/a>,&nbsp;<a href=\"https:\/\/science.rmtmo.eu\/de\/wissenschaftsoffensive\/wissenschaftsoffensive-2016\/\">2016,<\/a>&nbsp;<a href=\"https:\/\/science.rmtmo.eu\/de\/wissenschaftsoffensive\/wissenschaftsoffensive-2018\/\">2018 , <\/a><a href=\"https:\/\/science.rmtmo.eu\/de\/wissenschaftsoffensive\/projektaufruf-2023\/\" target=\"_blank\" rel=\"noopener\">2023<\/a> und <a href=\"https:\/\/science.rmtmo.eu\/de\/projektaufruf-2024\/\" target=\"_blank\" rel=\"noopener\">2024<\/a><\/p>\n<\/div><div class=\"col-md-6  text-default\" ><h5><iframe loading=\"lazy\" title=\"YouTube video player\" src=\"https:\/\/www.youtube.com\/embed\/7OICwYSgTAM\" width=\"560\" height=\"315\" frameborder=\"0\" allowfullscreen=\"allowfullscreen\"><\/iframe><br \/>\nHinweis zum Datenschutz: Wir machen Sie darauf aufmerksam, dass Sie mit einem Klick auf den Abspielen-Button einwilligen, dass YouTube Ihre Daten (z. B. pers\u00f6nliche Informationen, IP-Adresse etc.) entsprechend seiner Datenverwendungsrichtlinien abspeichern und f\u00fcr gesch\u00e4ftliche Zwecke nutzen kann.<\/h5>\n[vc_empty_space]<h3><strong>Die Wissenschaftsoffensive im Zeitraum 2021-2027<\/strong><\/h3>\n<p>Aufgrund ihres Erfolgs wurde die Initiative im Zeitraum 2021-2027 fortgef\u00fchrt, f\u00fcr den zwei Projektaufrufe geplant waren. Aufbauend auf der Dynamik der grenz\u00fcberschreitenden wissenschaftlichen Zusammenarbeit m\u00f6chten die mitfinanzierenden Partner der Wissenschaftsoffensive nun den Transfer und die Verwertung der Ergebnisse der \u00f6ffentlichen Forschung unterst\u00fctzen und den positiven Effekt der wissenschaftlichen Erkenntnissen auf die Unternehmen und die Gesellschaft verst\u00e4rken, zugunsten der wirtschaftlichen, sozialen und \u00f6kologischen Entwicklung der Trinationalen Metropolregion Oberrhein.&nbsp;<\/p>\n<h3>Weitere Informationen:<\/h3>\n<ul>\n<li>Besuchen Sie <a href=\"https:\/\/science.rmtmo.eu\/de\/projektaufruf-2024\/\" target=\"_blank\" rel=\"noopener\">die Seite zum Aufruf 2024<\/a><\/li>\n<li>Besuchen Sie schon jetzt die Website des <a href=\"https:\/\/www.interreg-oberrhein.eu\/\">Programms Interreg VI Oberrhein<\/a><span style=\"font-size: 1rem;\">.<\/span><\/li>\n<li>Sie m\u00f6chten eine Projektidee entwickeln und sind auf der Suche nach Partnern am Oberrhein? Wenden Sie sich direkt an das <a href=\"https:\/\/science.rmtmo.eu\/de\/die-saeule-wissenschaft\/kontakt\/\">Team des Koordinationsb\u00fcros<\/a>, das Sie bei der Suche nach relevanten Partnern begleiten wird.<\/li>\n<li>Um die neuesten Informationen \u00fcber die Wissenschaftsoffensive und die grenz\u00fcberschreitenden M\u00f6glichkeiten in Forschung, Entwicklung und Innovation zu erhalten, melden Sie sich <a href=\"https:\/\/science.rmtmo.eu\/de\/newsletter\/\" target=\"_blank\" rel=\"noopener\">bei unserem Newsletter<\/a> an<\/li>\n<\/ul>\n<\/div><\/div><\/div><\/section>\n","protected":false},"excerpt":{"rendered":"WissenschaftsoffensiveDer Oberrhein verf\u00fcgt \u00fcber eine dichte Wissenschaftslandschaft, deren Exzellenz weit \u00fcber die regionalen Grenzen hinaus anerkannt ist. Um die Zusammenarbeit der Hochschul- und Forschungsakteure in der Trinationalen Metropolregion Oberrhein zugunsten der Innovation und der regionalen Entwicklung zu st\u00e4rken und zu unterst\u00fctzen, haben die Partner der S\u00e4ule Wissenschaft der TMO ein in Europa einzigartiges F\u00f6rderinstrument entwickelt:","protected":false},"author":1,"featured_media":0,"parent":0,"menu_order":0,"comment_status":"closed","ping_status":"closed","template":"","meta":{"ngg_post_thumbnail":0,"footnotes":""},"class_list":["post-283","page","type-page","status-publish","hentry"],"aioseo_notices":[],"_links":{"self":[{"href":"https:\/\/science.rmtmo.eu\/de\/wp-json\/wp\/v2\/pages\/283","targetHints":{"allow":["GET"]}}],"collection":[{"href":"https:\/\/science.rmtmo.eu\/de\/wp-json\/wp\/v2\/pages"}],"about":[{"href":"https:\/\/science.rmtmo.eu\/de\/wp-json\/wp\/v2\/types\/page"}],"author":[{"embeddable":true,"href":"https:\/\/science.rmtmo.eu\/de\/wp-json\/wp\/v2\/users\/1"}],"replies":[{"embeddable":true,"href":"https:\/\/science.rmtmo.eu\/de\/wp-json\/wp\/v2\/comments?post=283"}],"version-history":[{"count":24,"href":"https:\/\/science.rmtmo.eu\/de\/wp-json\/wp\/v2\/pages\/283\/revisions"}],"predecessor-version":[{"id":15853,"href":"https:\/\/science.rmtmo.eu\/de\/wp-json\/wp\/v2\/pages\/283\/revisions\/15853"}],"wp:attachment":[{"href":"https:\/\/science.rmtmo.eu\/de\/wp-json\/wp\/v2\/media?parent=283"}],"curies":[{"name":"wp","href":"https:\/\/api.w.org\/{rel}","templated":true}]}}