{"id":279,"date":"2016-09-05T23:13:49","date_gmt":"2016-09-05T21:13:49","guid":{"rendered":"https:\/\/science.rmtmo.eu\/de\/?page_id=279"},"modified":"2022-02-07T10:37:29","modified_gmt":"2022-02-07T09:37:29","slug":"das-koordinationsbuero","status":"publish","type":"page","link":"https:\/\/science.rmtmo.eu\/de\/die-saeule-wissenschaft\/akteure\/das-koordinationsbuero\/","title":{"rendered":"Das Koordinationsb\u00fcro"},"content":{"rendered":"<section  class=\"section swatch-sciences-white section-short \" ><div class=\"background-media\"><\/div><div class=\"background-overlay\" style=\"\"><\/div><div class=\"container\"><div class=\"row vertical-top\"><div class=\"col-md-6  text-default\" ><h1 class=\"text-left normal regular bordered-header\">Das Koordinationsb\u00fcro der S\u00e4ule Wissenschaft: Unterst\u00fctzung der grenz\u00fcberschreitenden Zusammenarbeit in der Wissenschaft<\/h1>[vc_empty_space][vc_empty_space]<p style=\"background: white; margin: 0cm 0cm 9.0pt 0cm;\"><span style=\"font-family: 'Rambla',serif; color: #584744;\">Die zentrale Aufgabe des Koordinationsb\u00fcros besteht darin, den Akteuren der S\u00e4ule Wissenschaft der Trinationalen Metropolregion Oberrhein praktische Unterst\u00fctzung und Dienste zu bieten, insbesondere durch die Betreuung des Netzwerks und durch die Unterst\u00fctzung der Entwicklung neuer Kooperationsprojekte. Das Koordinationsb\u00fcro erleichtert den Austausch zwischen Akteuren \u00fcber die Grenzen hinweg und tr\u00e4gt zur Sensibilisierung verschiedenster Organisationen f\u00fcr den Mehrwert der grenz\u00fcberschreitenden Kooperation bei.<\/span><\/p>\n<p>&nbsp;<\/p>\n<p><img loading=\"lazy\" decoding=\"async\" class=\"alignnone wp-image-5616\" src=\"https:\/\/science.rmtmo.eu\/wp-content\/uploads\/2018\/12\/pfeil-150x150.jpg\" alt=\"\" width=\"51\" height=\"51\">&nbsp;Zu den Aufgaben des B\u00fcros geh\u00f6ren unter anderem:<\/p>\n<p><img loading=\"lazy\" decoding=\"async\" class=\"wp-image-6076 alignnone\" style=\"font-size: 1rem;\" src=\"https:\/\/science.rmtmo.eu\/wp-content\/uploads\/2019\/01\/communication-300x300.jpg\" alt=\"\" width=\"83\" height=\"83\" srcset=\"https:\/\/science.rmtmo.eu\/wp-content\/uploads\/2019\/01\/communication-300x300.jpg 300w, https:\/\/science.rmtmo.eu\/wp-content\/uploads\/2019\/01\/communication-150x150.jpg 150w, https:\/\/science.rmtmo.eu\/wp-content\/uploads\/2019\/01\/communication-768x768.jpg 768w, https:\/\/science.rmtmo.eu\/wp-content\/uploads\/2019\/01\/communication-600x600.jpg 600w, https:\/\/science.rmtmo.eu\/wp-content\/uploads\/2019\/01\/communication.jpg 788w\" sizes=\"auto, (max-width: 83px) 100vw, 83px\" \/>&nbsp; &nbsp;Bereitstellung von Informationen<\/p>\n<p><img loading=\"lazy\" decoding=\"async\" class=\"wp-image-6073 alignleft\" src=\"https:\/\/science.rmtmo.eu\/wp-content\/uploads\/2019\/01\/accompagnement-projet-300x300.jpg\" alt=\"\" width=\"83\" height=\"83\" srcset=\"https:\/\/science.rmtmo.eu\/wp-content\/uploads\/2019\/01\/accompagnement-projet-300x300.jpg 300w, https:\/\/science.rmtmo.eu\/wp-content\/uploads\/2019\/01\/accompagnement-projet-150x150.jpg 150w, https:\/\/science.rmtmo.eu\/wp-content\/uploads\/2019\/01\/accompagnement-projet-768x768.jpg 768w, https:\/\/science.rmtmo.eu\/wp-content\/uploads\/2019\/01\/accompagnement-projet-600x600.jpg 600w, https:\/\/science.rmtmo.eu\/wp-content\/uploads\/2019\/01\/accompagnement-projet.jpg 788w\" sizes=\"auto, (max-width: 83px) 100vw, 83px\" \/>Unterst\u00fctzung bei der Anbahnung und Durchf\u00fchrung von grenz\u00fcberschreitenden Kooperationsprojekten: Hinweise auf F\u00f6rderm\u00f6glichkeiten, Hilfe bei der Antragstellung und der Verwaltung von Projekten<\/p>\n<p>&nbsp;<\/p>\n<p><img loading=\"lazy\" decoding=\"async\" class=\"wp-image-6079 alignleft\" src=\"https:\/\/science.rmtmo.eu\/wp-content\/uploads\/2019\/01\/mise-en-reseau-300x300.jpg\" alt=\"\" width=\"83\" height=\"83\" srcset=\"https:\/\/science.rmtmo.eu\/wp-content\/uploads\/2019\/01\/mise-en-reseau-300x300.jpg 300w, https:\/\/science.rmtmo.eu\/wp-content\/uploads\/2019\/01\/mise-en-reseau-150x150.jpg 150w, https:\/\/science.rmtmo.eu\/wp-content\/uploads\/2019\/01\/mise-en-reseau-768x768.jpg 768w, https:\/\/science.rmtmo.eu\/wp-content\/uploads\/2019\/01\/mise-en-reseau-600x600.jpg 600w, https:\/\/science.rmtmo.eu\/wp-content\/uploads\/2019\/01\/mise-en-reseau.jpg 788w\" sizes=\"auto, (max-width: 83px) 100vw, 83px\" \/>&nbsp;<\/p>\n<p>Unterst\u00fctzung bei der Kontaktaufnahme, Netzwerkarbeit im Rahmen von Projektpartnerschaften<\/p>\n<p><span style=\"font-family: 'Rambla',serif; color: #584744;\">&nbsp;<\/span><\/p>\n<p style=\"line-height: 1.71429; margin-bottom: 1.71429rem;\"><img loading=\"lazy\" decoding=\"async\" class=\"wp-image-6068 alignleft\" style=\"margin-top: 0.857143rem; margin-right: 1.71429rem; margin-bottom: 0.857143rem; color: #584744; font-family: Rambla, serif;\" src=\"https:\/\/science.rmtmo.eu\/wp-content\/uploads\/2019\/01\/dialog-sciences-300x300.jpg\" alt=\"\" width=\"83\" height=\"83\" srcset=\"https:\/\/science.rmtmo.eu\/wp-content\/uploads\/2019\/01\/dialog-sciences-300x300.jpg 300w, https:\/\/science.rmtmo.eu\/wp-content\/uploads\/2019\/01\/dialog-sciences-150x150.jpg 150w, https:\/\/science.rmtmo.eu\/wp-content\/uploads\/2019\/01\/dialog-sciences-768x768.jpg 768w, https:\/\/science.rmtmo.eu\/wp-content\/uploads\/2019\/01\/dialog-sciences-600x600.jpg 600w, https:\/\/science.rmtmo.eu\/wp-content\/uploads\/2019\/01\/dialog-sciences.jpg 788w\" sizes=\"auto, (max-width: 83px) 100vw, 83px\" \/><\/p>\n<p>Um die Vernetzung der Hochschulen, Universit\u00e4ten und Forschungseinrichtungen untereinander zu st\u00e4rken und diese f\u00fcr Akteure aus Wirtschaft, Politik und Zivilgesellschaft zu \u00f6ffnen, organisiert das Koordinationsb\u00fcro der S\u00e4ule Wissenschaft jedes Jahr im Herbst die <strong>grenz\u00fcberschreitenden Tage der Wissenschaft<\/strong> \u2013 <strong>Dialog Science<\/strong>. Diese vereinen eine Vielzahl von Veranstaltungen aus der ganzen Oberrheinregion rund um ein j\u00e4hrlich unterschiedliches zentrales Thema und bieten grenz\u00fcberschreitenden Kooperationsprojekten im Bereich Wissenschaft eine Plattform zur Valorisierung ihrer Arbeit.<\/p>\n<\/div><div class=\"col-md-6  text-default\" ><img decoding=\"async\" alt=\"\" src=\"https:\/\/science.rmtmo.eu\/wp-content\/uploads\/2016\/08\/bureau-coordination.jpg\" class=\"alignnone\"\/>[vc_empty_space][vc_empty_space]<p><img loading=\"lazy\" decoding=\"async\" class=\"wp-image-6082 alignleft\" src=\"https:\/\/science.rmtmo.eu\/wp-content\/uploads\/2019\/01\/offensive-sciences-300x300.jpg\" alt=\"\" width=\"83\" height=\"83\" srcset=\"https:\/\/science.rmtmo.eu\/wp-content\/uploads\/2019\/01\/offensive-sciences-300x300.jpg 300w, https:\/\/science.rmtmo.eu\/wp-content\/uploads\/2019\/01\/offensive-sciences-150x150.jpg 150w, https:\/\/science.rmtmo.eu\/wp-content\/uploads\/2019\/01\/offensive-sciences-768x768.jpg 768w, https:\/\/science.rmtmo.eu\/wp-content\/uploads\/2019\/01\/offensive-sciences-600x600.jpg 600w, https:\/\/science.rmtmo.eu\/wp-content\/uploads\/2019\/01\/offensive-sciences.jpg 788w\" sizes=\"auto, (max-width: 83px) 100vw, 83px\" \/><strong>&nbsp;Begleitung der \u201eWissenschaftsoffensive<\/strong>\u201c: Die T\u00e4tigkeiten des Koordinationsb\u00fcros umfassen beispielsweise die Unterst\u00fctzung der Projekttr\u00e4ger und \u2013partner bei der Projektantragstellung. Durch Informationsveranstaltungen, Fortbildungen, Workshops und individuelle Beratung soll diesen Hilfsmittel an die Hand gegeben werden, damit die formalen Aspekte in den Hintergrund r\u00fccken und die wissenschaftlichen Elemente im Zentrum der Arbeit stehen.<\/p>\n<p>&nbsp;<\/p>\n<p><img loading=\"lazy\" decoding=\"async\" class=\"wp-image-6088 alignleft\" src=\"https:\/\/science.rmtmo.eu\/wp-content\/uploads\/2019\/01\/transfert-technologie-300x300.jpg\" alt=\"\" width=\"83\" height=\"83\" srcset=\"https:\/\/science.rmtmo.eu\/wp-content\/uploads\/2019\/01\/transfert-technologie-300x300.jpg 300w, https:\/\/science.rmtmo.eu\/wp-content\/uploads\/2019\/01\/transfert-technologie-150x150.jpg 150w, https:\/\/science.rmtmo.eu\/wp-content\/uploads\/2019\/01\/transfert-technologie-768x768.jpg 768w, https:\/\/science.rmtmo.eu\/wp-content\/uploads\/2019\/01\/transfert-technologie-600x600.jpg 600w, https:\/\/science.rmtmo.eu\/wp-content\/uploads\/2019\/01\/transfert-technologie.jpg 788w\" sizes=\"auto, (max-width: 83px) 100vw, 83px\" \/>&nbsp;Das Koordinationsb\u00fcro f\u00f6rdert dar\u00fcber hinaus die thematische Strukturierung und Vernetzung der Wissenschaftslandschaft am Oberrhein durch die Einrichtung von<strong> Arbeitsgruppen<\/strong> und themenspezifischen Fortbildungen zum Beispiel im <strong>Bereich Wissens- und Technologietransfer.<\/strong><\/p>\n<p>&nbsp;<\/p>\n<p><img loading=\"lazy\" decoding=\"async\" class=\"wp-image-6085 alignleft\" src=\"https:\/\/science.rmtmo.eu\/wp-content\/uploads\/2019\/01\/strategie-2030-300x300.jpg\" alt=\"\" width=\"83\" height=\"83\" srcset=\"https:\/\/science.rmtmo.eu\/wp-content\/uploads\/2019\/01\/strategie-2030-300x300.jpg 300w, https:\/\/science.rmtmo.eu\/wp-content\/uploads\/2019\/01\/strategie-2030-150x150.jpg 150w, https:\/\/science.rmtmo.eu\/wp-content\/uploads\/2019\/01\/strategie-2030-768x768.jpg 768w, https:\/\/science.rmtmo.eu\/wp-content\/uploads\/2019\/01\/strategie-2030-600x600.jpg 600w, https:\/\/science.rmtmo.eu\/wp-content\/uploads\/2019\/01\/strategie-2030.jpg 788w\" sizes=\"auto, (max-width: 83px) 100vw, 83px\" \/>&nbsp;Im Anschluss an die Strategie 2020 der TMO, die 2010 im Rahmen der Gr\u00fcndung der Trinationalen Metropolregion Oberrhein erstellt wurde, erarbeiten derzeit die Wissenschaftsakteure der TMO eine<strong> neue Strategie in den Bereichen Hochschullehre, Forschung und Innovation<\/strong> im Einklang mit den zuk\u00fcnftigen Rahmenbedingungen, die&nbsp;derzeit auf europ\u00e4ischer, nationaler und regionaler Ebene bestimmt werden.<\/p>\n<p>&nbsp;<\/p>\n<p>&nbsp;<\/p>\n<p>&nbsp;<\/p>\n<p>&nbsp;<\/p>\n<p>Dar\u00fcber hinaus entwickelt das Koordinationsb\u00fcro auch <strong>Tools<\/strong>, die die Zusammenarbeit unterst\u00fctzen, wie beispielsweise <strong>dynamische Kartographien<\/strong>, <strong>Veranstaltungskalender<\/strong> und <strong>Projektb\u00f6rsen.<\/strong><\/p>\n<p>&nbsp;<\/p>\n<p>Um \u00fcber Neuigkeiten in der Wissenschaft am Oberrhein und die<strong> Aktivit\u00e4ten der S\u00e4ule Wissenschaft informiert zu bleiben<\/strong>, melden Sie sich f\u00fcr unseren&nbsp;<a href=\"https:\/\/science.rmtmo.eu\/de\/newsletter\/\">Newsletter<\/a> an.<\/p>\n<p>&nbsp;<\/p>\n<p><img loading=\"lazy\" decoding=\"async\" class=\"alignnone wp-image-5616\" src=\"https:\/\/science.rmtmo.eu\/wp-content\/uploads\/2018\/12\/pfeil-150x150.jpg\" alt=\"\" width=\"51\" height=\"51\"> Hier zum Flyer &#8222;<a href=\"https:\/\/science.rmtmo.eu\/wp-content\/uploads\/2021\/02\/depliant-pilier-sciences_FINAL.pdf\">Vorstellung des Koordinationsb\u00fcros<\/a>&#8222;<\/p>\n<\/div><\/div><\/div><\/section>\n","protected":false},"excerpt":{"rendered":"Das Koordinationsb\u00fcro der S\u00e4ule Wissenschaft: Unterst\u00fctzung der grenz\u00fcberschreitenden Zusammenarbeit in der Wissenschaft[vc_empty_space][vc_empty_space]Die zentrale Aufgabe des Koordinationsb\u00fcros besteht darin, den Akteuren der S\u00e4ule Wissenschaft der Trinationalen Metropolregion Oberrhein praktische Unterst\u00fctzung und Dienste zu bieten, insbesondere durch die Betreuung des Netzwerks und durch die Unterst\u00fctzung der Entwicklung neuer Kooperationsprojekte. Das Koordinationsb\u00fcro erleichtert den Austausch zwischen Akteuren \u00fcber","protected":false},"author":1,"featured_media":0,"parent":275,"menu_order":0,"comment_status":"closed","ping_status":"closed","template":"","meta":{"ngg_post_thumbnail":0,"footnotes":""},"class_list":["post-279","page","type-page","status-publish","hentry"],"aioseo_notices":[],"_links":{"self":[{"href":"https:\/\/science.rmtmo.eu\/de\/wp-json\/wp\/v2\/pages\/279","targetHints":{"allow":["GET"]}}],"collection":[{"href":"https:\/\/science.rmtmo.eu\/de\/wp-json\/wp\/v2\/pages"}],"about":[{"href":"https:\/\/science.rmtmo.eu\/de\/wp-json\/wp\/v2\/types\/page"}],"author":[{"embeddable":true,"href":"https:\/\/science.rmtmo.eu\/de\/wp-json\/wp\/v2\/users\/1"}],"replies":[{"embeddable":true,"href":"https:\/\/science.rmtmo.eu\/de\/wp-json\/wp\/v2\/comments?post=279"}],"version-history":[{"count":10,"href":"https:\/\/science.rmtmo.eu\/de\/wp-json\/wp\/v2\/pages\/279\/revisions"}],"predecessor-version":[{"id":11549,"href":"https:\/\/science.rmtmo.eu\/de\/wp-json\/wp\/v2\/pages\/279\/revisions\/11549"}],"up":[{"embeddable":true,"href":"https:\/\/science.rmtmo.eu\/de\/wp-json\/wp\/v2\/pages\/275"}],"wp:attachment":[{"href":"https:\/\/science.rmtmo.eu\/de\/wp-json\/wp\/v2\/media?parent=279"}],"curies":[{"name":"wp","href":"https:\/\/api.w.org\/{rel}","templated":true}]}}