{"id":269,"date":"2016-09-05T22:30:31","date_gmt":"2016-09-05T20:30:31","guid":{"rendered":"https:\/\/science.rmtmo.eu\/de\/?page_id=269"},"modified":"2022-05-03T10:45:54","modified_gmt":"2022-05-03T08:45:54","slug":"die-saeule-wissenschaft","status":"publish","type":"page","link":"https:\/\/science.rmtmo.eu\/de\/die-saeule-wissenschaft\/","title":{"rendered":"Die S\u00e4ule Wissenschaft"},"content":{"rendered":"<section  class=\"section swatch-sciences-white section-short \" ><div class=\"background-media\"><\/div><div class=\"background-overlay\" style=\"\"><\/div><div class=\"container\"><div class=\"row vertical-top\"><div class=\"col-md-6  text-default\" ><h1 class=\"text-left super regular bordered-header\">Die S\u00e4ule Wissenschaft<\/h1><p>Das im Herzen Europas gelegene Gebiet der Trinationalen Metropolregion Oberrhein (TMO) umfasst die S\u00fcdpfalz, das Elsass, Baden und die f\u00fcnf Kantone der Nordwest-Schweiz. Es ist gekennzeichnet durch eine kreative sowie auf europ\u00e4ischer und auch internationaler Ebene erfolgreiche Wirtschaft, durch hervorragende Leistungen in Wissenschaft und Forschung sowie durch eine lange Tradition der grenz\u00fcberschreitenden Zusammenarbeit.<\/p>\n<p><iframe loading=\"lazy\" title=\"YouTube video player\" src=\"https:\/\/www.youtube.com\/embed\/Sdpc2z-BX3Q\" width=\"560\" height=\"315\" frameborder=\"0\" allowfullscreen=\"allowfullscreen\"><\/iframe> &nbsp;<\/p>\n<p>Mit der Gr\u00fcndung der Trinationalen Metropolregion Oberrhein werden in der grenz\u00fcberschreitenden Kooperation im Oberrheingebiet neue Wege beschritten. Die bedeutenden Ziele der TMO sind die bestehenden St\u00e4rken der Region weiter auszubauen, die vorhandenen Entwicklungspotenziale zu f\u00f6rdern und das Oberrheingebiet im europ\u00e4ischen und internationalen Wettbewerb noch besser zu positionieren.&nbsp;<\/p>\n<p>Die <a href=\"https:\/\/science.rmtmo.eu\/de\/die-saeule-wissenschaft\/strategie\/\">Strategie<\/a> der TMO wurde 2010 erstellt und erneut zum Horizont 2030.<\/p>\n<p>Um diese Ziele zu erreichen wurde eine in Europa einmalige Governance-Struktur geschaffen, die aus den S\u00e4ulen Wissenschaft, Wirtschaft, Zivilgesellschaft und Politik besteht.<\/p>\n<\/div><div class=\"col-md-6  text-default\" ><img decoding=\"async\" alt=\"\" src=\"https:\/\/science.rmtmo.eu\/wp-content\/uploads\/2018\/11\/image-WO-OS.jpg\" class=\"alignnone\"\/><p>Ziel der S\u00e4ule Wissenschaft ist es, im Einklang mit der Offenburger Erkl\u00e4rung der TMO den Oberrhein zu einer der wettbewerbsf\u00e4higsten Regionen in Europa zu machen und die Zusammenarbeit zwischen den Akteuren aus Politik und Verwaltung, Wirtschaft, Wissenschaft und Zivilgesellschaft zu verbessern. Den Hochschulen kommt im Rahmen der Transformationsprozesse in Europa eine besondere Bedeutung zu, da sie mit ihren Aufgaben in Lehre, Forschung, Innovation und Dienstleistung f\u00fcr die Gesellschaft eine Schl\u00fcsselrolle bei den zuvor genannten Herausforderungen und Transformationsprozessen einnehmen. Zur Erreichung der gemeinsamen Ziele spielen die bessere Vernetzung der Akteure aus der Wissenschaft und auch der Wirtschaft eine entscheidende Rolle.<\/p>\n<p>Seit 2011 hat die S\u00e4ule Wissenschaft ein <a href=\"https:\/\/science.rmtmo.eu\/de\/die-saeule-wissenschaft\/akteure\/das-koordinationsbuero\/\">Koordinationsb\u00fcro<\/a> eingerichtet, dessen Ziel es ist, die Entwicklung von strukturbildenden Projekten und konkreten Initiativen zur grenz\u00fcberschreitenden Zusammenarbeit zwischen den wissenschaftlichen Akteuren am Oberrhein zu unterst\u00fctzen, aber auch den Dialog zwischen Wissenschaft und Wirtschaft in der TMO zu f\u00f6rdern. <a href=\"https:\/\/science.rmtmo.eu\/de\/die-saeule-wissenschaft\/kontakt\/\">Zwei Referent.innen <\/a>unterst\u00fctzen die Akteure und arbeiten an die Umsetzung der Aktivit\u00e4ten des B\u00fcros.&nbsp;<\/p>\n<\/div><\/div><\/div><\/section>\n","protected":false},"excerpt":{"rendered":"Die S\u00e4ule WissenschaftDas im Herzen Europas gelegene Gebiet der Trinationalen Metropolregion Oberrhein (TMO) umfasst die S\u00fcdpfalz, das Elsass, Baden und die f\u00fcnf Kantone der Nordwest-Schweiz. Es ist gekennzeichnet durch eine kreative sowie auf europ\u00e4ischer und auch internationaler Ebene erfolgreiche Wirtschaft, durch hervorragende Leistungen in Wissenschaft und Forschung sowie durch eine lange Tradition der grenz\u00fcberschreitenden Zusammenarbeit.","protected":false},"author":1,"featured_media":0,"parent":0,"menu_order":0,"comment_status":"closed","ping_status":"closed","template":"","meta":{"ngg_post_thumbnail":0,"footnotes":""},"class_list":["post-269","page","type-page","status-publish","hentry"],"aioseo_notices":[],"_links":{"self":[{"href":"https:\/\/science.rmtmo.eu\/de\/wp-json\/wp\/v2\/pages\/269","targetHints":{"allow":["GET"]}}],"collection":[{"href":"https:\/\/science.rmtmo.eu\/de\/wp-json\/wp\/v2\/pages"}],"about":[{"href":"https:\/\/science.rmtmo.eu\/de\/wp-json\/wp\/v2\/types\/page"}],"author":[{"embeddable":true,"href":"https:\/\/science.rmtmo.eu\/de\/wp-json\/wp\/v2\/users\/1"}],"replies":[{"embeddable":true,"href":"https:\/\/science.rmtmo.eu\/de\/wp-json\/wp\/v2\/comments?post=269"}],"version-history":[{"count":11,"href":"https:\/\/science.rmtmo.eu\/de\/wp-json\/wp\/v2\/pages\/269\/revisions"}],"predecessor-version":[{"id":11959,"href":"https:\/\/science.rmtmo.eu\/de\/wp-json\/wp\/v2\/pages\/269\/revisions\/11959"}],"wp:attachment":[{"href":"https:\/\/science.rmtmo.eu\/de\/wp-json\/wp\/v2\/media?parent=269"}],"curies":[{"name":"wp","href":"https:\/\/api.w.org\/{rel}","templated":true}]}}