{"id":259,"date":"2016-09-05T22:02:19","date_gmt":"2016-09-05T20:02:19","guid":{"rendered":"https:\/\/science.rmtmo.eu\/de\/?page_id=259"},"modified":"2021-05-12T13:56:27","modified_gmt":"2021-05-12T11:56:27","slug":"dokumente","status":"publish","type":"page","link":"https:\/\/science.rmtmo.eu\/de\/dokumente\/","title":{"rendered":"DOKUMENTE"},"content":{"rendered":"<section  class=\"section swatch-sciences-white section-short \" ><div class=\"background-media\"><\/div><div class=\"background-overlay\" style=\"\"><\/div><div class=\"container\"><div class=\"row vertical-top\"><div class=\"col-md-12  text-default\" ><h1 class=\"text-left super regular bordered-header\">Dokumente<\/h1><\/div><div class=\"col-md-4  text-default\" ><\/div><div class=\"col-md-4  text-default\" ><\/div><div class=\"col-md-4  text-default\" ><\/div><\/div><\/div><\/section><section  class=\"section swatch-sciences-white section-nopadding \" ><div class=\"background-media\"><\/div><div class=\"background-overlay\" style=\"\"><\/div><div class=\"container\"><div class=\"row vertical-top\"><div class=\"col-md-4  text-default\" ><p><strong><span style=\"color: #000000;\">TRINATIONALE METROPOLREGION OBERRHEIN<\/span><br \/>\n<\/strong><\/p>\n[vc_empty_space]<div class=\"panel-group \" id=\"accordion_69ed965f6d017\"><div class=\"panel panel-default\"><div class=\"panel-heading\"><a class=\"accordion-toggle collapsed\" data-parent=\"#accordion_69ed965f6d017\" data-toggle=\"collapse\" href=\"#group69ed965f6d0af\">Brosch\u00fcren<\/a><\/div><div class=\"panel-collapse collapse\" id=\"group69ed965f6d0af\"><div class=\"panel-body\"><p><p><a href=\"https:\/\/science.rmtmo.eu\/wp-content\/uploads\/2018\/07\/D\u00e9claration_cr\u00e9ation_Gr\u00fcndungserkl\u00e4rung_RMT_TMO.pdf\"><i class=\"fa fa-file-pdf-o\" style=\"font-size:24px\"><\/i> Gr\u00fcndungserkl\u00e4rung TMO<\/a><\/p>\n<p><a href=\"https:\/\/science.rmtmo.eu\/wp-content\/uploads\/2018\/07\/RMT_Rapport_2012_d\u00e9finitif.pdf\"><i class=\"fa fa-file-pdf-o\" style=\"font-size:24px\"><\/i> Bilanz 2012 und Zukunftsperspektiven<\/a><\/p>\n<p><a href=\"https:\/\/science.rmtmo.eu\/wp-content\/uploads\/2018\/08\/RMT-TMO-Strategie-2010-DE.pdf\"><i class=\"fa fa-file-pdf-o\" style=\"font-size:24px\"><\/i> RMT-TMO-Strategie-2010<\/a><\/p>\n<p><a href=\"https:\/\/science.rmtmo.eu\/wp-content\/uploads\/2018\/07\/TMO-Brosch\u00fcre-Strategie-2020-FR-DE.pdf\"><i class=\"fa fa-file-pdf-o\" style=\"font-size:24px\"><\/i> TMO-Brosch\u00fcre Strategie 2020<\/a><\/p>\n<p><a href=\"https:\/\/science.rmtmo.eu\/wp-content\/uploads\/2018\/08\/2013-07-15_erklaerung-von-saarbruecken.pdf\"><i class=\"fa fa-file-pdf-o\" style=\"font-size:24px\"><\/i>2013-07-15_Erklaerung-von-saarbruecken<\/a><\/p>\n<p><a href=\"https:\/\/science.rmtmo.eu\/wp-content\/uploads\/2018\/08\/2015-07-07_erklaerung-von-metz.pdf\"><i class=\"fa fa-file-pdf-o\" style=\"font-size:24px\"><\/i>2015-07-07_Erklaerung-von-metz<\/a><\/p>\n<p><a href=\"https:\/\/science.rmtmo.eu\/wp-content\/uploads\/2018\/08\/2017-04-06_erklaerung-von-hambach.pdf\"><i class=\"fa fa-file-pdf-o\" style=\"font-size:24px\"><\/i>2017-04-06_Erklaerung-von-hambach<\/a><\/p>\n<p><a href=\"https:\/\/science.rmtmo.eu\/wp-content\/uploads\/2018\/08\/2010-12-02_declar-12ctp-bale_erklaer-12dlk-basel.pdf\"><i class=\"fa fa-file-pdf-o\" style=\"font-size:24px\"><\/i>2010-12-02_Erklaerung_basel<\/a><\/p>\n<p><a href=\"https:\/\/science.rmtmo.eu\/wp-content\/uploads\/2018\/08\/2014-07-04_declaration-coop-sci_erklaer-wiss-zusarbeit_alsace-bw_DF.pdf\"><i class=\"fa fa-file-pdf-o\" style=\"font-size:24px\"><\/i>2014-07-04_Erklaerung wissenschaftliche zusammenarbeit Alsace-Bade Wurtemberg<\/a><\/p>\n<p><a href=\"https:\/\/science.rmtmo.eu\/wp-content\/uploads\/2018\/08\/2018-04-12_declaration-uni-eur_erklaer-europ-uni_grand-est-bw_DF.pdf\"><i class=\"fa fa-file-pdf-o\" style=\"font-size:24px\"><\/i>2018-04-12 Erklaerung europ\u00e4ische universit\u00e4t_Grand-Est-BW<\/a><\/p>\n<p><a href=\"https:\/\/science.rmtmo.eu\/wp-content\/uploads\/2018\/08\/r\u00e9seau-des-villes-st\u00e4dtenetzwerk.pdf\"><i class=\"fa fa-file-pdf-o\" style=\"font-size:24px\"><\/i>St\u00e4dtenetzwerk<\/a><\/p>\n<p><a href=\"https:\/\/science.rmtmo.eu\/wp-content\/uploads\/2018\/07\/D\u00e9claration_cr\u00e9ation_Gr\u00fcndungserkl\u00e4rung_RMT_TMO.pdf\"><i class=\"fa fa-file-pdf-o\" style=\"font-size:24px\"><\/i> <\/a><a href=\"https:\/\/science.rmtmo.eu\/wp-content\/uploads\/2019\/11\/TMO-Strategie-2030-D-Brosch\u00fcre.pdf\">Strategie 2030 der TMO<\/a><\/p>\n<\/p><\/div><\/div><\/div><div class=\"panel panel-default\"><div class=\"panel-heading\"><a class=\"accordion-toggle collapsed\" data-parent=\"#accordion_69ed965f6d017\" data-toggle=\"collapse\" href=\"#group69ed965f6d1ba\">Logo<\/a><\/div><div class=\"panel-collapse collapse\" id=\"group69ed965f6d1ba\"><div class=\"panel-body\"><p><p><img loading=\"lazy\" decoding=\"async\" class=\"alignnone size-full wp-image-166\" src=\"https:\/\/science.rmtmo.eu\/wp-content\/uploads\/2016\/09\/rmtm-e1532611355405.png\" alt=\"\" width=\"160\" height=\"39\"><\/p>\n<\/p><\/div><\/div><\/div><div class=\"panel panel-default\"><div class=\"panel-heading\"><a class=\"accordion-toggle collapsed\" data-parent=\"#accordion_69ed965f6d017\" data-toggle=\"collapse\" href=\"#group69ed965f6d1dc\">Pr\u00e4sentationen und Pressemitteilungen<\/a><\/div><div class=\"panel-collapse collapse\" id=\"group69ed965f6d1dc\"><div class=\"panel-body\"><p><\/p><\/div><\/div><\/div><\/div><\/div><div class=\"col-md-4  text-default\" ><p><span style=\"color: #000000;\"><strong>S\u00c4ULE WISSENSCHAFT<\/strong><\/span><\/p>\n[vc_empty_space]<div class=\"panel-group \" id=\"accordion_69ed965f6d22e\"><div class=\"panel panel-default\"><div class=\"panel-heading\"><a class=\"accordion-toggle collapsed\" data-parent=\"#accordion_69ed965f6d22e\" data-toggle=\"collapse\" href=\"#group69ed965f6d237\">Brosch\u00fcren<\/a><\/div><div class=\"panel-collapse collapse\" id=\"group69ed965f6d237\"><div class=\"panel-body\"><p><p><a href=\"https:\/\/science.rmtmo.eu\/wp-content\/uploads\/2021\/02\/depliant-pilier-sciences_FINAL.pdf\" target=\"_blank\" rel=\"noopener\"><i class=\"fa fa-file-pdf-o\" style=\"font-size:24px\"><\/i> Flyer zur Pr\u00e4sentation des Koordinationsb\u00fcros der S\u00e4ule Wissenschaft<\/a><\/p>\n<p><a href=\"https:\/\/science.rmtmo.eu\/wp-content\/uploads\/2018\/08\/2014-07-04_declaration-coop-sci_erklaer-wiss-zusarbeit_alsace-bw_DF.pdf\"><i class=\"fa fa-file-pdf-o\" style=\"font-size:24px\"><\/i><\/a><a href=\"https:\/\/science.rmtmo.eu\/wp-content\/uploads\/2021\/04\/5353_TMO_Broschuere1_A5quer_de_WEB_Einzelseiten.pdf\" target=\"_blank\" rel=\"noopener\">Hochschul- und Forschungslandschaft am Oberrhein<\/a><\/p>\n<p><a href=\"https:\/\/science.rmtmo.eu\/wp-content\/uploads\/2021\/05\/5353_TMO_Broschuere2_A5quer_de_WEB_Einzelseiten.pdf\" target=\"_blank\" rel=\"noopener\"><i class=\"fa fa-file-pdf-o\" style=\"font-size:24px\"><\/i>Grenz\u00fcberschreitende Zusammenarbeit in den Bereichen Wissenschaft, Forschung und Innovation in der Trinationalen Metropolregion Oberrhein: <i>Projekte, Initiativen und Akteure<\/i><\/a><\/p>\n<\/p><\/div><\/div><\/div><div class=\"panel panel-default\"><div class=\"panel-heading\"><a class=\"accordion-toggle collapsed\" data-parent=\"#accordion_69ed965f6d22e\" data-toggle=\"collapse\" href=\"#group69ed965f6d288\">Logos<\/a><\/div><div class=\"panel-collapse collapse\" id=\"group69ed965f6d288\"><div class=\"panel-body\"><p><p><img loading=\"lazy\" decoding=\"async\" class=\"alignnone size-thumbnail wp-image-4571\" src=\"https:\/\/science.rmtmo.eu\/wp-content\/uploads\/2018\/07\/picto-tmo-wissenschaft-150x150.jpg\" alt=\"\" width=\"150\" height=\"150\" srcset=\"https:\/\/science.rmtmo.eu\/wp-content\/uploads\/2018\/07\/picto-tmo-wissenschaft-150x150.jpg 150w, https:\/\/science.rmtmo.eu\/wp-content\/uploads\/2018\/07\/picto-tmo-wissenschaft-300x300.jpg 300w, https:\/\/science.rmtmo.eu\/wp-content\/uploads\/2018\/07\/picto-tmo-wissenschaft.jpg 322w\" sizes=\"auto, (max-width: 150px) 100vw, 150px\" \/><\/p>\n<p><img loading=\"lazy\" decoding=\"async\" class=\"alignnone wp-image-3814 size-full\" src=\"https:\/\/science.rmtmo.eu\/wp-content\/uploads\/2018\/02\/logo_site.png\" alt=\"\" width=\"186\" height=\"133\"><\/p>\n<\/p><\/div><\/div><\/div><div class=\"panel panel-default\"><div class=\"panel-heading\"><a class=\"accordion-toggle collapsed\" data-parent=\"#accordion_69ed965f6d22e\" data-toggle=\"collapse\" href=\"#group69ed965f6d2a1\">Pr\u00e4sentationen und Pressemitteilungen<\/a><\/div><div class=\"panel-collapse collapse\" id=\"group69ed965f6d2a1\"><div class=\"panel-body\"><p><p><a href=\"https:\/\/science.rmtmo.eu\/wp-content\/uploads\/2019\/10\/rmtmo_DialogScience_infopresse_DE.pdf\"><i class=\"fa fa-file-pdf-o\" style=\"font-size:24px\"><\/i> Pressemitteilung Dialog Science 2019<\/a><\/p>\n<\/p><\/div><\/div><\/div><div class=\"panel panel-default\"><div class=\"panel-heading\"><a class=\"accordion-toggle collapsed\" data-parent=\"#accordion_69ed965f6d22e\" data-toggle=\"collapse\" href=\"#group69ed965f6d2c8\">Karten<\/a><\/div><div class=\"panel-collapse collapse\" id=\"group69ed965f6d2c8\"><div class=\"panel-body\"><p><p><a href=\"https:\/\/science.rmtmo.eu\/wp-content\/uploads\/2019\/10\/rmtmo_DialogScience_infopresse_DE.pdf\"><i class=\"fa fa-file-pdf-o\" style=\"font-size:24px\"><\/i><\/a><a href=\"https:\/\/science.rmtmo.eu\/wp-content\/uploads\/2019\/11\/carte-pilier-sciences-print.pdf\">Karte Wissenschaft-und-Forschung-am-Oberrhein<\/a><\/p>\n<\/p><\/div><\/div><\/div><\/div><\/div><div class=\"col-md-4  text-default\" ><p><span style=\"color: #000000;\"><strong>WISSENSCHAFTSOFFENSIVE<\/strong><\/span><\/p>\n[vc_empty_space]<div class=\"panel-group \" id=\"accordion_69ed965f6d329\"><div class=\"panel panel-default\"><div class=\"panel-heading\"><a class=\"accordion-toggle collapsed\" data-parent=\"#accordion_69ed965f6d329\" data-toggle=\"collapse\" href=\"#group69ed965f6d331\">Brosch\u00fcren<\/a><\/div><div class=\"panel-collapse collapse\" id=\"group69ed965f6d331\"><div class=\"panel-body\"><p><p><a href=\"https:\/\/www.steinbeis-europa.de\/files\/abschlussbroschuere-wo_brochure-finale-os.pdf\" target=\"_blank\" rel=\"noopener noreferrer\"><i class=\"fa fa-file-pdf-o\" style=\"font-size:24px\"><\/i> Brosch\u00fcre Projekte Preistr\u00e4ger Wissenschaftsoffensive 2011<\/a><\/p>\n<p><a href=\"https:\/\/science.rmtmo.eu\/wp-content\/uploads\/2018\/07\/livret-projets-OS-web-d.pdf\" target=\"_blank\" rel=\"noopener noreferrer\"><i class=\"fa fa-file-pdf-o\" style=\"font-size:24px\"><\/i> Brosch\u00fcre Projekte Preistr\u00e4ger Wissenschaftsoffensive 2016<\/a><\/p>\n<p><a href=\"https:\/\/science.rmtmo.eu\/wp-content\/uploads\/2019\/09\/Brochure_2019_print.pdf\" target=\"_blank\" rel=\"noopener noreferrer\"><i class=\"fa fa-file-pdf-o\" style=\"font-size:24px\"><\/i> Brosch\u00fcre Projekte Preistr\u00e4ger Wissenschaftsoffensive 2018<\/a><\/p>\n<\/p><\/div><\/div><\/div><div class=\"panel panel-default\"><div class=\"panel-heading\"><a class=\"accordion-toggle collapsed\" data-parent=\"#accordion_69ed965f6d329\" data-toggle=\"collapse\" href=\"#group69ed965f6d373\">Logos<\/a><\/div><div class=\"panel-collapse collapse\" id=\"group69ed965f6d373\"><div class=\"panel-body\"><p><p><img loading=\"lazy\" decoding=\"async\" class=\"alignnone wp-image-3225\" src=\"https:\/\/science.rmtmo.eu\/wp-content\/uploads\/2017\/11\/logo_WO_deutsch_4c.jpg\" alt=\"\" width=\"155\" height=\"82\"><\/p>\n<p><img loading=\"lazy\" decoding=\"async\" class=\"alignnone wp-image-4589\" src=\"https:\/\/science.rmtmo.eu\/wp-content\/uploads\/2018\/07\/com-logos-rmtmo-total-web.jpg\" alt=\"\" width=\"155\" height=\"40\" srcset=\"https:\/\/science.rmtmo.eu\/wp-content\/uploads\/2018\/07\/com-logos-rmtmo-total-web.jpg 1140w, https:\/\/science.rmtmo.eu\/wp-content\/uploads\/2018\/07\/com-logos-rmtmo-total-web-300x77.jpg 300w, https:\/\/science.rmtmo.eu\/wp-content\/uploads\/2018\/07\/com-logos-rmtmo-total-web-768x197.jpg 768w, https:\/\/science.rmtmo.eu\/wp-content\/uploads\/2018\/07\/com-logos-rmtmo-total-web-1024x262.jpg 1024w\" sizes=\"auto, (max-width: 155px) 100vw, 155px\" \/><\/p>\n<p><img loading=\"lazy\" decoding=\"async\" class=\"alignnone wp-image-4586\" src=\"https:\/\/science.rmtmo.eu\/wp-content\/uploads\/2018\/07\/com-logos-rmtmo-total-bis-web.jpg\" alt=\"\" width=\"155\" height=\"48\" srcset=\"https:\/\/science.rmtmo.eu\/wp-content\/uploads\/2018\/07\/com-logos-rmtmo-total-bis-web.jpg 1125w, https:\/\/science.rmtmo.eu\/wp-content\/uploads\/2018\/07\/com-logos-rmtmo-total-bis-web-300x93.jpg 300w, https:\/\/science.rmtmo.eu\/wp-content\/uploads\/2018\/07\/com-logos-rmtmo-total-bis-web-768x237.jpg 768w, https:\/\/science.rmtmo.eu\/wp-content\/uploads\/2018\/07\/com-logos-rmtmo-total-bis-web-1024x316.jpg 1024w\" sizes=\"auto, (max-width: 155px) 100vw, 155px\" \/><\/p>\n<\/p><\/div><\/div><\/div><div class=\"panel panel-default\"><div class=\"panel-heading\"><a class=\"accordion-toggle collapsed\" data-parent=\"#accordion_69ed965f6d329\" data-toggle=\"collapse\" href=\"#group69ed965f6d38f\">Pr\u00e4sentationen und Pressemitteilungen<\/a><\/div><div class=\"panel-collapse collapse\" id=\"group69ed965f6d38f\"><div class=\"panel-body\"><p><p><a href=\"https:\/\/science.rmtmo.eu\/wp-content\/uploads\/2018\/07\/pr\u00e9sentation-lancement-OS-2016.pdf\"><i class=\"fa fa-file-pdf-o\" style=\"font-size:24px\"><\/i> Auftaktveranstaltung WO 2016<\/a><\/p>\n<p><a href=\"https:\/\/science.rmtmo.eu\/wp-content\/uploads\/2019\/10\/PTT_Veranstaltung_Manifestation_11.09.2019_v2.pdf\"><i class=\"fa fa-file-pdf-o\" style=\"font-size:24px\"><\/i> Auftaktveranstaltung WO 2018<\/a><\/p>\n<\/p><\/div><\/div><\/div><\/div><\/div><\/div><\/div><\/section>\n","protected":false},"excerpt":{"rendered":"DokumenteTRINATIONALE METROPOLREGION OBERRHEIN [vc_empty_space]Brosch\u00fcren Gr\u00fcndungserkl\u00e4rung TMO Bilanz 2012 und Zukunftsperspektiven RMT-TMO-Strategie-2010 TMO-Brosch\u00fcre Strategie 2020 2013-07-15_Erklaerung-von-saarbruecken 2015-07-07_Erklaerung-von-metz 2017-04-06_Erklaerung-von-hambach 2010-12-02_Erklaerung_basel 2014-07-04_Erklaerung wissenschaftliche zusammenarbeit Alsace-Bade Wurtemberg 2018-04-12 Erklaerung europ\u00e4ische universit\u00e4t_Grand-Est-BW St\u00e4dtenetzwerk Strategie 2030 der TMO Logo Pr\u00e4sentationen und PressemitteilungenS\u00c4ULE WISSENSCHAFT [vc_empty_space]Brosch\u00fcren Flyer zur Pr\u00e4sentation des Koordinationsb\u00fcros der S\u00e4ule Wissenschaft Hochschul- und Forschungslandschaft am Oberrhein Grenz\u00fcberschreitende Zusammenarbeit in den","protected":false},"author":1,"featured_media":0,"parent":0,"menu_order":0,"comment_status":"closed","ping_status":"closed","template":"","meta":{"ngg_post_thumbnail":0,"footnotes":""},"class_list":["post-259","page","type-page","status-publish","hentry"],"aioseo_notices":[],"_links":{"self":[{"href":"https:\/\/science.rmtmo.eu\/de\/wp-json\/wp\/v2\/pages\/259","targetHints":{"allow":["GET"]}}],"collection":[{"href":"https:\/\/science.rmtmo.eu\/de\/wp-json\/wp\/v2\/pages"}],"about":[{"href":"https:\/\/science.rmtmo.eu\/de\/wp-json\/wp\/v2\/types\/page"}],"author":[{"embeddable":true,"href":"https:\/\/science.rmtmo.eu\/de\/wp-json\/wp\/v2\/users\/1"}],"replies":[{"embeddable":true,"href":"https:\/\/science.rmtmo.eu\/de\/wp-json\/wp\/v2\/comments?post=259"}],"version-history":[{"count":39,"href":"https:\/\/science.rmtmo.eu\/de\/wp-json\/wp\/v2\/pages\/259\/revisions"}],"predecessor-version":[{"id":10706,"href":"https:\/\/science.rmtmo.eu\/de\/wp-json\/wp\/v2\/pages\/259\/revisions\/10706"}],"wp:attachment":[{"href":"https:\/\/science.rmtmo.eu\/de\/wp-json\/wp\/v2\/media?parent=259"}],"curies":[{"name":"wp","href":"https:\/\/api.w.org\/{rel}","templated":true}]}}